{"id":1853,"date":"2014-09-29T23:16:57","date_gmt":"2014-09-29T16:16:57","guid":{"rendered":"http:\/\/demo.leafcolor.com\/applay\/?post_type=product&amp;p=1853"},"modified":"2014-09-29T23:16:57","modified_gmt":"2014-09-29T16:16:57","slug":"xstreme-player-2","status":"publish","type":"product","link":"https:\/\/en.passengereye.com\/tr\/urun\/xstreme-player-2\/","title":{"rendered":"Xstreme Oyuncu 2"},"content":{"rendered":"<p>In ut quam vitae odio lacinia tincidunt. Curabitur nisi. Nam pretium turpis et arcu. Fusce commodo aliquam arcu. In consectetuer turpis ut velit.<\/p>\n<p>Phasellus magna. Praesent adipiscing. Vestibulum ante ipsum primis in faucibus orci luctus et ultrices posuere cubilia Curae; Fusce id purus. Bir \u015fey yok gibi g\u00f6r\u00fcn\u00fcyor. Quisque id odio.<\/p>\n<p>Fusce pharetra convallis urna. Fusce egestas elit eget lorem. Proin sapien ipsum, porta a, auctor quis, euismod ut, mi. Suspendisse enim turpis, dictum sed, iaculis a, condimentum nec, nisi. Quisque rutrum.<\/p>","protected":false},"excerpt":{"rendered":"<p>In ut quam vitae odio lacinia tincidunt. Curabitur nisi. Nam pretium turpis et arcu. Fusce commodo aliquam arcu. In consectetuer turpis ut velit. Phasellus magna. Praesent adipiscing. Vestibulum ante ipsum primis in faucibus orci luctus [...]<\/p>","protected":false},"featured_media":2349,"comment_status":"open","ping_status":"closed","template":"","meta":[],"_links":{"self":[{"href":"https:\/\/en.passengereye.com\/tr\/wp-json\/wp\/v2\/product\/1853"}],"collection":[{"href":"https:\/\/en.passengereye.com\/tr\/wp-json\/wp\/v2\/product"}],"about":[{"href":"https:\/\/en.passengereye.com\/tr\/wp-json\/wp\/v2\/types\/product"}],"replies":[{"embeddable":true,"href":"https:\/\/en.passengereye.com\/tr\/wp-json\/wp\/v2\/comments?post=1853"}],"wp:featuredmedia":[{"embeddable":true,"href":"https:\/\/en.passengereye.com\/tr\/wp-json\/wp\/v2\/media\/2349"}],"wp:attachment":[{"href":"https:\/\/en.passengereye.com\/tr\/wp-json\/wp\/v2\/media?parent=1853"}],"curies":[{"name":"wp","href":"https:\/\/api.w.org\/{rel}","templated":true}]}}