{"id":1739,"date":"2014-09-14T22:33:36","date_gmt":"2014-09-14T15:33:36","guid":{"rendered":"http:\/\/demo.leafcolor.com\/applay\/?post_type=product&amp;p=1739"},"modified":"2014-09-14T22:33:36","modified_gmt":"2014-09-14T15:33:36","slug":"angry-bird-star-war","status":"publish","type":"product","link":"https:\/\/en.passengereye.com\/tr\/urun\/angry-bird-star-war\/","title":{"rendered":"K\u0131zg\u0131n Ku\u015f Y\u0131ld\u0131z Sava\u015f\u0131"},"content":{"rendered":"<p>Phasellus dolor. Nunc interdum lacus sit amet orci. Mauris sollicitudin fermentum libero. Quisque malesuada placerat nisl. Donec mollis hendrerit risus.<\/p>\n<p>Sed mollis, eros et ultrices tempus, mauris ipsum aliquam libero, non adipiscing dolor urna a orci. Morbi nec metus. Ba\u011flar\u0131 ask\u0131ya al. Curabitur ullamcorper ultricies nisi. Aliquam erat volutpat.<\/p>\n<p>Ut a nisl id ante tempus hendrerit. Sed magna purus, fermentum eu, tincidunt eu, varius ut, felis. Phasellus nec sem in justo pellentesque facilisis. Suspendisse nisl elit, rhoncus eget, elementum ac, condimentum eget, diam. Sed hendrerit.<\/p>","protected":false},"excerpt":{"rendered":"<p>Phasellus dolor. Nunc interdum lacus sit amet orci. Mauris sollicitudin fermentum libero. Quisque malesuada placerat nisl. Donec mollis hendrerit risus. Sed mollis, eros et ultrices tempus, mauris ipsum aliquam libero, non adipiscing dolor urna a [&hellip;]<\/p>","protected":false},"featured_media":1741,"comment_status":"open","ping_status":"closed","template":"","meta":[],"_links":{"self":[{"href":"https:\/\/en.passengereye.com\/tr\/wp-json\/wp\/v2\/product\/1739"}],"collection":[{"href":"https:\/\/en.passengereye.com\/tr\/wp-json\/wp\/v2\/product"}],"about":[{"href":"https:\/\/en.passengereye.com\/tr\/wp-json\/wp\/v2\/types\/product"}],"replies":[{"embeddable":true,"href":"https:\/\/en.passengereye.com\/tr\/wp-json\/wp\/v2\/comments?post=1739"}],"wp:featuredmedia":[{"embeddable":true,"href":"https:\/\/en.passengereye.com\/tr\/wp-json\/wp\/v2\/media\/1741"}],"wp:attachment":[{"href":"https:\/\/en.passengereye.com\/tr\/wp-json\/wp\/v2\/media?parent=1739"}],"curies":[{"name":"wp","href":"https:\/\/api.w.org\/{rel}","templated":true}]}}