{"id":3450,"date":"2018-02-11T14:46:27","date_gmt":"2018-02-11T14:46:27","guid":{"rendered":"https:\/\/en.passengereye.com\/?page_id=3450"},"modified":"2018-02-11T14:46:27","modified_gmt":"2018-02-11T14:46:27","slug":"list","status":"publish","type":"page","link":"https:\/\/en.passengereye.com\/tr\/list\/","title":{"rendered":"Liste"},"content":{"rendered":"<p>Ki\u015fisel Verileriniz, Verilerin hangi ama\u00e7larla ve hangi taraflarla payla\u015f\u0131ld\u0131\u011f\u0131 hakk\u0131nda bilgi almak i\u00e7in Sahibi ile ileti\u015fime ge\u00e7in.<\/p>\n<h3><strong>Veri Sorumlusu ve Sahibi<\/strong><\/h3>\n<p>MARCELINO d.o.o. Kranj\u010deva ulica 4; 3000 Celje; EU-Slovenija<\/p>\n<p>WEB:\u00a0<a href=\"http:\/\/marcelino.si\/\">http:\/\/marcelino.si<\/a>\u00a0ve\u00a0<a href=\"http:\/\/passengereye.com\/\">http:\/\/passengereye.com<\/a><\/p>\n<p>Tel:+386 (0) 59 182 800, +386 (0) 59 251 431<\/p>\n<p>GSM:+386 (0) 31 324 100; +386 (0) 70 602 000<\/p>\n<p>E-mail:info@marcelino.si<\/p>\n<p>KDV Nr: SI76044157<\/p>\n<p>Kay\u0131t numaras\u0131: 2276038000<\/p>\n<p>\u015eirket, Celje B\u00f6lge Mahkemesi \u015eirketler Siciline kay\u0131tl\u0131d\u0131r.<\/p>\n<h4><strong>Toplanan Veri T\u00fcrleri<\/strong><\/h4>\n<p>\u015eirket sahibi, toplanan Ki\u015fisel Veri t\u00fcrlerinin bir listesini sunmamaktad\u0131r.<\/p>\n<p>Toplanan di\u011fer Ki\u015fisel Veriler, bu gizlilik politikas\u0131n\u0131n di\u011fer b\u00f6l\u00fcmlerinde veya Veri toplama ba\u011flam\u0131nda \u00f6zel a\u00e7\u0131klama metni ile a\u00e7\u0131klanabilir.<br \/>\nKi\u015fisel Veriler Kullan\u0131c\u0131 taraf\u0131ndan serbest\u00e7e sa\u011flanabilir veya bu Uygulama kullan\u0131l\u0131rken otomatik olarak toplanabilir.<br \/>\nBu Uygulama taraf\u0131ndan veya bu Uygulama taraf\u0131ndan kullan\u0131lan \u00fc\u00e7\u00fcnc\u00fc taraf hizmetlerinin sahipleri taraf\u0131ndan \u00c7erezlerin - veya di\u011fer izleme ara\u00e7lar\u0131n\u0131n - kullan\u0131lmas\u0131, aksi belirtilmedik\u00e7e, yaln\u0131zca Kullan\u0131c\u0131 taraf\u0131ndan talep edilen hizmeti sa\u011flamak amac\u0131yla Kullan\u0131c\u0131lar\u0131 tan\u0131mlamaya ve tercihlerini hat\u0131rlamaya yarar.<br \/>\nBelirli Ki\u015fisel Verilerin sa\u011flanmamas\u0131, bu Uygulaman\u0131n hizmetlerini sunmas\u0131n\u0131 imkans\u0131z hale getirebilir.<\/p>\n<p>Kullan\u0131c\u0131lar, bu Uygulama arac\u0131l\u0131\u011f\u0131yla elde edilen, yay\u0131nlanan veya payla\u015f\u0131lan \u00fc\u00e7\u00fcnc\u00fc taraflar\u0131n Ki\u015fisel Verilerinden sorumludur ve Verileri Sahibine sa\u011flamak i\u00e7in \u00fc\u00e7\u00fcnc\u00fc taraf\u0131n r\u0131zas\u0131na sahip olduklar\u0131n\u0131 onaylar.<\/p>\n<h3><strong>Verilerin i\u015flenme \u015fekli ve yeri<\/strong><\/h3>\n<h4><strong>\u0130\u015fleme y\u00f6ntemleri<\/strong><\/h4>\n<p>Veri Sorumlusu, Kullan\u0131c\u0131lar\u0131n Verilerini uygun bir \u015fekilde i\u015fler ve Verilere yetkisiz eri\u015fim, if\u015fa, de\u011fi\u015fiklik veya yetkisiz imhay\u0131 \u00f6nlemek i\u00e7in uygun g\u00fcvenlik \u00f6nlemlerini al\u0131r.<br \/>\nVeri i\u015fleme, kesinlikle belirtilen ama\u00e7larla ilgili organizasyonel prosed\u00fcrler ve modlar izlenerek bilgisayarlar ve\/veya BT \u00f6zellikli ara\u00e7lar kullan\u0131larak ger\u00e7ekle\u015ftirilir. Veri Denetleyicisine ek olarak, baz\u0131 durumlarda, Verilere, sitenin i\u015fleyi\u015fine dahil olan (y\u00f6netim, sat\u0131\u015f, pazarlama, hukuk, sistem y\u00f6netimi) belirli t\u00fcrdeki sorumlu ki\u015filer veya gerekti\u011finde Sahibi taraf\u0131ndan Veri \u0130\u015fleyicileri olarak atanan harici taraflar (\u00fc\u00e7\u00fcnc\u00fc taraf teknik servis sa\u011flay\u0131c\u0131lar\u0131, posta ta\u015f\u0131y\u0131c\u0131lar\u0131, bar\u0131nd\u0131rma sa\u011flay\u0131c\u0131lar\u0131, BT \u015firketleri, ileti\u015fim ajanslar\u0131 gibi) eri\u015febilir. Bu taraflar\u0131n g\u00fcncellenmi\u015f listesi herhangi bir zamanda Veri Kontrol\u00f6r\u00fcnden talep edilebilir.<\/p>\n<h4><strong>Yer<\/strong><\/h4>\n<p>Veriler, Veri Kontrol\u00f6r\u00fcn\u00fcn i\u015fletme ofislerinde ve i\u015fleme ile ilgili taraflar\u0131n bulundu\u011fu di\u011fer yerlerde i\u015flenir. Daha fazla bilgi i\u00e7in l\u00fctfen Veri Kontrol\u00f6r\u00fc ile ileti\u015fime ge\u00e7in.<\/p>\n<h4><strong>Saklama s\u00fcresi<\/strong><\/h4>\n<p>Veriler, Kullan\u0131c\u0131 taraf\u0131ndan talep edilen veya bu belgede belirtilen ama\u00e7lar do\u011frultusunda belirtilen hizmeti sa\u011flamak i\u00e7in gerekli s\u00fcre boyunca saklan\u0131r ve Kullan\u0131c\u0131 her zaman Veri Denetleyicisinin verileri ask\u0131ya almas\u0131n\u0131 veya kald\u0131rmas\u0131n\u0131 talep edebilir.<\/p>\n<h3><strong>Veri toplama ve i\u015fleme hakk\u0131nda ek bilgiler<\/strong><\/h3>\n<h4><strong>Yasal i\u015flem<\/strong><\/h4>\n<p>Kullan\u0131c\u0131'n\u0131n Ki\u015fisel Verileri, Veri Sorumlusu taraf\u0131ndan, Mahkeme'de veya bu Uygulama'n\u0131n veya ilgili hizmetlerin uygunsuz kullan\u0131m\u0131ndan kaynaklanan olas\u0131 yasal i\u015flemlere giden a\u015famalarda yasal ama\u00e7larla kullan\u0131labilir.<br \/>\nKullan\u0131c\u0131, resmi makamlar\u0131n talebi \u00fczerine Veri Sorumlusunun ki\u015fisel verileri a\u00e7\u0131klamas\u0131n\u0131n gerekebilece\u011fini bildi\u011fini beyan eder.<\/p>\n<h4><strong>Kullan\u0131c\u0131n\u0131n Ki\u015fisel Verileri hakk\u0131nda ek bilgi<\/strong><\/h4>\n<p>Bu gizlilik politikas\u0131nda yer alan bilgilere ek olarak, bu Uygulama, talep \u00fczerine Kullan\u0131c\u0131ya belirli hizmetler veya Ki\u015fisel Verilerin toplanmas\u0131 ve i\u015flenmesi ile ilgili ek ve ba\u011flamsal bilgiler sa\u011flayabilir.<\/p>\n<h4><strong>Sistem g\u00fcnl\u00fckleri ve bak\u0131m\u0131<\/strong><\/h4>\n<p>\u0130\u015fletme ve bak\u0131m amac\u0131yla, bu Uygulama ve herhangi bir \u00fc\u00e7\u00fcnc\u00fc taraf hizmeti, bu Uygulama ile etkile\u015fimi kaydeden dosyalar\u0131 (Sistem g\u00fcnl\u00fckleri) toplayabilir veya bu ama\u00e7la di\u011fer Ki\u015fisel Verileri (IP Adresi gibi) kullanabilir.<\/p>\n<h4><strong>Bu politikada yer almayan bilgiler<\/strong><\/h4>\n<p>Ki\u015fisel Verilerin toplanmas\u0131 veya i\u015flenmesine ili\u015fkin daha fazla ayr\u0131nt\u0131 Veri Denetleyicisinden herhangi bir zamanda talep edilebilir. L\u00fctfen bu belgenin ba\u015f\u0131ndaki ileti\u015fim bilgilerine bak\u0131n.<\/p>\n<h4><strong>Kullan\u0131c\u0131lar\u0131n haklar\u0131<\/strong><\/h4>\n<p>Kullan\u0131c\u0131lar istedikleri zaman Ki\u015fisel Verilerinin saklan\u0131p saklanmad\u0131\u011f\u0131n\u0131 \u00f6\u011frenme hakk\u0131na sahiptir ve bunlar\u0131n i\u00e7eri\u011fi ve kayna\u011f\u0131 hakk\u0131nda bilgi edinmek, do\u011fruluklar\u0131n\u0131 teyit etmek veya bunlar\u0131n eklenmesini, iptal edilmesini, g\u00fcncellenmesini veya d\u00fczeltilmesini veya anonim formata d\u00f6n\u00fc\u015ft\u00fcr\u00fclmesini veya yasalara ayk\u0131r\u0131 olarak tutulan verilerin engellenmesini istemek ve ayr\u0131ca her t\u00fcrl\u00fc me\u015fru nedenle bunlar\u0131n i\u015flenmesine kar\u015f\u0131 \u00e7\u0131kmak i\u00e7in Veri Kontrol\u00f6r\u00fcne ba\u015fvurabilirler. Talepler, yukar\u0131da belirtilen ileti\u015fim bilgilerinden Veri Kontrol\u00f6r\u00fcne g\u00f6nderilmelidir.<\/p>\n<p>Bu Uygulama \"Do Not Track\" isteklerini desteklemez.<br \/>\nKulland\u0131\u011f\u0131 \u00fc\u00e7\u00fcnc\u00fc taraf hizmetlerinden herhangi birinin \"Do Not Track\" taleplerini yerine getirip getirmedi\u011fini belirlemek i\u00e7in l\u00fctfen gizlilik politikalar\u0131n\u0131 okuyun.<\/p>\n<h4><strong>Bu gizlilik politikas\u0131ndaki de\u011fi\u015fiklikler<\/strong><\/h4>\n<p>Veri Kontrol\u00f6r\u00fc, Kullan\u0131c\u0131lar\u0131na bu sayfada bildirimde bulunarak bu gizlilik politikas\u0131nda istedi\u011fi zaman de\u011fi\u015fiklik yapma hakk\u0131n\u0131 sakl\u0131 tutar. En altta listelenen son de\u011fi\u015fiklik tarihine bakarak bu sayfay\u0131 s\u0131k s\u0131k kontrol etmeniz \u00f6nemle tavsiye edilir. Bir Kullan\u0131c\u0131 Politikadaki de\u011fi\u015fikliklerden herhangi birine itiraz ederse, Kullan\u0131c\u0131 bu Uygulamay\u0131 kullanmay\u0131 b\u0131rakmal\u0131 ve Veri Denetleyicisinden Ki\u015fisel Verileri kald\u0131rmas\u0131n\u0131 talep edebilir. Aksi belirtilmedik\u00e7e, o s\u0131rada ge\u00e7erli olan gizlilik politikas\u0131, Veri Denetleyicisinin Kullan\u0131c\u0131lar hakk\u0131nda sahip oldu\u011fu t\u00fcm Ki\u015fisel Veriler i\u00e7in ge\u00e7erlidir.<\/p>\n<h4><strong>Bu gizlilik politikas\u0131 hakk\u0131nda bilgi<\/strong><\/h4>\n<p>Marcelino d.o.o. taraf\u0131ndan sa\u011flanan mod\u00fcllerden yola \u00e7\u0131k\u0131larak haz\u0131rlanan ve Marcelino d.o.o. sunucular\u0131nda bar\u0131nd\u0131r\u0131lan bu gizlilik politikas\u0131ndan Veri Sorumlusu sorumludur.<\/p>\n<h4><strong>Tan\u0131mlar ve yasal referanslar<\/strong><\/h4>\n<p><strong>Ki\u015fisel Veriler (veya Veriler)<\/strong><\/p>\n<p>Bir ger\u00e7ek ki\u015fi, bir t\u00fczel ki\u015fi, bir kurum veya bir dernekle ilgili, ki\u015fisel kimlik numaras\u0131 da dahil olmak \u00fczere ba\u015fka herhangi bir bilgiye at\u0131fta bulunularak dolayl\u0131 da olsa tan\u0131mlanan veya tan\u0131mlanabilen her t\u00fcrl\u00fc bilgi.<\/p>\n<p><strong>Kullan\u0131m Verileri<\/strong><\/p>\n<p>Bu Uygulamadan (veya bu Uygulamada kullan\u0131lan \u00fc\u00e7\u00fcnc\u00fc taraf hizmetlerinden) otomatik olarak toplanan bilgiler \u015funlar\u0131 i\u00e7erebilir: bu Uygulamay\u0131 kullanan Kullan\u0131c\u0131lar taraf\u0131ndan kullan\u0131lan bilgisayarlar\u0131n IP adresleri veya alan adlar\u0131, URI adresleri (Tekd\u00fczen Kaynak Tan\u0131mlay\u0131c\u0131), talebin zaman\u0131, talebi sunucuya g\u00f6ndermek i\u00e7in kullan\u0131lan y\u00f6ntem, yan\u0131t olarak al\u0131nan dosyan\u0131n boyutu, sunucunun yan\u0131t\u0131n\u0131n durumunu g\u00f6steren say\u0131sal kod (ba\u015far\u0131l\u0131 sonu\u00e7, hata, vb.), men\u015fe \u00fclke, Kullan\u0131c\u0131 taraf\u0131ndan kullan\u0131lan taray\u0131c\u0131 ve i\u015fletim sisteminin \u00f6zellikleri, ziyaret ba\u015f\u0131na \u00e7e\u015fitli zaman ayr\u0131nt\u0131lar\u0131 (\u00f6rn, Uygulama i\u00e7indeki her sayfada harcanan zaman) ve ziyaret edilen sayfalar\u0131n s\u0131ras\u0131na \u00f6zel at\u0131fta bulunarak Uygulama i\u00e7inde izlenen yolla ilgili ayr\u0131nt\u0131lar ve cihaz i\u015fletim sistemi ve\/veya Kullan\u0131c\u0131n\u0131n BT ortam\u0131yla ilgili di\u011fer parametreler.<\/p>\n<p><strong>Kullan\u0131c\u0131<\/strong><\/p>\n<p>Ki\u015fisel Verilerin at\u0131fta bulundu\u011fu Veri Sahibi ile \u00f6rt\u00fc\u015fmesi veya Veri Sahibi taraf\u0131ndan yetkilendirilmesi gereken bu Uygulamay\u0131 kullanan ki\u015fi.<\/p>\n<p><strong>Veri Sahibi<\/strong><\/p>\n<p>Ki\u015fisel Verilerin at\u0131fta bulundu\u011fu t\u00fczel veya ger\u00e7ek ki\u015fi.<\/p>\n<p><strong>Veri \u0130\u015fleyici (veya Veri Sorumlusu)<\/strong><\/p>\n<p>Veri Sorumlusu taraf\u0131ndan Ki\u015fisel Verileri bu gizlilik politikas\u0131na uygun olarak i\u015flemek \u00fczere yetkilendirilen ger\u00e7ek ki\u015fi, t\u00fczel ki\u015fi, kamu idaresi veya di\u011fer herhangi bir organ, dernek veya kurulu\u015f.<\/p>\n<p><strong>Veri Sorumlusu (veya Sahibi)<\/strong><\/p>\n<p>\u0130\u015fbu Uygulaman\u0131n i\u015fletilmesi ve kullan\u0131m\u0131na ili\u015fkin g\u00fcvenlik \u00f6nlemleri de dahil olmak \u00fczere, Ki\u015fisel Verilerin i\u015flenme ama\u00e7lar\u0131 ve y\u00f6ntemleri ile kullan\u0131lan ara\u00e7lara ili\u015fkin kararlar\u0131 verme hakk\u0131na sahip olan ger\u00e7ek ki\u015fi, t\u00fczel ki\u015fi, kamu idaresi veya di\u011fer herhangi bir organ, dernek veya kurulu\u015f. Veri Sorumlusu, aksi belirtilmedik\u00e7e, bu Uygulaman\u0131n Sahibidir.<\/p>\n<p><strong>Bu Uygulama<\/strong><\/p>\n<p>Kullan\u0131c\u0131n\u0131n Ki\u015fisel Verilerinin topland\u0131\u011f\u0131 donan\u0131m veya yaz\u0131l\u0131m arac\u0131.<\/p>\n<hr \/>\n<p><strong>Yasal bilgiler<\/strong><\/p>\n<p>Avrupal\u0131 Kullan\u0131c\u0131lara Uyar\u0131: Bu gizlilik beyan\u0131, 95\/46\/EC say\u0131l\u0131 AT Direktifi'nin 10. Maddesi ve \u00c7erezler konusundaki 2009\/138\/EC say\u0131l\u0131 Direktif ile revize edilen 2002\/58\/EC say\u0131l\u0131 Direktif h\u00fck\u00fcmleri kapsam\u0131ndaki y\u00fck\u00fcml\u00fcl\u00fckler yerine getirilerek haz\u0131rlanm\u0131\u015ft\u0131r. 95\/46\/EC say\u0131l\u0131 AT Direktifinin 10. Maddesi ve \u00c7erezler konusunda 2009\/136\/EC say\u0131l\u0131 Direktif ile revize edilen 2002\/58\/EC say\u0131l\u0131 Direktif h\u00fck\u00fcmleri uyar\u0131nca haz\u0131rlanm\u0131\u015ft\u0131r.<\/p>\n<p>Bu gizlilik politikas\u0131 yaln\u0131zca bu Uygulama ile ilgilidir.<\/p>\n<p>Son g\u00fcncelleme: 04 May\u0131s 2017<\/p>","protected":false},"excerpt":{"rendered":"<p>Ki\u015fisel Verileriniz, Verilerin payla\u015f\u0131lma ama\u00e7lar\u0131 ve taraflar\u0131 hakk\u0131nda bilgi almak i\u00e7in Sahibi ile ileti\u015fime ge\u00e7in. Veri Sorumlusu ve Sahibi MARCELINO d.o.o. Kranj\u010deva ulica 4; 3000 Celje; EU-Slovenija WEB: http:\/\/marcelino.si ve http:\/\/passengereye.com [...]<\/p>","protected":false},"author":2,"featured_media":0,"parent":0,"menu_order":0,"comment_status":"closed","ping_status":"closed","template":"","meta":[],"_links":{"self":[{"href":"https:\/\/en.passengereye.com\/tr\/wp-json\/wp\/v2\/pages\/3450"}],"collection":[{"href":"https:\/\/en.passengereye.com\/tr\/wp-json\/wp\/v2\/pages"}],"about":[{"href":"https:\/\/en.passengereye.com\/tr\/wp-json\/wp\/v2\/types\/page"}],"author":[{"embeddable":true,"href":"https:\/\/en.passengereye.com\/tr\/wp-json\/wp\/v2\/users\/2"}],"replies":[{"embeddable":true,"href":"https:\/\/en.passengereye.com\/tr\/wp-json\/wp\/v2\/comments?post=3450"}],"version-history":[{"count":1,"href":"https:\/\/en.passengereye.com\/tr\/wp-json\/wp\/v2\/pages\/3450\/revisions"}],"predecessor-version":[{"id":3451,"href":"https:\/\/en.passengereye.com\/tr\/wp-json\/wp\/v2\/pages\/3450\/revisions\/3451"}],"wp:attachment":[{"href":"https:\/\/en.passengereye.com\/tr\/wp-json\/wp\/v2\/media?parent=3450"}],"curies":[{"name":"wp","href":"https:\/\/api.w.org\/{rel}","templated":true}]}}