{"id":3448,"date":"2018-02-11T14:44:41","date_gmt":"2018-02-11T14:44:41","guid":{"rendered":"https:\/\/en.passengereye.com\/?page_id=3448"},"modified":"2018-02-11T16:05:35","modified_gmt":"2018-02-11T16:05:35","slug":"howtouse","status":"publish","type":"page","link":"https:\/\/en.passengereye.com\/tr\/howtouse\/","title":{"rendered":"Nas\u0131l Kullan\u0131l\u0131r"},"content":{"rendered":"<h2><strong>A\u00e7\u0131klama \/ Kullan\u0131m Talimat\u0131<\/strong><\/h2>\n<p>PassengerEye, kullan\u0131c\u0131n\u0131n konumlar\u0131 foto\u011frafla raporlamas\u0131na olanak tan\u0131yan \u00dcCRETS\u0130Z bir mobil uygulamad\u0131r. Foto\u011fraf raporlar\u0131 https:\/\/en.passengereye.com portal\u0131na y\u00fcklenir ve burada foto\u011fraf raporlar\u0131n\u0131 g\u00f6r\u00fcnt\u00fcleyebilirsiniz.<\/p>\n<p>PassengerEye mobil uygulamas\u0131, seyahat eden sat\u0131c\u0131lar, saha sat\u0131\u015f elemanlar\u0131, sat\u0131\u015f personeli, \u00e7e\u015fitli etkinliklerin organizat\u00f6rleri veya di\u011fer benzer ki\u015filer i\u00e7in tasarlanm\u0131\u015ft\u0131r. PassengerEye mobil uygulamas\u0131 \u00f6zel olarak da kullan\u0131labilir.<\/p>\n<p>PassengerEye mobil uygulamas\u0131n\u0131n kullan\u0131c\u0131s\u0131 (bundan sonra sat\u0131c\u0131 olarak an\u0131lacakt\u0131r) bir veya daha fazla kay\u0131tl\u0131 hesaba (bundan sonra hesap olarak an\u0131lacakt\u0131r) foto\u011fraf raporlar\u0131 y\u00fckleyebilir.<\/p>\n<p>PassengerEye mobil uygulamas\u0131n\u0131 Sat\u0131\u015f Eleman\u0131 \/ \u00c7al\u0131\u015fan \/ Y\u00f6netici \/ S\u00fcperviz\u00f6r kullanabilir:<br \/>\n- foto\u011fraf raporlamas\u0131n\u0131n ba\u015flang\u0131\u00e7 ve biti\u015fini kaydetmek i\u00e7in (kullan\u0131lan zaman ve yol uzunlu\u011fu)<br \/>\n- bir konum listesinden konum, ma\u011faza, bina ve benzerlerini se\u00e7mek i\u00e7in<br \/>\n- kendi konumlar\u0131n\u0131 listeye eklemek i\u00e7in,<br \/>\n- konumun foto\u011fraf\u0131n\u0131 \u00e7ekmek veya bir foto\u011fraf galerisi olu\u015fturmak i\u00e7in<br \/>\n- foto\u011fraf raporuna bir a\u00e7\u0131klama eklemek i\u00e7in,<br \/>\n- PassengerEye.com portal\u0131na bir foto\u011fraf raporunun hesaba y\u00fcklenmesini sa\u011flamak i\u00e7in.<\/p>\n<p>T\u00fczel veya ger\u00e7ek bir ki\u015fi https:\/\/en.passengereye.com portal\u0131nda kay\u0131tl\u0131 bir hesap a\u00e7abilir. Her sat\u0131c\u0131 daha fazla kay\u0131tl\u0131 hesaba sahip olabilir veya PassengerEye mobil uygulamas\u0131 yard\u0131m\u0131yla yaln\u0131zca di\u011fer kay\u0131tl\u0131 hesaplar i\u00e7in foto\u011fraf raporlar\u0131 \u00fcretebilir. Mobil uygulaman\u0131n kullan\u0131m\u0131 i\u00e7in portalda kay\u0131tl\u0131 bir kullan\u0131c\u0131 hesab\u0131 gerekli de\u011fildir, \u00f6nemli olan sadece sat\u0131c\u0131n\u0131n se\u00e7ilen hesaplardan biriyle s\u00f6zle\u015fme yapmas\u0131d\u0131r (bu bir test hesab\u0131 da olabilir).<\/p>\n<p>Bir foto\u011fraf raporu (se\u00e7ilen konum i\u00e7in a\u00e7\u0131klamal\u0131 bir veya daha fazla g\u00f6r\u00fcnt\u00fc), yaz\u0131l\u0131 zaman ve foto\u011fraf raporlar\u0131 aras\u0131nda haritalanm\u0131\u015f bir yol ile GPS konumuna g\u00f6re https:\/\/en.passengereye.com portal\u0131nda saklan\u0131r.<\/p>\n<h2><strong>Uygulaman\u0131n kullan\u0131m\u0131<\/strong><\/h2>\n<ol>\n<li>Sat\u0131c\u0131 PassengerEye mobil uygulamas\u0131nda oturum a\u00e7t\u0131\u011f\u0131nda, \u00f6nce s\u00f6zle\u015fmesi olan bir hesap se\u00e7er, bu bir internet ba\u011flant\u0131s\u0131 gerektirir.<\/li>\n<li>Oturum a\u00e7\u0131ld\u0131\u011f\u0131nda, PassengerEye mobil uygulamas\u0131 https:\/\/en.passengereye.com portal\u0131na s\u00f6zle\u015fme hesab\u0131na ba\u011flan\u0131r ve zaman ve konumu ona bildirir.<\/li>\n<li>Sat\u0131c\u0131, PassengerEye mobil uygulamas\u0131 yard\u0131m\u0131yla foto\u011frafl\u0131 raporlar haz\u0131rl\u0131yor ve y\u00fckl\u00fcyor.<\/li>\n<li>Foto\u011fraf raporlama ve seyahat bittikten sonra sat\u0131c\u0131 mobil uygulamadan \u00e7\u0131k\u0131\u015f yapar ve b\u00f6ylece harcanan zaman ve kilometre \u00f6dene\u011fi hakk\u0131nda s\u00f6zle\u015fme hesab\u0131n\u0131 bilgilendirir.<\/li>\n<\/ol>\n<p>https:\/\/en.passengereye.com portal\u0131ndaki her hesap, kendisine foto\u011fraf raporlar\u0131 g\u00f6nderen bir veya daha fazla sat\u0131c\u0131ya sahip olabilir. Kay\u0131tl\u0131 hesap foto\u011fraf raporlar\u0131nda, harcanan saatler ve her bir sat\u0131c\u0131 i\u00e7in g\u00fcnlere g\u00f6re t\u00fcm seyahat yolunun uzunlu\u011fu g\u00f6r\u00fcnt\u00fclenir. https:\/\/en.passengereye.com portal\u0131nda:<\/p>\n<p>- seyahat eden bir ki\u015fi bir harita \u00fczerinde hesapta takip edilebilir,<br \/>\n- konumlar\u0131n foto\u011fraflar\u0131 kontrol edilebilir<br \/>\n- km cinsinden yol uzunlu\u011fu ve<br \/>\n- Belirli bir g\u00fcnde her bir sat\u0131\u015f eleman\u0131 taraf\u0131ndan harcanan zaman.<\/p>\n<p>Her sat\u0131\u015f eleman\u0131 bir veya daha fazla hesapla veya \u015firketle s\u00f6zle\u015fme onaylayabilir. Her hesap veya \u015firket daha fazla sat\u0131c\u0131ya sahip olabilir. Bu nedenle, mobil uygulaman\u0131n her kullan\u0131c\u0131s\u0131 foto\u011fraf raporlar\u0131n\u0131 yaln\u0131zca se\u00e7ilen bir hesaba y\u00fckleyebilir veya birden fazla hesaba y\u00fckleyebilir. S\u00f6zle\u015fme yapt\u0131\u011f\u0131 hesap say\u0131s\u0131na ba\u011fl\u0131 olarak.<\/p>\n<p>Aktif bir s\u00f6zle\u015fmesi olmayan bir sat\u0131c\u0131, bir test hesab\u0131 kullanabilir veya i\u015fletmesini https:\/\/PassengerEye.com adresinde kaydedebilir ve telefonundaki uygulamay\u0131 kendi hesab\u0131na ba\u011flayabilir ve foto\u011fraf raporlar\u0131n\u0131 y\u00fckleyebilir.<\/p>\n<p>Bir kullan\u0131c\u0131 https:\/\/en.passengereye.com adresinde bir hesap a\u00e7mak istemiyorsa, mobil uygulamalar\u0131n\u0131n PIN veya API KEY'ini app@marcelino.si e-postas\u0131na g\u00f6nderebilir ve bir test hesab\u0131 ile bir s\u00f6zle\u015fme al\u0131r. Test hesab\u0131 veya test \u015firketi k\u0131s\u0131tlama olmaks\u0131z\u0131n \u00e7al\u0131\u015f\u0131r.<\/p>\n<p>\u0130\u015fleyi\u015f i\u00e7in gereklidir:<br \/>\n- \u0130nternet (giri\u015f ve \u00e7\u0131k\u0131\u015f i\u00e7in)<br \/>\n- cep telefonunda etkinle\u015ftirilmi\u015f konum (GPS i\u015flevi)<br \/>\n- PassengerEye.com'da kay\u0131tl\u0131 bir hesap veya bir test hesab\u0131 ile ba\u011flant\u0131.<\/p>\n<p>Uygulama sadece \u015firketler i\u00e7in de\u011fil, bireyler taraf\u0131ndan da kullan\u0131labiliyor.<\/p>\n<p>S\u00fcr\u00fcm 1.0'daki Yenilikler<br \/>\n- Foto\u011fraf\u0131n alt\u0131nda yap\u0131lan a\u00e7\u0131klama ve yorumlar<br \/>\n- bir veya daha fazla \u015firkette oturum a\u00e7ma (yani portaldaki kay\u0131tl\u0131 kullan\u0131c\u0131lara)<br \/>\n- bir \u015firketin veya kay\u0131tl\u0131 hesab\u0131n birden fazla sat\u0131c\u0131s\u0131 olabilir<br \/>\n- \u00e7al\u0131\u015fma s\u00fcresinin \u00f6l\u00e7\u00fcm\u00fc<br \/>\n- yol uzunlu\u011funun \u00f6l\u00e7\u00fclmesi<br \/>\n- Portaldaki \u00e7e\u015fitli raporlar (sat\u0131c\u0131 ba\u015f\u0131na ve g\u00fcnl\u00fck foto\u011fraf raporu say\u0131s\u0131 vb.).<br \/>\n- konum listesi ekleme (portal \u00fczerinden i\u00e7e aktarma)<br \/>\n- PassengerEye.com mobil uygulamas\u0131 i\u00e7indeki tek tip listeye site ekleme<\/p>","protected":false},"excerpt":{"rendered":"<p>A\u00e7\u0131klama \/ Kullan\u0131m Talimat\u0131 PassengerEye, kullan\u0131c\u0131n\u0131n konumlar\u0131 foto\u011frafla raporlamas\u0131na olanak tan\u0131yan \u00dcCRETS\u0130Z bir mobil uygulamad\u0131r. Foto\u011fraf raporlar\u0131, foto\u011fraf raporlar\u0131n\u0131 g\u00f6r\u00fcnt\u00fcleyebilece\u011finiz https:\/\/en.passengereye.com portal\u0131na y\u00fcklenir. PassengerEye [...]<\/p>","protected":false},"author":2,"featured_media":0,"parent":0,"menu_order":0,"comment_status":"closed","ping_status":"closed","template":"","meta":[],"_links":{"self":[{"href":"https:\/\/en.passengereye.com\/tr\/wp-json\/wp\/v2\/pages\/3448"}],"collection":[{"href":"https:\/\/en.passengereye.com\/tr\/wp-json\/wp\/v2\/pages"}],"about":[{"href":"https:\/\/en.passengereye.com\/tr\/wp-json\/wp\/v2\/types\/page"}],"author":[{"embeddable":true,"href":"https:\/\/en.passengereye.com\/tr\/wp-json\/wp\/v2\/users\/2"}],"replies":[{"embeddable":true,"href":"https:\/\/en.passengereye.com\/tr\/wp-json\/wp\/v2\/comments?post=3448"}],"version-history":[{"count":9,"href":"https:\/\/en.passengereye.com\/tr\/wp-json\/wp\/v2\/pages\/3448\/revisions"}],"predecessor-version":[{"id":3463,"href":"https:\/\/en.passengereye.com\/tr\/wp-json\/wp\/v2\/pages\/3448\/revisions\/3463"}],"wp:attachment":[{"href":"https:\/\/en.passengereye.com\/tr\/wp-json\/wp\/v2\/media?parent=3448"}],"curies":[{"name":"wp","href":"https:\/\/api.w.org\/{rel}","templated":true}]}}