{"id":2469,"date":"2014-10-10T22:02:00","date_gmt":"2014-10-10T15:02:00","guid":{"rendered":"http:\/\/demo.leafcolor.com\/applay\/?page_id=2469"},"modified":"2014-10-10T22:02:00","modified_gmt":"2014-10-10T15:02:00","slug":"post-slider","status":"publish","type":"page","link":"https:\/\/en.passengereye.com\/tr\/post-slider\/","title":{"rendered":"Yaz\u0131 Kayd\u0131r\u0131c\u0131 k\u0131sa kodu"},"content":{"rendered":"<div class=\"ia_row\">\r\n        \t<div class=\"vc_row wpb_row vc_row-fluid\"><div class=\"wpb_column vc_column_container vc_col-sm-12\"><div class=\"vc_column-inner\"><div class=\"wpb_wrapper\">                <style scoped=\"scoped\">\r\n\t\t.ia-post-slider-8544 .slider-item-content{\r\n\t\t\tmax-height:500px;\r\n\t\t}\r\n\t\t<\/style>\r\n            \t<section class=\"ia-post-slider ia-post-slider-8544\" data-delay=\"0\">\r\n            <div class=\"post-slider-wrap\">\r\n                <div class=\"init-carousel post-slider-carousel carousel-has-control single-carousel\" data-items=\"\" data-navigation=\"1\" data-autoplay=\"3000\">\r\n                                    <div class=\"post-slider-item\">\r\n                        <div class=\"slider-item-content\">\r\n                            <div class=\"slider-thumbnail\">\r\n                                <a href=\"https:\/\/en.passengereye.com\/tr\/scheduled\/\" title=\"Planlanm\u0131\u015f\" >\r\n                                                                        <img src=\"https:\/\/en.passengereye.com\/wp-content\/themes\/applay\/images\/default-photo.png\" width=\"500\" height=\"500\" title=\"Planlanm\u0131\u015f\" alt=\"Scheduled\">\r\n                                <\/a>\r\n                            <\/div><!--slider-thumbnail-->\r\n                                                        <div class=\"post-slider-overlay\">\r\n                                <a class=\"post-slider-nav post-slider-prev\" href=\"#\"><i class=\"fa fa-angle-left\"><\/i><\/a>\r\n                                <a class=\"post-slider-nav post-slider-next\" href=\"#\"><i class=\"fa fa-angle-right\"><\/i><\/a>\r\n                                <a class=\"post-slider-overlay-link\" href=\"https:\/\/en.passengereye.com\/tr\/scheduled\/\" title=\"Planlanm\u0131\u015f\">\r\n                                                                        <h4 class=\"post-slider-title\">Planlanm\u0131\u015f<\/h4>\r\n                                                                            <div  class=\"small\">12:00<\/div>\r\n                                                                        <div class=\"clearfix\"><\/div>\r\n                                <\/a>\r\n                            <\/div>\r\n                        <\/div><!--\/app-item-->\r\n                    <\/div><!--\/post-carousel-item-->\r\n                                    <div class=\"post-slider-item\">\r\n                        <div class=\"slider-item-content\">\r\n                            <div class=\"slider-thumbnail\">\r\n                                <a href=\"https:\/\/en.passengereye.com\/tr\/hello-world\/\" title=\"Merhaba d\u00fcnya!\" >\r\n                                                                        <img src=\"https:\/\/en.passengereye.com\/wp-content\/themes\/applay\/images\/default-photo.png\" width=\"500\" height=\"500\" title=\"Merhaba d\u00fcnya!\" alt=\"Hello world!\">\r\n                                <\/a>\r\n                            <\/div><!--slider-thumbnail-->\r\n                                                        <div class=\"post-slider-overlay\">\r\n                                <a class=\"post-slider-nav post-slider-prev\" href=\"#\"><i class=\"fa fa-angle-left\"><\/i><\/a>\r\n                                <a class=\"post-slider-nav post-slider-next\" href=\"#\"><i class=\"fa fa-angle-right\"><\/i><\/a>\r\n                                <a class=\"post-slider-overlay-link\" href=\"https:\/\/en.passengereye.com\/tr\/hello-world\/\" title=\"Merhaba d\u00fcnya!\">\r\n                                                                        <h4 class=\"post-slider-title\">Merhaba d\u00fcnya!<\/h4>\r\n                                                                            <div  class=\"small\">3:48<\/div>\r\n                                                                        <div class=\"clearfix\"><\/div>\r\n                                <\/a>\r\n                            <\/div>\r\n                        <\/div><!--\/app-item-->\r\n                    <\/div><!--\/post-carousel-item-->\r\n                                    <div class=\"post-slider-item\">\r\n                        <div class=\"slider-item-content\">\r\n                            <div class=\"slider-thumbnail\">\r\n                                <a href=\"https:\/\/en.passengereye.com\/tr\/android-apps-on-applay\/\" title=\"Applay&#039;de Android Uygulamalar\u0131\" >\r\n                                                                        <img src=\"https:\/\/en.passengereye.com\/wp-includes\/images\/media\/default.png\" width=\"48\" height=\"64\" title=\"Applay&#039;de Android Uygulamalar\u0131\" alt=\"Android Apps on Applay\">\r\n                                <\/a>\r\n                            <\/div><!--slider-thumbnail-->\r\n                                                        <div class=\"post-slider-overlay\">\r\n                                <a class=\"post-slider-nav post-slider-prev\" href=\"#\"><i class=\"fa fa-angle-left\"><\/i><\/a>\r\n                                <a class=\"post-slider-nav post-slider-next\" href=\"#\"><i class=\"fa fa-angle-right\"><\/i><\/a>\r\n                                <a class=\"post-slider-overlay-link\" href=\"https:\/\/en.passengereye.com\/tr\/android-apps-on-applay\/\" title=\"Applay&#039;de Android Uygulamalar\u0131\">\r\n                                                                        <h4 class=\"post-slider-title\">Applay'de Android Uygulamalar\u0131<\/h4>\r\n                                                                            <div  class=\"small\">9:48<\/div>\r\n                                                                        <div class=\"clearfix\"><\/div>\r\n                                <\/a>\r\n                            <\/div>\r\n                        <\/div><!--\/app-item-->\r\n                    <\/div><!--\/post-carousel-item-->\r\n                                    <div class=\"post-slider-item\">\r\n                        <div class=\"slider-item-content\">\r\n                            <div class=\"slider-thumbnail\">\r\n                                <a href=\"https:\/\/en.passengereye.com\/tr\/apps-for-work%e2%80%8e\/\" title=\"\u0130\u015f \u0130\u00e7in Uygulamalar\" >\r\n                                                                        <img src=\"https:\/\/en.passengereye.com\/wp-includes\/images\/media\/default.png\" width=\"48\" height=\"64\" title=\"\u0130\u015f \u0130\u00e7in Uygulamalar\" alt=\"Apps For Work\u200e\">\r\n                                <\/a>\r\n                            <\/div><!--slider-thumbnail-->\r\n                                                        <div class=\"post-slider-overlay\">\r\n                                <a class=\"post-slider-nav post-slider-prev\" href=\"#\"><i class=\"fa fa-angle-left\"><\/i><\/a>\r\n                                <a class=\"post-slider-nav post-slider-next\" href=\"#\"><i class=\"fa fa-angle-right\"><\/i><\/a>\r\n                                <a class=\"post-slider-overlay-link\" href=\"https:\/\/en.passengereye.com\/tr\/apps-for-work%e2%80%8e\/\" title=\"\u0130\u015f \u0130\u00e7in Uygulamalar\">\r\n                                                                        <h4 class=\"post-slider-title\">\u0130\u015f \u0130\u00e7in Uygulamalar<\/h4>\r\n                                                                            <div  class=\"small\">Sabah 9:47<\/div>\r\n                                                                        <div class=\"clearfix\"><\/div>\r\n                                <\/a>\r\n                            <\/div>\r\n                        <\/div><!--\/app-item-->\r\n                    <\/div><!--\/post-carousel-item-->\r\n                                    <div class=\"post-slider-item\">\r\n                        <div class=\"slider-item-content\">\r\n                            <div class=\"slider-thumbnail\">\r\n                                <a href=\"https:\/\/en.passengereye.com\/tr\/discover-great-apps\/\" title=\"Harika uygulamalar\u0131 ke\u015ffedin\" >\r\n                                                                        <img src=\"https:\/\/en.passengereye.com\/wp-includes\/images\/media\/default.png\" width=\"48\" height=\"64\" title=\"Harika uygulamalar\u0131 ke\u015ffedin\" alt=\"Discover great apps\">\r\n                                <\/a>\r\n                            <\/div><!--slider-thumbnail-->\r\n                                                        <div class=\"post-slider-overlay\">\r\n                                <a class=\"post-slider-nav post-slider-prev\" href=\"#\"><i class=\"fa fa-angle-left\"><\/i><\/a>\r\n                                <a class=\"post-slider-nav post-slider-next\" href=\"#\"><i class=\"fa fa-angle-right\"><\/i><\/a>\r\n                                <a class=\"post-slider-overlay-link\" href=\"https:\/\/en.passengereye.com\/tr\/discover-great-apps\/\" title=\"Harika uygulamalar\u0131 ke\u015ffedin\">\r\n                                                                        <h4 class=\"post-slider-title\">Harika uygulamalar\u0131 ke\u015ffedin<\/h4>\r\n                                                                            <div  class=\"small\">Sabah 9:45<\/div>\r\n                                                                        <div class=\"clearfix\"><\/div>\r\n                                <\/a>\r\n                            <\/div>\r\n                        <\/div><!--\/app-item-->\r\n                    <\/div><!--\/post-carousel-item-->\r\n                                <\/div>\r\n            <\/div>\r\n        <\/section><!--\/ia-post-slider-->\r\n\t<\/div><\/div><\/div><\/div>    \t\t\t<\/div><!--\/ia_row-->\r\n\t\t\t<div class=\"ia_row\">\r\n        \t<div class=\"vc_row wpb_row vc_row-fluid\"><div class=\"wpb_column vc_column_container vc_col-sm-12\"><div class=\"vc_column-inner\"><div class=\"wpb_wrapper\">                <style scoped=\"scoped\">\r\n\t\t.ia-post-slider-3666 .slider-item-content{\r\n\t\t\tmax-height:700px;\r\n\t\t}\r\n\t\t<\/style>\r\n            \t<section class=\"ia-post-slider ia-post-slider-3666\" data-delay=\"0\">\r\n            <div class=\"post-slider-wrap\">\r\n                <div class=\"init-carousel post-slider-carousel carousel-has-control single-carousel\" data-items=\"\" data-navigation=\"1\" data-autoplay=\"false\">\r\n                                    <div class=\"post-slider-item\">\r\n                        <div class=\"slider-item-content\">\r\n                            <div class=\"slider-thumbnail\">\r\n                                <a href=\"https:\/\/en.passengereye.com\/tr\/urun\/photo-mixer\/\" title=\"Foto\u011fraf Kar\u0131\u015ft\u0131r\u0131c\u0131\" >\r\n                                                                        <img src=\"https:\/\/en.passengereye.com\/wp-includes\/images\/media\/default.png\" width=\"48\" height=\"64\" title=\"Foto\u011fraf Kar\u0131\u015ft\u0131r\u0131c\u0131\" alt=\"Photo Mixer\">\r\n                                <\/a>\r\n                            <\/div><!--slider-thumbnail-->\r\n                                                        <div class=\"post-slider-overlay\">\r\n                                <a class=\"post-slider-nav post-slider-prev\" href=\"#\"><i class=\"fa fa-angle-left\"><\/i><\/a>\r\n                                <a class=\"post-slider-nav post-slider-next\" href=\"#\"><i class=\"fa fa-angle-right\"><\/i><\/a>\r\n                                <a class=\"post-slider-overlay-link\" href=\"https:\/\/en.passengereye.com\/tr\/urun\/photo-mixer\/\" title=\"Foto\u011fraf Kar\u0131\u015ft\u0131r\u0131c\u0131\">\r\n                                    <img src=\"http:\/\/demo.leafcolor.com\/applay\/wp-content\/uploads\/2014\/10\/creative-idea-icon.png\" width=\"100\" height=\"100\" class=\"app-icon\" alt=\"Photo Mixer\"\/>                                    <h4 class=\"post-slider-title\">Foto\u011fraf Kar\u0131\u015ft\u0131r\u0131c\u0131<\/h4>\r\n                                                                            <div class=\"small\">\r\n                                                                                        <span class=\"price\"><span class=\"woocommerce-Price-amount amount\"><span class=\"woocommerce-Price-currencySymbol\">\u20ac<\/span>10.00<\/span><\/span>\r\n                                                                                    <\/div>\r\n                                                                        <div class=\"clearfix\"><\/div>\r\n                                <\/a>\r\n                            <\/div>\r\n                        <\/div><!--\/app-item-->\r\n                    <\/div><!--\/post-carousel-item-->\r\n                                    <div class=\"post-slider-item\">\r\n                        <div class=\"slider-item-content\">\r\n                            <div class=\"slider-thumbnail\">\r\n                                <a href=\"https:\/\/en.passengereye.com\/tr\/urun\/mini-calendar\/\" title=\"Mini Takvim\" >\r\n                                                                        <img src=\"https:\/\/en.passengereye.com\/wp-includes\/images\/media\/default.png\" width=\"48\" height=\"64\" title=\"Mini Takvim\" alt=\"Mini Calendar\">\r\n                                <\/a>\r\n                            <\/div><!--slider-thumbnail-->\r\n                                                        <div class=\"post-slider-overlay\">\r\n                                <a class=\"post-slider-nav post-slider-prev\" href=\"#\"><i class=\"fa fa-angle-left\"><\/i><\/a>\r\n                                <a class=\"post-slider-nav post-slider-next\" href=\"#\"><i class=\"fa fa-angle-right\"><\/i><\/a>\r\n                                <a class=\"post-slider-overlay-link\" href=\"https:\/\/en.passengereye.com\/tr\/urun\/mini-calendar\/\" title=\"Mini Takvim\">\r\n                                    <img src=\"http:\/\/demo.leafcolor.com\/applay\/wp-content\/uploads\/2014\/10\/office-calendar-icon.png\" width=\"100\" height=\"100\" class=\"app-icon\" alt=\"Mini Calendar\"\/>                                    <h4 class=\"post-slider-title\">Mini Takvim<\/h4>\r\n                                                                            <div class=\"small\">\r\n                                                                                        <span class=\"price\"><del><span class=\"woocommerce-Price-amount amount\"><span class=\"woocommerce-Price-currencySymbol\">\u20ac<\/span>2.00<\/span><\/del> <ins><span class=\"woocommerce-Price-amount amount\"><span class=\"woocommerce-Price-currencySymbol\">\u20ac<\/span>0.00<\/span><\/ins><\/span>\r\n                                                                                    <\/div>\r\n                                                                        <div class=\"clearfix\"><\/div>\r\n                                <\/a>\r\n                            <\/div>\r\n                        <\/div><!--\/app-item-->\r\n                    <\/div><!--\/post-carousel-item-->\r\n                                    <div class=\"post-slider-item\">\r\n                        <div class=\"slider-item-content\">\r\n                            <div class=\"slider-thumbnail\">\r\n                                <a href=\"https:\/\/en.passengereye.com\/tr\/urun\/ceo-calculator\/\" title=\"CEO Hesaplay\u0131c\u0131\" >\r\n                                                                        <img src=\"https:\/\/en.passengereye.com\/wp-includes\/images\/media\/default.png\" width=\"48\" height=\"64\" title=\"CEO Hesaplay\u0131c\u0131\" alt=\"CEO Calculator\">\r\n                                <\/a>\r\n                            <\/div><!--slider-thumbnail-->\r\n                                                        <div class=\"post-slider-overlay\">\r\n                                <a class=\"post-slider-nav post-slider-prev\" href=\"#\"><i class=\"fa fa-angle-left\"><\/i><\/a>\r\n                                <a class=\"post-slider-nav post-slider-next\" href=\"#\"><i class=\"fa fa-angle-right\"><\/i><\/a>\r\n                                <a class=\"post-slider-overlay-link\" href=\"https:\/\/en.passengereye.com\/tr\/urun\/ceo-calculator\/\" title=\"CEO Hesaplay\u0131c\u0131\">\r\n                                    <img src=\"http:\/\/demo.leafcolor.com\/applay\/wp-content\/uploads\/2014\/10\/accessories-calculator-icon.png\" width=\"100\" height=\"100\" class=\"app-icon\" alt=\"CEO Calculator\"\/>                                    <h4 class=\"post-slider-title\">CEO Hesaplay\u0131c\u0131<\/h4>\r\n                                                                            <div class=\"small\">\r\n                                                                                        <span class=\"price\"><span class=\"woocommerce-Price-amount amount\"><span class=\"woocommerce-Price-currencySymbol\">\u20ac<\/span>0.00<\/span><\/span>\r\n                                                                                    <\/div>\r\n                                                                        <div class=\"clearfix\"><\/div>\r\n                                <\/a>\r\n                            <\/div>\r\n                        <\/div><!--\/app-item-->\r\n                    <\/div><!--\/post-carousel-item-->\r\n                                    <div class=\"post-slider-item\">\r\n                        <div class=\"slider-item-content\">\r\n                            <div class=\"slider-thumbnail\">\r\n                                <a href=\"https:\/\/en.passengereye.com\/tr\/urun\/nice-clock\/\" title=\"G\u00fczel Saat\" >\r\n                                                                        <img src=\"https:\/\/en.passengereye.com\/wp-includes\/images\/media\/default.png\" width=\"48\" height=\"64\" title=\"G\u00fczel Saat\" alt=\"Nice Clock\">\r\n                                <\/a>\r\n                            <\/div><!--slider-thumbnail-->\r\n                                                        <div class=\"post-slider-overlay\">\r\n                                <a class=\"post-slider-nav post-slider-prev\" href=\"#\"><i class=\"fa fa-angle-left\"><\/i><\/a>\r\n                                <a class=\"post-slider-nav post-slider-next\" href=\"#\"><i class=\"fa fa-angle-right\"><\/i><\/a>\r\n                                <a class=\"post-slider-overlay-link\" href=\"https:\/\/en.passengereye.com\/tr\/urun\/nice-clock\/\" title=\"G\u00fczel Saat\">\r\n                                    <img src=\"http:\/\/demo.leafcolor.com\/applay\/wp-content\/uploads\/2014\/10\/performance-icon.png\" width=\"100\" height=\"100\" class=\"app-icon\" alt=\"Nice Clock\"\/>                                    <h4 class=\"post-slider-title\">G\u00fczel Saat<\/h4>\r\n                                                                            <div class=\"small\">\r\n                                                                                        <span class=\"price\"><span class=\"woocommerce-Price-amount amount\"><span class=\"woocommerce-Price-currencySymbol\">\u20ac<\/span>0.00<\/span><\/span>\r\n                                                                                    <\/div>\r\n                                                                        <div class=\"clearfix\"><\/div>\r\n                                <\/a>\r\n                            <\/div>\r\n                        <\/div><!--\/app-item-->\r\n                    <\/div><!--\/post-carousel-item-->\r\n                                    <div class=\"post-slider-item\">\r\n                        <div class=\"slider-item-content\">\r\n                            <div class=\"slider-thumbnail\">\r\n                                <a href=\"https:\/\/en.passengereye.com\/tr\/urun\/xstreme-player-2\/\" title=\"Xstreme Oyuncu 2\" >\r\n                                                                        <img src=\"https:\/\/en.passengereye.com\/wp-includes\/images\/media\/default.png\" width=\"48\" height=\"64\" title=\"Xstreme Oyuncu 2\" alt=\"Xstreme Player 2\">\r\n                                <\/a>\r\n                            <\/div><!--slider-thumbnail-->\r\n                                                        <div class=\"post-slider-overlay\">\r\n                                <a class=\"post-slider-nav post-slider-prev\" href=\"#\"><i class=\"fa fa-angle-left\"><\/i><\/a>\r\n                                <a class=\"post-slider-nav post-slider-next\" href=\"#\"><i class=\"fa fa-angle-right\"><\/i><\/a>\r\n                                <a class=\"post-slider-overlay-link\" href=\"https:\/\/en.passengereye.com\/tr\/urun\/xstreme-player-2\/\" title=\"Xstreme Oyuncu 2\">\r\n                                    <img src=\"http:\/\/demo.leafcolor.com\/applay\/wp-content\/uploads\/2014\/09\/music-orange-icon.png\" width=\"100\" height=\"100\" class=\"app-icon\" alt=\"Xstreme Player 2\"\/>                                    <h4 class=\"post-slider-title\">Xstreme Oyuncu 2<\/h4>\r\n                                                                            <div class=\"small\">\r\n                                                                                        <span class=\"price\"><span class=\"woocommerce-Price-amount amount\"><span class=\"woocommerce-Price-currencySymbol\">\u20ac<\/span>0.00<\/span><\/span>\r\n                                                                                    <\/div>\r\n                                                                        <div class=\"clearfix\"><\/div>\r\n                                <\/a>\r\n                            <\/div>\r\n                        <\/div><!--\/app-item-->\r\n                    <\/div><!--\/post-carousel-item-->\r\n                                <\/div>\r\n            <\/div>\r\n        <\/section><!--\/ia-post-slider-->\r\n\t<\/div><\/div><\/div><\/div>    \t\t\t<\/div><!--\/ia_row-->\r\n\t <\/p>","protected":false},"excerpt":{"rendered":"In ut quam vitae odio lacinia tincidunt. Curabitur nisi. Nam pretium turpis et arcu. Fusce commodo aliquam arcu. In consectetuer turpis ut velit. Phasellus magna. Praesent adipiscing. Vestibulum ante ipsum primis in faucibus orci luctus [...]","protected":false},"author":1,"featured_media":0,"parent":0,"menu_order":0,"comment_status":"open","ping_status":"closed","template":"","meta":[],"_links":{"self":[{"href":"https:\/\/en.passengereye.com\/tr\/wp-json\/wp\/v2\/pages\/2469"}],"collection":[{"href":"https:\/\/en.passengereye.com\/tr\/wp-json\/wp\/v2\/pages"}],"about":[{"href":"https:\/\/en.passengereye.com\/tr\/wp-json\/wp\/v2\/types\/page"}],"author":[{"embeddable":true,"href":"https:\/\/en.passengereye.com\/tr\/wp-json\/wp\/v2\/users\/1"}],"replies":[{"embeddable":true,"href":"https:\/\/en.passengereye.com\/tr\/wp-json\/wp\/v2\/comments?post=2469"}],"version-history":[{"count":0,"href":"https:\/\/en.passengereye.com\/tr\/wp-json\/wp\/v2\/pages\/2469\/revisions"}],"wp:attachment":[{"href":"https:\/\/en.passengereye.com\/tr\/wp-json\/wp\/v2\/media?parent=2469"}],"curies":[{"name":"wp","href":"https:\/\/api.w.org\/{rel}","templated":true}]}}