{"id":2369,"date":"2014-10-10T17:31:31","date_gmt":"2014-10-10T10:31:31","guid":{"rendered":"http:\/\/demo.leafcolor.com\/applay\/?page_id=2369"},"modified":"2014-10-10T17:31:31","modified_gmt":"2014-10-10T10:31:31","slug":"icon-box","status":"publish","type":"page","link":"https:\/\/en.passengereye.com\/tr\/icon-box\/","title":{"rendered":"Simge kutusu"},"content":{"rendered":"<div class=\"ia_row\">\r\n        \t<div class=\"vc_row wpb_row vc_row-fluid vc_custom_1412937276455\"><div class=\"wpb_column vc_column_container vc_col-sm-12\"><div class=\"vc_column-inner\"><div class=\"wpb_wrapper\">    <div class=\"ia-heading ia-heading-heading_7776 heading-align-left\" data-delay=\"0\">\r\n    \t<h2 >\r\n                \tStil 1                <\/h2>\r\n        <div class=\"clearfix\"><\/div>\r\n    <\/div>\r\n    <\/div><\/div><\/div><div class=\"wpb_column vc_column_container vc_col-sm-4\"><div class=\"vc_column-inner\"><div class=\"wpb_wrapper\">    \t    \t<div id=\"ia-icon-box-1\" class=\"media ia-icon-box\" data-delay=\"0\">\r\n            <div class=\"text-center\">\r\n            \t                <div class=\"ia-icon\">\r\n                \t<i class=\"fa fa-leaf\"><\/i>\r\n                <\/div>\r\n                            <\/div>\r\n            <div class=\"media-body text-center\">\r\n                <h4 class=\"media-heading\">Yap\u0131 Vitrini<\/h4><p>Sadece saniyeler i\u00e7inde<\/p>            <\/div>\r\n            <div class=\"clearfix\"><\/div>\r\n        <\/div>\r\n        \t<\/div><\/div><\/div><div class=\"wpb_column vc_column_container vc_col-sm-4\"><div class=\"vc_column-inner\"><div class=\"wpb_wrapper\">    \t    \t<div id=\"ia-icon-box-2\" class=\"media ia-icon-box\" data-delay=\"0.5\">\r\n            <div class=\"text-center\">\r\n            \t                <div class=\"ia-icon\">\r\n                \t<i class=\"fa fa-rocket\"><\/i>\r\n                <\/div>\r\n                            <\/div>\r\n            <div class=\"media-body text-center\">\r\n                <h4 class=\"media-heading\">Tam Duyarl\u0131<\/h4><p>T\u00fcm cihazlarda \u00e7al\u0131\u015f\u0131r<\/p>            <\/div>\r\n            <div class=\"clearfix\"><\/div>\r\n        <\/div>\r\n        \t<\/div><\/div><\/div><div class=\"wpb_column vc_column_container vc_col-sm-4\"><div class=\"vc_column-inner\"><div class=\"wpb_wrapper\">    \t    \t<div id=\"ia-icon-box-3\" class=\"media ia-icon-box\" data-delay=\"1\">\r\n            <div class=\"text-center\">\r\n            \t                <div class=\"ia-icon\">\r\n                \t<i class=\"fa fa-mobile\"><\/i>\r\n                <\/div>\r\n                            <\/div>\r\n            <div class=\"media-body text-center\">\r\n                <h4 class=\"media-heading\">Vitrin k\u0131sa kodu<\/h4><p>Photoshop olmadan g\u00fczel uygulaman\u0131z\u0131 g\u00f6sterin<\/p>            <\/div>\r\n            <div class=\"clearfix\"><\/div>\r\n        <\/div>\r\n        \t<\/div><\/div><\/div><\/div>    \t\t\t<\/div><!--\/ia_row-->\r\n\t\t\t<div class=\"ia_row\">\r\n        \t<div class=\"vc_row wpb_row vc_row-fluid vc_custom_1412937286808\"><div class=\"wpb_column vc_column_container vc_col-sm-12\"><div class=\"vc_column-inner\"><div class=\"wpb_wrapper\">    <div class=\"ia-heading ia-heading-heading_6207 heading-align-left\" data-delay=\"0\">\r\n    \t<h2 >\r\n                \tStil 2                <\/h2>\r\n        <div class=\"clearfix\"><\/div>\r\n    <\/div>\r\n    <\/div><\/div><\/div><div class=\"wpb_column vc_column_container vc_col-sm-4\"><div class=\"vc_column-inner\"><div class=\"wpb_wrapper\">    \t    \t<div id=\"ia-icon-box-4\" class=\"media ia-icon-box\" data-delay=\"0\">\r\n            <div class=\"pull-left\">\r\n            \t                <div class=\"ia-icon\">\r\n                \t<i class=\"fa fa-leaf\"><\/i>\r\n                <\/div>\r\n                            <\/div>\r\n            <div class=\"media-body\">\r\n                <h4 class=\"media-heading\">Yap\u0131 Vitrini<\/h4><p>Sadece saniyeler i\u00e7inde<\/p>            <\/div>\r\n            <div class=\"clearfix\"><\/div>\r\n        <\/div>\r\n        \t<\/div><\/div><\/div><div class=\"wpb_column vc_column_container vc_col-sm-4\"><div class=\"vc_column-inner\"><div class=\"wpb_wrapper\">    \t    \t<div id=\"ia-icon-box-5\" class=\"media ia-icon-box\" data-delay=\"0.5\">\r\n            <div class=\"pull-left\">\r\n            \t                <div class=\"ia-icon\">\r\n                \t<i class=\"fa fa-rocket\"><\/i>\r\n                <\/div>\r\n                            <\/div>\r\n            <div class=\"media-body\">\r\n                <h4 class=\"media-heading\">Tam Duyarl\u0131<\/h4><p>T\u00fcm cihazlarda \u00e7al\u0131\u015f\u0131r<\/p>            <\/div>\r\n            <div class=\"clearfix\"><\/div>\r\n        <\/div>\r\n        \t<\/div><\/div><\/div><div class=\"wpb_column vc_column_container vc_col-sm-4\"><div class=\"vc_column-inner\"><div class=\"wpb_wrapper\">    \t    \t<div id=\"ia-icon-box-6\" class=\"media ia-icon-box\" data-delay=\"1\">\r\n            <div class=\"pull-left\">\r\n            \t                <div class=\"ia-icon\">\r\n                \t<i class=\"fa fa-mobile\"><\/i>\r\n                <\/div>\r\n                            <\/div>\r\n            <div class=\"media-body\">\r\n                <h4 class=\"media-heading\">Vitrin k\u0131sa kodu<\/h4><p>Photoshop olmadan g\u00fczel uygulaman\u0131z\u0131 g\u00f6sterin<\/p>            <\/div>\r\n            <div class=\"clearfix\"><\/div>\r\n        <\/div>\r\n        \t<\/div><\/div><\/div><\/div>    \t\t\t<\/div><!--\/ia_row-->\r\n\t\t\t<div class=\"ia_row\">\r\n        \t<div class=\"vc_row wpb_row vc_row-fluid vc_custom_1412937308049\"><div class=\"wpb_column vc_column_container vc_col-sm-12\"><div class=\"vc_column-inner\"><div class=\"wpb_wrapper\">    <div class=\"ia-heading ia-heading-heading_4756 heading-align-left\" data-delay=\"0\">\r\n    \t<h2 >\r\n                \tStil 3                <\/h2>\r\n        <div class=\"clearfix\"><\/div>\r\n    <\/div>\r\n    <\/div><\/div><\/div><div class=\"wpb_column vc_column_container vc_col-sm-4\"><div class=\"vc_column-inner\"><div class=\"wpb_wrapper\">    \t    \t<div id=\"ia-icon-box-7\" class=\"media ia-icon-box\" data-delay=\"0\">\r\n            <div class=\"pull-right\">\r\n            \t                <div class=\"ia-icon\">\r\n                \t<i class=\"fa fa-leaf\"><\/i>\r\n                <\/div>\r\n                            <\/div>\r\n            <div class=\"media-body text-right\">\r\n                <h4 class=\"media-heading\">Yap\u0131 Vitrini<\/h4><p>Sadece saniyeler i\u00e7inde<\/p>            <\/div>\r\n            <div class=\"clearfix\"><\/div>\r\n        <\/div>\r\n        \t<\/div><\/div><\/div><div class=\"wpb_column vc_column_container vc_col-sm-4\"><div class=\"vc_column-inner\"><div class=\"wpb_wrapper\">    \t    \t<div id=\"ia-icon-box-8\" class=\"media ia-icon-box\" data-delay=\"0.5\">\r\n            <div class=\"pull-right\">\r\n            \t                <div class=\"ia-icon\">\r\n                \t<i class=\"fa fa-rocket\"><\/i>\r\n                <\/div>\r\n                            <\/div>\r\n            <div class=\"media-body text-right\">\r\n                <h4 class=\"media-heading\">Tam Duyarl\u0131<\/h4><p>T\u00fcm cihazlarda \u00e7al\u0131\u015f\u0131r<\/p>            <\/div>\r\n            <div class=\"clearfix\"><\/div>\r\n        <\/div>\r\n        \t<\/div><\/div><\/div><div class=\"wpb_column vc_column_container vc_col-sm-4\"><div class=\"vc_column-inner\"><div class=\"wpb_wrapper\">    \t    \t<div id=\"ia-icon-box-9\" class=\"media ia-icon-box\" data-delay=\"1\">\r\n            <div class=\"pull-right\">\r\n            \t                <div class=\"ia-icon\">\r\n                \t<i class=\"fa fa-mobile\"><\/i>\r\n                <\/div>\r\n                            <\/div>\r\n            <div class=\"media-body text-right\">\r\n                <h4 class=\"media-heading\">Vitrin k\u0131sa kodu<\/h4><p>Photoshop olmadan g\u00fczel uygulaman\u0131z\u0131 g\u00f6sterin<\/p>            <\/div>\r\n            <div class=\"clearfix\"><\/div>\r\n        <\/div>\r\n        \t<\/div><\/div><\/div><\/div>    \t\t\t<\/div><!--\/ia_row-->\r\n\t <\/p>","protected":false},"excerpt":{"rendered":"Style 1 Build ShowcaseJust in seconds Full ResponsiveWorks on any devides Showcase shortcodeShow your beautiful app without Photoshop Style 2 Build ShowcaseJust in seconds Full ResponsiveWorks on any devides Showcase shortcodeShow your beautiful app without [...]","protected":false},"author":1,"featured_media":0,"parent":0,"menu_order":0,"comment_status":"open","ping_status":"closed","template":"","meta":[],"_links":{"self":[{"href":"https:\/\/en.passengereye.com\/tr\/wp-json\/wp\/v2\/pages\/2369"}],"collection":[{"href":"https:\/\/en.passengereye.com\/tr\/wp-json\/wp\/v2\/pages"}],"about":[{"href":"https:\/\/en.passengereye.com\/tr\/wp-json\/wp\/v2\/types\/page"}],"author":[{"embeddable":true,"href":"https:\/\/en.passengereye.com\/tr\/wp-json\/wp\/v2\/users\/1"}],"replies":[{"embeddable":true,"href":"https:\/\/en.passengereye.com\/tr\/wp-json\/wp\/v2\/comments?post=2369"}],"version-history":[{"count":0,"href":"https:\/\/en.passengereye.com\/tr\/wp-json\/wp\/v2\/pages\/2369\/revisions"}],"wp:attachment":[{"href":"https:\/\/en.passengereye.com\/tr\/wp-json\/wp\/v2\/media?parent=2369"}],"curies":[{"name":"wp","href":"https:\/\/api.w.org\/{rel}","templated":true}]}}