{"id":1876,"date":"2014-10-05T23:18:57","date_gmt":"2014-10-05T16:18:57","guid":{"rendered":"http:\/\/demo.leafcolor.com\/applay\/?page_id=1876"},"modified":"2014-10-05T23:18:57","modified_gmt":"2014-10-05T16:18:57","slug":"shortcode-quick-ajax","status":"publish","type":"page","link":"https:\/\/en.passengereye.com\/tr\/shortcode-quick-ajax\/","title":{"rendered":"Shortcode &#8211; Quick Ajax"},"content":{"rendered":"<style>\r\n\t\t\t\t#waq1 .ajax-item{width:225px}\r\n                #waq1 .ajax-item-head a{\r\n\t\t\tcolor:#35aa47;\r\n\t\t\t\t\t\tfont-size:18px;\r\n\t\t}\r\n\t\t#waq1 .ajax-item-meta, #waq1 .ajax-item-meta a {\r\n\t\t\tcolor:#999999;\r\n\t\t\t\t\t\tfont-size:11px;\r\n\t\t}\r\n\t\t#waq1 .ajax-item-meta a:hover {\r\n\t\t\tcolor:#35aa47;\r\n\t\t}\r\n\t\t#waq1 .ajax-item-content, #waq1 .ajax-item-content p {\r\n\t\t\tcolor:#444444;\r\n\t\t\t\t\t\tfont-size:14px;\r\n\t\t}\r\n\t\t#waq1 .wp-ajax-query-button a, #waq1 .wp-ajax-query-button a:visited{\r\n\t\t\tbackground:#35aa47;\r\n\t\t\tcolor:#FFFFFF;\r\n\t\t\t\t\t\tfont-size:14px;\r\n\t\t\tpadding: 1px 14px;\r\n\t\t}\r\n\t\t#waq1 .link-overlay:before {\r\n\t\t\tcolor: #35aa47;\r\n\t\t\tbackground: #ffffff;\r\n\t\t}\r\n\t\t\t\t#waq1.modern .ajax-item:hover .ajax-item-content-wrap{\r\n\t\t\tbox-shadow:inset 0px -1px 0px #35AA47, 0 0px 1px rgba(0,0,0,0.075), 0 1px 2px rgba(0,0,0,0.075);\r\n\t\t}\r\n\t\t\t\t\t\t    <\/style>\r\n\r\n    <div id=\"waq1\" class=\"wp-ajax-query-shortcode modern\">\r\n    \t<div class=\"wp-ajax-query-wrap\">\r\n        \t        \t<div class=\"wp-ajax-query-inner\">\r\n            \t<div class=\"wp-ajax-query-content\">\r\n    \t\t\t\t            <div class=\"ajax-item\">\r\n            \t<div class=\"ajax-item-pad\">\r\n\t\t\t\t                    <div class=\"ajax-item-content-wrap no-thumb\">\r\n                                            <h2 class=\"ajax-item-head\">\r\n                        <a href=\"https:\/\/en.passengereye.com\/tr\/scheduled\/\" title=\"Planlanm\u0131\u015f\">\r\n                        Planlanm\u0131\u015f                        <\/a>\r\n                      <\/h2>\r\n                      <br \/>\r\n                                                                  <div class=\"ajax-item-meta\">\r\n                                                <span><i class=\"fa fa-clock-o\"><\/i> Ocak 1, 2020 &nbsp;&nbsp;<i class=\"fa fa-user\"><\/i> Y\u00f6netici<\/span>\r\n                                              <\/div>\r\n                      <br \/>\r\n                                                                  <div class=\"ajax-item-content\">\r\n                        <p>Bu g\u00f6nderinin gelecekte yay\u0131nlanmas\u0131 planlanmaktad\u0131r. Tema taraf\u0131ndan g\u00f6r\u00fcnt\u00fclenmemelidir.<\/p>\n                      <\/div>\r\n                                          <\/div>\r\n                    <div class=\"clear\"><\/div>\r\n                <\/div>\r\n            <\/div>\r\n\t\t\t            <div class=\"ajax-item\">\r\n            \t<div class=\"ajax-item-pad\">\r\n\t\t\t\t                    <div class=\"ajax-item-content-wrap no-thumb\">\r\n                                            <h2 class=\"ajax-item-head\">\r\n                        <a href=\"https:\/\/en.passengereye.com\/tr\/hello-world\/\" title=\"Merhaba d\u00fcnya!\">\r\n                        Merhaba d\u00fcnya!                        <\/a>\r\n                      <\/h2>\r\n                      <br \/>\r\n                                                                  <div class=\"ajax-item-meta\">\r\n                                                <span><i class=\"fa fa-clock-o\"><\/i> 10 May\u0131s 2016 &nbsp;&nbsp;<i class=\"fa fa-user\"><\/i> Y\u00f6netici<\/span>\r\n                                              <\/div>\r\n                      <br \/>\r\n                                                                  <div class=\"ajax-item-content\">\r\n                        <p>WordPress'e ho\u015f geldiniz. Bu sizin ilk yaz\u0131n\u0131z. D\u00fczenleyin veya silin, sonra yazmaya ba\u015flay\u0131n!<\/p>\n                      <\/div>\r\n                                          <\/div>\r\n                    <div class=\"clear\"><\/div>\r\n                <\/div>\r\n            <\/div>\r\n\t\t\t            <div class=\"ajax-item\">\r\n            \t<div class=\"ajax-item-pad\">\r\n\t\t\t\t                    <a rel=\"prettyPhoto[waq1]\" href=\"\" title=\"Applay&#039;de Android Uygulamalar\u0131\">\r\n                                        <div class=\"ajax-item-thumb\">\r\n                    \t<img src=\"\" title=\"Applay&#039;de Android Uygulamalar\u0131\" alt=\"Android Apps on Applay\" width=\"225\" \/>\r\n                                                <div class=\"link-overlay fa fa-search\"><\/div>\r\n                                            <\/div>\r\n                    <\/a>\r\n                                        <div class=\"ajax-item-content-wrap\">\r\n                                            <h2 class=\"ajax-item-head\">\r\n                        <a href=\"https:\/\/en.passengereye.com\/tr\/android-apps-on-applay\/\" title=\"Applay&#039;de Android Uygulamalar\u0131\">\r\n                        Applay'de Android Uygulamalar\u0131                        <\/a>\r\n                      <\/h2>\r\n                      <br \/>\r\n                                                                  <div class=\"ajax-item-meta\">\r\n                                                <span><i class=\"fa fa-clock-o\"><\/i> 9 Ekim 2014 &nbsp;&nbsp;<i class=\"fa fa-user\"><\/i> Y\u00f6netici<\/span>\r\n                                              <\/div>\r\n                      <br \/>\r\n                                                                  <div class=\"ajax-item-content\">\r\n                        <p>Etiam metus mauris, viverra scelerisque sollicitudin eu, accumsan nec dolor. Fusce commodo hendrerit turpis quis commodo. Duis ex libero, ornare sed eros quis, facilisis bibendum ligula. Nullam nec velit risus. Donec id ligula sit amet [...]<\/p>\n                      <\/div>\r\n                                          <\/div>\r\n                    <div class=\"clear\"><\/div>\r\n                <\/div>\r\n            <\/div>\r\n\t\t\t            <div class=\"ajax-item\">\r\n            \t<div class=\"ajax-item-pad\">\r\n\t\t\t\t                    <a rel=\"prettyPhoto[waq1]\" href=\"\" title=\"\u0130\u015f \u0130\u00e7in Uygulamalar\">\r\n                                        <div class=\"ajax-item-thumb\">\r\n                    \t<img src=\"\" title=\"\u0130\u015f \u0130\u00e7in Uygulamalar\" alt=\"Apps For Work\u200e\" width=\"225\" \/>\r\n                                                <div class=\"link-overlay fa fa-search\"><\/div>\r\n                                            <\/div>\r\n                    <\/a>\r\n                                        <div class=\"ajax-item-content-wrap\">\r\n                                            <h2 class=\"ajax-item-head\">\r\n                        <a href=\"https:\/\/en.passengereye.com\/tr\/apps-for-work%e2%80%8e\/\" title=\"\u0130\u015f \u0130\u00e7in Uygulamalar\">\r\n                        \u0130\u015f \u0130\u00e7in Uygulamalar                        <\/a>\r\n                      <\/h2>\r\n                      <br \/>\r\n                                                                  <div class=\"ajax-item-meta\">\r\n                                                <span><i class=\"fa fa-clock-o\"><\/i> 9 Ekim 2014 &nbsp;&nbsp;<i class=\"fa fa-user\"><\/i> Y\u00f6netici<\/span>\r\n                                              <\/div>\r\n                      <br \/>\r\n                                                                  <div class=\"ajax-item-content\">\r\n                        <p>Suspendisse rutrum tincidunt est, a tristique sem. Maecenas enim sapien, varius sit amet erat id, tincidunt sollicitudin erat. Nullam nec nunc felis. Praesent maximus urna sit amet mauris accumsan, sed porta ipsum finibus. Morbi quis [...]<\/p>\n                      <\/div>\r\n                                          <\/div>\r\n                    <div class=\"clear\"><\/div>\r\n                <\/div>\r\n            <\/div>\r\n\t\t\t            <div class=\"ajax-item\">\r\n            \t<div class=\"ajax-item-pad\">\r\n\t\t\t\t                    <a rel=\"prettyPhoto[waq1]\" href=\"\" title=\"Harika uygulamalar\u0131 ke\u015ffedin\">\r\n                                        <div class=\"ajax-item-thumb\">\r\n                    \t<img src=\"\" title=\"Harika uygulamalar\u0131 ke\u015ffedin\" alt=\"Discover great apps\" width=\"225\" \/>\r\n                                                <div class=\"link-overlay fa fa-search\"><\/div>\r\n                                            <\/div>\r\n                    <\/a>\r\n                                        <div class=\"ajax-item-content-wrap\">\r\n                                            <h2 class=\"ajax-item-head\">\r\n                        <a href=\"https:\/\/en.passengereye.com\/tr\/discover-great-apps\/\" title=\"Harika uygulamalar\u0131 ke\u015ffedin\">\r\n                        Harika uygulamalar\u0131 ke\u015ffedin                        <\/a>\r\n                      <\/h2>\r\n                      <br \/>\r\n                                                                  <div class=\"ajax-item-meta\">\r\n                                                <span><i class=\"fa fa-clock-o\"><\/i> 9 Ekim 2014 &nbsp;&nbsp;<i class=\"fa fa-user\"><\/i> Y\u00f6netici<\/span>\r\n                                              <\/div>\r\n                      <br \/>\r\n                                                                  <div class=\"ajax-item-content\">\r\n                        <p>Fusce sodales, arcu vel mattis volutpat, sem odio tincidunt velit, eu mattis velit mi eu est. Proin viverra ultricies pretium. Fusce ac tempor justo. Duis ornare luctus sapien et blandit. Fusce id ex eu odio [...]<\/p>\n                      <\/div>\r\n                                          <\/div>\r\n                    <div class=\"clear\"><\/div>\r\n                <\/div>\r\n            <\/div>\r\n\t\t\t            <div class=\"ajax-item\">\r\n            \t<div class=\"ajax-item-pad\">\r\n\t\t\t\t                    <a rel=\"prettyPhoto[waq1]\" href=\"\" title=\"Android i\u00e7in en iyi uygulama\">\r\n                                        <div class=\"ajax-item-thumb\">\r\n                    \t<img src=\"\" title=\"Android i\u00e7in en iyi uygulama\" alt=\"The best app for android\" width=\"225\" \/>\r\n                                                <div class=\"link-overlay fa fa-search\"><\/div>\r\n                                            <\/div>\r\n                    <\/a>\r\n                                        <div class=\"ajax-item-content-wrap\">\r\n                                            <h2 class=\"ajax-item-head\">\r\n                        <a href=\"https:\/\/en.passengereye.com\/tr\/the-best-app-for-android\/\" title=\"Android i\u00e7in en iyi uygulama\">\r\n                        Android i\u00e7in en iyi uygulama                        <\/a>\r\n                      <\/h2>\r\n                      <br \/>\r\n                                                                  <div class=\"ajax-item-meta\">\r\n                                                <span><i class=\"fa fa-clock-o\"><\/i> Ekim 7, 2014 &nbsp;&nbsp;<i class=\"fa fa-user\"><\/i> Y\u00f6netici<\/span>\r\n                                              <\/div>\r\n                      <br \/>\r\n                                                                  <div class=\"ajax-item-content\">\r\n                        <p>Nam commodo suscipit quam. Suspendisse enim turpis, dictum sed, iaculis a, condimentum nec, nisi. Suspendisse eu ligula. Pellentesque posuere. \u0130nteger ante arcu, accumsan a, consectetuer eget, posuere ut, mauris. Nunc nec neque. Morbi mattis ullamcorper [...]<\/p>\n                      <\/div>\r\n                                          <\/div>\r\n                    <div class=\"clear\"><\/div>\r\n                <\/div>\r\n            <\/div>\r\n\t\t\t            <div class=\"ajax-item\">\r\n            \t<div class=\"ajax-item-pad\">\r\n\t\t\t\t                    <a rel=\"prettyPhoto[waq1]\" href=\"\" title=\"Maecenas egestas arcu quis ligula mattis placerat\">\r\n                                        <div class=\"ajax-item-thumb\">\r\n                    \t<img src=\"\" title=\"Maecenas egestas arcu quis ligula mattis placerat\" alt=\"Maecenas egestas arcu quis ligula mattis placerat\" width=\"225\" \/>\r\n                                                <div class=\"link-overlay fa fa-search\"><\/div>\r\n                                            <\/div>\r\n                    <\/a>\r\n                                        <div class=\"ajax-item-content-wrap\">\r\n                                            <h2 class=\"ajax-item-head\">\r\n                        <a href=\"https:\/\/en.passengereye.com\/tr\/hello-world-2\/\" title=\"Maecenas egestas arcu quis ligula mattis placerat\">\r\n                        Maecenas egestas arcu quis ligula mattis placerat                        <\/a>\r\n                      <\/h2>\r\n                      <br \/>\r\n                                                                  <div class=\"ajax-item-meta\">\r\n                                                <span><i class=\"fa fa-clock-o\"><\/i> Ekim 7, 2014 &nbsp;&nbsp;<i class=\"fa fa-user\"><\/i> Y\u00f6netici<\/span>\r\n                                              <\/div>\r\n                      <br \/>\r\n                                                                  <div class=\"ajax-item-content\">\r\n                        <p>Nunc egestas, augue at pellentesque laoreet, felis eros vehicula leo, at malesuada velit leo quis pede. Sed fringilla mauris sit amet nibh. Maecenas egestas arcu quis ligula mattis placerat. Ut varius tincidunt libero. Etiam feugiat [...]<\/p>\n                      <\/div>\r\n                                          <\/div>\r\n                    <div class=\"clear\"><\/div>\r\n                <\/div>\r\n            <\/div>\r\n\t\t\t            <div class=\"ajax-item\">\r\n            \t<div class=\"ajax-item-pad\">\r\n\t\t\t\t                    <a rel=\"prettyPhoto[waq1]\" href=\"\" title=\"Galeri g\u00f6nderi bi\u00e7imi\">\r\n                                        <div class=\"ajax-item-thumb\">\r\n                    \t<img src=\"\" title=\"Galeri g\u00f6nderi bi\u00e7imi\" alt=\"Gallery post format\" width=\"225\" \/>\r\n                                                <div class=\"link-overlay fa fa-search\"><\/div>\r\n                                            <\/div>\r\n                    <\/a>\r\n                                        <div class=\"ajax-item-content-wrap\">\r\n                                            <h2 class=\"ajax-item-head\">\r\n                        <a href=\"https:\/\/en.passengereye.com\/tr\/gallery-post\/\" title=\"Galeri g\u00f6nderi bi\u00e7imi\">\r\n                        Galeri g\u00f6nderi bi\u00e7imi                        <\/a>\r\n                      <\/h2>\r\n                      <br \/>\r\n                                                                  <div class=\"ajax-item-meta\">\r\n                                                <span><i class=\"fa fa-clock-o\"><\/i> Ekim 7, 2014 &nbsp;&nbsp;<i class=\"fa fa-user\"><\/i> Y\u00f6netici<\/span>\r\n                                              <\/div>\r\n                      <br \/>\r\n                                                                  <div class=\"ajax-item-content\">\r\n                        <p>Nunc nec neque. Morbi mattis ullamcorper velit. Praesent venenatis metus at tortor pulvinar varius. Cras ultricies mi eu turpis hendrerit fringilla. Vivamus euismod mauris. Nunc egestas, augue at pellentesque laoreet, felis eros vehicula leo, at [...]<\/p>\n                      <\/div>\r\n                                          <\/div>\r\n                    <div class=\"clear\"><\/div>\r\n                <\/div>\r\n            <\/div>\r\n\t\t\t            <div class=\"ajax-item\">\r\n            \t<div class=\"ajax-item-pad\">\r\n\t\t\t\t                    <a rel=\"prettyPhoto[waq1]\" href=\"\" title=\"Video g\u00f6nderi bi\u00e7imi\">\r\n                                        <div class=\"ajax-item-thumb\">\r\n                    \t<img src=\"\" title=\"Video g\u00f6nderi bi\u00e7imi\" alt=\"Video post format\" width=\"225\" \/>\r\n                                                <div class=\"link-overlay fa fa-search\"><\/div>\r\n                                            <\/div>\r\n                    <\/a>\r\n                                        <div class=\"ajax-item-content-wrap\">\r\n                                            <h2 class=\"ajax-item-head\">\r\n                        <a href=\"https:\/\/en.passengereye.com\/tr\/video-post-format\/\" title=\"Video g\u00f6nderi bi\u00e7imi\">\r\n                        Video g\u00f6nderi bi\u00e7imi                        <\/a>\r\n                      <\/h2>\r\n                      <br \/>\r\n                                                                  <div class=\"ajax-item-meta\">\r\n                                                <span><i class=\"fa fa-clock-o\"><\/i> Ekim 7, 2014 &nbsp;&nbsp;<i class=\"fa fa-user\"><\/i> Y\u00f6netici<\/span>\r\n                                              <\/div>\r\n                      <br \/>\r\n                                                                  <div class=\"ajax-item-content\">\r\n                        <p>Phasellus volutpat, metus eget egestas mollis, lacus lacus blandit dui, id egestas quam mauris ut lacus. Ut a nisl id ante tempus hendrerit<\/p>\n                      <\/div>\r\n                                          <\/div>\r\n                    <div class=\"clear\"><\/div>\r\n                <\/div>\r\n            <\/div>\r\n\t\t\t            <div class=\"ajax-item\">\r\n            \t<div class=\"ajax-item-pad\">\r\n\t\t\t\t                    <a rel=\"prettyPhoto[waq1]\" href=\"\" title=\"vel molestie purus laoreet sed\">\r\n                                        <div class=\"ajax-item-thumb\">\r\n                    \t<img src=\"\" title=\"vel molestie purus laoreet sed\" alt=\"vel molestie purus laoreet sed\" width=\"225\" \/>\r\n                                                <div class=\"link-overlay fa fa-search\"><\/div>\r\n                                            <\/div>\r\n                    <\/a>\r\n                                        <div class=\"ajax-item-content-wrap\">\r\n                                            <h2 class=\"ajax-item-head\">\r\n                        <a href=\"https:\/\/en.passengereye.com\/tr\/vel-molestie-purus-laoreet-sed\/\" title=\"vel molestie purus laoreet sed\">\r\n                        vel molestie purus laoreet sed                        <\/a>\r\n                      <\/h2>\r\n                      <br \/>\r\n                                                                  <div class=\"ajax-item-meta\">\r\n                                                <span><i class=\"fa fa-clock-o\"><\/i> Ekim 7, 2014 &nbsp;&nbsp;<i class=\"fa fa-user\"><\/i> Y\u00f6netici<\/span>\r\n                                              <\/div>\r\n                      <br \/>\r\n                                                                  <div class=\"ajax-item-content\">\r\n                        <p>Maecenas enim sapien, varius sit amet erat id, tincidunt sollicitudin erat. Nullam nec nunc felis. Praesent maximus urna sit amet mauris accumsan, sed porta ipsum finibus. Morbi quis dolor porttitor, facilisis dui quis, vehicula lacus. [...]<\/p>\n                      <\/div>\r\n                                          <\/div>\r\n                    <div class=\"clear\"><\/div>\r\n                <\/div>\r\n            <\/div>\r\n\t\t\t            \t<\/div>\r\n                <div class=\"clear\"><\/div>\r\n                <div class=\"wp-ajax-loading-images\">\r\n                \t                    \t<img src=\"https:\/\/en.passengereye.com\/wp-content\/plugins\/wp-ajax-query-shortcode\/images\/gray.gif\" width=\"88px\" height=\"8px\" \/>\r\n                                    <\/div>\r\n                <div class=\"wp-ajax-query-button\"><a href=\"#\">Daha fazla g\u00f6r\u00fcnt\u00fcle &nbsp;<i class=\"fa fa-search\"><\/i><\/a><\/div>\r\n            <\/div>\r\n        <\/div>\r\n    <\/div>\r\n    <div class=\"clear\"><\/div>\r\n    <script>\r\n\tjQuery(function(){\r\n\t\tajax_running=0;\r\n\t\tend_of_ajax=0;\r\n\t\t\t\tjQuery('#waq1 .wp-ajax-query-button a').on('click',function(){\r\n\t\t\tajaxParam = {\"author\":null,\"author_name\":\"\",\"cat\":\"\",\"category_name\":\"\",\"tag\":\"\",\"tag_id\":null,\"product_cat\":\"\",\"p\":null,\"name\":\"\",\"page_id\":\"\",\"pagename\":\"\",\"post_parent\":\"\",\"post_type\":\"\",\"post_status\":\"publish\",\"posts_per_page\":\"10\",\"posts_per_archive_page\":\"\",\"offset\":0,\"order\":\"DESC\",\"orderby\":\"date\",\"ignore_sticky_posts\":true,\"year\":null,\"monthnum\":null,\"w\":null,\"day\":null,\"meta_key\":\"\",\"meta_value\":\"\",\"meta_compare\":\"\",\"layout\":\"modern\",\"col_width\":\"225\",\"ajax_style\":\"button\",\"button_label\":\"View more\",\"button_text_color\":\"FFFFFF\",\"button_bg_color\":\"35aa47\",\"button_font\":\"0\",\"button_size\":\"14\",\"button_icon\":\"fa-search\",\"loading_image\":\"1\",\"thumb_size\":\"thumbnail\",\"post_title_color\":\"35aa47\",\"post_title_font\":\"0\",\"post_title_size\":\"18\",\"post_excerpt_color\":\"444444\",\"post_excerpt_font\":\"0\",\"post_excerpt_size\":\"14\",\"post_excerpt_limit\":\"0\",\"post_meta_color\":\"999999\",\"post_meta_font\":\"0\",\"post_meta_size\":\"11\",\"thumb_hover_icon\":\"fa-search\",\"thumb_hover_color\":\"35aa47\",\"thumb_hover_bg\":\"ffffff\",\"thumb_hover_popup\":\"1\",\"popup_theme\":\"0\",\"border_hover_color\":\"35AA47\",\"border_hover_width\":\"1\",\"full_post\":\"0\",\"global_query\":\"0\",\"related_query\":\"0\",\"related_tag_query\":\"0\",\"waq_id\":1};\r\n\t\t\tajaxParam['home_url'] = \"https:\/\/en.passengereye.com\/tr\/\";\r\n\t\t\tajaxParam['waq_id'] = \"1\";\r\n\t\t\twp_ajax_query_shortcodemodern(ajaxParam);\r\n\t\t\treturn false;\r\n\t\t});\r\n\t\t\t});\r\n\t\tjQuery(\"#waq1 a[rel^='prettyPhoto']\").prettyPhoto({\r\n\t\t\t});\r\n\t\tjQuery(document).ready(function(){\r\n\t\twp_ajax_query_resize();\r\n\t\t$columnwidth = jQuery('#waq1 .ajax-item').width();\r\n\t\t$container = jQuery('#waq1.modern .wp-ajax-query-content');\r\n\t\t$container.imagesLoaded( function(){\r\n\t\t\twp_ajax_query_resize();\r\n\t\t});\r\n\t\t$container.masonry({\r\n\t\t\t\/\/ options\r\n\t\t\titemSelector : '.ajax-item',\r\n\t\t\tcolumnWidth : $columnwidth,\r\n\t\t\tisFitWidth: true,\r\n\t\t\tgutter: 0\r\n\t\t});\r\n\t});\r\n\tjQuery(window).load(function(e) {\r\n\t\t$container.imagesLoaded( function(){\r\n\t\t\twp_ajax_query_resize();\r\n\t\t\t$container.masonry( 'reload' );\r\n\t\t});\r\n    });\r\n\t<\/script>","protected":false},"excerpt":{"rendered":"Maecenas enim sapien, varius sit amet erat id, tincidunt sollicitudin erat. Nullam nec nunc felis. Praesent maximus urna sit amet mauris accumsan, sed porta ipsum finibus. Morbi quis dolor porttitor, facilisis dui quis, vehicula lacus. [...]","protected":false},"author":1,"featured_media":0,"parent":0,"menu_order":0,"comment_status":"open","ping_status":"closed","template":"","meta":[],"_links":{"self":[{"href":"https:\/\/en.passengereye.com\/tr\/wp-json\/wp\/v2\/pages\/1876"}],"collection":[{"href":"https:\/\/en.passengereye.com\/tr\/wp-json\/wp\/v2\/pages"}],"about":[{"href":"https:\/\/en.passengereye.com\/tr\/wp-json\/wp\/v2\/types\/page"}],"author":[{"embeddable":true,"href":"https:\/\/en.passengereye.com\/tr\/wp-json\/wp\/v2\/users\/1"}],"replies":[{"embeddable":true,"href":"https:\/\/en.passengereye.com\/tr\/wp-json\/wp\/v2\/comments?post=1876"}],"version-history":[{"count":0,"href":"https:\/\/en.passengereye.com\/tr\/wp-json\/wp\/v2\/pages\/1876\/revisions"}],"wp:attachment":[{"href":"https:\/\/en.passengereye.com\/tr\/wp-json\/wp\/v2\/media?parent=1876"}],"curies":[{"name":"wp","href":"https:\/\/api.w.org\/{rel}","templated":true}]}}