{"id":12,"date":"2010-07-25T19:40:01","date_gmt":"2010-07-26T02:40:01","guid":{"rendered":"http:\/\/wpthemetestdata.wordpress.com\/about\/"},"modified":"2010-07-25T19:40:01","modified_gmt":"2010-07-26T02:40:01","slug":"features","status":"publish","type":"page","link":"https:\/\/en.passengereye.com\/tr\/features\/","title":{"rendered":"\u00d6zellikler"},"content":{"rendered":"<p><img loading=\"lazy\" class=\"aligncenter wp-image-2031 size-full\" src=\"http:\/\/demo.leafcolor.com\/applay\/wp-content\/uploads\/2014\/10\/sc.png\" alt=\"sc\" width=\"900\" height=\"600\" \/><\/p>\n<p>&nbsp;<\/p>\n<div class=\"ia-heading ia-heading-heading_5750 heading-align-left\" data-delay=\"\">\r\n    \t<h2 >\r\n                \tAPPLAY HAKKINDA                <\/h2>\r\n        <div class=\"clearfix\"><\/div>\r\n    <\/div>\r\n    Applay, Uygulama vitrini, Uygulama Ma\u011fazas\u0131, Uygulama A\u00e7\u0131l\u0131\u015f\u0131, \u0130\u015fletme ve Al\u0131\u015fveri\u015f i\u00e7in \u00e7ok ama\u00e7l\u0131 bir WordPress temas\u0131d\u0131r. Bu temay\u0131 be\u011fendiyseniz, daha iyi \u00fcr\u00fcnler yapabilmemiz i\u00e7in l\u00fctfen 5 y\u0131ld\u0131z verin veya yorum b\u0131rak\u0131n.<\/p>\n<p>&nbsp;<\/p>\n    <div class=\"ia-heading ia-heading-heading_320 heading-align-left\" data-delay=\"\">\r\n    \t<h2 >\r\n                \t\u00d6zellikler                <\/h2>\r\n        <div class=\"clearfix\"><\/div>\r\n    <\/div>\r\n    \n<ul>\n<li>Ultra Duyarl\u0131 Tasar\u0131m<\/li>\n<li>Retina Haz\u0131r<\/li>\n<li>4 Ana Sayfa Varyasyonu ve S\u0131n\u0131rs\u0131z Olanaklar<\/li>\n<li>3 Appstore varyasyonu ve S\u0131n\u0131rs\u0131z Olanaklar<\/li>\n<li>3 Ba\u015fl\u0131k Stili x 2 Ba\u015fl\u0131k \u015eemas\u0131 (Koyu\/A\u00e7\u0131k)<\/li>\n<li>Mobil Vitrin Olu\u015fturucu Eklentisi - Photoshop olmadan mobil mockup olu\u015fturun<\/li>\n<li>WooCommerce kullanarak Mobil Uygulamalar satma veya tan\u0131tma<\/li>\n<li>WooCommerce Entegre - \u00dcr\u00fcn\u00fcn\u00fcz\u00fc kolayca \u00e7evrimi\u00e7i sat\u0131n<\/li>\n<li>Paralaks ve CSS Animasyon Efekti<\/li>\n<li>*Sayfa olu\u015fturucu - Visual Composer dahil ($25 tasarruf edersiniz)<\/li>\n<li>*H\u0131zl\u0131 Ajax - Modern Ajax Sorgusu dahil ($17 tasarruf edersiniz)<br \/>\nEsnek, g\u00fc\u00e7l\u00fc ve g\u00fczel K\u0131sa Kodlar<\/li>\n<li>S\u0131n\u0131rs\u0131z renk ve d\u00fczen<\/li>\n<li>\u00c7ok S\u00fctunlu Men\u00fc A\u00e7\u0131l\u0131r Men\u00fcs\u00fc<\/li>\n<li>Yerle\u015fik Widget'lar ve \u00f6zel widget d\u00fczeni ayarlar\u0131<\/li>\n<li>Sosyal Hesaplar ve Sosyal Payla\u015f\u0131m<\/li>\n<li>Tema Se\u00e7enekleri ile tamamen \u00f6zelle\u015ftirilebilir<\/li>\n<li>\u00d6rnek veriler \u015funlar\u0131 i\u00e7ermektedir<\/li>\n<li>WP Pagenavi, \u0130leti\u015fim Formu 7, Flickr Rozetleri Widget'\u0131n\u0131 destekleyin ...<\/li>\n<li>T\u00fcm Google Yaz\u0131 Tiplerini Destekleyin<\/li>\n<li>Font Awesome Entegre<\/li>\n<li>WPML Haz\u0131r - \u00c7ok dilli web sitesi i\u00e7in<\/li>\n<li>Otomatik G\u00fcncelleme - Teman\u0131z\u0131 en son s\u00fcr\u00fcme g\u00fcncel tutmak i\u00e7in<\/li>\n<li>\u00d6zelle\u015ftirilebilir \u00d6n Y\u00fckleme Efekti<\/li>\n<\/ul>\n<p>(G\u00fcncelleniyor)<\/p>","protected":false},"excerpt":{"rendered":"<p>&nbsp; Applay is a multipurpose WordPress theme for App showcase, App Store, App Landing, Business and Shopping. If you like this theme, please rate 5 stars or leave comments so we can make better products. [&hellip;]<\/p>","protected":false},"author":1,"featured_media":0,"parent":0,"menu_order":1,"comment_status":"closed","ping_status":"closed","template":"","meta":[],"_links":{"self":[{"href":"https:\/\/en.passengereye.com\/tr\/wp-json\/wp\/v2\/pages\/12"}],"collection":[{"href":"https:\/\/en.passengereye.com\/tr\/wp-json\/wp\/v2\/pages"}],"about":[{"href":"https:\/\/en.passengereye.com\/tr\/wp-json\/wp\/v2\/types\/page"}],"author":[{"embeddable":true,"href":"https:\/\/en.passengereye.com\/tr\/wp-json\/wp\/v2\/users\/1"}],"replies":[{"embeddable":true,"href":"https:\/\/en.passengereye.com\/tr\/wp-json\/wp\/v2\/comments?post=12"}],"version-history":[{"count":0,"href":"https:\/\/en.passengereye.com\/tr\/wp-json\/wp\/v2\/pages\/12\/revisions"}],"wp:attachment":[{"href":"https:\/\/en.passengereye.com\/tr\/wp-json\/wp\/v2\/media?parent=12"}],"curies":[{"name":"wp","href":"https:\/\/api.w.org\/{rel}","templated":true}]}}