{"id":1133,"date":"2013-03-15T18:19:23","date_gmt":"2013-03-15T23:19:23","guid":{"rendered":"http:\/\/wptest.io\/demo\/?page_id=1080"},"modified":"2013-03-15T18:19:23","modified_gmt":"2013-03-15T23:19:23","slug":"page-image-alignment","status":"publish","type":"page","link":"https:\/\/en.passengereye.com\/tr\/features\/page-image-alignment\/","title":{"rendered":"Sayfa G\u00f6r\u00fcnt\u00fcs\u00fc Hizalama"},"content":{"rendered":"<p>G\u00f6r\u00fcnt\u00fc hizalamaya ho\u015f geldiniz! \u00c7e\u015fitli g\u00f6rsel konumland\u0131rma se\u00e7eneklerinin gelgitlerini g\u00f6stermenin en iyi yolu, onlar\u0131 bir kelime okyanusunun aras\u0131na yerle\u015ftirmektir. Bir k\u00fcrek kap\u0131n ve ba\u015flayal\u0131m.<\/p>\n<p>Hizalama konusunda, kullan\u0131c\u0131lar\u0131n a\u015fa\u011f\u0131daki se\u00e7enekler aras\u0131ndan se\u00e7im yapabilece\u011fi belirtilmelidir\u00a0<em>Hi\u00e7biri<\/em>,\u00a0<em>Sol<\/em>,\u00a0<em>Do\u011fru, <\/em>ve\u00a0<em>Merkez<\/em>. Ayr\u0131ca, a\u015fa\u011f\u0131daki se\u00e7eneklere de sahip olurlar\u00a0<em>K\u00fc\u00e7\u00fck Resim<\/em>,\u00a0<em>Orta<\/em>,\u00a0<em>B\u00fcy\u00fck<\/em>\u00a0&amp;\u00a0<em>Tam Boy<\/em>.<\/p>\n<p style=\"text-align:center;\"><img loading=\"lazy\" class=\"size-full wp-image-906 aligncenter\" title=\"G\u00f6r\u00fcnt\u00fc Hizalama 580x300\" alt=\"Image Alignment 580x300\" src=\"http:\/\/demo.leafcolor.com\/applay\/wp-content\/uploads\/2013\/03\/image-alignment-580x300.jpg\" width=\"580\" height=\"300\" \/><\/p>\n<p>Yukar\u0131daki resim \u015fu \u015fekildedir\u00a0<em><strong>merkezli<\/strong><\/em>.<\/p>\n<p><strong><img loading=\"lazy\" class=\"size-full wp-image-904 alignleft\" title=\"G\u00f6r\u00fcnt\u00fc Hizalama 150x150\" alt=\"Image Alignment 150x150\" src=\"http:\/\/demo.leafcolor.com\/applay\/wp-content\/uploads\/2013\/03\/image-alignment-150x150.jpg\" width=\"150\" height=\"150\" \/><\/strong>Bu paragraf\u0131n geri kalan\u0131, metnin 150\u00d7150 boyutundaki resmin etraf\u0131na sar\u0131ld\u0131\u011f\u0131n\u0131 g\u00f6rmek i\u00e7in doldurulmu\u015ftur. <em><strong>sola hizal\u0131<\/strong><\/em>.\u00a0<strong><\/strong><\/p>\n<p>G\u00f6rd\u00fc\u011f\u00fcn\u00fcz gibi, resmin \u00fcst\u00fcnde, alt\u0131nda ve sa\u011f\u0131nda biraz bo\u015fluk olmal\u0131d\u0131r. Metin resmin \u00fczerinde s\u00fcr\u00fcnmemelidir. S\u00fcr\u00fcnme do\u011fru de\u011fildir. G\u00f6rsellerin de nefes alacak alana ihtiyac\u0131 vard\u0131r. B\u0131rak\u0131n kelimeleriniz gibi konu\u015fsunlar. B\u0131rak\u0131n metinden herhangi bir g\u00fc\u00e7l\u00fck \u00e7ekmeden i\u015flerini yaps\u0131nlar. Yakla\u015f\u0131k bir c\u00fcmle sonra, metnin g\u00f6r\u00fcnt\u00fcn\u00fcn sa\u011f\u0131ndan a\u015fa\u011f\u0131ya do\u011fru kesintisiz bir ge\u00e7i\u015fle ilerledi\u011fini g\u00f6rece\u011fiz. Yine, b\u0131rak\u0131n i\u015fini yaps\u0131n. G\u00f6rev tamamland\u0131!<\/p>\n<p>Ve \u015fimdi bir <em><strong>devasa b\u00fcy\u00fckl\u00fckte g\u00f6r\u00fcnt\u00fc<\/strong><\/em>. Ayr\u0131ca <em><strong>hizalama yok<\/strong><\/em>.<\/p>\n<p><img loading=\"lazy\" class=\"alignnone  wp-image-907\" title=\"G\u00f6r\u00fcnt\u00fc Hizalama 1200x400\" alt=\"Image Alignment 1200x400\" src=\"http:\/\/demo.leafcolor.com\/applay\/wp-content\/uploads\/2013\/03\/image-alignment-1200x4002.jpg\" width=\"1200\" height=\"400\" \/><\/p>\n<p>Yukar\u0131daki g\u00f6rsel 1200 piksel geni\u015fli\u011finde olsa da i\u00e7erik alan\u0131n\u0131 ta\u015f\u0131rmamal\u0131d\u0131r. \u0130\u00e7eri\u011fin ak\u0131\u015f\u0131nda g\u00f6r\u00fcn\u00fcr bir kesinti olmadan i\u00e7eride kalmal\u0131d\u0131r.<\/p>\n<p><img loading=\"lazy\" class=\"size-full wp-image-905 alignright\" title=\"G\u00f6r\u00fcnt\u00fc Hizalama 300x200\" alt=\"Image Alignment 300x200\" src=\"http:\/\/demo.leafcolor.com\/applay\/wp-content\/uploads\/2013\/03\/image-alignment-300x200.jpg\" width=\"300\" height=\"200\" \/><\/p>\n<p>Ve \u015fimdi de i\u015fleri <em><strong>sa\u011fa hizala<\/strong><\/em>. Yine, g\u00f6r\u00fcnt\u00fcn\u00fcn \u00fcst\u00fcnde, alt\u0131nda ve solunda bol miktarda yer olmal\u0131d\u0131r. \u015euna bir bak\u0131n... Hey adam\u0131m! Sa\u011f taraf\u0131n harika olmu\u015f. Sola hizalanm\u0131\u015f resmin ne dedi\u011fi umurumda de\u011fil, harika g\u00f6r\u00fcn\u00fcyorsun. Kimsenin sana aksini s\u00f6ylemesine izin verme.<\/p>\n<p>Biraz sonra metnin sa\u011fa hizalanm\u0131\u015f g\u00f6r\u00fcnt\u00fcn\u00fcn alt\u0131na sar\u0131lmaya ba\u015flad\u0131\u011f\u0131n\u0131 ve g\u00fczelce yerle\u015fti\u011fini g\u00f6receksiniz. Hala bol miktarda yer olmal\u0131 ve her \u015fey g\u00fczelce oturmal\u0131d\u0131r. Evet... Aynen b\u00f6yle. Do\u011fru olmak hi\u00e7 bu kadar iyi hissettirmemi\u015fti.<\/p>\n<p>Ve tam da i\u015fimizin bitti\u011fini d\u00fc\u015f\u00fcnd\u00fc\u011f\u00fcn\u00fcz anda, hepsini altyaz\u0131larla yeniden yapaca\u011f\u0131z!<\/p>\n<div id=\"attachment_906\" style=\"width: 590px\" class=\"wp-caption aligncenter\"><img aria-describedby=\"caption-attachment-906\" loading=\"lazy\" class=\"size-full wp-image-906\" title=\"G\u00f6r\u00fcnt\u00fc Hizalama 580x300\" alt=\"Image Alignment 580x300\" src=\"http:\/\/demo.leafcolor.com\/applay\/wp-content\/uploads\/2013\/03\/image-alignment-580x300.jpg\" width=\"580\" height=\"300\" \/><p id=\"caption-attachment-906\" class=\"wp-caption-text\">580\u00d7300'e bak\u0131n biraz <a title=\"G\u00f6r\u00fcnt\u00fc Ayarlar\u0131\" href=\"http:\/\/en.support.wordpress.com\/images\/image-settings\/\">Ba\u015fl\u0131k<\/a> A\u015fk.<\/p><\/div>\n<p>Yukar\u0131daki resim \u015fu \u015fekildedir\u00a0<em><strong>merkezli<\/strong><\/em>. Ba\u015fl\u0131kta ayr\u0131ca bir ba\u011flant\u0131 da var, sadece tuhaf bir \u015fey yap\u0131p yapmad\u0131\u011f\u0131n\u0131 g\u00f6rmek i\u00e7in.<\/p>\n<div id=\"attachment_904\" style=\"width: 160px\" class=\"wp-caption alignleft\"><img aria-describedby=\"caption-attachment-904\" loading=\"lazy\" class=\"size-full wp-image-904\" title=\"G\u00f6r\u00fcnt\u00fc Hizalama 150x150\" alt=\"Image Alignment 150x150\" src=\"http:\/\/demo.leafcolor.com\/applay\/wp-content\/uploads\/2013\/03\/image-alignment-150x150.jpg\" width=\"150\" height=\"150\" \/><p id=\"caption-attachment-904\" class=\"wp-caption-text\">Ufac\u0131k bir ba\u015fl\u0131k.<\/p><\/div>\n<p><strong><\/strong>Bu paragraf\u0131n geri kalan\u0131, metnin 150\u00d7150 boyutundaki resmin etraf\u0131na sar\u0131ld\u0131\u011f\u0131n\u0131 g\u00f6rmek i\u00e7in doldurulmu\u015ftur. <em><strong>sola hizal\u0131<\/strong><\/em>.\u00a0<strong><\/strong><\/p>\n<p>G\u00f6rd\u00fc\u011f\u00fcn\u00fcz gibi, resmin \u00fcst\u00fcnde, alt\u0131nda ve sa\u011f\u0131nda biraz bo\u015fluk olmal\u0131d\u0131r. Metin resmin \u00fczerinde s\u00fcr\u00fcnmemelidir. S\u00fcr\u00fcnme do\u011fru de\u011fildir. G\u00f6rsellerin de nefes alacak alana ihtiyac\u0131 vard\u0131r. B\u0131rak\u0131n kelimeleriniz gibi konu\u015fsunlar. B\u0131rak\u0131n metinden herhangi bir g\u00fc\u00e7l\u00fck \u00e7ekmeden i\u015flerini yaps\u0131nlar. Yakla\u015f\u0131k bir c\u00fcmle sonra, metnin g\u00f6r\u00fcnt\u00fcn\u00fcn sa\u011f\u0131ndan a\u015fa\u011f\u0131ya do\u011fru kesintisiz bir ge\u00e7i\u015fle ilerledi\u011fini g\u00f6rece\u011fiz. Yine, b\u0131rak\u0131n i\u015fini yaps\u0131n. G\u00f6rev tamamland\u0131!<\/p>\n<p>Ve \u015fimdi bir <em><strong>devasa b\u00fcy\u00fckl\u00fckte g\u00f6r\u00fcnt\u00fc<\/strong><\/em>. Ayr\u0131ca <em><strong>hizalama yok<\/strong><\/em>.<\/p>\n<div id=\"attachment_907\" style=\"width: 1210px\" class=\"wp-caption alignnone\"><img aria-describedby=\"caption-attachment-907\" loading=\"lazy\" class=\"wp-image-907\" title=\"G\u00f6r\u00fcnt\u00fc Hizalama 1200x400\" alt=\"Image Alignment 1200x400\" src=\"http:\/\/demo.leafcolor.com\/applay\/wp-content\/uploads\/2013\/03\/image-alignment-1200x4002.jpg\" width=\"1200\" height=\"400\" \/><p id=\"caption-attachment-907\" class=\"wp-caption-text\">G\u00f6zbebekleriniz i\u00e7in devasa g\u00f6r\u00fcnt\u00fc yorumu.<\/p><\/div>\n<p>Yukar\u0131daki g\u00f6rsel 1200 piksel geni\u015fli\u011finde olsa da i\u00e7erik alan\u0131n\u0131 ta\u015f\u0131rmamal\u0131d\u0131r. \u0130\u00e7eri\u011fin ak\u0131\u015f\u0131nda g\u00f6r\u00fcn\u00fcr bir kesinti olmadan i\u00e7eride kalmal\u0131d\u0131r.<\/p>\n<div id=\"attachment_905\" style=\"width: 310px\" class=\"wp-caption alignright\"><img aria-describedby=\"caption-attachment-905\" loading=\"lazy\" class=\"size-full wp-image-905\" title=\"G\u00f6r\u00fcnt\u00fc Hizalama 300x200\" alt=\"Image Alignment 300x200\" src=\"http:\/\/demo.leafcolor.com\/applay\/wp-content\/uploads\/2013\/03\/image-alignment-300x200.jpg\" width=\"300\" height=\"200\" \/><p id=\"caption-attachment-905\" class=\"wp-caption-text\">Her zaman hakl\u0131 olmak iyi hissettiriyor.<\/p><\/div>\n<p>Ve \u015fimdi de i\u015fleri <em><strong>sa\u011fa hizala<\/strong><\/em>. Yine, g\u00f6r\u00fcnt\u00fcn\u00fcn \u00fcst\u00fcnde, alt\u0131nda ve solunda bol miktarda yer olmal\u0131d\u0131r. \u015euna bir bak\u0131n... Hey adam\u0131m! Sa\u011f taraf\u0131n harika olmu\u015f. Sola hizalanm\u0131\u015f resmin ne dedi\u011fi umurumda de\u011fil, harika g\u00f6r\u00fcn\u00fcyorsun. Kimsenin sana aksini s\u00f6ylemesine izin verme.<\/p>\n<p>Biraz sonra metnin sa\u011fa hizalanm\u0131\u015f g\u00f6r\u00fcnt\u00fcn\u00fcn alt\u0131na sar\u0131lmaya ba\u015flad\u0131\u011f\u0131n\u0131 ve g\u00fczelce yerle\u015fti\u011fini g\u00f6receksiniz. Hala bol miktarda yer olmal\u0131 ve her \u015fey g\u00fczelce oturmal\u0131d\u0131r. Evet... Aynen b\u00f6yle. Do\u011fru olmak hi\u00e7 bu kadar iyi hissettirmemi\u015fti.<\/p>\n<p>Ve bu kadar, yo! Hizalaman\u0131n \u00e7alkant\u0131l\u0131 sular\u0131ndan sa\u011f \u00e7\u0131kt\u0131n\u0131z. G\u00f6r\u00fcnt\u00fc hizalama ba\u015far\u0131m\u0131n\u0131n kilidi a\u00e7\u0131ld\u0131!<\/p>","protected":false},"excerpt":{"rendered":"<p>Welcome to image alignment! The best way to demonstrate the ebb and flow of the various image positioning options is to nestle them snuggly among an ocean of words. Grab a paddle and let&#8217;s get [&hellip;]<\/p>","protected":false},"author":1,"featured_media":0,"parent":12,"menu_order":0,"comment_status":"open","ping_status":"closed","template":"","meta":[],"_links":{"self":[{"href":"https:\/\/en.passengereye.com\/tr\/wp-json\/wp\/v2\/pages\/1133"}],"collection":[{"href":"https:\/\/en.passengereye.com\/tr\/wp-json\/wp\/v2\/pages"}],"about":[{"href":"https:\/\/en.passengereye.com\/tr\/wp-json\/wp\/v2\/types\/page"}],"author":[{"embeddable":true,"href":"https:\/\/en.passengereye.com\/tr\/wp-json\/wp\/v2\/users\/1"}],"replies":[{"embeddable":true,"href":"https:\/\/en.passengereye.com\/tr\/wp-json\/wp\/v2\/comments?post=1133"}],"version-history":[{"count":0,"href":"https:\/\/en.passengereye.com\/tr\/wp-json\/wp\/v2\/pages\/1133\/revisions"}],"up":[{"embeddable":true,"href":"https:\/\/en.passengereye.com\/tr\/wp-json\/wp\/v2\/pages\/12"}],"wp:attachment":[{"href":"https:\/\/en.passengereye.com\/tr\/wp-json\/wp\/v2\/media?parent=1133"}],"curies":[{"name":"wp","href":"https:\/\/api.w.org\/{rel}","templated":true}]}}