{"id":3448,"date":"2018-02-11T14:44:41","date_gmt":"2018-02-11T14:44:41","guid":{"rendered":"https:\/\/en.passengereye.com\/?page_id=3448"},"modified":"2018-02-11T16:05:35","modified_gmt":"2018-02-11T16:05:35","slug":"howtouse","status":"publish","type":"page","link":"https:\/\/en.passengereye.com\/ro\/howtouse\/","title":{"rendered":"Cum se utilizeaz\u0103"},"content":{"rendered":"<h2><strong>Descriere \/ Instruc\u021biuni de utilizare<\/strong><\/h2>\n<p>PassengerEye este o aplica\u021bie mobil\u0103 GRATUIT\u0102 care permite utilizatorului s\u0103 raporteze cu fotografii loca\u021biile. Rapoartele foto sunt \u00eenc\u0103rcate pe portalul https:\/\/en.passengereye.com, unde pute\u021bi vizualiza rapoartele foto.<\/p>\n<p>Aplica\u021bia mobil\u0103 PassengerEye este conceput\u0103 pentru v\u00e2nz\u0103torii ambulan\u021bi, v\u00e2nz\u0103torii de teren, personalul de v\u00e2nz\u0103ri, promotorii de diverse evenimente sau alte persoane similare. Aplica\u021bia mobil\u0103 PassengerEye poate fi utilizat\u0103 \u0219i \u00een mod privat.<\/p>\n<p>Utilizatorul aplica\u021biei mobile PassengerEye (denumit \u00een continuare v\u00e2nz\u0103tor) poate \u00eenc\u0103rca rapoarte foto \u00een unul sau mai multe conturi \u00eenregistrate (denumit \u00een continuare cont).<\/p>\n<p>V\u00e2nz\u0103torii \/ angaja\u021bii \/ managerul \/ supervizorul pot utiliza aplica\u021bia mobil\u0103 PassengerEye:<br \/>\n- pentru a \u00eenregistra \u00eenceputul \u0219i sf\u00e2r\u0219itul raport\u0103rii foto (timpul utilizat \u0219i lungimea traseului)<br \/>\n- pentru a alege loca\u021bia, magazinul, cl\u0103direa \u0219i altele asemenea dintr-o list\u0103 de loca\u021bii<br \/>\n- pentru a-\u0219i ad\u0103uga propria loca\u021bie la list\u0103,<br \/>\n- s\u0103 fotografieze sau s\u0103 creeze o galerie foto a loca\u021biei<br \/>\n- pentru a ad\u0103uga o descriere a raportului foto,<br \/>\n- pentru a \u00eenc\u0103rca \u00een cont un raport foto pe portalul PassengerEye.com.<\/p>\n<p>O persoan\u0103 fizic\u0103 sau juridic\u0103 poate deschide un cont \u00eenregistrat pe portalul https:\/\/en.passengereye.com. Fiecare agent de v\u00e2nz\u0103ri poate avea mai multe conturi \u00eenregistrate sau poate produce doar rapoarte foto pentru alte conturi \u00eenregistrate cu ajutorul aplica\u021biei mobile PassengerEye. Pentru utilizarea aplica\u021biei mobile nu este necesar un cont de utilizator \u00eenregistrat pe portal, important este doar ca v\u00e2nz\u0103torul s\u0103 \u00eencheie un contract cu unul dintre conturile selectate (acesta poate fi \u0219i un cont de test).<\/p>\n<p>Un raport foto (una sau mai multe imagini cu descriere pentru loca\u021bia selectat\u0103) este stocat pe portalul https:\/\/en.passengereye.com, \u00een func\u021bie de loca\u021bia GPS cu ora scris\u0103 \u0219i un traseu cartografiat \u00eentre rapoartele foto.<\/p>\n<h2><strong>Utilizarea aplica\u021biei<\/strong><\/h2>\n<ol>\n<li>Atunci c\u00e2nd v\u00e2nz\u0103torul se conecteaz\u0103 la aplica\u021bia mobil\u0103 PassengerEye, el alege mai \u00eent\u00e2i un cont, cu care are un contract, ceea ce necesit\u0103 o conexiune la internet.<\/li>\n<li>Atunci c\u00e2nd se conecteaz\u0103, aplica\u021bia mobil\u0103 PassengerEye se conecteaz\u0103 la contul de contract la portalul https:\/\/en.passengereye.com \u0219i \u00eei raporteaz\u0103 ora \u0219i loca\u021bia.<\/li>\n<li>V\u00e2nz\u0103torul realizeaz\u0103 \u0219i \u00eencarc\u0103 rapoarte foto cu ajutorul aplica\u021biei mobile PassengerEye.<\/li>\n<li>Dup\u0103 terminarea reportajului foto \u0219i a deplas\u0103rii, v\u00e2nz\u0103torul se deconecteaz\u0103 de la aplica\u021bia mobil\u0103 \u0219i, astfel, informeaz\u0103 contul contractual cu privire la timpul petrecut \u0219i la indemniza\u021bia de kilometraj.<\/li>\n<\/ol>\n<p>Fiecare cont de pe portalul https:\/\/en.passengereye.com poate avea unul sau mai mul\u021bi v\u00e2nz\u0103tori, care au trimis rapoarte foto c\u0103tre acesta. \u00cen cele \u00eenregistrate sunt afi\u0219ate rapoartele foto ale contului, orele petrecute \u0219i lungimea \u00eentregului traseu de deplasare \u00een func\u021bie de zile pentru fiecare v\u00e2nz\u0103tor \u00een parte. Pe portalul https:\/\/en.passengereye.com:<\/p>\n<p>- o persoan\u0103 care c\u0103l\u0103tore\u0219te poate fi urm\u0103rit\u0103 pe o hart\u0103 \u00een cont,<br \/>\n- se pot verifica fotografii ale loca\u021biilor<br \/>\n- lungimea traseului \u00een km \u0219i<br \/>\n- timpul petrecut de fiecare agent de v\u00e2nz\u0103ri \u00eentr-o anumit\u0103 zi.<\/p>\n<p>Fiecare agent de v\u00e2nz\u0103ri poate confirma un contract cu unul sau mai multe conturi sau societ\u0103\u021bi. Fiecare cont sau societate poate avea mai mul\u021bi agen\u021bi de v\u00e2nz\u0103ri. Prin urmare, fiecare utilizator al aplica\u021biei mobile poate fie s\u0103 \u00eencarce rapoartele foto \u00eentr-un singur cont selectat, fie s\u0103 le \u00eencarce \u00een mai multe conturi. \u00cen func\u021bie de num\u0103rul de conturi cu care are un contract.<\/p>\n<p>Un agent de v\u00e2nz\u0103ri care nu are un contract activ poate utiliza un cont de test sau \u00ee\u0219i poate \u00eenregistra afacerea pe https:\/\/PassengerEye.com \u0219i poate conecta aplica\u021bia de pe telefon la propriul cont \u0219i \u00eenc\u0103rca \u00een el rapoarte foto.<\/p>\n<p>\u00cen cazul \u00een care un utilizator nu dore\u0219te s\u0103 \u00eenregistreze un cont pe https:\/\/en.passengereye.com, acesta poate trimite PIN-ul sau API KEY-ul aplica\u021biilor sale mobile la adresa de e-mail app@marcelino.si \u0219i va primi un contract cu un cont de test. Contul de testare sau compania de testare func\u021bioneaz\u0103 f\u0103r\u0103 restric\u021bii.<\/p>\n<p>Pentru func\u021bionare sunt necesare:<br \/>\n- Internet (pentru conectare \u0219i deconectare)<br \/>\n- loca\u021bia activat\u0103 pe telefonul mobil (func\u021bie GPS)<br \/>\n- o conexiune cu un cont \u00eenregistrat sau un cont de test pe PassengerEye.com.<\/p>\n<p>Aplica\u021bia nu este destinat\u0103 doar companiilor, ci poate fi folosit\u0103 \u0219i de persoane fizice.<\/p>\n<p>Ce este nou \u00een versiunea 1.0<br \/>\n- descrierea resp. comentariile de sub fotografia f\u0103cut\u0103<br \/>\n- conectarea la una sau mai multe companii (adic\u0103 la utilizatorii \u00eenregistra\u021bi pe portal)<br \/>\n- o companie sau un cont \u00eenregistrat poate avea mai mul\u021bi agen\u021bi de v\u00e2nz\u0103ri<br \/>\n- m\u0103surarea timpului de lucru<br \/>\n- m\u0103surarea lungimii traseului<br \/>\n- diverse rapoarte pe portal (num\u0103rul de rapoarte foto pe v\u00e2nz\u0103tor \u0219i pe zi etc.).<br \/>\n- ad\u0103ugarea unei liste de loca\u021bii (import prin portal)<br \/>\n- ad\u0103ugarea de site-uri la o list\u0103 uniform\u0103 \u00een cadrul aplica\u021biei mobile PassengerEye.com<\/p>","protected":false},"excerpt":{"rendered":"<p>Descriere \/ Instruc\u021biuni de utilizare PassengerEye este o aplica\u021bie mobil\u0103 GRATUIT\u0102 care permite utilizatorului s\u0103 raporteze cu fotografii loca\u021biile. Rapoartele foto sunt \u00eenc\u0103rcate pe portalul https:\/\/en.passengereye.com, unde pute\u021bi vizualiza rapoartele foto. Aplica\u021bia PassengerEye [...]<\/p>","protected":false},"author":2,"featured_media":0,"parent":0,"menu_order":0,"comment_status":"closed","ping_status":"closed","template":"","meta":[],"_links":{"self":[{"href":"https:\/\/en.passengereye.com\/ro\/wp-json\/wp\/v2\/pages\/3448"}],"collection":[{"href":"https:\/\/en.passengereye.com\/ro\/wp-json\/wp\/v2\/pages"}],"about":[{"href":"https:\/\/en.passengereye.com\/ro\/wp-json\/wp\/v2\/types\/page"}],"author":[{"embeddable":true,"href":"https:\/\/en.passengereye.com\/ro\/wp-json\/wp\/v2\/users\/2"}],"replies":[{"embeddable":true,"href":"https:\/\/en.passengereye.com\/ro\/wp-json\/wp\/v2\/comments?post=3448"}],"version-history":[{"count":9,"href":"https:\/\/en.passengereye.com\/ro\/wp-json\/wp\/v2\/pages\/3448\/revisions"}],"predecessor-version":[{"id":3463,"href":"https:\/\/en.passengereye.com\/ro\/wp-json\/wp\/v2\/pages\/3448\/revisions\/3463"}],"wp:attachment":[{"href":"https:\/\/en.passengereye.com\/ro\/wp-json\/wp\/v2\/media?parent=3448"}],"curies":[{"name":"wp","href":"https:\/\/api.w.org\/{rel}","templated":true}]}}