{"id":12,"date":"2010-07-25T19:40:01","date_gmt":"2010-07-26T02:40:01","guid":{"rendered":"http:\/\/wpthemetestdata.wordpress.com\/about\/"},"modified":"2010-07-25T19:40:01","modified_gmt":"2010-07-26T02:40:01","slug":"features","status":"publish","type":"page","link":"https:\/\/en.passengereye.com\/ro\/features\/","title":{"rendered":"Caracteristici"},"content":{"rendered":"<p><img loading=\"lazy\" class=\"aligncenter wp-image-2031 size-full\" src=\"http:\/\/demo.leafcolor.com\/applay\/wp-content\/uploads\/2014\/10\/sc.png\" alt=\"sc\" width=\"900\" height=\"600\" \/><\/p>\n<p>&nbsp;<\/p>\n<div class=\"ia-heading ia-heading-heading_6913 heading-align-left\" data-delay=\"\">\r\n    \t<h2 >\r\n                \tDESPRE APPLAY                <\/h2>\r\n        <div class=\"clearfix\"><\/div>\r\n    <\/div>\r\n    Applay este o tem\u0103 WordPress multifunc\u021bional\u0103 pentru App Showcase, App Store, App Landing, Afaceri \u0219i Cump\u0103r\u0103turi. Dac\u0103 v\u0103 place aceast\u0103 tem\u0103, v\u0103 rug\u0103m s\u0103 evalua\u021bi 5 stele sau s\u0103 l\u0103sa\u021bi comentarii, astfel \u00eenc\u00e2t s\u0103 putem face produse mai bune.<\/p>\n<p>&nbsp;<\/p>\n    <div class=\"ia-heading ia-heading-heading_8352 heading-align-left\" data-delay=\"\">\r\n    \t<h2 >\r\n                \tCaracteristici                <\/h2>\r\n        <div class=\"clearfix\"><\/div>\r\n    <\/div>\r\n    \n<ul>\n<li>Design ultra responsiv<\/li>\n<li>Retina Ready<\/li>\n<li>4 variante de pagini de start \u0219i posibilit\u0103\u021bi nelimitate<\/li>\n<li>3 variante de Appstore \u0219i posibilit\u0103\u021bi nelimitate<\/li>\n<li>3 stiluri de antet x 2 scheme de antet (\u00eentunecat\/u\u0219or)<\/li>\n<li>Mobile Showcase Builder Plugin - crea\u021bi mockup mobil f\u0103r\u0103 Photoshop<\/li>\n<li>Vinde\u021bi sau promova\u021bi aplica\u021bii mobile folosind WooCommerce<\/li>\n<li>Integrat WooCommerce - Vinde\u021bi produsul dvs. online cu u\u0219urin\u021b\u0103<\/li>\n<li>Parallax &amp; CSS Efect de anima\u021bie<\/li>\n<li>*Constructor de pagini - Visual Composer inclus (economisi\u021bi $25)<\/li>\n<li>*Quick Ajax - Modern Ajax Query inclus (economisi\u021bi $17)<br \/>\nShortcodes flexibile, puternice \u0219i frumoase<\/li>\n<li>Culori \u0219i aspect nelimitat<\/li>\n<li>Meniul cu mai multe coloane Dropdown<\/li>\n<li>Widgeturi \u00eencorporate \u0219i set\u0103ri personalizate pentru aspectul widgeturilor<\/li>\n<li>Conturi sociale \u0219i partajare social\u0103<\/li>\n<li>Complet personalizabil cu op\u021biuni de tem\u0103<\/li>\n<li>Exemple de date incluse<\/li>\n<li>Suport WP Pagenavi, Contact Form 7, Flickr Badges Widget...<\/li>\n<li>Suport\u0103 toate fonturile Google<\/li>\n<li>Font Awesome integrat<\/li>\n<li>WPML Ready - Pentru site-ul multi-lingvistic<\/li>\n<li>Actualizare automat\u0103 - Pentru a v\u0103 men\u021bine tema actualizat\u0103 la cea mai recent\u0103 versiune<\/li>\n<li>Efect de pre\u00eenc\u0103rcare personalizabil<\/li>\n<\/ul>\n<p>(Actualizare)<\/p>","protected":false},"excerpt":{"rendered":"<p>&nbsp; Applay is a multipurpose WordPress theme for App showcase, App Store, App Landing, Business and Shopping. If you like this theme, please rate 5 stars or leave comments so we can make better products. [&hellip;]<\/p>","protected":false},"author":1,"featured_media":0,"parent":0,"menu_order":1,"comment_status":"closed","ping_status":"closed","template":"","meta":[],"_links":{"self":[{"href":"https:\/\/en.passengereye.com\/ro\/wp-json\/wp\/v2\/pages\/12"}],"collection":[{"href":"https:\/\/en.passengereye.com\/ro\/wp-json\/wp\/v2\/pages"}],"about":[{"href":"https:\/\/en.passengereye.com\/ro\/wp-json\/wp\/v2\/types\/page"}],"author":[{"embeddable":true,"href":"https:\/\/en.passengereye.com\/ro\/wp-json\/wp\/v2\/users\/1"}],"replies":[{"embeddable":true,"href":"https:\/\/en.passengereye.com\/ro\/wp-json\/wp\/v2\/comments?post=12"}],"version-history":[{"count":0,"href":"https:\/\/en.passengereye.com\/ro\/wp-json\/wp\/v2\/pages\/12\/revisions"}],"wp:attachment":[{"href":"https:\/\/en.passengereye.com\/ro\/wp-json\/wp\/v2\/media?parent=12"}],"curies":[{"name":"wp","href":"https:\/\/api.w.org\/{rel}","templated":true}]}}