{"id":733,"date":"2011-06-23T18:38:52","date_gmt":"2011-06-24T01:38:52","guid":{"rendered":"http:\/\/wpthemetestdata.wordpress.com\/?page_id=733"},"modified":"2011-06-23T18:38:52","modified_gmt":"2011-06-24T01:38:52","slug":"page-a","status":"publish","type":"page","link":"https:\/\/en.passengereye.com\/pt\/page-a\/","title":{"rendered":"P\u00e1gina \u00fanica"},"content":{"rendered":"<p><span class=\"dropcap\">P<\/span>onteger posuere erat a ante venenatis dapibus posuere velit aliquet. Aenean lacinia bibendum nulla sed consectetur. Etiam porta sem malesuada magna mollis euismod. Fusce dapibus, tellus ac cursus commodo, tortor mauris condimentum nibh, ut fermentum massa justo sit amet risus.<\/p>\n<p>Aenean posuere, tortor sed cursus feugiat, nunc augue blandit nunc, eu sollicitudin urna dolor sagittis lacus. Pellentesque habitant morbi tristique senectus et netus et malesuada fames ac turpis egestas. Vivamus elementum semper nisi. Etiam vitae tortor.<\/p>\n<blockquote><p>Nam adipiscing. Fusce fermentum. Aenean ut eros et nisl sagittis vestibulum. Quisque malesuada placerat nisl.<\/p><\/blockquote>\n<p>Integer posuere erat a ante venenatis dapibus posuere velit aliquet. Aenean lacinia bibendum nulla sed consectetur. Etiam porta sem malesuada magna mollis euismod. Fusce dapibus, tellus ac cursus commodo, tortor mauris condimentum nibh, ut fermentum massa justo sit amet risus.<\/p>\n<p>Aenean posuere, tortor sed cursus feugiat, nunc augue blandit nunc, eu sollicitudin urna dolor sagittis lacus. Pellentesque habitant morbi tristique senectus et netus et malesuada fames ac turpis egestas. Vivamus elementum semper nisi. Etiam vitae tortor.<\/p>\n<p>&nbsp;<\/p>\n    \t<section class=\"ia-post-carousel ia-post-carousel-688\" data-delay=\"\">\r\n                <div class=\"post-carousel-wrap\">\r\n                    <div class=\"init-carousel carousel-has-control\" data-items=\"3\" data-navigation=\"1\">\r\n                                            <div class=\"post-carousel-item grid-item\">\r\n                        \t<div class=\"grid-item-inner\">\r\n                            \t<div class=\"grid-item-content app-item dark-div\">\r\n                                    <div class=\"app-thumbnail\">\r\n                                        <a href=\"https:\/\/en.passengereye.com\/pt\/scheduled\/\" title=\"Programado\" >\r\n                                                                                        <img src=\"https:\/\/en.passengereye.com\/wp-content\/themes\/applay\/images\/default-photo.png\" width=\"500\" height=\"500\" title=\"Programado\" alt=\"Scheduled\">\r\n                                        <\/a>\r\n                                    <\/div>\r\n                                                                        <div class=\"grid-overlay\">\r\n                                        <a class=\"overlay-top\" href=\"https:\/\/en.passengereye.com\/pt\/scheduled\/\" title=\"Programado\">\r\n                                        \t                                        \t<h4>Programado<\/h4>\r\n                                            <div class=\"clearfix\"><\/div>\r\n                                        <\/a>\r\n                                        <div class=\"overlay-bottom\">\r\n                                        \t                                            \t<div>By admin<\/div>\r\n                                                <div>At 12:00 pm<\/div>\r\n                                                                                    <\/div>\r\n                                    <\/div>\r\n                                <\/div><!--\/app-item-->\r\n                            <\/div>\r\n                        <\/div><!--\/post-carousel-item-->\r\n                                            <div class=\"post-carousel-item grid-item\">\r\n                        \t<div class=\"grid-item-inner\">\r\n                            \t<div class=\"grid-item-content app-item dark-div\">\r\n                                    <div class=\"app-thumbnail\">\r\n                                        <a href=\"https:\/\/en.passengereye.com\/pt\/hello-world\/\" title=\"Ol\u00e1 mundo!\" >\r\n                                                                                        <img src=\"https:\/\/en.passengereye.com\/wp-content\/themes\/applay\/images\/default-photo.png\" width=\"500\" height=\"500\" title=\"Ol\u00e1 mundo!\" alt=\"Hello world!\">\r\n                                        <\/a>\r\n                                    <\/div>\r\n                                                                        <div class=\"grid-overlay\">\r\n                                        <a class=\"overlay-top\" href=\"https:\/\/en.passengereye.com\/pt\/hello-world\/\" title=\"Ol\u00e1 mundo!\">\r\n                                        \t                                        \t<h4>Ol\u00e1 mundo!<\/h4>\r\n                                            <div class=\"clearfix\"><\/div>\r\n                                        <\/a>\r\n                                        <div class=\"overlay-bottom\">\r\n                                        \t                                            \t<div>By admin<\/div>\r\n                                                <div>At 3:48 am<\/div>\r\n                                                                                    <\/div>\r\n                                    <\/div>\r\n                                <\/div><!--\/app-item-->\r\n                            <\/div>\r\n                        <\/div><!--\/post-carousel-item-->\r\n                                            <div class=\"post-carousel-item grid-item\">\r\n                        \t<div class=\"grid-item-inner\">\r\n                            \t<div class=\"grid-item-content app-item dark-div\">\r\n                                    <div class=\"app-thumbnail\">\r\n                                        <a href=\"https:\/\/en.passengereye.com\/pt\/android-apps-on-applay\/\" title=\"Aplica\u00e7\u00f5es Android na Applay\" >\r\n                                                                                        <img src=\"https:\/\/en.passengereye.com\/wp-includes\/images\/media\/default.png\" width=\"48\" height=\"64\" title=\"Aplica\u00e7\u00f5es Android na Applay\" alt=\"Android Apps on Applay\">\r\n                                        <\/a>\r\n                                    <\/div>\r\n                                                                        <div class=\"grid-overlay\">\r\n                                        <a class=\"overlay-top\" href=\"https:\/\/en.passengereye.com\/pt\/android-apps-on-applay\/\" title=\"Aplica\u00e7\u00f5es Android na Applay\">\r\n                                        \t                                        \t<h4>Aplica\u00e7\u00f5es Android na Applay<\/h4>\r\n                                            <div class=\"clearfix\"><\/div>\r\n                                        <\/a>\r\n                                        <div class=\"overlay-bottom\">\r\n                                        \t                                            \t<div>By admin<\/div>\r\n                                                <div>At 9:48 am<\/div>\r\n                                                                                    <\/div>\r\n                                    <\/div>\r\n                                <\/div><!--\/app-item-->\r\n                            <\/div>\r\n                        <\/div><!--\/post-carousel-item-->\r\n                                            <div class=\"post-carousel-item grid-item\">\r\n                        \t<div class=\"grid-item-inner\">\r\n                            \t<div class=\"grid-item-content app-item dark-div\">\r\n                                    <div class=\"app-thumbnail\">\r\n                                        <a href=\"https:\/\/en.passengereye.com\/pt\/apps-for-work%e2%80%8e\/\" title=\"Aplica\u00e7\u00f5es para o trabalho\" >\r\n                                                                                        <img src=\"https:\/\/en.passengereye.com\/wp-includes\/images\/media\/default.png\" width=\"48\" height=\"64\" title=\"Aplica\u00e7\u00f5es para o trabalho\" alt=\"Apps For Work\u200e\">\r\n                                        <\/a>\r\n                                    <\/div>\r\n                                                                        <div class=\"grid-overlay\">\r\n                                        <a class=\"overlay-top\" href=\"https:\/\/en.passengereye.com\/pt\/apps-for-work%e2%80%8e\/\" title=\"Aplica\u00e7\u00f5es para o trabalho\">\r\n                                        \t                                        \t<h4>Aplica\u00e7\u00f5es para o trabalho<\/h4>\r\n                                            <div class=\"clearfix\"><\/div>\r\n                                        <\/a>\r\n                                        <div class=\"overlay-bottom\">\r\n                                        \t                                            \t<div>By admin<\/div>\r\n                                                <div>At 9:47 am<\/div>\r\n                                                                                    <\/div>\r\n                                    <\/div>\r\n                                <\/div><!--\/app-item-->\r\n                            <\/div>\r\n                        <\/div><!--\/post-carousel-item-->\r\n                                            <div class=\"post-carousel-item grid-item\">\r\n                        \t<div class=\"grid-item-inner\">\r\n                            \t<div class=\"grid-item-content app-item dark-div\">\r\n                                    <div class=\"app-thumbnail\">\r\n                                        <a href=\"https:\/\/en.passengereye.com\/pt\/discover-great-apps\/\" title=\"Descobrir aplica\u00e7\u00f5es fant\u00e1sticas\" >\r\n                                                                                        <img src=\"https:\/\/en.passengereye.com\/wp-includes\/images\/media\/default.png\" width=\"48\" height=\"64\" title=\"Descobrir aplica\u00e7\u00f5es fant\u00e1sticas\" alt=\"Discover great apps\">\r\n                                        <\/a>\r\n                                    <\/div>\r\n                                                                        <div class=\"grid-overlay\">\r\n                                        <a class=\"overlay-top\" href=\"https:\/\/en.passengereye.com\/pt\/discover-great-apps\/\" title=\"Descobrir aplica\u00e7\u00f5es fant\u00e1sticas\">\r\n                                        \t                                        \t<h4>Descobrir aplica\u00e7\u00f5es fant\u00e1sticas<\/h4>\r\n                                            <div class=\"clearfix\"><\/div>\r\n                                        <\/a>\r\n                                        <div class=\"overlay-bottom\">\r\n                                        \t                                            \t<div>By admin<\/div>\r\n                                                <div>At 9:45 am<\/div>\r\n                                                                                    <\/div>\r\n                                    <\/div>\r\n                                <\/div><!--\/app-item-->\r\n                            <\/div>\r\n                        <\/div><!--\/post-carousel-item-->\r\n                                            <div class=\"post-carousel-item grid-item\">\r\n                        \t<div class=\"grid-item-inner\">\r\n                            \t<div class=\"grid-item-content app-item dark-div\">\r\n                                    <div class=\"app-thumbnail\">\r\n                                        <a href=\"https:\/\/en.passengereye.com\/pt\/the-best-app-for-android\/\" title=\"A melhor aplica\u00e7\u00e3o para android\" >\r\n                                                                                        <img src=\"https:\/\/en.passengereye.com\/wp-includes\/images\/media\/default.png\" width=\"48\" height=\"64\" title=\"A melhor aplica\u00e7\u00e3o para android\" alt=\"The best app for android\">\r\n                                        <\/a>\r\n                                    <\/div>\r\n                                                                        <div class=\"grid-overlay\">\r\n                                        <a class=\"overlay-top\" href=\"https:\/\/en.passengereye.com\/pt\/the-best-app-for-android\/\" title=\"A melhor aplica\u00e7\u00e3o para android\">\r\n                                        \t                                        \t<h4>A melhor aplica\u00e7\u00e3o para android<\/h4>\r\n                                            <div class=\"clearfix\"><\/div>\r\n                                        <\/a>\r\n                                        <div class=\"overlay-bottom\">\r\n                                        \t                                            \t<div>By admin<\/div>\r\n                                                <div>At 4:55 pm<\/div>\r\n                                                                                    <\/div>\r\n                                    <\/div>\r\n                                <\/div><!--\/app-item-->\r\n                            <\/div>\r\n                        <\/div><!--\/post-carousel-item-->\r\n                                        <\/div>\r\n                <\/div>\r\n        <\/section><!--\/ia-post-carousel-->\r\n\t\n<p>&nbsp;<\/p>\n<p>Nam adipiscing. Fusce fermentum. Aenean ut eros et nisl sagittis vestibulum. Quisque malesuada placerat nisl.<\/p>\n<p>Nullam quis ante. Suspendisse pulvinar, augue ac venenatis condimentum, sem libero volutpat nibh, nec pellentesque velit pede quis nunc. Fusce pharetra convallis urna. Proin sapien ipsum, porta a, auctor quis, euismod ut, mi. Fusce a quam.<\/p>","protected":false},"excerpt":{"rendered":"<p>onteger posuere erat a ante venenatis dapibus posuere velit aliquet. Aenean lacinia bibendum nulla sed consectetur. Etiam porta sem malesuada magna mollis euismod. Fusce dapibus, tellus ac cursus commodo, tortor mauris condimentum nibh, ut fermentum [&hellip;]<\/p>","protected":false},"author":1,"featured_media":0,"parent":0,"menu_order":10,"comment_status":"open","ping_status":"closed","template":"","meta":[],"_links":{"self":[{"href":"https:\/\/en.passengereye.com\/pt\/wp-json\/wp\/v2\/pages\/733"}],"collection":[{"href":"https:\/\/en.passengereye.com\/pt\/wp-json\/wp\/v2\/pages"}],"about":[{"href":"https:\/\/en.passengereye.com\/pt\/wp-json\/wp\/v2\/types\/page"}],"author":[{"embeddable":true,"href":"https:\/\/en.passengereye.com\/pt\/wp-json\/wp\/v2\/users\/1"}],"replies":[{"embeddable":true,"href":"https:\/\/en.passengereye.com\/pt\/wp-json\/wp\/v2\/comments?post=733"}],"version-history":[{"count":0,"href":"https:\/\/en.passengereye.com\/pt\/wp-json\/wp\/v2\/pages\/733\/revisions"}],"wp:attachment":[{"href":"https:\/\/en.passengereye.com\/pt\/wp-json\/wp\/v2\/media?parent=733"}],"curies":[{"name":"wp","href":"https:\/\/api.w.org\/{rel}","templated":true}]}}