{"id":3450,"date":"2018-02-11T14:46:27","date_gmt":"2018-02-11T14:46:27","guid":{"rendered":"https:\/\/en.passengereye.com\/?page_id=3450"},"modified":"2018-02-11T14:46:27","modified_gmt":"2018-02-11T14:46:27","slug":"list","status":"publish","type":"page","link":"https:\/\/en.passengereye.com\/pt\/list\/","title":{"rendered":"Lista"},"content":{"rendered":"<p>Para receber informa\u00e7\u00f5es sobre os seus Dados Pessoais, as finalidades e as partes com quem os Dados s\u00e3o partilhados, contacte o Propriet\u00e1rio.<\/p>\n<h3><strong>Controlador de dados e propriet\u00e1rio<\/strong><\/h3>\n<p>MARCELINO d.o.o. Kranj\u010deva ulica 4; 3000 Celje; EU-Slovenija<\/p>\n<p>WEB:\u00a0<a href=\"http:\/\/marcelino.si\/\">http:\/\/marcelino.si<\/a>\u00a0e\u00a0<a href=\"http:\/\/passengereye.com\/\">http:\/\/passengereye.com<\/a><\/p>\n<p>Tel:+386 (0) 59 182 800, +386 (0) 59 251 431<\/p>\n<p>GSM:+386 (0) 31 324 100; +386 (0) 70 602 000<\/p>\n<p>E-mail:info@marcelino.si<\/p>\n<p>N.\u00ba IVA: SI76044157<\/p>\n<p>N\u00famero de registo: 2276038000<\/p>\n<p>A empresa est\u00e1 registada no Registo de Empresas do Tribunal Distrital de Celje.<\/p>\n<h4><strong>Tipos de dados recolhidos<\/strong><\/h4>\n<p>O propriet\u00e1rio n\u00e3o fornece uma lista dos tipos de dados pessoais recolhidos.<\/p>\n<p>Outros Dados Pessoais recolhidos podem ser descritos noutras sec\u00e7\u00f5es da presente pol\u00edtica de privacidade ou atrav\u00e9s de um texto explicativo espec\u00edfico contextualizado com a recolha de Dados.<br \/>\nOs Dados Pessoais podem ser fornecidos livremente pelo Utilizador, ou recolhidos automaticamente quando utiliza esta Aplica\u00e7\u00e3o.<br \/>\nQualquer utiliza\u00e7\u00e3o de Cookies - ou de outras ferramentas de rastreio - por esta Aplica\u00e7\u00e3o ou pelos propriet\u00e1rios de servi\u00e7os de terceiros utilizados por esta Aplica\u00e7\u00e3o, salvo indica\u00e7\u00e3o em contr\u00e1rio, serve para identificar os Utilizadores e recordar as suas prefer\u00eancias, com o \u00fanico objetivo de fornecer o servi\u00e7o requerido pelo Utilizador.<br \/>\nO n\u00e3o fornecimento de determinados Dados Pessoais pode impossibilitar a presta\u00e7\u00e3o de servi\u00e7os por parte desta Aplica\u00e7\u00e3o.<\/p>\n<p>Os Utilizadores s\u00e3o respons\u00e1veis por quaisquer Dados Pessoais de terceiros obtidos, publicados ou partilhados atrav\u00e9s desta Aplica\u00e7\u00e3o e confirmam que t\u00eam o consentimento dos terceiros para fornecer os Dados ao Propriet\u00e1rio.<\/p>\n<h3><strong>Modo e local de tratamento dos dados<\/strong><\/h3>\n<h4><strong>M\u00e9todos de tratamento<\/strong><\/h4>\n<p>O respons\u00e1vel pelo tratamento de dados processa os dados dos utilizadores de forma adequada e toma medidas de seguran\u00e7a apropriadas para impedir o acesso n\u00e3o autorizado, a divulga\u00e7\u00e3o, a modifica\u00e7\u00e3o ou a destrui\u00e7\u00e3o n\u00e3o autorizada dos dados.<br \/>\nO tratamento dos dados \u00e9 efectuado atrav\u00e9s de computadores e\/ou ferramentas inform\u00e1ticas, seguindo procedimentos e modos de organiza\u00e7\u00e3o estritamente relacionados com as finalidades indicadas. Al\u00e9m do Controlador de Dados, em alguns casos, os Dados podem ser acess\u00edveis a certos tipos de pessoas respons\u00e1veis, envolvidas com a opera\u00e7\u00e3o do site (administra\u00e7\u00e3o, vendas, marketing, jur\u00eddico, administra\u00e7\u00e3o do sistema) ou partes externas (como fornecedores de servi\u00e7os t\u00e9cnicos terceirizados, transportadores de correio, provedores de hospedagem, empresas de TI, ag\u00eancias de comunica\u00e7\u00e3o) nomeados, se necess\u00e1rio, como Processadores de Dados pelo Propriet\u00e1rio. A lista actualizada destas partes pode ser solicitada ao Controlador de Dados a qualquer momento.<\/p>\n<h4><strong>Local<\/strong><\/h4>\n<p>Os Dados s\u00e3o processados nos escrit\u00f3rios operacionais do Controlador de Dados e em quaisquer outros locais onde as partes envolvidas no processamento estejam localizadas. Para mais informa\u00e7\u00f5es, contactar o respons\u00e1vel pelo tratamento.<\/p>\n<h4><strong>Tempo de reten\u00e7\u00e3o<\/strong><\/h4>\n<p>Os Dados s\u00e3o conservados durante o tempo necess\u00e1rio para a presta\u00e7\u00e3o do servi\u00e7o solicitado pelo Utilizador, ou indicado pelas finalidades descritas no presente documento, podendo o Utilizador solicitar sempre ao Respons\u00e1vel pelo Tratamento a sua suspens\u00e3o ou elimina\u00e7\u00e3o.<\/p>\n<h3><strong>Informa\u00e7\u00f5es adicionais sobre a recolha e o tratamento de dados<\/strong><\/h3>\n<h4><strong>A\u00e7\u00e3o judicial<\/strong><\/h4>\n<p>Os Dados Pessoais do Utilizador podem ser utilizados para fins legais pelo Controlador de Dados, em Tribunal ou nas fases conducentes a poss\u00edveis ac\u00e7\u00f5es legais decorrentes da utiliza\u00e7\u00e3o indevida desta Aplica\u00e7\u00e3o ou dos servi\u00e7os relacionados.<br \/>\nO Utilizador declara ter conhecimento de que o Respons\u00e1vel pelo Tratamento pode ser obrigado a revelar dados pessoais a pedido das autoridades p\u00fablicas.<\/p>\n<h4><strong>Informa\u00e7\u00f5es adicionais sobre os dados pessoais do utilizador<\/strong><\/h4>\n<p>Para al\u00e9m das informa\u00e7\u00f5es contidas nesta pol\u00edtica de privacidade, esta Aplica\u00e7\u00e3o pode fornecer ao Utilizador informa\u00e7\u00f5es adicionais e contextuais relativas a servi\u00e7os espec\u00edficos ou \u00e0 recolha e tratamento de Dados Pessoais, mediante pedido.<\/p>\n<h4><strong>Registos e manuten\u00e7\u00e3o do sistema<\/strong><\/h4>\n<p>Para fins de opera\u00e7\u00e3o e manuten\u00e7\u00e3o, esta Aplica\u00e7\u00e3o e quaisquer servi\u00e7os de terceiros podem recolher ficheiros que registam a intera\u00e7\u00e3o com esta Aplica\u00e7\u00e3o (registos do sistema) ou utilizar para este fim outros Dados Pessoais (como o Endere\u00e7o IP).<\/p>\n<h4><strong>Informa\u00e7\u00f5es n\u00e3o inclu\u00eddas na presente pol\u00edtica<\/strong><\/h4>\n<p>Mais pormenores sobre a recolha ou o tratamento de dados pessoais podem ser solicitados ao respons\u00e1vel pelo tratamento de dados em qualquer altura. Consulte as informa\u00e7\u00f5es de contacto no in\u00edcio do presente documento.<\/p>\n<h4><strong>Os direitos dos utilizadores<\/strong><\/h4>\n<p>Os Utilizadores t\u00eam o direito de, a qualquer momento, saber se os seus Dados Pessoais foram armazenados e podem consultar o Controlador de Dados para conhecer o seu conte\u00fado e origem, verificar a sua exatid\u00e3o ou solicitar que sejam completados, cancelados, actualizados ou corrigidos, ou que sejam transformados em formato an\u00f3nimo ou bloquear quaisquer dados mantidos em viola\u00e7\u00e3o da lei, bem como opor-se ao seu tratamento por qualquer motivo leg\u00edtimo. Os pedidos devem ser enviados para o respons\u00e1vel pelo tratamento de dados atrav\u00e9s dos contactos acima indicados.<\/p>\n<p>Esta aplica\u00e7\u00e3o n\u00e3o suporta pedidos de \"N\u00e3o seguir\".<br \/>\nPara determinar se algum dos servi\u00e7os de terceiros que utiliza cumpre os pedidos de \"N\u00e3o seguir\", leia as respectivas pol\u00edticas de privacidade.<\/p>\n<h4><strong>Altera\u00e7\u00f5es a esta pol\u00edtica de privacidade<\/strong><\/h4>\n<p>O respons\u00e1vel pelo tratamento de dados reserva-se o direito de alterar a presente pol\u00edtica de privacidade em qualquer momento, notificando os seus utilizadores nesta p\u00e1gina. Recomenda-se vivamente que verifique esta p\u00e1gina com frequ\u00eancia, consultando a data da \u00faltima modifica\u00e7\u00e3o indicada na parte inferior. Se um Utilizador se opuser a qualquer uma das altera\u00e7\u00f5es \u00e0 Pol\u00edtica, o Utilizador deve deixar de utilizar esta Aplica\u00e7\u00e3o e pode solicitar ao Controlador de Dados que remova os Dados Pessoais. Salvo indica\u00e7\u00e3o em contr\u00e1rio, a pol\u00edtica de privacidade ent\u00e3o em vigor aplica-se a todos os Dados Pessoais que o Respons\u00e1vel pelo tratamento de dados possui sobre os Utilizadores.<\/p>\n<h4><strong>Informa\u00e7\u00f5es sobre esta pol\u00edtica de privacidade<\/strong><\/h4>\n<p>O Controlador de Dados \u00e9 respons\u00e1vel por esta pol\u00edtica de privacidade, preparada a partir dos m\u00f3dulos fornecidos pela Marcelino d.o.o. e alojados nos servidores da Marcelino d.o.o.<\/p>\n<h4><strong>Defini\u00e7\u00f5es e refer\u00eancias jur\u00eddicas<\/strong><\/h4>\n<p><strong>Dados pessoais (ou dados)<\/strong><\/p>\n<p>Qualquer informa\u00e7\u00e3o relativa a uma pessoa singular, uma pessoa colectiva, uma institui\u00e7\u00e3o ou uma associa\u00e7\u00e3o, que seja ou possa ser identificada, mesmo indiretamente, por refer\u00eancia a qualquer outra informa\u00e7\u00e3o, incluindo um n\u00famero de identifica\u00e7\u00e3o pessoal.<\/p>\n<p><strong>Dados de utiliza\u00e7\u00e3o<\/strong><\/p>\n<p>), o pa\u00eds de origem, as caracter\u00edsticas do programa de navega\u00e7\u00e3o e o sistema operativo utilizado pelo Utilizador, os v\u00e1rios detalhes de tempo por visita (por exemplo o tempo passado em cada p\u00e1gina da aplica\u00e7\u00e3o) e os detalhes sobre o caminho seguido na aplica\u00e7\u00e3o, com especial refer\u00eancia \u00e0 sequ\u00eancia das p\u00e1ginas visitadas, e outros par\u00e2metros sobre o sistema operativo do dispositivo e\/ou o ambiente inform\u00e1tico do utilizador.<\/p>\n<p><strong>Utilizador<\/strong><\/p>\n<p>O indiv\u00edduo que utiliza esta Aplica\u00e7\u00e3o, que deve coincidir com o Titular dos Dados ou ser autorizado por este, a quem os Dados Pessoais se referem.<\/p>\n<p><strong>Titular dos dados<\/strong><\/p>\n<p>A pessoa singular ou colectiva a quem os dados pessoais se referem.<\/p>\n<p><strong>Processador de dados (ou supervisor de dados)<\/strong><\/p>\n<p>A pessoa singular, pessoa colectiva, administra\u00e7\u00e3o p\u00fablica ou qualquer outro organismo, associa\u00e7\u00e3o ou organiza\u00e7\u00e3o autorizada pelo Respons\u00e1vel pelo tratamento de dados a processar os dados pessoais em conformidade com esta pol\u00edtica de privacidade.<\/p>\n<p><strong>Controlador de dados (ou propriet\u00e1rio)<\/strong><\/p>\n<p>A pessoa singular, pessoa colectiva, administra\u00e7\u00e3o p\u00fablica ou qualquer outro organismo, associa\u00e7\u00e3o ou organiza\u00e7\u00e3o com o direito, tamb\u00e9m em conjunto com outro Respons\u00e1vel pelo Tratamento de Dados, de tomar decis\u00f5es relativamente \u00e0s finalidades e aos m\u00e9todos de tratamento de Dados Pessoais e aos meios utilizados, incluindo as medidas de seguran\u00e7a relativas ao funcionamento e utiliza\u00e7\u00e3o desta Aplica\u00e7\u00e3o. O Controlador de Dados, salvo indica\u00e7\u00e3o em contr\u00e1rio, \u00e9 o Propriet\u00e1rio desta Aplica\u00e7\u00e3o.<\/p>\n<p><strong>Esta aplica\u00e7\u00e3o<\/strong><\/p>\n<p>A ferramenta de hardware ou software atrav\u00e9s da qual os Dados Pessoais do Utilizador s\u00e3o recolhidos.<\/p>\n<hr \/>\n<p><strong>Informa\u00e7\u00e3o jur\u00eddica<\/strong><\/p>\n<p>Aviso aos utilizadores europeus: esta declara\u00e7\u00e3o de privacidade foi preparada em cumprimento das obriga\u00e7\u00f5es previstas no Art. 10 da Diretiva CE n.\u00ba 95\/46\/CE e ao abrigo das disposi\u00e7\u00f5es da Diretiva 2002\/58\/CE, tal como revista pela Diretiva 2009\/136\/CE, sobre o tema dos Cookies.<\/p>\n<p>Esta pol\u00edtica de privacidade diz respeito apenas a esta Aplica\u00e7\u00e3o.<\/p>\n<p>\u00daltima atualiza\u00e7\u00e3o: 04 de maio de 2017<\/p>","protected":false},"excerpt":{"rendered":"<p>Para receber informa\u00e7\u00f5es sobre os seus Dados Pessoais, as finalidades e as partes com as quais os Dados s\u00e3o partilhados, contacte o Propriet\u00e1rio. Controlador de Dados e Propriet\u00e1rio MARCELINO d.o.o. Kranj\u010deva ulica 4; 3000 Celje; EU-Slovenija WEB: http:\/\/marcelino.si e http:\/\/passengereye.com [...]<\/p>","protected":false},"author":2,"featured_media":0,"parent":0,"menu_order":0,"comment_status":"closed","ping_status":"closed","template":"","meta":[],"_links":{"self":[{"href":"https:\/\/en.passengereye.com\/pt\/wp-json\/wp\/v2\/pages\/3450"}],"collection":[{"href":"https:\/\/en.passengereye.com\/pt\/wp-json\/wp\/v2\/pages"}],"about":[{"href":"https:\/\/en.passengereye.com\/pt\/wp-json\/wp\/v2\/types\/page"}],"author":[{"embeddable":true,"href":"https:\/\/en.passengereye.com\/pt\/wp-json\/wp\/v2\/users\/2"}],"replies":[{"embeddable":true,"href":"https:\/\/en.passengereye.com\/pt\/wp-json\/wp\/v2\/comments?post=3450"}],"version-history":[{"count":1,"href":"https:\/\/en.passengereye.com\/pt\/wp-json\/wp\/v2\/pages\/3450\/revisions"}],"predecessor-version":[{"id":3451,"href":"https:\/\/en.passengereye.com\/pt\/wp-json\/wp\/v2\/pages\/3450\/revisions\/3451"}],"wp:attachment":[{"href":"https:\/\/en.passengereye.com\/pt\/wp-json\/wp\/v2\/media?parent=3450"}],"curies":[{"name":"wp","href":"https:\/\/api.w.org\/{rel}","templated":true}]}}