{"id":3448,"date":"2018-02-11T14:44:41","date_gmt":"2018-02-11T14:44:41","guid":{"rendered":"https:\/\/en.passengereye.com\/?page_id=3448"},"modified":"2018-02-11T16:05:35","modified_gmt":"2018-02-11T16:05:35","slug":"howtouse","status":"publish","type":"page","link":"https:\/\/en.passengereye.com\/pt\/howtouse\/","title":{"rendered":"Como utilizar"},"content":{"rendered":"<h2><strong>Descri\u00e7\u00e3o \/ Instru\u00e7\u00f5es de utiliza\u00e7\u00e3o<\/strong><\/h2>\n<p>O PassengerEye \u00e9 uma aplica\u00e7\u00e3o m\u00f3vel GRATUITA que permite ao utilizador comunicar localiza\u00e7\u00f5es com fotografias. Os relat\u00f3rios fotogr\u00e1ficos s\u00e3o carregados para o portal https:\/\/en.passengereye.com, onde \u00e9 poss\u00edvel visualizar os relat\u00f3rios fotogr\u00e1ficos.<\/p>\n<p>A aplica\u00e7\u00e3o m\u00f3vel PassengerEye foi concebida para caixeiros-viajantes, vendedores no terreno, pessoal de vendas, promotores de v\u00e1rios eventos ou outras pessoas semelhantes. A aplica\u00e7\u00e3o m\u00f3vel PassengerEye tamb\u00e9m pode ser utilizada a t\u00edtulo privado.<\/p>\n<p>O utilizador da aplica\u00e7\u00e3o m\u00f3vel PassengerEye (a seguir designado por \"vendedor\") pode carregar relat\u00f3rios fotogr\u00e1ficos para uma ou mais contas registadas (a seguir designadas por \"conta\").<\/p>\n<p>Os vendedores \/ empregados \/ gestores \/ supervisores podem utilizar a aplica\u00e7\u00e3o m\u00f3vel PassengerEye:<br \/>\n- para registar o in\u00edcio e o fim da reportagem fotogr\u00e1fica (tempo utilizado e comprimento do percurso)<br \/>\n- escolher o local, a loja, o edif\u00edcio e afins a partir de uma lista de locais<br \/>\n- para adicionar a sua pr\u00f3pria localiza\u00e7\u00e3o \u00e0 lista,<br \/>\n- fotografar ou criar uma galeria de fotografias do local<br \/>\n- para adicionar uma descri\u00e7\u00e3o da reportagem fotogr\u00e1fica,<br \/>\n- para efetuar o carregamento de uma reportagem fotogr\u00e1fica no portal PassengerEye.com para a conta.<\/p>\n<p>Uma pessoa singular ou colectiva pode abrir uma conta registada no portal https:\/\/en.passengereye.com. Cada vendedor pode ter mais contas registadas ou pode apenas produzir relat\u00f3rios fotogr\u00e1ficos para outras contas registadas com a ajuda da aplica\u00e7\u00e3o m\u00f3vel PassengerEye. Para a utiliza\u00e7\u00e3o da aplica\u00e7\u00e3o m\u00f3vel n\u00e3o \u00e9 necess\u00e1ria uma conta de utilizador registada no portal, sendo apenas importante que o vendedor celebre um contrato com uma das contas seleccionadas (esta pode tamb\u00e9m ser uma conta de teste).<\/p>\n<p>Um relat\u00f3rio fotogr\u00e1fico (uma ou mais imagens com descri\u00e7\u00e3o para o local selecionado) \u00e9 armazenado no portal https:\/\/en.passengereye.com, de acordo com a localiza\u00e7\u00e3o GPS com hora escrita e um caminho mapeado entre os relat\u00f3rios fotogr\u00e1ficos.<\/p>\n<h2><strong>Utiliza\u00e7\u00e3o da aplica\u00e7\u00e3o<\/strong><\/h2>\n<ol>\n<li>Quando o vendedor inicia sess\u00e3o na aplica\u00e7\u00e3o m\u00f3vel PassengerEye, escolhe primeiro uma conta, com a qual tem um contrato, o que requer uma liga\u00e7\u00e3o \u00e0 Internet.<\/li>\n<li>Ao iniciar a sess\u00e3o, a aplica\u00e7\u00e3o m\u00f3vel PassengerEye liga-se \u00e0 conta contratual do portal https:\/\/en.passengereye.com e comunica-lhe a hora e a localiza\u00e7\u00e3o.<\/li>\n<li>O vendedor cria e carrega relat\u00f3rios fotogr\u00e1ficos com a ajuda da aplica\u00e7\u00e3o m\u00f3vel PassengerEye.<\/li>\n<li>Ap\u00f3s o fim da reportagem fotogr\u00e1fica e da viagem, o vendedor termina a sess\u00e3o na aplica\u00e7\u00e3o m\u00f3vel e informa a conta do contrato sobre o tempo gasto e o subs\u00eddio de quilometragem.<\/li>\n<\/ol>\n<p>Cada conta no portal https:\/\/en.passengereye.com pode ter um ou mais vendedores, que lhe enviaram relat\u00f3rios fotogr\u00e1ficos. No registo s\u00e3o apresentados os relat\u00f3rios fotogr\u00e1ficos da conta, as horas gastas e o comprimento de todo o percurso de viagem de acordo com os dias para cada vendedor. No portal https:\/\/en.passengereye.com:<\/p>\n<p>- uma pessoa que viaja pode ser seguida na conta num mapa,<br \/>\n- as fotografias dos locais podem ser verificadas<br \/>\n- comprimento da trajet\u00f3ria em km e<br \/>\n- tempo despendido por cada vendedor num determinado dia.<\/p>\n<p>Cada vendedor pode confirmar um contrato com uma ou mais contas ou empresas. Cada conta ou empresa pode ter mais vendedores. Por conseguinte, cada utilizador da aplica\u00e7\u00e3o m\u00f3vel pode carregar relat\u00f3rios fotogr\u00e1ficos apenas para uma conta selecionada ou pode carregar para v\u00e1rias contas. Dependendo do n\u00famero de contas com que tem um contrato.<\/p>\n<p>Um vendedor que n\u00e3o tenha um contrato ativo pode utilizar uma conta de teste ou pode tamb\u00e9m registar a sua empresa em https:\/\/PassengerEye.com e ligar a aplica\u00e7\u00e3o no seu telem\u00f3vel \u00e0 sua pr\u00f3pria conta e carregar relat\u00f3rios fotogr\u00e1ficos para a mesma.<\/p>\n<p>Se um utilizador n\u00e3o desejar registar uma conta em https:\/\/en.passengereye.com, pode enviar o PIN ou a API KEY das suas aplica\u00e7\u00f5es m\u00f3veis para o e-mail app@marcelino.si e receber\u00e1 um contrato com uma conta de teste. A conta de teste ou a empresa de teste funciona sem restri\u00e7\u00f5es.<\/p>\n<p>Para funcionar \u00e9 necess\u00e1rio:<br \/>\n- Internet (para iniciar e terminar a sess\u00e3o)<br \/>\n- localiza\u00e7\u00e3o activada no telem\u00f3vel (fun\u00e7\u00e3o GPS)<br \/>\n- uma liga\u00e7\u00e3o com uma conta registada ou uma conta de teste no PassengerEye.com.<\/p>\n<p>A aplica\u00e7\u00e3o n\u00e3o se destina apenas a empresas, podendo tamb\u00e9m ser utilizada por particulares.<\/p>\n<p>O que h\u00e1 de novo na vers\u00e3o 1.0<br \/>\n- descri\u00e7\u00e3o ou coment\u00e1rios abaixo da fotografia efectuada<br \/>\n- iniciar sess\u00e3o em uma ou mais empresas (ou seja, em utilizadores registados no portal)<br \/>\n- uma empresa ou conta registada pode ter v\u00e1rios vendedores<br \/>\n- medi\u00e7\u00e3o do tempo de trabalho<br \/>\n- medi\u00e7\u00e3o do comprimento da trajet\u00f3ria<br \/>\n- v\u00e1rios relat\u00f3rios no portal (n\u00famero de reportagens fotogr\u00e1ficas por vendedor e por dia, etc.).<br \/>\n- adicionar uma lista de localiza\u00e7\u00f5es (importar atrav\u00e9s do portal)<br \/>\n- adicionar s\u00edtios a uma lista uniforme na aplica\u00e7\u00e3o m\u00f3vel PassengerEye.com<\/p>","protected":false},"excerpt":{"rendered":"<p>Descri\u00e7\u00e3o \/ Instru\u00e7\u00f5es de utiliza\u00e7\u00e3o O PassengerEye \u00e9 uma aplica\u00e7\u00e3o m\u00f3vel GRATUITA que permite ao utilizador comunicar localiza\u00e7\u00f5es com fotografias. Os relat\u00f3rios fotogr\u00e1ficos s\u00e3o carregados para o portal https:\/\/en.passengereye.com, onde \u00e9 poss\u00edvel visualizar os relat\u00f3rios fotogr\u00e1ficos. O PassengerEye [...]<\/p>","protected":false},"author":2,"featured_media":0,"parent":0,"menu_order":0,"comment_status":"closed","ping_status":"closed","template":"","meta":[],"_links":{"self":[{"href":"https:\/\/en.passengereye.com\/pt\/wp-json\/wp\/v2\/pages\/3448"}],"collection":[{"href":"https:\/\/en.passengereye.com\/pt\/wp-json\/wp\/v2\/pages"}],"about":[{"href":"https:\/\/en.passengereye.com\/pt\/wp-json\/wp\/v2\/types\/page"}],"author":[{"embeddable":true,"href":"https:\/\/en.passengereye.com\/pt\/wp-json\/wp\/v2\/users\/2"}],"replies":[{"embeddable":true,"href":"https:\/\/en.passengereye.com\/pt\/wp-json\/wp\/v2\/comments?post=3448"}],"version-history":[{"count":9,"href":"https:\/\/en.passengereye.com\/pt\/wp-json\/wp\/v2\/pages\/3448\/revisions"}],"predecessor-version":[{"id":3463,"href":"https:\/\/en.passengereye.com\/pt\/wp-json\/wp\/v2\/pages\/3448\/revisions\/3463"}],"wp:attachment":[{"href":"https:\/\/en.passengereye.com\/pt\/wp-json\/wp\/v2\/media?parent=3448"}],"curies":[{"name":"wp","href":"https:\/\/api.w.org\/{rel}","templated":true}]}}