{"id":2469,"date":"2014-10-10T22:02:00","date_gmt":"2014-10-10T15:02:00","guid":{"rendered":"http:\/\/demo.leafcolor.com\/applay\/?page_id=2469"},"modified":"2014-10-10T22:02:00","modified_gmt":"2014-10-10T15:02:00","slug":"post-slider","status":"publish","type":"page","link":"https:\/\/en.passengereye.com\/pt\/post-slider\/","title":{"rendered":"C\u00f3digo curto do Post Slider"},"content":{"rendered":"<div class=\"ia_row\">\r\n        \t<div class=\"vc_row wpb_row vc_row-fluid\"><div class=\"wpb_column vc_column_container vc_col-sm-12\"><div class=\"vc_column-inner\"><div class=\"wpb_wrapper\">                <style scoped=\"scoped\">\r\n\t\t.ia-post-slider-2775 .slider-item-content{\r\n\t\t\tmax-height:500px;\r\n\t\t}\r\n\t\t<\/style>\r\n            \t<section class=\"ia-post-slider ia-post-slider-2775\" data-delay=\"0\">\r\n            <div class=\"post-slider-wrap\">\r\n                <div class=\"init-carousel post-slider-carousel carousel-has-control single-carousel\" data-items=\"\" data-navigation=\"1\" data-autoplay=\"3000\">\r\n                                    <div class=\"post-slider-item\">\r\n                        <div class=\"slider-item-content\">\r\n                            <div class=\"slider-thumbnail\">\r\n                                <a href=\"https:\/\/en.passengereye.com\/pt\/scheduled\/\" title=\"Programado\" >\r\n                                                                        <img src=\"https:\/\/en.passengereye.com\/wp-content\/themes\/applay\/images\/default-photo.png\" width=\"500\" height=\"500\" title=\"Programado\" alt=\"Scheduled\">\r\n                                <\/a>\r\n                            <\/div><!--slider-thumbnail-->\r\n                                                        <div class=\"post-slider-overlay\">\r\n                                <a class=\"post-slider-nav post-slider-prev\" href=\"#\"><i class=\"fa fa-angle-left\"><\/i><\/a>\r\n                                <a class=\"post-slider-nav post-slider-next\" href=\"#\"><i class=\"fa fa-angle-right\"><\/i><\/a>\r\n                                <a class=\"post-slider-overlay-link\" href=\"https:\/\/en.passengereye.com\/pt\/scheduled\/\" title=\"Programado\">\r\n                                                                        <h4 class=\"post-slider-title\">Programado<\/h4>\r\n                                                                            <div  class=\"small\">12:00 pm<\/div>\r\n                                                                        <div class=\"clearfix\"><\/div>\r\n                                <\/a>\r\n                            <\/div>\r\n                        <\/div><!--\/app-item-->\r\n                    <\/div><!--\/post-carousel-item-->\r\n                                    <div class=\"post-slider-item\">\r\n                        <div class=\"slider-item-content\">\r\n                            <div class=\"slider-thumbnail\">\r\n                                <a href=\"https:\/\/en.passengereye.com\/pt\/hello-world\/\" title=\"Ol\u00e1 mundo!\" >\r\n                                                                        <img src=\"https:\/\/en.passengereye.com\/wp-content\/themes\/applay\/images\/default-photo.png\" width=\"500\" height=\"500\" title=\"Ol\u00e1 mundo!\" alt=\"Hello world!\">\r\n                                <\/a>\r\n                            <\/div><!--slider-thumbnail-->\r\n                                                        <div class=\"post-slider-overlay\">\r\n                                <a class=\"post-slider-nav post-slider-prev\" href=\"#\"><i class=\"fa fa-angle-left\"><\/i><\/a>\r\n                                <a class=\"post-slider-nav post-slider-next\" href=\"#\"><i class=\"fa fa-angle-right\"><\/i><\/a>\r\n                                <a class=\"post-slider-overlay-link\" href=\"https:\/\/en.passengereye.com\/pt\/hello-world\/\" title=\"Ol\u00e1 mundo!\">\r\n                                                                        <h4 class=\"post-slider-title\">Ol\u00e1 mundo!<\/h4>\r\n                                                                            <div  class=\"small\">3h48<\/div>\r\n                                                                        <div class=\"clearfix\"><\/div>\r\n                                <\/a>\r\n                            <\/div>\r\n                        <\/div><!--\/app-item-->\r\n                    <\/div><!--\/post-carousel-item-->\r\n                                    <div class=\"post-slider-item\">\r\n                        <div class=\"slider-item-content\">\r\n                            <div class=\"slider-thumbnail\">\r\n                                <a href=\"https:\/\/en.passengereye.com\/pt\/android-apps-on-applay\/\" title=\"Aplica\u00e7\u00f5es Android na Applay\" >\r\n                                                                        <img src=\"https:\/\/en.passengereye.com\/wp-includes\/images\/media\/default.png\" width=\"48\" height=\"64\" title=\"Aplica\u00e7\u00f5es Android na Applay\" alt=\"Android Apps on Applay\">\r\n                                <\/a>\r\n                            <\/div><!--slider-thumbnail-->\r\n                                                        <div class=\"post-slider-overlay\">\r\n                                <a class=\"post-slider-nav post-slider-prev\" href=\"#\"><i class=\"fa fa-angle-left\"><\/i><\/a>\r\n                                <a class=\"post-slider-nav post-slider-next\" href=\"#\"><i class=\"fa fa-angle-right\"><\/i><\/a>\r\n                                <a class=\"post-slider-overlay-link\" href=\"https:\/\/en.passengereye.com\/pt\/android-apps-on-applay\/\" title=\"Aplica\u00e7\u00f5es Android na Applay\">\r\n                                                                        <h4 class=\"post-slider-title\">Aplica\u00e7\u00f5es Android na Applay<\/h4>\r\n                                                                            <div  class=\"small\">9:48<\/div>\r\n                                                                        <div class=\"clearfix\"><\/div>\r\n                                <\/a>\r\n                            <\/div>\r\n                        <\/div><!--\/app-item-->\r\n                    <\/div><!--\/post-carousel-item-->\r\n                                    <div class=\"post-slider-item\">\r\n                        <div class=\"slider-item-content\">\r\n                            <div class=\"slider-thumbnail\">\r\n                                <a href=\"https:\/\/en.passengereye.com\/pt\/apps-for-work%e2%80%8e\/\" title=\"Aplica\u00e7\u00f5es para o trabalho\" >\r\n                                                                        <img src=\"https:\/\/en.passengereye.com\/wp-includes\/images\/media\/default.png\" width=\"48\" height=\"64\" title=\"Aplica\u00e7\u00f5es para o trabalho\" alt=\"Apps For Work\u200e\">\r\n                                <\/a>\r\n                            <\/div><!--slider-thumbnail-->\r\n                                                        <div class=\"post-slider-overlay\">\r\n                                <a class=\"post-slider-nav post-slider-prev\" href=\"#\"><i class=\"fa fa-angle-left\"><\/i><\/a>\r\n                                <a class=\"post-slider-nav post-slider-next\" href=\"#\"><i class=\"fa fa-angle-right\"><\/i><\/a>\r\n                                <a class=\"post-slider-overlay-link\" href=\"https:\/\/en.passengereye.com\/pt\/apps-for-work%e2%80%8e\/\" title=\"Aplica\u00e7\u00f5es para o trabalho\">\r\n                                                                        <h4 class=\"post-slider-title\">Aplica\u00e7\u00f5es para o trabalho<\/h4>\r\n                                                                            <div  class=\"small\">9:47<\/div>\r\n                                                                        <div class=\"clearfix\"><\/div>\r\n                                <\/a>\r\n                            <\/div>\r\n                        <\/div><!--\/app-item-->\r\n                    <\/div><!--\/post-carousel-item-->\r\n                                    <div class=\"post-slider-item\">\r\n                        <div class=\"slider-item-content\">\r\n                            <div class=\"slider-thumbnail\">\r\n                                <a href=\"https:\/\/en.passengereye.com\/pt\/discover-great-apps\/\" title=\"Descobrir aplica\u00e7\u00f5es fant\u00e1sticas\" >\r\n                                                                        <img src=\"https:\/\/en.passengereye.com\/wp-includes\/images\/media\/default.png\" width=\"48\" height=\"64\" title=\"Descobrir aplica\u00e7\u00f5es fant\u00e1sticas\" alt=\"Discover great apps\">\r\n                                <\/a>\r\n                            <\/div><!--slider-thumbnail-->\r\n                                                        <div class=\"post-slider-overlay\">\r\n                                <a class=\"post-slider-nav post-slider-prev\" href=\"#\"><i class=\"fa fa-angle-left\"><\/i><\/a>\r\n                                <a class=\"post-slider-nav post-slider-next\" href=\"#\"><i class=\"fa fa-angle-right\"><\/i><\/a>\r\n                                <a class=\"post-slider-overlay-link\" href=\"https:\/\/en.passengereye.com\/pt\/discover-great-apps\/\" title=\"Descobrir aplica\u00e7\u00f5es fant\u00e1sticas\">\r\n                                                                        <h4 class=\"post-slider-title\">Descobrir aplica\u00e7\u00f5es fant\u00e1sticas<\/h4>\r\n                                                                            <div  class=\"small\">9:45<\/div>\r\n                                                                        <div class=\"clearfix\"><\/div>\r\n                                <\/a>\r\n                            <\/div>\r\n                        <\/div><!--\/app-item-->\r\n                    <\/div><!--\/post-carousel-item-->\r\n                                <\/div>\r\n            <\/div>\r\n        <\/section><!--\/ia-post-slider-->\r\n\t<\/div><\/div><\/div><\/div>    \t\t\t<\/div><!--\/ia_row-->\r\n\t\t\t<div class=\"ia_row\">\r\n        \t<div class=\"vc_row wpb_row vc_row-fluid\"><div class=\"wpb_column vc_column_container vc_col-sm-12\"><div class=\"vc_column-inner\"><div class=\"wpb_wrapper\">                <style scoped=\"scoped\">\r\n\t\t.ia-post-slider-3474 .slider-item-content{\r\n\t\t\tmax-height:700px;\r\n\t\t}\r\n\t\t<\/style>\r\n            \t<section class=\"ia-post-slider ia-post-slider-3474\" data-delay=\"0\">\r\n            <div class=\"post-slider-wrap\">\r\n                <div class=\"init-carousel post-slider-carousel carousel-has-control single-carousel\" data-items=\"\" data-navigation=\"1\" data-autoplay=\"false\">\r\n                                    <div class=\"post-slider-item\">\r\n                        <div class=\"slider-item-content\">\r\n                            <div class=\"slider-thumbnail\">\r\n                                <a href=\"https:\/\/en.passengereye.com\/pt\/produto\/photo-mixer\/\" title=\"Misturador de fotografias\" >\r\n                                                                        <img src=\"https:\/\/en.passengereye.com\/wp-includes\/images\/media\/default.png\" width=\"48\" height=\"64\" title=\"Misturador de fotografias\" alt=\"Photo Mixer\">\r\n                                <\/a>\r\n                            <\/div><!--slider-thumbnail-->\r\n                                                        <div class=\"post-slider-overlay\">\r\n                                <a class=\"post-slider-nav post-slider-prev\" href=\"#\"><i class=\"fa fa-angle-left\"><\/i><\/a>\r\n                                <a class=\"post-slider-nav post-slider-next\" href=\"#\"><i class=\"fa fa-angle-right\"><\/i><\/a>\r\n                                <a class=\"post-slider-overlay-link\" href=\"https:\/\/en.passengereye.com\/pt\/produto\/photo-mixer\/\" title=\"Misturador de fotografias\">\r\n                                    <img src=\"http:\/\/demo.leafcolor.com\/applay\/wp-content\/uploads\/2014\/10\/creative-idea-icon.png\" width=\"100\" height=\"100\" class=\"app-icon\" alt=\"Photo Mixer\"\/>                                    <h4 class=\"post-slider-title\">Misturador de fotografias<\/h4>\r\n                                                                            <div class=\"small\">\r\n                                                                                        <span class=\"price\"><span class=\"woocommerce-Price-amount amount\"><span class=\"woocommerce-Price-currencySymbol\">\u20ac<\/span>10.00<\/span><\/span>\r\n                                                                                    <\/div>\r\n                                                                        <div class=\"clearfix\"><\/div>\r\n                                <\/a>\r\n                            <\/div>\r\n                        <\/div><!--\/app-item-->\r\n                    <\/div><!--\/post-carousel-item-->\r\n                                    <div class=\"post-slider-item\">\r\n                        <div class=\"slider-item-content\">\r\n                            <div class=\"slider-thumbnail\">\r\n                                <a href=\"https:\/\/en.passengereye.com\/pt\/produto\/mini-calendar\/\" title=\"Mini calend\u00e1rio\" >\r\n                                                                        <img src=\"https:\/\/en.passengereye.com\/wp-includes\/images\/media\/default.png\" width=\"48\" height=\"64\" title=\"Mini calend\u00e1rio\" alt=\"Mini Calendar\">\r\n                                <\/a>\r\n                            <\/div><!--slider-thumbnail-->\r\n                                                        <div class=\"post-slider-overlay\">\r\n                                <a class=\"post-slider-nav post-slider-prev\" href=\"#\"><i class=\"fa fa-angle-left\"><\/i><\/a>\r\n                                <a class=\"post-slider-nav post-slider-next\" href=\"#\"><i class=\"fa fa-angle-right\"><\/i><\/a>\r\n                                <a class=\"post-slider-overlay-link\" href=\"https:\/\/en.passengereye.com\/pt\/produto\/mini-calendar\/\" title=\"Mini calend\u00e1rio\">\r\n                                    <img src=\"http:\/\/demo.leafcolor.com\/applay\/wp-content\/uploads\/2014\/10\/office-calendar-icon.png\" width=\"100\" height=\"100\" class=\"app-icon\" alt=\"Mini Calendar\"\/>                                    <h4 class=\"post-slider-title\">Mini calend\u00e1rio<\/h4>\r\n                                                                            <div class=\"small\">\r\n                                                                                        <span class=\"price\"><del><span class=\"woocommerce-Price-amount amount\"><span class=\"woocommerce-Price-currencySymbol\">\u20ac<\/span>2.00<\/span><\/del> <ins><span class=\"woocommerce-Price-amount amount\"><span class=\"woocommerce-Price-currencySymbol\">\u20ac<\/span>0.00<\/span><\/ins><\/span>\r\n                                                                                    <\/div>\r\n                                                                        <div class=\"clearfix\"><\/div>\r\n                                <\/a>\r\n                            <\/div>\r\n                        <\/div><!--\/app-item-->\r\n                    <\/div><!--\/post-carousel-item-->\r\n                                    <div class=\"post-slider-item\">\r\n                        <div class=\"slider-item-content\">\r\n                            <div class=\"slider-thumbnail\">\r\n                                <a href=\"https:\/\/en.passengereye.com\/pt\/produto\/ceo-calculator\/\" title=\"Calculadora do Diretor Executivo\" >\r\n                                                                        <img src=\"https:\/\/en.passengereye.com\/wp-includes\/images\/media\/default.png\" width=\"48\" height=\"64\" title=\"Calculadora do Diretor Executivo\" alt=\"CEO Calculator\">\r\n                                <\/a>\r\n                            <\/div><!--slider-thumbnail-->\r\n                                                        <div class=\"post-slider-overlay\">\r\n                                <a class=\"post-slider-nav post-slider-prev\" href=\"#\"><i class=\"fa fa-angle-left\"><\/i><\/a>\r\n                                <a class=\"post-slider-nav post-slider-next\" href=\"#\"><i class=\"fa fa-angle-right\"><\/i><\/a>\r\n                                <a class=\"post-slider-overlay-link\" href=\"https:\/\/en.passengereye.com\/pt\/produto\/ceo-calculator\/\" title=\"Calculadora do Diretor Executivo\">\r\n                                    <img src=\"http:\/\/demo.leafcolor.com\/applay\/wp-content\/uploads\/2014\/10\/accessories-calculator-icon.png\" width=\"100\" height=\"100\" class=\"app-icon\" alt=\"CEO Calculator\"\/>                                    <h4 class=\"post-slider-title\">Calculadora do Diretor Executivo<\/h4>\r\n                                                                            <div class=\"small\">\r\n                                                                                        <span class=\"price\"><span class=\"woocommerce-Price-amount amount\"><span class=\"woocommerce-Price-currencySymbol\">\u20ac<\/span>0.00<\/span><\/span>\r\n                                                                                    <\/div>\r\n                                                                        <div class=\"clearfix\"><\/div>\r\n                                <\/a>\r\n                            <\/div>\r\n                        <\/div><!--\/app-item-->\r\n                    <\/div><!--\/post-carousel-item-->\r\n                                    <div class=\"post-slider-item\">\r\n                        <div class=\"slider-item-content\">\r\n                            <div class=\"slider-thumbnail\">\r\n                                <a href=\"https:\/\/en.passengereye.com\/pt\/produto\/nice-clock\/\" title=\"Rel\u00f3gio bonito\" >\r\n                                                                        <img src=\"https:\/\/en.passengereye.com\/wp-includes\/images\/media\/default.png\" width=\"48\" height=\"64\" title=\"Rel\u00f3gio bonito\" alt=\"Nice Clock\">\r\n                                <\/a>\r\n                            <\/div><!--slider-thumbnail-->\r\n                                                        <div class=\"post-slider-overlay\">\r\n                                <a class=\"post-slider-nav post-slider-prev\" href=\"#\"><i class=\"fa fa-angle-left\"><\/i><\/a>\r\n                                <a class=\"post-slider-nav post-slider-next\" href=\"#\"><i class=\"fa fa-angle-right\"><\/i><\/a>\r\n                                <a class=\"post-slider-overlay-link\" href=\"https:\/\/en.passengereye.com\/pt\/produto\/nice-clock\/\" title=\"Rel\u00f3gio bonito\">\r\n                                    <img src=\"http:\/\/demo.leafcolor.com\/applay\/wp-content\/uploads\/2014\/10\/performance-icon.png\" width=\"100\" height=\"100\" class=\"app-icon\" alt=\"Nice Clock\"\/>                                    <h4 class=\"post-slider-title\">Rel\u00f3gio bonito<\/h4>\r\n                                                                            <div class=\"small\">\r\n                                                                                        <span class=\"price\"><span class=\"woocommerce-Price-amount amount\"><span class=\"woocommerce-Price-currencySymbol\">\u20ac<\/span>0.00<\/span><\/span>\r\n                                                                                    <\/div>\r\n                                                                        <div class=\"clearfix\"><\/div>\r\n                                <\/a>\r\n                            <\/div>\r\n                        <\/div><!--\/app-item-->\r\n                    <\/div><!--\/post-carousel-item-->\r\n                                    <div class=\"post-slider-item\">\r\n                        <div class=\"slider-item-content\">\r\n                            <div class=\"slider-thumbnail\">\r\n                                <a href=\"https:\/\/en.passengereye.com\/pt\/produto\/xstreme-player-2\/\" title=\"Xstreme Player 2\" >\r\n                                                                        <img src=\"https:\/\/en.passengereye.com\/wp-includes\/images\/media\/default.png\" width=\"48\" height=\"64\" title=\"Xstreme Player 2\" alt=\"Xstreme Player 2\">\r\n                                <\/a>\r\n                            <\/div><!--slider-thumbnail-->\r\n                                                        <div class=\"post-slider-overlay\">\r\n                                <a class=\"post-slider-nav post-slider-prev\" href=\"#\"><i class=\"fa fa-angle-left\"><\/i><\/a>\r\n                                <a class=\"post-slider-nav post-slider-next\" href=\"#\"><i class=\"fa fa-angle-right\"><\/i><\/a>\r\n                                <a class=\"post-slider-overlay-link\" href=\"https:\/\/en.passengereye.com\/pt\/produto\/xstreme-player-2\/\" title=\"Xstreme Player 2\">\r\n                                    <img src=\"http:\/\/demo.leafcolor.com\/applay\/wp-content\/uploads\/2014\/09\/music-orange-icon.png\" width=\"100\" height=\"100\" class=\"app-icon\" alt=\"Xstreme Player 2\"\/>                                    <h4 class=\"post-slider-title\">Xstreme Player 2<\/h4>\r\n                                                                            <div class=\"small\">\r\n                                                                                        <span class=\"price\"><span class=\"woocommerce-Price-amount amount\"><span class=\"woocommerce-Price-currencySymbol\">\u20ac<\/span>0.00<\/span><\/span>\r\n                                                                                    <\/div>\r\n                                                                        <div class=\"clearfix\"><\/div>\r\n                                <\/a>\r\n                            <\/div>\r\n                        <\/div><!--\/app-item-->\r\n                    <\/div><!--\/post-carousel-item-->\r\n                                <\/div>\r\n            <\/div>\r\n        <\/section><!--\/ia-post-slider-->\r\n\t<\/div><\/div><\/div><\/div>    \t\t\t<\/div><!--\/ia_row-->\r\n\t <\/p>","protected":false},"excerpt":{"rendered":"In ut quam vitae odio lacinia tincidunt. Curabitur nisi. Nam pretium turpis et arcu. Fusce commodo aliquam arcu. In consectetuer turpis ut velit. Phasellus magna. Praesent adipiscing. Vestibulum ante ipsum primis in faucibus orci luctus [...]","protected":false},"author":1,"featured_media":0,"parent":0,"menu_order":0,"comment_status":"open","ping_status":"closed","template":"","meta":[],"_links":{"self":[{"href":"https:\/\/en.passengereye.com\/pt\/wp-json\/wp\/v2\/pages\/2469"}],"collection":[{"href":"https:\/\/en.passengereye.com\/pt\/wp-json\/wp\/v2\/pages"}],"about":[{"href":"https:\/\/en.passengereye.com\/pt\/wp-json\/wp\/v2\/types\/page"}],"author":[{"embeddable":true,"href":"https:\/\/en.passengereye.com\/pt\/wp-json\/wp\/v2\/users\/1"}],"replies":[{"embeddable":true,"href":"https:\/\/en.passengereye.com\/pt\/wp-json\/wp\/v2\/comments?post=2469"}],"version-history":[{"count":0,"href":"https:\/\/en.passengereye.com\/pt\/wp-json\/wp\/v2\/pages\/2469\/revisions"}],"wp:attachment":[{"href":"https:\/\/en.passengereye.com\/pt\/wp-json\/wp\/v2\/media?parent=2469"}],"curies":[{"name":"wp","href":"https:\/\/api.w.org\/{rel}","templated":true}]}}