{"id":12,"date":"2010-07-25T19:40:01","date_gmt":"2010-07-26T02:40:01","guid":{"rendered":"http:\/\/wpthemetestdata.wordpress.com\/about\/"},"modified":"2010-07-25T19:40:01","modified_gmt":"2010-07-26T02:40:01","slug":"features","status":"publish","type":"page","link":"https:\/\/en.passengereye.com\/pt\/features\/","title":{"rendered":"Caracter\u00edsticas"},"content":{"rendered":"<p><img loading=\"lazy\" class=\"aligncenter wp-image-2031 size-full\" src=\"http:\/\/demo.leafcolor.com\/applay\/wp-content\/uploads\/2014\/10\/sc.png\" alt=\"sc\" width=\"900\" height=\"600\" \/><\/p>\n<p>&nbsp;<\/p>\n<div class=\"ia-heading ia-heading-heading_4810 heading-align-left\" data-delay=\"\">\r\n    \t<h2 >\r\n                \tSOBRE A APPLAY                <\/h2>\r\n        <div class=\"clearfix\"><\/div>\r\n    <\/div>\r\n    O Applay \u00e9 um tema WordPress polivalente para a apresenta\u00e7\u00e3o de aplica\u00e7\u00f5es, loja de aplica\u00e7\u00f5es, aterragem de aplica\u00e7\u00f5es, neg\u00f3cios e compras. Se gosta deste tema, por favor avalie 5 estrelas ou deixe coment\u00e1rios para que possamos fazer melhores produtos.<\/p>\n<p>&nbsp;<\/p>\n    <div class=\"ia-heading ia-heading-heading_3049 heading-align-left\" data-delay=\"\">\r\n    \t<h2 >\r\n                \tCaracter\u00edsticas                <\/h2>\r\n        <div class=\"clearfix\"><\/div>\r\n    <\/div>\r\n    \n<ul>\n<li>Design ultra-reativo<\/li>\n<li>Preparado para Retina<\/li>\n<li>4 varia\u00e7\u00f5es da p\u00e1gina inicial e possibilidades ilimitadas<\/li>\n<li>3 varia\u00e7\u00f5es da Appstore e possibilidades ilimitadas<\/li>\n<li>3 estilos de cabe\u00e7alho x 2 esquemas de cabe\u00e7alho (escuro\/claro)<\/li>\n<li>Plugin Mobile Showcase Builder - criar maquetas de telem\u00f3veis sem Photoshop<\/li>\n<li>Vender ou promover aplica\u00e7\u00f5es m\u00f3veis utilizando o WooCommerce<\/li>\n<li>WooCommerce integrado - Venda facilmente o seu produto online<\/li>\n<li>Efeito de anima\u00e7\u00e3o Parallax e CSS<\/li>\n<li>*Construtor de p\u00e1ginas - Visual Composer inclu\u00eddo (poupa $25)<\/li>\n<li>*Quick Ajax - Consulta Ajax moderna inclu\u00edda (poupa $17)<br \/>\nShortcodes flex\u00edveis, poderosos e bonitos<\/li>\n<li>Cores e layout ilimitados<\/li>\n<li>Menu suspenso com v\u00e1rias colunas<\/li>\n<li>Widgets incorporados e defini\u00e7\u00f5es personalizadas do esquema dos widgets<\/li>\n<li>Contas sociais e partilha social<\/li>\n<li>Totalmente personaliz\u00e1vel com as op\u00e7\u00f5es do tema<\/li>\n<li>Dados de amostragem inclu\u00eddos<\/li>\n<li>Suporte WP Pagenavi, Formul\u00e1rio de contacto 7, Widget de emblemas do Flickr...<\/li>\n<li>Suporte para todas as fontes do Google<\/li>\n<li>Font Awesome integrado<\/li>\n<li>WPML Ready - Para um site multilingue<\/li>\n<li>Atualiza\u00e7\u00e3o autom\u00e1tica - PARA manter o seu tema atualizado com a vers\u00e3o mais recente<\/li>\n<li>Efeito de pr\u00e9-carregamento personaliz\u00e1vel<\/li>\n<\/ul>\n<p>(Atualiza\u00e7\u00e3o)<\/p>","protected":false},"excerpt":{"rendered":"<p>&nbsp; Applay is a multipurpose WordPress theme for App showcase, App Store, App Landing, Business and Shopping. If you like this theme, please rate 5 stars or leave comments so we can make better products. [&hellip;]<\/p>","protected":false},"author":1,"featured_media":0,"parent":0,"menu_order":1,"comment_status":"closed","ping_status":"closed","template":"","meta":[],"_links":{"self":[{"href":"https:\/\/en.passengereye.com\/pt\/wp-json\/wp\/v2\/pages\/12"}],"collection":[{"href":"https:\/\/en.passengereye.com\/pt\/wp-json\/wp\/v2\/pages"}],"about":[{"href":"https:\/\/en.passengereye.com\/pt\/wp-json\/wp\/v2\/types\/page"}],"author":[{"embeddable":true,"href":"https:\/\/en.passengereye.com\/pt\/wp-json\/wp\/v2\/users\/1"}],"replies":[{"embeddable":true,"href":"https:\/\/en.passengereye.com\/pt\/wp-json\/wp\/v2\/comments?post=12"}],"version-history":[{"count":0,"href":"https:\/\/en.passengereye.com\/pt\/wp-json\/wp\/v2\/pages\/12\/revisions"}],"wp:attachment":[{"href":"https:\/\/en.passengereye.com\/pt\/wp-json\/wp\/v2\/media?parent=12"}],"curies":[{"name":"wp","href":"https:\/\/api.w.org\/{rel}","templated":true}]}}