{"id":733,"date":"2011-06-23T18:38:52","date_gmt":"2011-06-24T01:38:52","guid":{"rendered":"http:\/\/wpthemetestdata.wordpress.com\/?page_id=733"},"modified":"2011-06-23T18:38:52","modified_gmt":"2011-06-24T01:38:52","slug":"page-a","status":"publish","type":"page","link":"https:\/\/en.passengereye.com\/pl\/page-a\/","title":{"rendered":"Pojedyncza strona"},"content":{"rendered":"<p><span class=\"dropcap\">P<\/span>W tym miejscu, w kt\u00f3rym si\u0119 znajduje, nie ma ju\u017c miejsca na \u017cadne pytania. Aenean lacinia bibendum nulla sed consectetur. Etiam porta sem malesuada magna mollis euismod. Fusce dapibus, tellus ac cursus commodo, tortor mauris condimentum nibh, ut fermentum massa justo sit amet risus.<\/p>\n<p>Aenean posuere, tortor sed cursus feugiat, nunc augue blandit nunc, eu sollicitudin urna dolor sagittis lacus. Pellentesque habitant morbi tristique senectus et netus et malesuada fames ac turpis egestas. Vivamus elementum semper nisi. Etiam vitae tortor.<\/p>\n<blockquote><p>Nam adipiscing. Fusce fermentum. Aenean ut eros et nisl sagittis vestibulum. Quisque malesuada placerat nisl.<\/p><\/blockquote>\n<p>Integer posuere erat a ante venenatis dapibus posuere velit aliquet. Aenean lacinia bibendum nulla sed consectetur. Etiam porta sem malesuada magna mollis euismod. Fusce dapibus, tellus ac cursus commodo, tortor mauris condimentum nibh, ut fermentum massa justo sit amet risus.<\/p>\n<p>Aenean posuere, tortor sed cursus feugiat, nunc augue blandit nunc, eu sollicitudin urna dolor sagittis lacus. Pellentesque habitant morbi tristique senectus et netus et malesuada fames ac turpis egestas. Vivamus elementum semper nisi. Etiam vitae tortor.<\/p>\n<p>&nbsp;<\/p>\n    \t<section class=\"ia-post-carousel ia-post-carousel-6521\" data-delay=\"\">\r\n                <div class=\"post-carousel-wrap\">\r\n                    <div class=\"init-carousel carousel-has-control\" data-items=\"3\" data-navigation=\"1\">\r\n                                            <div class=\"post-carousel-item grid-item\">\r\n                        \t<div class=\"grid-item-inner\">\r\n                            \t<div class=\"grid-item-content app-item dark-div\">\r\n                                    <div class=\"app-thumbnail\">\r\n                                        <a href=\"https:\/\/en.passengereye.com\/pl\/scheduled\/\" title=\"Zaplanowane\" >\r\n                                                                                        <img src=\"https:\/\/en.passengereye.com\/wp-content\/themes\/applay\/images\/default-photo.png\" width=\"500\" height=\"500\" title=\"Zaplanowane\" alt=\"Scheduled\">\r\n                                        <\/a>\r\n                                    <\/div>\r\n                                                                        <div class=\"grid-overlay\">\r\n                                        <a class=\"overlay-top\" href=\"https:\/\/en.passengereye.com\/pl\/scheduled\/\" title=\"Zaplanowane\">\r\n                                        \t                                        \t<h4>Zaplanowane<\/h4>\r\n                                            <div class=\"clearfix\"><\/div>\r\n                                        <\/a>\r\n                                        <div class=\"overlay-bottom\">\r\n                                        \t                                            \t<div>By admin<\/div>\r\n                                                <div>At 12:00 pm<\/div>\r\n                                                                                    <\/div>\r\n                                    <\/div>\r\n                                <\/div><!--\/app-item-->\r\n                            <\/div>\r\n                        <\/div><!--\/post-carousel-item-->\r\n                                            <div class=\"post-carousel-item grid-item\">\r\n                        \t<div class=\"grid-item-inner\">\r\n                            \t<div class=\"grid-item-content app-item dark-div\">\r\n                                    <div class=\"app-thumbnail\">\r\n                                        <a href=\"https:\/\/en.passengereye.com\/pl\/hello-world\/\" title=\"Witaj \u015bwiecie!\" >\r\n                                                                                        <img src=\"https:\/\/en.passengereye.com\/wp-content\/themes\/applay\/images\/default-photo.png\" width=\"500\" height=\"500\" title=\"Witaj \u015bwiecie!\" alt=\"Hello world!\">\r\n                                        <\/a>\r\n                                    <\/div>\r\n                                                                        <div class=\"grid-overlay\">\r\n                                        <a class=\"overlay-top\" href=\"https:\/\/en.passengereye.com\/pl\/hello-world\/\" title=\"Witaj \u015bwiecie!\">\r\n                                        \t                                        \t<h4>Witaj \u015bwiecie!<\/h4>\r\n                                            <div class=\"clearfix\"><\/div>\r\n                                        <\/a>\r\n                                        <div class=\"overlay-bottom\">\r\n                                        \t                                            \t<div>By admin<\/div>\r\n                                                <div>At 3:48 am<\/div>\r\n                                                                                    <\/div>\r\n                                    <\/div>\r\n                                <\/div><!--\/app-item-->\r\n                            <\/div>\r\n                        <\/div><!--\/post-carousel-item-->\r\n                                            <div class=\"post-carousel-item grid-item\">\r\n                        \t<div class=\"grid-item-inner\">\r\n                            \t<div class=\"grid-item-content app-item dark-div\">\r\n                                    <div class=\"app-thumbnail\">\r\n                                        <a href=\"https:\/\/en.passengereye.com\/pl\/android-apps-on-applay\/\" title=\"Aplikacje na Androida w serwisie Applay\" >\r\n                                                                                        <img src=\"https:\/\/en.passengereye.com\/wp-includes\/images\/media\/default.png\" width=\"48\" height=\"64\" title=\"Aplikacje na Androida w serwisie Applay\" alt=\"Android Apps on Applay\">\r\n                                        <\/a>\r\n                                    <\/div>\r\n                                                                        <div class=\"grid-overlay\">\r\n                                        <a class=\"overlay-top\" href=\"https:\/\/en.passengereye.com\/pl\/android-apps-on-applay\/\" title=\"Aplikacje na Androida w serwisie Applay\">\r\n                                        \t                                        \t<h4>Aplikacje na Androida w serwisie Applay<\/h4>\r\n                                            <div class=\"clearfix\"><\/div>\r\n                                        <\/a>\r\n                                        <div class=\"overlay-bottom\">\r\n                                        \t                                            \t<div>By admin<\/div>\r\n                                                <div>At 9:48 am<\/div>\r\n                                                                                    <\/div>\r\n                                    <\/div>\r\n                                <\/div><!--\/app-item-->\r\n                            <\/div>\r\n                        <\/div><!--\/post-carousel-item-->\r\n                                            <div class=\"post-carousel-item grid-item\">\r\n                        \t<div class=\"grid-item-inner\">\r\n                            \t<div class=\"grid-item-content app-item dark-div\">\r\n                                    <div class=\"app-thumbnail\">\r\n                                        <a href=\"https:\/\/en.passengereye.com\/pl\/apps-for-work%e2%80%8e\/\" title=\"Aplikacje do pracy\" >\r\n                                                                                        <img src=\"https:\/\/en.passengereye.com\/wp-includes\/images\/media\/default.png\" width=\"48\" height=\"64\" title=\"Aplikacje do pracy\" alt=\"Apps For Work\u200e\">\r\n                                        <\/a>\r\n                                    <\/div>\r\n                                                                        <div class=\"grid-overlay\">\r\n                                        <a class=\"overlay-top\" href=\"https:\/\/en.passengereye.com\/pl\/apps-for-work%e2%80%8e\/\" title=\"Aplikacje do pracy\">\r\n                                        \t                                        \t<h4>Aplikacje do pracy<\/h4>\r\n                                            <div class=\"clearfix\"><\/div>\r\n                                        <\/a>\r\n                                        <div class=\"overlay-bottom\">\r\n                                        \t                                            \t<div>By admin<\/div>\r\n                                                <div>At 9:47 am<\/div>\r\n                                                                                    <\/div>\r\n                                    <\/div>\r\n                                <\/div><!--\/app-item-->\r\n                            <\/div>\r\n                        <\/div><!--\/post-carousel-item-->\r\n                                            <div class=\"post-carousel-item grid-item\">\r\n                        \t<div class=\"grid-item-inner\">\r\n                            \t<div class=\"grid-item-content app-item dark-div\">\r\n                                    <div class=\"app-thumbnail\">\r\n                                        <a href=\"https:\/\/en.passengereye.com\/pl\/discover-great-apps\/\" title=\"Odkryj \u015bwietne aplikacje\" >\r\n                                                                                        <img src=\"https:\/\/en.passengereye.com\/wp-includes\/images\/media\/default.png\" width=\"48\" height=\"64\" title=\"Odkryj \u015bwietne aplikacje\" alt=\"Discover great apps\">\r\n                                        <\/a>\r\n                                    <\/div>\r\n                                                                        <div class=\"grid-overlay\">\r\n                                        <a class=\"overlay-top\" href=\"https:\/\/en.passengereye.com\/pl\/discover-great-apps\/\" title=\"Odkryj \u015bwietne aplikacje\">\r\n                                        \t                                        \t<h4>Odkryj \u015bwietne aplikacje<\/h4>\r\n                                            <div class=\"clearfix\"><\/div>\r\n                                        <\/a>\r\n                                        <div class=\"overlay-bottom\">\r\n                                        \t                                            \t<div>By admin<\/div>\r\n                                                <div>At 9:45 am<\/div>\r\n                                                                                    <\/div>\r\n                                    <\/div>\r\n                                <\/div><!--\/app-item-->\r\n                            <\/div>\r\n                        <\/div><!--\/post-carousel-item-->\r\n                                            <div class=\"post-carousel-item grid-item\">\r\n                        \t<div class=\"grid-item-inner\">\r\n                            \t<div class=\"grid-item-content app-item dark-div\">\r\n                                    <div class=\"app-thumbnail\">\r\n                                        <a href=\"https:\/\/en.passengereye.com\/pl\/the-best-app-for-android\/\" title=\"Najlepsza aplikacja na Androida\" >\r\n                                                                                        <img src=\"https:\/\/en.passengereye.com\/wp-includes\/images\/media\/default.png\" width=\"48\" height=\"64\" title=\"Najlepsza aplikacja na Androida\" alt=\"The best app for android\">\r\n                                        <\/a>\r\n                                    <\/div>\r\n                                                                        <div class=\"grid-overlay\">\r\n                                        <a class=\"overlay-top\" href=\"https:\/\/en.passengereye.com\/pl\/the-best-app-for-android\/\" title=\"Najlepsza aplikacja na Androida\">\r\n                                        \t                                        \t<h4>Najlepsza aplikacja na Androida<\/h4>\r\n                                            <div class=\"clearfix\"><\/div>\r\n                                        <\/a>\r\n                                        <div class=\"overlay-bottom\">\r\n                                        \t                                            \t<div>By admin<\/div>\r\n                                                <div>At 4:55 pm<\/div>\r\n                                                                                    <\/div>\r\n                                    <\/div>\r\n                                <\/div><!--\/app-item-->\r\n                            <\/div>\r\n                        <\/div><!--\/post-carousel-item-->\r\n                                        <\/div>\r\n                <\/div>\r\n        <\/section><!--\/ia-post-carousel-->\r\n\t\n<p>&nbsp;<\/p>\n<p>Nam adipiscing. Fusce fermentum. Aenean ut eros et nisl sagittis vestibulum. Quisque malesuada placerat nisl.<\/p>\n<p>Nullam quis ante. Suspendisse pulvinar, augue ac venenatis condimentum, sem libero volutpat nibh, nec pellentesque velit pede quis nunc. Fusce pharetra convallis urna. Proin sapien ipsum, porta a, auctor quis, euismod ut, mi. Fusce a quam.<\/p>","protected":false},"excerpt":{"rendered":"<p>onteger posuere erat a ante venenatis dapibus posuere velit aliquet. Aenean lacinia bibendum nulla sed consectetur. Etiam porta sem malesuada magna mollis euismod. Fusce dapibus, tellus ac cursus commodo, tortor mauris condimentum nibh, ut fermentum [&hellip;]<\/p>","protected":false},"author":1,"featured_media":0,"parent":0,"menu_order":10,"comment_status":"open","ping_status":"closed","template":"","meta":[],"_links":{"self":[{"href":"https:\/\/en.passengereye.com\/pl\/wp-json\/wp\/v2\/pages\/733"}],"collection":[{"href":"https:\/\/en.passengereye.com\/pl\/wp-json\/wp\/v2\/pages"}],"about":[{"href":"https:\/\/en.passengereye.com\/pl\/wp-json\/wp\/v2\/types\/page"}],"author":[{"embeddable":true,"href":"https:\/\/en.passengereye.com\/pl\/wp-json\/wp\/v2\/users\/1"}],"replies":[{"embeddable":true,"href":"https:\/\/en.passengereye.com\/pl\/wp-json\/wp\/v2\/comments?post=733"}],"version-history":[{"count":0,"href":"https:\/\/en.passengereye.com\/pl\/wp-json\/wp\/v2\/pages\/733\/revisions"}],"wp:attachment":[{"href":"https:\/\/en.passengereye.com\/pl\/wp-json\/wp\/v2\/media?parent=733"}],"curies":[{"name":"wp","href":"https:\/\/api.w.org\/{rel}","templated":true}]}}