{"id":3450,"date":"2018-02-11T14:46:27","date_gmt":"2018-02-11T14:46:27","guid":{"rendered":"https:\/\/en.passengereye.com\/?page_id=3450"},"modified":"2018-02-11T14:46:27","modified_gmt":"2018-02-11T14:46:27","slug":"list","status":"publish","type":"page","link":"https:\/\/en.passengereye.com\/pl\/list\/","title":{"rendered":"Lista"},"content":{"rendered":"<p>Aby uzyska\u0107 informacje na temat danych osobowych, cel\u00f3w i stron, kt\u00f3rym dane s\u0105 udost\u0119pniane, nale\u017cy skontaktowa\u0107 si\u0119 z W\u0142a\u015bcicielem.<\/p>\n<h3><strong>Administrator danych i w\u0142a\u015bciciel<\/strong><\/h3>\n<p>MARCELINO d.o.o. Kranj\u010deva ulica 4; 3000 Celje; EU-Slovenija<\/p>\n<p>WEB:\u00a0<a href=\"http:\/\/marcelino.si\/\">http:\/\/marcelino.si<\/a>\u00a0oraz\u00a0<a href=\"http:\/\/passengereye.com\/\">http:\/\/passengereye.com<\/a><\/p>\n<p>Tel:+386 (0) 59 182 800, +386 (0) 59 251 431<\/p>\n<p>GSM:+386 (0) 31 324 100; +386 (0) 70 602 000<\/p>\n<p>E-mail:info@marcelino.si<\/p>\n<p>Nr VAT: SI76044157<\/p>\n<p>Numer rejestracyjny: 2276038000<\/p>\n<p>Sp\u00f3\u0142ka jest zarejestrowana w Rejestrze Sp\u00f3\u0142ek S\u0105du Rejonowego w Celje.<\/p>\n<h4><strong>Rodzaje gromadzonych danych<\/strong><\/h4>\n<p>W\u0142a\u015bciciel nie udost\u0119pnia listy typ\u00f3w gromadzonych danych osobowych.<\/p>\n<p>Inne gromadzone dane osobowe mog\u0105 by\u0107 opisane w innych sekcjach niniejszej polityki prywatno\u015bci lub w specjalnym tek\u015bcie wyja\u015bniaj\u0105cym kontekst gromadzenia danych.<br \/>\nDane osobowe mog\u0105 by\u0107 swobodnie dostarczane przez U\u017cytkownika lub zbierane automatycznie podczas korzystania z tej Aplikacji.<br \/>\nKa\u017cde u\u017cycie plik\u00f3w cookie - lub innych narz\u0119dzi \u015bledz\u0105cych - przez t\u0119 Aplikacj\u0119 lub przez w\u0142a\u015bcicieli us\u0142ug stron trzecich u\u017cywanych przez t\u0119 Aplikacj\u0119, o ile nie okre\u015blono inaczej, s\u0142u\u017cy do identyfikacji U\u017cytkownik\u00f3w i zapami\u0119tywania ich preferencji, wy\u0142\u0105cznie w celu \u015bwiadczenia us\u0142ugi wymaganej przez U\u017cytkownika.<br \/>\nNiedostarczenie okre\u015blonych danych osobowych mo\u017ce uniemo\u017cliwi\u0107 tej aplikacji \u015bwiadczenie us\u0142ug.<\/p>\n<p>U\u017cytkownicy s\u0105 odpowiedzialni za wszelkie Dane Osobowe os\u00f3b trzecich uzyskane, opublikowane lub udost\u0119pnione za po\u015brednictwem tej Aplikacji i potwierdzaj\u0105, \u017ce maj\u0105 zgod\u0119 osoby trzeciej na przekazanie Danych W\u0142a\u015bcicielowi.<\/p>\n<h3><strong>Tryb i miejsce przetwarzania danych<\/strong><\/h3>\n<h4><strong>Metody przetwarzania<\/strong><\/h4>\n<p>Administrator Danych przetwarza Dane U\u017cytkownik\u00f3w we w\u0142a\u015bciwy spos\u00f3b i podejmuje odpowiednie \u015brodki bezpiecze\u0144stwa, aby zapobiec nieautoryzowanemu dost\u0119powi, ujawnieniu, modyfikacji lub nieautoryzowanemu zniszczeniu Danych.<br \/>\nPrzetwarzanie danych odbywa si\u0119 przy u\u017cyciu komputer\u00f3w i\/lub narz\u0119dzi informatycznych, zgodnie z procedurami organizacyjnymi i trybami \u015bci\u015ble zwi\u0105zanymi ze wskazanymi celami. Opr\u00f3cz Administratora Danych, w niekt\u00f3rych przypadkach Dane mog\u0105 by\u0107 dost\u0119pne dla niekt\u00f3rych rodzaj\u00f3w os\u00f3b odpowiedzialnych, zaanga\u017cowanych w dzia\u0142anie strony (administracja, sprzeda\u017c, marketing, prawo, administracja systemu) lub stron zewn\u0119trznych (takich jak zewn\u0119trzni dostawcy us\u0142ug technicznych, przewo\u017anicy pocztowi, dostawcy hostingu, firmy IT, agencje komunikacyjne) wyznaczonych, w razie potrzeby, jako podmioty przetwarzaj\u0105ce dane przez W\u0142a\u015bciciela. Zaktualizowana lista tych stron mo\u017ce zosta\u0107 za\u017c\u0105dana od Administratora Danych w dowolnym momencie.<\/p>\n<h4><strong>Miejsce<\/strong><\/h4>\n<p>Dane s\u0105 przetwarzane w biurach operacyjnych Administratora Danych oraz w innych miejscach, w kt\u00f3rych znajduj\u0105 si\u0119 strony zaanga\u017cowane w przetwarzanie. W celu uzyskania dalszych informacji prosimy o kontakt z Administratorem Danych.<\/p>\n<h4><strong>Czas retencji<\/strong><\/h4>\n<p>Dane s\u0105 przechowywane przez okres niezb\u0119dny do \u015bwiadczenia us\u0142ugi \u017c\u0105danej przez U\u017cytkownika lub okre\u015blony w celach opisanych w niniejszym dokumencie, a U\u017cytkownik zawsze mo\u017ce za\u017c\u0105da\u0107 od Administratora danych zawieszenia lub usuni\u0119cia danych.<\/p>\n<h3><strong>Dodatkowe informacje o gromadzeniu i przetwarzaniu danych<\/strong><\/h3>\n<h4><strong>Dzia\u0142ania prawne<\/strong><\/h4>\n<p>Dane osobowe u\u017cytkownika mog\u0105 by\u0107 wykorzystywane do cel\u00f3w prawnych przez administratora danych, w s\u0105dzie lub na etapach prowadz\u0105cych do ewentualnych dzia\u0142a\u0144 prawnych wynikaj\u0105cych z niew\u0142a\u015bciwego korzystania z tej aplikacji lub powi\u0105zanych us\u0142ug.<br \/>\nU\u017cytkownik o\u015bwiadcza, \u017ce jest \u015bwiadomy, i\u017c Administrator Danych mo\u017ce by\u0107 zobowi\u0105zany do ujawnienia danych osobowych na \u017c\u0105danie organ\u00f3w publicznych.<\/p>\n<h4><strong>Dodatkowe informacje o danych osobowych u\u017cytkownika<\/strong><\/h4>\n<p>Opr\u00f3cz informacji zawartych w niniejszej polityce prywatno\u015bci, niniejsza aplikacja mo\u017ce dostarczy\u0107 u\u017cytkownikowi dodatkowych i kontekstowych informacji dotycz\u0105cych okre\u015blonych us\u0142ug lub gromadzenia i przetwarzania danych osobowych na \u017c\u0105danie.<\/p>\n<h4><strong>Dzienniki systemowe i konserwacja<\/strong><\/h4>\n<p>Do cel\u00f3w operacyjnych i konserwacyjnych ta aplikacja i wszelkie us\u0142ugi stron trzecich mog\u0105 gromadzi\u0107 pliki rejestruj\u0105ce interakcje z t\u0105 aplikacj\u0105 (dzienniki systemowe) lub wykorzystywa\u0107 w tym celu inne dane osobowe (takie jak adres IP).<\/p>\n<h4><strong>Informacje nie zawarte w niniejszej polityce<\/strong><\/h4>\n<p>Wi\u0119cej szczeg\u00f3\u0142\u00f3w dotycz\u0105cych gromadzenia lub przetwarzania Danych Osobowych mo\u017cna uzyska\u0107 od Administratora Danych w dowolnym momencie. Informacje kontaktowe znajduj\u0105 si\u0119 na pocz\u0105tku niniejszego dokumentu.<\/p>\n<h4><strong>Prawa U\u017cytkownik\u00f3w<\/strong><\/h4>\n<p>U\u017cytkownicy maj\u0105 prawo w dowolnym momencie dowiedzie\u0107 si\u0119, czy ich Dane Osobowe s\u0105 przechowywane i mog\u0105 skonsultowa\u0107 si\u0119 z Administratorem Danych, aby dowiedzie\u0107 si\u0119 o ich tre\u015bci i pochodzeniu, zweryfikowa\u0107 ich dok\u0142adno\u015b\u0107 lub poprosi\u0107 o ich uzupe\u0142nienie, anulowanie, aktualizacj\u0119 lub poprawienie, lub o ich przekszta\u0142cenie w format anonimowy lub zablokowanie wszelkich danych przechowywanych z naruszeniem prawa, a tak\u017ce sprzeciwi\u0107 si\u0119 ich przetwarzaniu z wszelkich uzasadnionych powod\u00f3w. Wnioski nale\u017cy przesy\u0142a\u0107 do Administratora Danych na podane powy\u017cej dane kontaktowe.<\/p>\n<p>Ta aplikacja nie obs\u0142uguje \u017c\u0105da\u0144 \"Do Not Track\".<br \/>\nAby ustali\u0107, czy kt\u00f3rakolwiek z us\u0142ug stron trzecich, z kt\u00f3rych korzysta, honoruje \u017c\u0105dania \"Do Not Track\", nale\u017cy zapozna\u0107 si\u0119 z ich polityk\u0105 prywatno\u015bci.<\/p>\n<h4><strong>Zmiany w niniejszej polityce prywatno\u015bci<\/strong><\/h4>\n<p>Administrator danych zastrzega sobie prawo do wprowadzania zmian w niniejszej polityce prywatno\u015bci w dowolnym momencie, powiadamiaj\u0105c o tym swoich U\u017cytkownik\u00f3w na tej stronie. Zdecydowanie zaleca si\u0119 cz\u0119ste sprawdzanie tej strony, odnosz\u0105c si\u0119 do daty ostatniej modyfikacji wymienionej na dole. Je\u015bli U\u017cytkownik sprzeciwia si\u0119 kt\u00f3rejkolwiek ze zmian w Polityce, musi zaprzesta\u0107 korzystania z tej Aplikacji i mo\u017ce za\u017c\u0105da\u0107 od Administratora Danych usuni\u0119cia Danych Osobowych. O ile nie okre\u015blono inaczej, aktualna polityka prywatno\u015bci ma zastosowanie do wszystkich danych osobowych, kt\u00f3re Administrator danych posiada o u\u017cytkownikach.<\/p>\n<h4><strong>Informacje o niniejszej polityce prywatno\u015bci<\/strong><\/h4>\n<p>Administrator danych jest odpowiedzialny za niniejsz\u0105 polityk\u0119 prywatno\u015bci, przygotowan\u0105 z modu\u0142\u00f3w dostarczonych przez Marcelino d.o.o. i hostowanych na serwerach Marcelino d.o.o..<\/p>\n<h4><strong>Definicje i odniesienia prawne<\/strong><\/h4>\n<p><strong>Dane osobowe (lub dane)<\/strong><\/p>\n<p>Wszelkie informacje dotycz\u0105ce osoby fizycznej, osoby prawnej, instytucji lub stowarzyszenia, kt\u00f3re s\u0105 lub mog\u0105 by\u0107 zidentyfikowane, nawet po\u015brednio, poprzez odniesienie do jakichkolwiek innych informacji, w tym osobistego numeru identyfikacyjnego.<\/p>\n<p><strong>Dane u\u017cytkowania<\/strong><\/p>\n<p>Informacje zbierane automatycznie z tej aplikacji (lub us\u0142ug stron trzecich wykorzystywanych w tej aplikacji), kt\u00f3re mog\u0105 obejmowa\u0107: adresy IP lub nazwy domen komputer\u00f3w u\u017cywanych przez u\u017cytkownik\u00f3w korzystaj\u0105cych z tej aplikacji, adresy URI (Uniform Resource Identifier), czas \u017c\u0105dania, metod\u0119 wykorzystan\u0105 do przes\u0142ania \u017c\u0105dania do serwera, rozmiar pliku otrzymanego w odpowiedzi, kod numeryczny wskazuj\u0105cy status odpowiedzi serwera (pomy\u015blny wynik, b\u0142\u0105d itp.).), kraj pochodzenia, funkcje przegl\u0105darki i systemu operacyjnego u\u017cywanego przez u\u017cytkownika, r\u00f3\u017cne szczeg\u00f3\u0142y dotycz\u0105ce czasu na wizyt\u0119 (np, czas sp\u0119dzony na ka\u017cdej stronie w Aplikacji) oraz szczeg\u00f3\u0142y dotycz\u0105ce \u015bcie\u017cki przebytej w Aplikacji, ze szczeg\u00f3lnym uwzgl\u0119dnieniem kolejno\u015bci odwiedzanych stron, a tak\u017ce inne parametry dotycz\u0105ce systemu operacyjnego urz\u0105dzenia i\/lub \u015brodowiska informatycznego U\u017cytkownika.<\/p>\n<p><strong>U\u017cytkownik<\/strong><\/p>\n<p>Osoba fizyczna korzystaj\u0105ca z tej Aplikacji, kt\u00f3ra musi pokrywa\u0107 si\u0119 z Podmiotem Danych lub by\u0107 przez niego upowa\u017cniona, do kt\u00f3rej odnosz\u0105 si\u0119 Dane Osobowe.<\/p>\n<p><strong>Podmiot danych<\/strong><\/p>\n<p>Osoba prawna lub fizyczna, kt\u00f3rej dotycz\u0105 Dane Osobowe.<\/p>\n<p><strong>Podmiot przetwarzaj\u0105cy dane (lub inspektor danych)<\/strong><\/p>\n<p>Osoba fizyczna, osoba prawna, organ administracji publicznej lub inny organ, stowarzyszenie lub organizacja upowa\u017cniona przez Administratora Danych do przetwarzania Danych Osobowych zgodnie z niniejsz\u0105 polityk\u0105 prywatno\u015bci.<\/p>\n<p><strong>Administrator danych (lub w\u0142a\u015bciciel)<\/strong><\/p>\n<p>Osoba fizyczna, osoba prawna, administracja publiczna lub inny organ, stowarzyszenie lub organizacja maj\u0105ca prawo, r\u00f3wnie\u017c wsp\u00f3lnie z innym Administratorem Danych, do podejmowania decyzji dotycz\u0105cych cel\u00f3w i metod przetwarzania Danych Osobowych oraz wykorzystywanych \u015brodk\u00f3w, w tym \u015brodk\u00f3w bezpiecze\u0144stwa dotycz\u0105cych dzia\u0142ania i korzystania z tej Aplikacji. Administrator danych, o ile nie okre\u015blono inaczej, jest w\u0142a\u015bcicielem tej aplikacji.<\/p>\n<p><strong>Ta aplikacja<\/strong><\/p>\n<p>Sprz\u0119t lub oprogramowanie, za pomoc\u0105 kt\u00f3rego gromadzone s\u0105 Dane Osobowe U\u017cytkownika.<\/p>\n<hr \/>\n<p><strong>Informacje prawne<\/strong><\/p>\n<p>Informacja dla u\u017cytkownik\u00f3w europejskich: niniejsze o\u015bwiadczenie o ochronie prywatno\u015bci zosta\u0142o sporz\u0105dzone w celu wype\u0142nienia zobowi\u0105za\u0144 wynikaj\u0105cych z art. 10 dyrektywy WE nr 95\/46\/WE oraz przepis\u00f3w dyrektywy 2002\/58\/WE zmienionej dyrektyw\u0105 2009\/136\/WE w sprawie plik\u00f3w cookie. 10 dyrektywy WE nr 95\/46\/WE oraz zgodnie z postanowieniami dyrektywy 2002\/58\/WE, zmienionej dyrektyw\u0105 2009\/136\/WE, w sprawie plik\u00f3w cookie.<\/p>\n<p>Niniejsza polityka prywatno\u015bci dotyczy wy\u0142\u0105cznie tej aplikacji.<\/p>\n<p>Ostatnia aktualizacja: 04 maja 2017 r.<\/p>","protected":false},"excerpt":{"rendered":"<p>Aby uzyska\u0107 informacje na temat danych osobowych, cel\u00f3w i stron, kt\u00f3rym dane s\u0105 udost\u0119pniane, nale\u017cy skontaktowa\u0107 si\u0119 z w\u0142a\u015bcicielem. Administrator danych i w\u0142a\u015bciciel MARCELINO d.o.o. Kranj\u010deva ulica 4; 3000 Celje; EU-Slovenija WEB: http:\/\/marcelino.si i http:\/\/passengereye.com [...]<\/p>","protected":false},"author":2,"featured_media":0,"parent":0,"menu_order":0,"comment_status":"closed","ping_status":"closed","template":"","meta":[],"_links":{"self":[{"href":"https:\/\/en.passengereye.com\/pl\/wp-json\/wp\/v2\/pages\/3450"}],"collection":[{"href":"https:\/\/en.passengereye.com\/pl\/wp-json\/wp\/v2\/pages"}],"about":[{"href":"https:\/\/en.passengereye.com\/pl\/wp-json\/wp\/v2\/types\/page"}],"author":[{"embeddable":true,"href":"https:\/\/en.passengereye.com\/pl\/wp-json\/wp\/v2\/users\/2"}],"replies":[{"embeddable":true,"href":"https:\/\/en.passengereye.com\/pl\/wp-json\/wp\/v2\/comments?post=3450"}],"version-history":[{"count":1,"href":"https:\/\/en.passengereye.com\/pl\/wp-json\/wp\/v2\/pages\/3450\/revisions"}],"predecessor-version":[{"id":3451,"href":"https:\/\/en.passengereye.com\/pl\/wp-json\/wp\/v2\/pages\/3450\/revisions\/3451"}],"wp:attachment":[{"href":"https:\/\/en.passengereye.com\/pl\/wp-json\/wp\/v2\/media?parent=3450"}],"curies":[{"name":"wp","href":"https:\/\/api.w.org\/{rel}","templated":true}]}}