{"id":3448,"date":"2018-02-11T14:44:41","date_gmt":"2018-02-11T14:44:41","guid":{"rendered":"https:\/\/en.passengereye.com\/?page_id=3448"},"modified":"2018-02-11T16:05:35","modified_gmt":"2018-02-11T16:05:35","slug":"howtouse","status":"publish","type":"page","link":"https:\/\/en.passengereye.com\/pl\/howtouse\/","title":{"rendered":"Jak u\u017cywa\u0107"},"content":{"rendered":"<h2><strong>Opis \/ instrukcja obs\u0142ugi<\/strong><\/h2>\n<p>PassengerEye to BEZP\u0141ATNA aplikacja mobilna, kt\u00f3ra umo\u017cliwia u\u017cytkownikowi zg\u0142aszanie lokalizacji za pomoc\u0105 zdj\u0119\u0107. Fotorelacje s\u0105 przesy\u0142ane do portalu https:\/\/en.passengereye.com, gdzie mo\u017cna je przegl\u0105da\u0107.<\/p>\n<p>Aplikacja mobilna PassengerEye jest przeznaczona dla podr\u00f3\u017cuj\u0105cych sprzedawc\u00f3w, sprzedawc\u00f3w terenowych, pracownik\u00f3w sprzeda\u017cy, organizator\u00f3w r\u00f3\u017cnych wydarze\u0144 lub innych podobnych os\u00f3b. Aplikacja mobilna PassengerEye mo\u017ce by\u0107 r\u00f3wnie\u017c u\u017cywana prywatnie.<\/p>\n<p>U\u017cytkownik aplikacji mobilnej PassengerEye (zwany dalej sprzedawc\u0105) mo\u017ce przesy\u0142a\u0107 fotorelacje na jedno lub wi\u0119cej zarejestrowanych kont (zwanych dalej kontami).<\/p>\n<p>Sprzedawcy\/pracownicy\/mened\u017cerowie\/kierownicy mog\u0105 korzysta\u0107 z aplikacji mobilnej PassengerEye:<br \/>\n- rejestrowanie pocz\u0105tku i ko\u0144ca fotorelacji (wykorzystany czas i d\u0142ugo\u015b\u0107 \u015bcie\u017cki)<br \/>\n- wyb\u00f3r lokalizacji, sklepu, budynku itp. z listy lokalizacji<br \/>\n- aby doda\u0107 w\u0142asn\u0105 lokalizacj\u0119 do listy,<br \/>\n- aby sfotografowa\u0107 lub utworzy\u0107 galeri\u0119 zdj\u0119\u0107 lokalizacji<br \/>\n- aby doda\u0107 opis fotorelacji,<br \/>\n- aby przes\u0142a\u0107 fotorelacj\u0119 do portalu PassengerEye.com na konto.<\/p>\n<p>Osoba prawna lub fizyczna mo\u017ce za\u0142o\u017cy\u0107 zarejestrowane konto na portalu https:\/\/en.passengereye.com. Ka\u017cdy sprzedawca mo\u017ce mie\u0107 wi\u0119cej zarejestrowanych kont lub mo\u017ce tworzy\u0107 fotorelacje tylko dla innych zarejestrowanych kont za pomoc\u0105 aplikacji mobilnej PassengerEye. Do korzystania z aplikacji mobilnej nie jest wymagane zarejestrowane konto u\u017cytkownika na portalu, wa\u017cne jest tylko, aby sprzedawca zawar\u0142 umow\u0119 z jednym z wybranych kont (mo\u017ce to by\u0107 r\u00f3wnie\u017c konto testowe).<\/p>\n<p>Raport fotograficzny (jeden lub wi\u0119cej obraz\u00f3w z opisem dla wybranej lokalizacji) jest przechowywany na portalu https:\/\/en.passengereye.com, zgodnie z lokalizacj\u0105 GPS z zapisanym czasem i wyznaczon\u0105 \u015bcie\u017ck\u0105 mi\u0119dzy raportami fotograficznymi.<\/p>\n<h2><strong>Korzystanie z aplikacji<\/strong><\/h2>\n<ol>\n<li>Gdy sprzedawca loguje si\u0119 do aplikacji mobilnej PassengerEye, najpierw wybiera konto, z kt\u00f3rym ma umow\u0119, co wymaga po\u0142\u0105czenia z Internetem.<\/li>\n<li>Podczas logowania aplikacja mobilna PassengerEye \u0142\u0105czy si\u0119 z kontem kontraktowym na portalu https:\/\/en.passengereye.com i raportuje do niego czas i lokalizacj\u0119.<\/li>\n<li>Sprzedawca tworzy i przesy\u0142a raporty fotograficzne za pomoc\u0105 aplikacji mobilnej PassengerEye.<\/li>\n<li>Po zako\u0144czeniu fotorelacji i podr\u00f3\u017cy sprzedawca wylogowuje si\u0119 z aplikacji mobilnej i tym samym informuje konto umowy o sp\u0119dzonym czasie i dodatku za przejechane kilometry.<\/li>\n<\/ol>\n<p>Ka\u017cde konto na portalu https:\/\/en.passengereye.com mo\u017ce mie\u0107 jednego lub wi\u0119cej sprzedawc\u00f3w, kt\u00f3rzy wys\u0142ali do niego fotorelacje. W zarejestrowanym koncie wy\u015bwietlane s\u0105 fotoreporta\u017ce, sp\u0119dzone godziny i d\u0142ugo\u015b\u0107 ca\u0142ej \u015bcie\u017cki podr\u00f3\u017cy wed\u0142ug dni dla ka\u017cdego pojedynczego sprzedawcy. Na portalu https:\/\/en.passengereye.com:<\/p>\n<p>- Podr\u00f3\u017cuj\u0105ca osoba mo\u017ce by\u0107 \u015bledzona na koncie na mapie,<br \/>\n- zdj\u0119cia lokalizacji mo\u017cna sprawdzi\u0107<br \/>\n- d\u0142ugo\u015b\u0107 \u015bcie\u017cki w km i<br \/>\n- czas sp\u0119dzony przez ka\u017cdego sprzedawc\u0119 w danym dniu.<\/p>\n<p>Ka\u017cdy sprzedawca mo\u017ce potwierdzi\u0107 umow\u0119 z jednym lub kilkoma klientami lub firmami. Ka\u017cde konto lub firma mo\u017ce mie\u0107 wi\u0119cej sprzedawc\u00f3w. W zwi\u0105zku z tym ka\u017cdy u\u017cytkownik aplikacji mobilnej mo\u017ce przesy\u0142a\u0107 fotorelacje tylko do jednego wybranego konta lub do wielu kont. W zale\u017cno\u015bci od liczby kont, z kt\u00f3rymi ma podpisan\u0105 umow\u0119.<\/p>\n<p>Sprzedawca, kt\u00f3ry nie ma aktywnej umowy, mo\u017ce skorzysta\u0107 z konta testowego lub zarejestrowa\u0107 swoj\u0105 firm\u0119 na stronie https:\/\/PassengerEye.com i po\u0142\u0105czy\u0107 aplikacj\u0119 na swoim telefonie z w\u0142asnym kontem, a nast\u0119pnie przes\u0142a\u0107 do niej fotorelacje.<\/p>\n<p>Je\u015bli u\u017cytkownik nie chce rejestrowa\u0107 konta na https:\/\/en.passengereye.com, mo\u017ce wys\u0142a\u0107 PIN lub API KEY swoich aplikacji mobilnych na adres e-mail app@marcelino.si, a otrzyma umow\u0119 z kontem testowym. Konto testowe lub firma testowa dzia\u0142a bez ogranicze\u0144.<\/p>\n<p>Do funkcjonowania wymagane s\u0105:<br \/>\n- Internet (do logowania i wylogowywania)<br \/>\n- w\u0142\u0105czona lokalizacja w telefonie kom\u00f3rkowym (funkcja GPS)<br \/>\n- po\u0142\u0105czenie z zarejestrowanym kontem lub kontem testowym na PassengerEye.com.<\/p>\n<p>Aplikacja jest przeznaczona nie tylko dla firm, ale mo\u017ce by\u0107 r\u00f3wnie\u017c u\u017cywana przez osoby prywatne.<\/p>\n<p>Nowo\u015bci w wersji 1.0<br \/>\n- opis lub komentarze pod wykonanym zdj\u0119ciem<br \/>\n- logowanie do jednej lub wi\u0119cej firm (tj. do zarejestrowanych u\u017cytkownik\u00f3w na portalu)<br \/>\n- jedna firma lub zarejestrowane konto mo\u017ce mie\u0107 wielu sprzedawc\u00f3w<br \/>\n- pomiar czasu pracy<br \/>\n- pomiar d\u0142ugo\u015bci \u015bcie\u017cki<br \/>\n- r\u00f3\u017cne raporty na portalu (liczba fotoreporta\u017cy na sprzedawc\u0119 i na dzie\u0144 itp.).<br \/>\n- dodanie listy lokalizacji (import przez portal)<br \/>\n- dodawanie witryn do jednolitej listy w aplikacji mobilnej PassengerEye.com<\/p>","protected":false},"excerpt":{"rendered":"<p>Opis \/ instrukcja obs\u0142ugi PassengerEye to BEZP\u0141ATNA aplikacja mobilna, kt\u00f3ra umo\u017cliwia u\u017cytkownikowi fotorelacj\u0119 lokalizacji. Fotorelacje s\u0105 przesy\u0142ane do portalu https:\/\/en.passengereye.com, gdzie mo\u017cna je przegl\u0105da\u0107. PassengerEye [...]<\/p>","protected":false},"author":2,"featured_media":0,"parent":0,"menu_order":0,"comment_status":"closed","ping_status":"closed","template":"","meta":[],"_links":{"self":[{"href":"https:\/\/en.passengereye.com\/pl\/wp-json\/wp\/v2\/pages\/3448"}],"collection":[{"href":"https:\/\/en.passengereye.com\/pl\/wp-json\/wp\/v2\/pages"}],"about":[{"href":"https:\/\/en.passengereye.com\/pl\/wp-json\/wp\/v2\/types\/page"}],"author":[{"embeddable":true,"href":"https:\/\/en.passengereye.com\/pl\/wp-json\/wp\/v2\/users\/2"}],"replies":[{"embeddable":true,"href":"https:\/\/en.passengereye.com\/pl\/wp-json\/wp\/v2\/comments?post=3448"}],"version-history":[{"count":9,"href":"https:\/\/en.passengereye.com\/pl\/wp-json\/wp\/v2\/pages\/3448\/revisions"}],"predecessor-version":[{"id":3463,"href":"https:\/\/en.passengereye.com\/pl\/wp-json\/wp\/v2\/pages\/3448\/revisions\/3463"}],"wp:attachment":[{"href":"https:\/\/en.passengereye.com\/pl\/wp-json\/wp\/v2\/media?parent=3448"}],"curies":[{"name":"wp","href":"https:\/\/api.w.org\/{rel}","templated":true}]}}