{"id":12,"date":"2010-07-25T19:40:01","date_gmt":"2010-07-26T02:40:01","guid":{"rendered":"http:\/\/wpthemetestdata.wordpress.com\/about\/"},"modified":"2010-07-25T19:40:01","modified_gmt":"2010-07-26T02:40:01","slug":"features","status":"publish","type":"page","link":"https:\/\/en.passengereye.com\/pl\/features\/","title":{"rendered":"Cechy"},"content":{"rendered":"<p><img loading=\"lazy\" class=\"aligncenter wp-image-2031 size-full\" src=\"http:\/\/demo.leafcolor.com\/applay\/wp-content\/uploads\/2014\/10\/sc.png\" alt=\"sc\" width=\"900\" height=\"600\" \/><\/p>\n<p>&nbsp;<\/p>\n<div class=\"ia-heading ia-heading-heading_5368 heading-align-left\" data-delay=\"\">\r\n    \t<h2 >\r\n                \tO APPLAY                <\/h2>\r\n        <div class=\"clearfix\"><\/div>\r\n    <\/div>\r\n    Applay to uniwersalny motyw WordPress do prezentacji aplikacji, App Store, App Landing, biznesu i zakup\u00f3w. Je\u015bli podoba Ci si\u0119 ten motyw, oce\u0144 go na 5 gwiazdek lub zostaw komentarz, aby\u015bmy mogli tworzy\u0107 lepsze produkty.<\/p>\n<p>&nbsp;<\/p>\n    <div class=\"ia-heading ia-heading-heading_5141 heading-align-left\" data-delay=\"\">\r\n    \t<h2 >\r\n                \tCechy                <\/h2>\r\n        <div class=\"clearfix\"><\/div>\r\n    <\/div>\r\n    \n<ul>\n<li>Ultra Responsive Design<\/li>\n<li>Retina Ready<\/li>\n<li>4 warianty strony g\u0142\u00f3wnej i nieograniczone mo\u017cliwo\u015bci<\/li>\n<li>3 warianty Appstore i nieograniczone mo\u017cliwo\u015bci<\/li>\n<li>3 style nag\u0142\u00f3wka x 2 schematy nag\u0142\u00f3wka (ciemny\/jasny)<\/li>\n<li>Wtyczka Mobile Showcase Builder - tworzenie mobilnych makiet bez Photoshopa<\/li>\n<li>Sprzedawaj lub promuj aplikacje mobilne za pomoc\u0105 WooCommerce<\/li>\n<li>Zintegrowany WooCommerce - \u0141atwa sprzeda\u017c produkt\u00f3w online<\/li>\n<li>Paralaksa i efekt animacji CSS<\/li>\n<li>*Kreator stron - Visual Composer w zestawie (oszcz\u0119dzasz $25)<\/li>\n<li>*Quick Ajax - nowoczesne zapytanie Ajax w zestawie (oszcz\u0119dzasz $17)<br \/>\nElastyczne, pot\u0119\u017cne i pi\u0119kne skr\u00f3ty<\/li>\n<li>Nieograniczone kolory i uk\u0142ad<\/li>\n<li>Wielokolumnowe menu rozwijane<\/li>\n<li>Wbudowane wid\u017cety i niestandardowe ustawienia uk\u0142adu wid\u017cet\u00f3w<\/li>\n<li>Konta spo\u0142eczno\u015bciowe i udost\u0119pnianie spo\u0142eczno\u015bciowe<\/li>\n<li>W pe\u0142ni konfigurowalny dzi\u0119ki opcjom motywu<\/li>\n<li>Przyk\u0142adowe dane obejmuj\u0105<\/li>\n<li>Obs\u0142uga WP Pagenavi, formularza kontaktowego 7, wid\u017cetu odznak Flickr...<\/li>\n<li>Obs\u0142uga wszystkich czcionek Google<\/li>\n<li>Zintegrowana czcionka Awesome<\/li>\n<li>WPML Ready - dla wieloj\u0119zycznych stron internetowych<\/li>\n<li>Automatyczna aktualizacja - aby aktualizowa\u0107 motyw do najnowszej wersji<\/li>\n<li>Konfigurowalny efekt \u0142adowania wst\u0119pnego<\/li>\n<\/ul>\n<p>(Aktualizacja)<\/p>","protected":false},"excerpt":{"rendered":"<p>&nbsp; Applay is a multipurpose WordPress theme for App showcase, App Store, App Landing, Business and Shopping. If you like this theme, please rate 5 stars or leave comments so we can make better products. [&hellip;]<\/p>","protected":false},"author":1,"featured_media":0,"parent":0,"menu_order":1,"comment_status":"closed","ping_status":"closed","template":"","meta":[],"_links":{"self":[{"href":"https:\/\/en.passengereye.com\/pl\/wp-json\/wp\/v2\/pages\/12"}],"collection":[{"href":"https:\/\/en.passengereye.com\/pl\/wp-json\/wp\/v2\/pages"}],"about":[{"href":"https:\/\/en.passengereye.com\/pl\/wp-json\/wp\/v2\/types\/page"}],"author":[{"embeddable":true,"href":"https:\/\/en.passengereye.com\/pl\/wp-json\/wp\/v2\/users\/1"}],"replies":[{"embeddable":true,"href":"https:\/\/en.passengereye.com\/pl\/wp-json\/wp\/v2\/comments?post=12"}],"version-history":[{"count":0,"href":"https:\/\/en.passengereye.com\/pl\/wp-json\/wp\/v2\/pages\/12\/revisions"}],"wp:attachment":[{"href":"https:\/\/en.passengereye.com\/pl\/wp-json\/wp\/v2\/media?parent=12"}],"curies":[{"name":"wp","href":"https:\/\/api.w.org\/{rel}","templated":true}]}}