{"id":3450,"date":"2018-02-11T14:46:27","date_gmt":"2018-02-11T14:46:27","guid":{"rendered":"https:\/\/en.passengereye.com\/?page_id=3450"},"modified":"2018-02-11T14:46:27","modified_gmt":"2018-02-11T14:46:27","slug":"list","status":"publish","type":"page","link":"https:\/\/en.passengereye.com\/nb\/list\/","title":{"rendered":"Liste"},"content":{"rendered":"<p>For \u00e5 f\u00e5 informasjon om personopplysningene dine, form\u00e5lene og partene opplysningene deles med, kan du kontakte eieren.<\/p>\n<h3><strong>Behandlingsansvarlig og eier<\/strong><\/h3>\n<p>MARCELINO d.o.o. Kranj\u010deva ulica 4; 3000 Celje; EU-Slovenija<\/p>\n<p>WEB:\u00a0<a href=\"http:\/\/marcelino.si\/\">http:\/\/marcelino.si<\/a>\u00a0og\u00a0<a href=\"http:\/\/passengereye.com\/\">http:\/\/passengereye.com<\/a><\/p>\n<p>Tlf:+386 (0) 59 182 800, +386 (0) 59 251 431<\/p>\n<p>GSM:+386 (0) 31 324 100; +386 (0) 70 602 000<\/p>\n<p>E-mail:info@marcelino.si<\/p>\n<p>MVA-nr: SI76044157<\/p>\n<p>Registreringsnummer: 2276038000<\/p>\n<p>Selskapet er registrert i selskapsregisteret ved Celje tingrett.<\/p>\n<h4><strong>Typer innsamlede data<\/strong><\/h4>\n<p>Eieren gir ikke en liste over hvilke typer personopplysninger som samles inn.<\/p>\n<p>Andre personopplysninger som samles inn, kan v\u00e6re beskrevet i andre deler av denne personvernerkl\u00e6ringen eller i en egen forklaringstekst i forbindelse med datainnsamlingen.<br \/>\nPersonopplysningene kan oppgis frivillig av brukeren eller samles inn automatisk ved bruk av denne applikasjonen.<br \/>\nEnhver bruk av informasjonskapsler - eller andre sporingsverkt\u00f8y - av denne applikasjonen eller av eierne av tredjepartstjenester som brukes av denne applikasjonen, med mindre annet er oppgitt, tjener til \u00e5 identifisere brukere og huske deres preferanser, med det ene form\u00e5l \u00e5 levere den tjenesten brukeren trenger.<br \/>\nUnnlatelse av \u00e5 oppgi visse personopplysninger kan gj\u00f8re det umulig for denne applikasjonen \u00e5 levere sine tjenester.<\/p>\n<p>Brukerne er ansvarlige for alle personopplysninger om tredjeparter som innhentes, publiseres eller deles gjennom denne applikasjonen, og bekrefter at de har tredjepartens samtykke til \u00e5 gi opplysningene til eieren.<\/p>\n<h3><strong>Modus og sted for behandling av opplysningene<\/strong><\/h3>\n<h4><strong>Metoder for bearbeiding<\/strong><\/h4>\n<p>Den behandlingsansvarlige behandler brukernes data p\u00e5 en forsvarlig m\u00e5te og skal iverksette egnede sikkerhetstiltak for \u00e5 forhindre uautorisert tilgang, avsl\u00f8ring, endring eller uautorisert \u00f8deleggelse av dataene.<br \/>\nDatabehandlingen utf\u00f8res ved hjelp av datamaskiner og\/eller IT-aktiverte verkt\u00f8y, i henhold til organisatoriske prosedyrer og metoder som er strengt knyttet til de angitte form\u00e5lene. I tillegg til den behandlingsansvarlige kan opplysningene i noen tilfeller v\u00e6re tilgjengelige for visse typer ansvarlige personer som er involvert i driften av nettstedet (administrasjon, salg, markedsf\u00f8ring, juridisk, systemadministrasjon) eller eksterne parter (for eksempel tredjepartsleverand\u00f8rer av tekniske tjenester, postleverand\u00f8rer, hostingleverand\u00f8rer, IT-selskaper, kommunikasjonsbyr\u00e5er) som om n\u00f8dvendig er utnevnt som databehandlere av eieren. Du kan n\u00e5r som helst be om en oppdatert liste over disse partene fra den behandlingsansvarlige.<\/p>\n<h4><strong>Sted<\/strong><\/h4>\n<p>Opplysningene behandles p\u00e5 den behandlingsansvarliges driftskontorer og p\u00e5 andre steder der partene som er involvert i behandlingen, befinner seg. For ytterligere informasjon, vennligst kontakt behandlingsansvarlig.<\/p>\n<h4><strong>Oppbevaringstid<\/strong><\/h4>\n<p>Opplysningene oppbevares s\u00e5 lenge det er n\u00f8dvendig for \u00e5 levere den tjenesten brukeren har bedt om, eller i henhold til form\u00e5lene som er beskrevet i dette dokumentet, og brukeren kan alltid be om at den behandlingsansvarlige suspenderer eller fjerner opplysningene.<\/p>\n<h3><strong>Ytterligere informasjon om datainnsamling og -behandling<\/strong><\/h3>\n<h4><strong>Rettslige skritt<\/strong><\/h4>\n<p>Brukerens personopplysninger kan brukes til juridiske form\u00e5l av den behandlingsansvarlige, i retten eller i stadier som f\u00f8rer til mulige rettslige skritt som f\u00f8lge av urettmessig bruk av denne applikasjonen eller relaterte tjenester.<br \/>\nBrukeren erkl\u00e6rer \u00e5 v\u00e6re klar over at den behandlingsansvarlige kan bli p\u00e5lagt \u00e5 utlevere personopplysninger p\u00e5 foresp\u00f8rsel fra offentlige myndigheter.<\/p>\n<h4><strong>Ytterligere informasjon om brukerens personopplysninger<\/strong><\/h4>\n<p>I tillegg til informasjonen i denne personvernerkl\u00e6ringen kan denne applikasjonen gi brukeren ytterligere og kontekstuell informasjon om bestemte tjenester eller innsamling og behandling av personopplysninger p\u00e5 foresp\u00f8rsel.<\/p>\n<h4><strong>Systemlogger og vedlikehold<\/strong><\/h4>\n<p>For drifts- og vedlikeholdsform\u00e5l kan denne applikasjonen og eventuelle tredjepartstjenester samle inn filer som registrerer interaksjon med denne applikasjonen (systemlogger) eller bruke andre personopplysninger (for eksempel IP-adresse) til dette form\u00e5let.<\/p>\n<h4><strong>Informasjon som ikke finnes i disse retningslinjene<\/strong><\/h4>\n<p>Du kan n\u00e5r som helst be om mer informasjon om innsamling eller behandling av personopplysninger fra den behandlingsansvarlige. Se kontaktinformasjonen i begynnelsen av dette dokumentet.<\/p>\n<h4><strong>Brukernes rettigheter<\/strong><\/h4>\n<p>Brukerne har n\u00e5r som helst rett til \u00e5 f\u00e5 vite om personopplysningene deres er lagret og kan kontakte den behandlingsansvarlige for \u00e5 f\u00e5 informasjon om deres innhold og opprinnelse, verifisere deres n\u00f8yaktighet eller be om at de suppleres, kanselleres, oppdateres eller korrigeres, eller at de omdannes til et anonymt format eller blokkeres i strid med loven, samt \u00e5 motsette seg behandling av alle legitime grunner. Foresp\u00f8rsler skal sendes til den behandlingsansvarlige p\u00e5 kontaktinformasjonen som er angitt ovenfor.<\/p>\n<p>Denne applikasjonen st\u00f8tter ikke \"Do Not Track\"-foresp\u00f8rsler.<br \/>\nFor \u00e5 finne ut om noen av tredjepartstjenestene som brukes, respekterer \"Do Not Track\"-foresp\u00f8rsler, kan du lese personvernerkl\u00e6ringene deres.<\/p>\n<h4><strong>Endringer i denne personvernerkl\u00e6ringen<\/strong><\/h4>\n<p>Behandlingsansvarlig forbeholder seg retten til n\u00e5r som helst \u00e5 gj\u00f8re endringer i denne personvernerkl\u00e6ringen ved \u00e5 varsle brukerne p\u00e5 denne siden. Det anbefales p\u00e5 det sterkeste \u00e5 sjekke denne siden ofte, med henvisning til datoen for den siste endringen som er oppf\u00f8rt nederst. Hvis en bruker motsetter seg noen av endringene i retningslinjene, m\u00e5 brukeren slutte \u00e5 bruke denne applikasjonen og kan be om at den behandlingsansvarlige fjerner personopplysningene. Med mindre annet er angitt, gjelder den til enhver tid gjeldende personvernerkl\u00e6ringen for alle personopplysninger som den behandlingsansvarlige har om brukerne.<\/p>\n<h4><strong>Informasjon om denne personvernerkl\u00e6ringen<\/strong><\/h4>\n<p>Behandlingsansvarlig er ansvarlig for denne personvernerkl\u00e6ringen, som er utarbeidet med utgangspunkt i modulene levert av Marcelino d.o.o. og lagret p\u00e5 Marcelino d.o.o.s servere.<\/p>\n<h4><strong>Definisjoner og juridiske referanser<\/strong><\/h4>\n<p><strong>Personopplysninger (eller data)<\/strong><\/p>\n<p>Alle opplysninger om en fysisk person, en juridisk person, en institusjon eller en sammenslutning som er eller kan identifiseres, selv indirekte, ved henvisning til andre opplysninger, herunder et personnummer.<\/p>\n<p><strong>Data om bruk<\/strong><\/p>\n<p>Informasjon som samles inn automatisk fra denne applikasjonen (eller tredjeparts tjenester som brukes i denne applikasjonen), som kan omfatte: IP-adressene eller domenenavnene til datamaskinene som brukes av brukerne som bruker denne applikasjonen, URI-adressene (Uniform Resource Identifier), tidspunktet for foresp\u00f8rselen, metoden som brukes for \u00e5 sende foresp\u00f8rselen til serveren, st\u00f8rrelsen p\u00e5 filen som mottas som svar, tallkoden som angir statusen til serverens svar (vellykket resultat, feil osv.), opprinnelsesland, funksjonene i nettleseren og operativsystemet som brukes av brukeren, ulike tidsopplysninger per bes\u00f8k (f.eks.), opprinnelsesland, funksjonene i nettleseren og operativsystemet som brukeren bruker, de ulike tidsangivelsene per bes\u00f8k (f.eks, tid brukt p\u00e5 hver side i applikasjonen) og detaljer om veien som ble fulgt i applikasjonen, med spesiell henvisning til rekkef\u00f8lgen av bes\u00f8kte sider, og andre parametere om enhetens operativsystem og\/eller brukerens IT-milj\u00f8.<\/p>\n<p><strong>Bruker<\/strong><\/p>\n<p>Personen som bruker denne applikasjonen, som m\u00e5 sammenfalle med eller v\u00e6re autorisert av den registrerte, som personopplysningene refererer til.<\/p>\n<p><strong>Oppgitt emne<\/strong><\/p>\n<p>Den juridiske eller fysiske personen som personopplysningene gjelder.<\/p>\n<p><strong>Databehandler (eller dataansvarlig)<\/strong><\/p>\n<p>Den fysiske personen, juridiske personen, den offentlige forvaltningen eller ethvert annet organ, forening eller organisasjon som er autorisert av den behandlingsansvarlige til \u00e5 behandle personopplysningene i samsvar med denne personvernerkl\u00e6ringen.<\/p>\n<p><strong>Behandlingsansvarlig (eller eier)<\/strong><\/p>\n<p>Den fysiske personen, juridiske personen, den offentlige forvaltningen eller ethvert annet organ, forening eller organisasjon med rett til, ogs\u00e5 sammen med en annen behandlingsansvarlig, \u00e5 ta avgj\u00f8relser om form\u00e5lene og metodene for behandling av personopplysninger og midlene som brukes, inkludert sikkerhetstiltakene for drift og bruk av denne applikasjonen. Den behandlingsansvarlige, med mindre annet er spesifisert, er eieren av denne applikasjonen.<\/p>\n<p><strong>Denne applikasjonen<\/strong><\/p>\n<p>Maskinvare- eller programvareverkt\u00f8yet som brukerens personopplysninger samles inn med.<\/p>\n<hr \/>\n<p><strong>Juridisk informasjon<\/strong><\/p>\n<p>Merknad til europeiske brukere: Denne personvernerkl\u00e6ringen er utarbeidet for \u00e5 oppfylle forpliktelsene i henhold til Art. 10 i EF-direktiv 95\/46\/EF og i henhold til bestemmelsene i direktiv 2002\/58\/EF, som revidert ved direktiv 2009\/136\/EF, om informasjonskapsler.<\/p>\n<p>Denne personvernerkl\u00e6ringen gjelder kun for denne applikasjonen.<\/p>\n<p>Siste oppdatering: 04. mai 2017<\/p>","protected":false},"excerpt":{"rendered":"<p>For \u00e5 f\u00e5 informasjon om personopplysningene dine, form\u00e5lene og partene opplysningene deles med, kan du kontakte eieren. Behandlingsansvarlig og eier MARCELINO d.o.o. Kranj\u010deva ulica 4; 3000 Celje; EU-Slovenija WEB: http:\/\/marcelino.si og http:\/\/passengereye.com [...]<\/p>","protected":false},"author":2,"featured_media":0,"parent":0,"menu_order":0,"comment_status":"closed","ping_status":"closed","template":"","meta":[],"_links":{"self":[{"href":"https:\/\/en.passengereye.com\/nb\/wp-json\/wp\/v2\/pages\/3450"}],"collection":[{"href":"https:\/\/en.passengereye.com\/nb\/wp-json\/wp\/v2\/pages"}],"about":[{"href":"https:\/\/en.passengereye.com\/nb\/wp-json\/wp\/v2\/types\/page"}],"author":[{"embeddable":true,"href":"https:\/\/en.passengereye.com\/nb\/wp-json\/wp\/v2\/users\/2"}],"replies":[{"embeddable":true,"href":"https:\/\/en.passengereye.com\/nb\/wp-json\/wp\/v2\/comments?post=3450"}],"version-history":[{"count":1,"href":"https:\/\/en.passengereye.com\/nb\/wp-json\/wp\/v2\/pages\/3450\/revisions"}],"predecessor-version":[{"id":3451,"href":"https:\/\/en.passengereye.com\/nb\/wp-json\/wp\/v2\/pages\/3450\/revisions\/3451"}],"wp:attachment":[{"href":"https:\/\/en.passengereye.com\/nb\/wp-json\/wp\/v2\/media?parent=3450"}],"curies":[{"name":"wp","href":"https:\/\/api.w.org\/{rel}","templated":true}]}}