{"id":3448,"date":"2018-02-11T14:44:41","date_gmt":"2018-02-11T14:44:41","guid":{"rendered":"https:\/\/en.passengereye.com\/?page_id=3448"},"modified":"2018-02-11T16:05:35","modified_gmt":"2018-02-11T16:05:35","slug":"howtouse","status":"publish","type":"page","link":"https:\/\/en.passengereye.com\/nb\/howtouse\/","title":{"rendered":"Hvordan bruke"},"content":{"rendered":"<h2><strong>Beskrivelse \/ bruksanvisning<\/strong><\/h2>\n<p>PassengerEye er en GRATIS mobilapplikasjon som gj\u00f8r det mulig for brukeren \u00e5 fotorapportere steder. Fotorapportene lastes opp til portalen https:\/\/en.passengereye.com, der du kan se fotorapportene.<\/p>\n<p>Mobilapplikasjonen PassengerEye er utviklet for reisende selgere, uteselgere, salgspersonell, arrang\u00f8rer av ulike arrangementer og andre lignende personer. PassengerEye-mobilappen kan ogs\u00e5 brukes privat.<\/p>\n<p>Brukeren av mobilapplikasjonen PassengerEye (heretter kalt selger) kan laste opp fotorapporter til \u00e9n eller flere registrerte kontoer (heretter kalt konto).<\/p>\n<p>Selgere\/ansatte\/ledere kan bruke mobilapplikasjonen PassengerEye:<br \/>\n- for \u00e5 registrere start og slutt p\u00e5 fotorapportering (brukt tid og banelengde)<br \/>\n- \u00e5 velge sted, butikk, bygning og lignende fra en liste over steder<br \/>\n- for \u00e5 legge til sitt eget sted i listen,<br \/>\n- \u00e5 fotografere eller opprette et fotogalleri av stedet<br \/>\n- for \u00e5 legge til en beskrivelse av fotorapporten,<br \/>\n- for \u00e5 laste opp en fotorapport til portalen PassengerEye.com til kontoen.<\/p>\n<p>En juridisk eller fysisk person kan opprette en registrert konto p\u00e5 portalen https:\/\/en.passengereye.com. Hver selger kan ha flere registrerte kontoer eller kun produsere fotorapporter for andre registrerte kontoer ved hjelp av mobilappen PassengerEye. For \u00e5 bruke mobilapplikasjonen er det ikke n\u00f8dvendig \u00e5 ha en registrert brukerkonto p\u00e5 portalen, det viktige er bare at selgeren inng\u00e5r en avtale med en av de valgte kontoene (dette kan ogs\u00e5 v\u00e6re en testkonto).<\/p>\n<p>En fotorapport (ett eller flere bilder med beskrivelse for det valgte stedet) lagres p\u00e5 portalen https:\/\/en.passengereye.com, i henhold til GPS-posisjon med angitt klokkeslett og en kartlagt vei mellom fotorapportene.<\/p>\n<h2><strong>Bruk av applikasjonen<\/strong><\/h2>\n<ol>\n<li>N\u00e5r selgeren logger seg p\u00e5 mobilappen PassengerEye, velger han f\u00f8rst en konto som han har en kontrakt med, noe som krever en internettforbindelse.<\/li>\n<li>N\u00e5r du logger p\u00e5, kobler mobilapplikasjonen PassengerEye seg til avtalekontoen til portalen https:\/\/en.passengereye.com og rapporterer tid og sted til den.<\/li>\n<li>Selgeren lager og laster opp fotorapporter ved hjelp av mobilappen PassengerEye.<\/li>\n<li>Etter endt fotorapportering og reise logger selgeren seg ut av mobilapplikasjonen og informerer dermed avtalekontoen om medg\u00e5tt tid og kj\u00f8regodtgj\u00f8relse.<\/li>\n<\/ol>\n<p>Hver konto p\u00e5 portalen https:\/\/en.passengereye.com kan ha en eller flere selgere som har sendt fotorapporter til den. P\u00e5 den registrerte kontoen vises fotorapporter, brukte timer og lengden p\u00e5 hele reiseveien i henhold til dager for hver enkelt selger. P\u00e5 portalen https:\/\/en.passengereye.com:<\/p>\n<p>- en reisende kan f\u00f8lges i kontoen p\u00e5 et kart,<br \/>\n- bilder av steder kan sjekkes<br \/>\n- banelengde i km og<br \/>\n- tid brukt av hver enkelt selger p\u00e5 en gitt dag.<\/p>\n<p>Hver selger kan bekrefte en kontrakt med en eller flere kunder eller selskaper. Hver konto eller hvert selskap kan ha flere selgere. Derfor kan hver bruker av mobilapplikasjonen enten laste opp fotorapporter til \u00e9n valgt konto eller til flere. Avhengig av hvor mange kontoer han har kontrakt med.<\/p>\n<p>En selger som ikke har en aktiv kontrakt, kan bruke en testkonto eller registrere virksomheten sin p\u00e5 https:\/\/PassengerEye.com og koble appen p\u00e5 telefonen til sin egen konto og laste opp fotorapporter til den.<\/p>\n<p>Hvis en bruker ikke \u00f8nsker \u00e5 registrere en konto p\u00e5 https:\/\/en.passengereye.com, kan han eller hun sende PIN-koden eller API-n\u00f8kkelen til mobilapplikasjonene sine til app@marcelino.si og motta en kontrakt med en testkonto. Testkontoen eller testselskapet fungerer uten begrensninger.<\/p>\n<p>For \u00e5 fungere er n\u00f8dvendig:<br \/>\n- Internett (for inn- og utlogging)<br \/>\n- aktivert posisjon p\u00e5 mobiltelefonen (GPS-funksjon)<br \/>\n- en forbindelse med en registrert konto eller en testkonto p\u00e5 PassengerEye.com.<\/p>\n<p>Appen er ikke bare for bedrifter, men kan ogs\u00e5 brukes av privatpersoner.<\/p>\n<p>Nyheter i versjon 1.0<br \/>\n- beskrivelse hhv. kommentarer under bildet som er laget<br \/>\n- p\u00e5logging til ett eller flere selskaper (dvs. til registrerte brukere p\u00e5 portalen)<br \/>\n- ett selskap eller en registrert konto kan ha flere selgere<br \/>\n- m\u00e5ling av arbeidstid<br \/>\n- m\u00e5ling av banelengden<br \/>\n- ulike rapporter p\u00e5 portalen (antall fotorapporter per selger og per dag osv.).<br \/>\n- legge til en liste over lokasjoner (import via portalen)<br \/>\n- legge til nettsteder i en enhetlig liste i mobilapplikasjonen PassengerEye.com<\/p>","protected":false},"excerpt":{"rendered":"<p>Beskrivelse \/ Bruksanvisning PassengerEye er en GRATIS mobilapplikasjon som gj\u00f8r det mulig for brukeren \u00e5 fotorapportere steder. Fotorapportene lastes opp til portalen https:\/\/en.passengereye.com, der du kan se fotorapportene. PassengerEye [...]<\/p>","protected":false},"author":2,"featured_media":0,"parent":0,"menu_order":0,"comment_status":"closed","ping_status":"closed","template":"","meta":[],"_links":{"self":[{"href":"https:\/\/en.passengereye.com\/nb\/wp-json\/wp\/v2\/pages\/3448"}],"collection":[{"href":"https:\/\/en.passengereye.com\/nb\/wp-json\/wp\/v2\/pages"}],"about":[{"href":"https:\/\/en.passengereye.com\/nb\/wp-json\/wp\/v2\/types\/page"}],"author":[{"embeddable":true,"href":"https:\/\/en.passengereye.com\/nb\/wp-json\/wp\/v2\/users\/2"}],"replies":[{"embeddable":true,"href":"https:\/\/en.passengereye.com\/nb\/wp-json\/wp\/v2\/comments?post=3448"}],"version-history":[{"count":9,"href":"https:\/\/en.passengereye.com\/nb\/wp-json\/wp\/v2\/pages\/3448\/revisions"}],"predecessor-version":[{"id":3463,"href":"https:\/\/en.passengereye.com\/nb\/wp-json\/wp\/v2\/pages\/3448\/revisions\/3463"}],"wp:attachment":[{"href":"https:\/\/en.passengereye.com\/nb\/wp-json\/wp\/v2\/media?parent=3448"}],"curies":[{"name":"wp","href":"https:\/\/api.w.org\/{rel}","templated":true}]}}