{"id":3450,"date":"2018-02-11T14:46:27","date_gmt":"2018-02-11T14:46:27","guid":{"rendered":"https:\/\/en.passengereye.com\/?page_id=3450"},"modified":"2018-02-11T14:46:27","modified_gmt":"2018-02-11T14:46:27","slug":"list","status":"publish","type":"page","link":"https:\/\/en.passengereye.com\/lv\/list\/","title":{"rendered":"Saraksts"},"content":{"rendered":"<p>Lai sa\u0146emtu inform\u0101ciju par saviem Personas datiem, m\u0113r\u0137iem un pus\u0113m, ar kur\u0101m dati tiek kop\u012bgoti, sazinieties ar \u012apa\u0161nieku.<\/p>\n<h3><strong>Datu p\u0101rzinis un \u012bpa\u0161nieks<\/strong><\/h3>\n<p>MARCELINO d.o.o. Kranj\u010deva ulica 4; 3000 Celje; EU-Slovenija<\/p>\n<p>WEB:\u00a0<a href=\"http:\/\/marcelino.si\/\">http:\/\/marcelino.si<\/a>\u00a0un\u00a0<a href=\"http:\/\/passengereye.com\/\">http:\/\/passengereye.com<\/a><\/p>\n<p>T\u0101lrunis:+386 (0) 59 182 800, +386 (0) 59 251 431<\/p>\n<p>GSM:+386 (0) 31 324 100; +386 (0) 70 602 000<\/p>\n<p>E-mail:info@marcelino.si<\/p>\n<p>PVN Nr: SI76044157<\/p>\n<p>Re\u0123istr\u0101cijas numurs: 2276038000<\/p>\n<p>Uz\u0146\u0113mums ir re\u0123istr\u0113ts Celje apgabaltiesas Uz\u0146\u0113mumu re\u0123istr\u0101.<\/p>\n<h4><strong>Apkopoto datu veidi<\/strong><\/h4>\n<p>\u012apa\u0161nieks nesniedz sav\u0101kto personas datu veidu sarakstu.<\/p>\n<p>Citi sav\u0101ktie Personas dati var b\u016bt aprakst\u012bti cit\u0101s \u0161\u012bs konfidencialit\u0101tes politikas sada\u013c\u0101s vai ar \u012bpa\u0161u paskaidrojuma tekstu kontekst\u0101 ar datu v\u0101k\u0161anu.<br \/>\nPersonas datus var br\u012bvi sniegt Lietot\u0101js vai ar\u012b tie var tikt autom\u0101tiski apkopoti, izmantojot \u0161o Pieteikumu.<br \/>\nJebkura S\u012bkdat\u0146u vai citu izseko\u0161anas r\u012bku izmanto\u0161ana, ko veic \u0161\u012b Lietotne vai tre\u0161o pu\u0161u pakalpojumu \u012bpa\u0161nieki, kurus izmanto \u0161\u012b Lietotne, ja vien nav nor\u0101d\u012bts cit\u0101di, kalpo Lietot\u0101ju identific\u0113\u0161anai un vi\u0146u preferen\u010du atcer\u0113\u0161anai, lai tikai un vien\u012bgi nodro\u0161in\u0101tu Lietot\u0101jam nepiecie\u0161amo pakalpojumu.<br \/>\nJa netiek sniegti konkr\u0113ti Personas dati, \u0161\u012b Pieteikuma pakalpojumu snieg\u0161ana var k\u013c\u016bt neiesp\u0113jama.<\/p>\n<p>Lietot\u0101ji ir atbild\u012bgi par jebk\u0101diem tre\u0161o personu Personas datiem, kas ieg\u016bti, public\u0113ti vai kop\u012bgoti, izmantojot \u0161o Pieteikumu, un apstiprina, ka vi\u0146iem ir tre\u0161\u0101s personas piekri\u0161ana sniegt \u0161os datus \u012apa\u0161niekam.<\/p>\n<h3><strong>Datu apstr\u0101des veids un vieta<\/strong><\/h3>\n<h4><strong>Apstr\u0101des metodes<\/strong><\/h4>\n<p>Datu p\u0101rzinis apstr\u0101d\u0101 Lietot\u0101ju datus pien\u0101c\u012bg\u0101 veid\u0101 un veic atbilsto\u0161us dro\u0161\u012bbas pas\u0101kumus, lai nov\u0113rstu neat\u013cautu piek\u013cuvi datiem, to izpau\u0161anu, groz\u012b\u0161anu vai izn\u012bcin\u0101\u0161anu.<br \/>\nDatu apstr\u0101de tiek veikta, izmantojot datorus un\/vai IT r\u012bkus, iev\u0113rojot organizatorisk\u0101s proced\u016bras un veidus, kas ir stingri saist\u012bti ar nor\u0101d\u012btajiem m\u0113r\u0137iem. Atsevi\u0161\u0137os gad\u012bjumos dati var b\u016bt pieejami ne tikai datu apstr\u0101d\u0101t\u0101jam, bet ar\u012b noteikta veida atbild\u012bgaj\u0101m person\u0101m, kas iesaist\u012btas vietnes darb\u012bb\u0101 (administr\u0101cija, p\u0101rdo\u0161ana, m\u0101rketings, juridiskais dienests, sist\u0113mas administr\u0113\u0161ana), vai \u0101r\u0113j\u0101m person\u0101m (piem\u0113ram, tre\u0161o pu\u0161u tehnisko pakalpojumu sniedz\u0113jiem, pasta p\u0101rvad\u0101t\u0101jiem, hostinga pakalpojumu sniedz\u0113jiem, IT uz\u0146\u0113mumiem, sakaru a\u0123ent\u016br\u0101m), ko \u012bpa\u0161nieks vajadz\u012bbas gad\u012bjum\u0101 iece\u013c par datu apstr\u0101d\u0101t\u0101jiem. \u0160o pu\u0161u atjaunin\u0101tu sarakstu jebkur\u0101 laik\u0101 var piepras\u012bt no Datu p\u0101rzi\u0146a.<\/p>\n<h4><strong>Vieta<\/strong><\/h4>\n<p>Dati tiek apstr\u0101d\u0101ti Datu p\u0101rzi\u0146a darb\u012bbas birojos un jebkur\u0101 cit\u0101 viet\u0101, kur atrodas ar apstr\u0101di saist\u012bt\u0101s puses. Lai sa\u0146emtu papildu inform\u0101ciju, l\u016bdzu, sazinieties ar Datu p\u0101rzini.<\/p>\n<h4><strong>Aiztur\u0113\u0161anas laiks<\/strong><\/h4>\n<p>Dati tiek glab\u0101ti tik ilgi, cik nepiecie\u0161ams, lai sniegtu Lietot\u0101ja piepras\u012bto pakalpojumu vai lai sasniegtu \u0161aj\u0101 dokument\u0101 nor\u0101d\u012btos m\u0113r\u0137us, un Lietot\u0101js vienm\u0113r var piepras\u012bt, lai Datu p\u0101rzinis p\u0101rtrauc vai dz\u0113\u0161 datus.<\/p>\n<h3><strong>Papildu inform\u0101cija par datu v\u0101k\u0161anu un apstr\u0101di<\/strong><\/h3>\n<h4><strong>Tiesved\u012bba<\/strong><\/h4>\n<p>Lietot\u0101ja Personas datus Datu p\u0101rzinis var izmantot juridiskos nol\u016bkos, ties\u0101 vai posmos, kuros tiek ierosin\u0101ta iesp\u0113jama tiesved\u012bba, kas izriet no \u0161\u012bs Lietotnes vai saist\u012bto pakalpojumu nepareizas lieto\u0161anas.<br \/>\nLietot\u0101js apliecina, ka apzin\u0101s, ka Datu p\u0101rzinim var tikt piepras\u012bts atkl\u0101t personas datus p\u0113c valsts iest\u0101\u017eu piepras\u012bjuma.<\/p>\n<h4><strong>Papildu inform\u0101cija par Lietot\u0101ja personas datiem<\/strong><\/h4>\n<p>Papildus \u0161aj\u0101 konfidencialit\u0101tes politik\u0101 iek\u013cautajai inform\u0101cijai \u0161\u012b Lietotne p\u0113c piepras\u012bjuma var sniegt Lietot\u0101jam papildu un kontekstu\u0101lu inform\u0101ciju par konkr\u0113tiem pakalpojumiem vai Personas datu v\u0101k\u0161anu un apstr\u0101di.<\/p>\n<h4><strong>Sist\u0113mas \u017eurn\u0101li un apkope<\/strong><\/h4>\n<p>Darb\u012bbas un uztur\u0113\u0161anas nol\u016bkos \u0161\u012b Lietojumprogramma un jebkuras tre\u0161\u0101s puses pakalpojumi var v\u0101kt failus, kas re\u0123istr\u0113 mijiedarb\u012bbu ar \u0161o Lietojumprogrammu (Sist\u0113mas \u017eurn\u0101lus), vai \u0161im nol\u016bkam izmantot citus Personas datus (piem\u0113ram, IP adresi).<\/p>\n<h4><strong>Inform\u0101cija, kas nav ietverta \u0161aj\u0101 politik\u0101<\/strong><\/h4>\n<p>S\u012bk\u0101ku inform\u0101ciju par Personas datu v\u0101k\u0161anu vai apstr\u0101di jebkur\u0101 laik\u0101 var piepras\u012bt no Datu p\u0101rzi\u0146a. L\u016bdzu, skatiet kontaktinform\u0101ciju \u0161\u0101 dokumenta s\u0101kum\u0101.<\/p>\n<h4><strong>Lietot\u0101ju ties\u012bbas<\/strong><\/h4>\n<p>Lietot\u0101jiem ir ties\u012bbas jebkur\u0101 laik\u0101 uzzin\u0101t, vai vi\u0146u Personas dati ir saglab\u0101ti, un vi\u0146i var sazin\u0101ties ar Datu p\u0101rzini, lai uzzin\u0101tu par to saturu un izcelsmi, p\u0101rbaud\u012btu to precizit\u0101ti vai l\u016bgt tos papildin\u0101t, anul\u0113t, atjaunin\u0101t vai labot, vai p\u0101rveidot anon\u012bm\u0101 form\u0101t\u0101, vai blo\u0137\u0113t jebk\u0101dus datus, kas tiek glab\u0101ti, p\u0101rk\u0101pjot likumu, k\u0101 ar\u012b iebilst pret to apstr\u0101di jebk\u0101du likum\u012bgu iemeslu d\u0113\u013c. Piepras\u012bjumi j\u0101nos\u016bta datu p\u0101rzinim uz iepriek\u0161 nor\u0101d\u012bto kontaktinform\u0101ciju.<\/p>\n<p>\u0160\u012b Lietojumprogramma neatbalsta piepras\u012bjumus \"Nesekot\".<br \/>\nLai noskaidrotu, vai k\u0101ds no t\u0101s izmantotajiem tre\u0161o pu\u0161u pakalpojumiem iev\u0113ro piepras\u012bjumus \"Nesekot\", izlasiet to konfidencialit\u0101tes politiku.<\/p>\n<h4><strong>Izmai\u0146as \u0161aj\u0101 konfidencialit\u0101tes politik\u0101<\/strong><\/h4>\n<p>Datu p\u0101rzinis patur ties\u012bbas jebkur\u0101 laik\u0101 veikt izmai\u0146as \u0161aj\u0101 konfidencialit\u0101tes politik\u0101, par to pazi\u0146ojot Lietot\u0101jiem \u0161aj\u0101 lap\u0101. Ieteicams bie\u017ei p\u0101rbaud\u012bt \u0161o lapu, atsaucoties uz p\u0113d\u0113j\u0101s izmai\u0146as datumu, kas nor\u0101d\u012bts lapas apak\u0161\u0101. Ja Lietot\u0101js iebilst pret jebk\u0101d\u0101m izmai\u0146\u0101m politik\u0101, Lietot\u0101jam j\u0101p\u0101rtrauc lietot \u0161o Pieteikumu un vi\u0146\u0161 var piepras\u012bt, lai Datu p\u0101rzinis dz\u0113\u0161 Personas datus. Ja vien nav nor\u0101d\u012bts cit\u0101di, uz visiem Personas datiem, kas Datu p\u0101rzinim ir par Lietot\u0101jiem, attiecas tobr\u012bd sp\u0113k\u0101 eso\u0161\u0101 priv\u0101tuma politika.<\/p>\n<h4><strong>Inform\u0101cija par \u0161o konfidencialit\u0101tes politiku<\/strong><\/h4>\n<p>Datu p\u0101rzinis ir atbild\u012bgs par \u0161o priv\u0101tuma politiku, kas sagatavota, s\u0101kot no Marcelino d.o.o. nodro\u0161in\u0101tajiem modu\u013ciem, kas izvietoti Marcelino d.o.o. serveros.<\/p>\n<h4><strong>Defin\u012bcijas un juridisk\u0101s atsauces<\/strong><\/h4>\n<p><strong>Personas dati (vai dati)<\/strong><\/p>\n<p>Jebkura inform\u0101cija par fizisku personu, juridisku personu, iest\u0101di vai apvien\u012bbu, kas ir vai var tikt identific\u0113ta, pat netie\u0161i atsaucoties uz jebkuru citu inform\u0101ciju, tostarp personas identifik\u0101cijas numuru.<\/p>\n<p><strong>Lieto\u0161anas dati<\/strong><\/p>\n<p>Inform\u0101cija, kas tiek autom\u0101tiski apkopota no \u0161\u012bs Lietojumprogrammas (vai \u0161aj\u0101 Lietojumprogramm\u0101 izmantotajiem tre\u0161o pu\u0161u pakalpojumiem), kas var ietvert: to datoru IP adreses vai dom\u0113na nosaukumus, kurus izmanto Lietot\u0101ji, kas izmanto \u0161o Lietojumprogrammu, URI adreses (Uniform Resource Identifier), piepras\u012bjuma laiku, metodi, kas izmantota, lai iesniegtu piepras\u012bjumu serverim, sa\u0146emto failu izm\u0113ru, skaitlisko kodu, kas nor\u0101da servera atbildes statusu (veiksm\u012bgs rezult\u0101ts, k\u013c\u016bda utt.).), izcelsmes valsti, lietot\u0101ja izmantot\u0101s p\u0101rl\u016bkprogrammas un oper\u0113t\u0101jsist\u0113mas funkcijas, da\u017e\u0101dus apmekl\u0113juma laika datus (piem, laiks, kas pavad\u012bts katr\u0101 lietotnes lap\u0101) un s\u012bk\u0101ka inform\u0101cija par ce\u013cu, kas veikts lietotn\u0113, \u012bpa\u0161i nor\u0101dot apmekl\u0113to lapu sec\u012bbu, k\u0101 ar\u012b citi parametri par ier\u012bces oper\u0113t\u0101jsist\u0113mu un\/vai lietot\u0101ja IT vidi.<\/p>\n<p><strong>Lietot\u0101js<\/strong><\/p>\n<p>Persona, kas izmanto \u0161o Pieteikumu, kurai j\u0101sakr\u012bt ar Datu subjektu, uz kuru attiecas Personas dati, vai kurai j\u0101b\u016bt t\u0101 pilnvarotai.<\/p>\n<p><strong>Datu subjekts<\/strong><\/p>\n<p>Juridisk\u0101 vai fizisk\u0101 persona, uz kuru attiecas Personas dati.<\/p>\n<p><strong>Datu apstr\u0101d\u0101t\u0101js (vai datu p\u0101rzinis)<\/strong><\/p>\n<p>Fiziska persona, juridiska persona, valsts p\u0101rvaldes iest\u0101de vai jebkura cita iest\u0101de, apvien\u012bba vai organiz\u0101cija, ko Datu p\u0101rzinis pilnvarojis apstr\u0101d\u0101t personas datus saska\u0146\u0101 ar \u0161o priv\u0101tuma politiku.<\/p>\n<p><strong>Datu p\u0101rzinis (vai \u012bpa\u0161nieks)<\/strong><\/p>\n<p>Fiziskai personai, juridiskai personai, valsts p\u0101rvaldes iest\u0101dei vai jebkurai citai strukt\u016brai, apvien\u012bbai vai organiz\u0101cijai ar ties\u012bb\u0101m, ar\u012b kop\u0101 ar citu datu p\u0101rzini, pie\u0146emt l\u0113mumus par Personas datu apstr\u0101des nol\u016bkiem un metod\u0113m, k\u0101 ar\u012b izmantotajiem l\u012bdzek\u013ciem, tostarp dro\u0161\u012bbas pas\u0101kumiem attiec\u012bb\u0101 uz \u0161\u012bs Pieteikuma darb\u012bbu un izmanto\u0161anu. Datu p\u0101rzinis, ja vien nav nor\u0101d\u012bts cit\u0101di, ir \u0161\u012bs Lietotnes \u012bpa\u0161nieks.<\/p>\n<p><strong>\u0160is pieteikums<\/strong><\/p>\n<p>aparat\u016bras vai programmat\u016bras r\u012bks, ar kura pal\u012bdz\u012bbu tiek v\u0101kti Lietot\u0101ja Personas dati.<\/p>\n<hr \/>\n<p><strong>Juridisk\u0101 inform\u0101cija<\/strong><\/p>\n<p>Pazi\u0146ojums Eiropas lietot\u0101jiem: \u0161is pazi\u0146ojums par konfidencialit\u0101ti ir sagatavots, pildot pien\u0101kumus, kas noteikti Eiropas Savien\u012bbas Ofici\u0101l\u0101 V\u0113stne\u0161a 7. pant\u0101. 95\/46\/EK 10. pantu un saska\u0146\u0101 ar Direkt\u012bvas 2002\/58\/EK, kas p\u0101rskat\u012bta ar Direkt\u012bvu 2009\/136\/EK, noteikumiem par s\u012bkdatn\u0113m.<\/p>\n<p>\u0160\u012b konfidencialit\u0101tes politika attiecas tikai uz \u0161o Pieteikumu.<\/p>\n<p>Jaun\u0101kais atjaunin\u0101jums: 04. maijs, 2017<\/p>","protected":false},"excerpt":{"rendered":"<p>Lai sa\u0146emtu inform\u0101ciju par saviem Personas datiem, m\u0113r\u0137iem un pus\u0113m, ar kur\u0101m dati tiek kop\u012bgoti, sazinieties ar \u012apa\u0161nieku. Datu p\u0101rzinis un \u012bpa\u0161nieks MARCELINO d.o.o. Kranj\u010deva ulica 4; 3000 Celje; EU-Slovenija WEB: http:\/\/marcelino.si un http:\/\/passengereye.com [...]<\/p>","protected":false},"author":2,"featured_media":0,"parent":0,"menu_order":0,"comment_status":"closed","ping_status":"closed","template":"","meta":[],"_links":{"self":[{"href":"https:\/\/en.passengereye.com\/lv\/wp-json\/wp\/v2\/pages\/3450"}],"collection":[{"href":"https:\/\/en.passengereye.com\/lv\/wp-json\/wp\/v2\/pages"}],"about":[{"href":"https:\/\/en.passengereye.com\/lv\/wp-json\/wp\/v2\/types\/page"}],"author":[{"embeddable":true,"href":"https:\/\/en.passengereye.com\/lv\/wp-json\/wp\/v2\/users\/2"}],"replies":[{"embeddable":true,"href":"https:\/\/en.passengereye.com\/lv\/wp-json\/wp\/v2\/comments?post=3450"}],"version-history":[{"count":1,"href":"https:\/\/en.passengereye.com\/lv\/wp-json\/wp\/v2\/pages\/3450\/revisions"}],"predecessor-version":[{"id":3451,"href":"https:\/\/en.passengereye.com\/lv\/wp-json\/wp\/v2\/pages\/3450\/revisions\/3451"}],"wp:attachment":[{"href":"https:\/\/en.passengereye.com\/lv\/wp-json\/wp\/v2\/media?parent=3450"}],"curies":[{"name":"wp","href":"https:\/\/api.w.org\/{rel}","templated":true}]}}