{"id":3448,"date":"2018-02-11T14:44:41","date_gmt":"2018-02-11T14:44:41","guid":{"rendered":"https:\/\/en.passengereye.com\/?page_id=3448"},"modified":"2018-02-11T16:05:35","modified_gmt":"2018-02-11T16:05:35","slug":"howtouse","status":"publish","type":"page","link":"https:\/\/en.passengereye.com\/lv\/howtouse\/","title":{"rendered":"K\u0101 lietot"},"content":{"rendered":"<h2><strong>Apraksts \/ Lieto\u0161anas instrukcija<\/strong><\/h2>\n<p>PassengerEye ir BEZMAKSAS mobil\u0101 lietojumprogramma, kas \u013cauj lietot\u0101jam zi\u0146ot par atra\u0161an\u0101s viet\u0101m ar fotoatt\u0113lu. Fotozi\u0146ojumi tiek aug\u0161upiel\u0101d\u0113ti port\u0101l\u0101 https:\/\/en.passengereye.com, kur tos var apskat\u012bt.<\/p>\n<p>PassengerEye mobil\u0101 lietojumprogramma ir paredz\u0113ta ce\u013cojo\u0161iem p\u0101rdev\u0113jiem, lauka p\u0101rdev\u0113jiem, p\u0101rdo\u0161anas darbiniekiem, da\u017e\u0101du pas\u0101kumu organiz\u0113t\u0101jiem vai cit\u0101m l\u012bdz\u012bg\u0101m person\u0101m. PassengerEye mobilo lietotni var izmantot ar\u012b priv\u0101ti.<\/p>\n<p>Mobil\u0101s lietotnes PassengerEye lietot\u0101js (turpm\u0101k tekst\u0101 - \"p\u0101rdev\u0113js\") var aug\u0161upiel\u0101d\u0113t foto atskaites vien\u0101 vai vair\u0101kos re\u0123istr\u0113tos kontos (turpm\u0101k tekst\u0101 - \"konts\").<\/p>\n<p>P\u0101rdev\u0113ji \/ Darbinieki \/ Vad\u012bt\u0101ji \/ Uzraugi var izmantot mobilo lietotni PassengerEye:<br \/>\n- lai re\u0123istr\u0113tu fotoreport\u0101\u017eas s\u0101kumu un beigas (izmantotais laiks un ce\u013ca garums).<br \/>\n- izv\u0113l\u0113ties atra\u0161an\u0101s vietu, veikalu, \u0113ku u. tml. no atra\u0161an\u0101s vietu saraksta.<br \/>\n- pievienot savu atra\u0161an\u0101s vietu sarakstam,<br \/>\n- nofotograf\u0113t vai izveidot atra\u0161an\u0101s vietas foto galeriju.<br \/>\n- lai pievienotu foto zi\u0146ojuma aprakstu,<br \/>\n- lai veiktu fotoreport\u0101\u017eas aug\u0161upiel\u0101di port\u0101l\u0101 PassengerEye.com uz kontu.<\/p>\n<p>Juridiska vai fiziska persona var atv\u0113rt re\u0123istr\u0113tu kontu port\u0101l\u0101 https:\/\/en.passengereye.com. Katram p\u0101rdev\u0113jam var b\u016bt vair\u0101ki re\u0123istr\u0113ti konti vai ar mobil\u0101s lietotnes PassengerEye pal\u012bdz\u012bbu var tikai sagatavot fotoreport\u0101\u017eas citiem re\u0123istr\u0113tiem kontiem. Lai izmantotu mobilo lietotni, nav nepiecie\u0161ams re\u0123istr\u0113ts lietot\u0101ja konts port\u0101l\u0101, svar\u012bgi ir tikai tas, ka p\u0101rdev\u0113js nosl\u0113dz l\u012bgumu ar vienu no izv\u0113l\u0113tajiem kontiem (tas var b\u016bt ar\u012b testa konts).<\/p>\n<p>Fotoreport\u0101\u017ea (viens vai vair\u0101ki att\u0113li ar aprakstu par izv\u0113l\u0113to atra\u0161an\u0101s vietu) tiek saglab\u0101ta port\u0101l\u0101 https:\/\/en.passengereye.com atbilsto\u0161i GPS atra\u0161an\u0101s vietai ar ierakst\u012btu laiku un iez\u012bm\u0113tu ce\u013cu starp fotoreport\u0101\u017e\u0101m.<\/p>\n<h2><strong>Lietojumprogrammas izmanto\u0161ana<\/strong><\/h2>\n<ol>\n<li>Kad p\u0101rdev\u0113js piesl\u0113dzas mobilajai lietotnei PassengerEye, vi\u0146\u0161 vispirms izv\u0113las kontu, ar kuru vi\u0146am ir nosl\u0113gts l\u012bgums, tam nepiecie\u0161ams interneta piesl\u0113gums.<\/li>\n<li>Piesl\u0113dzoties, mobil\u0101 lietojumprogramma PassengerEye piesl\u0113dzas l\u012bguma kontam port\u0101l\u0101 https:\/\/en.passengereye.com un zi\u0146o tam par laiku un atra\u0161an\u0101s vietu.<\/li>\n<li>P\u0101rdev\u0113js veido un aug\u0161upiel\u0101d\u0113 fotoatt\u0113lu p\u0101rskatus, izmantojot mobilo lietotni PassengerEye.<\/li>\n<li>P\u0113c fotoreport\u0101\u017eas un ce\u013cojuma beig\u0101m p\u0101rdev\u0113js iziet no mobil\u0101s lietotnes un t\u0101d\u0113j\u0101di inform\u0113 l\u012bguma kontu par izt\u0113r\u0113to laiku un nobrauktajiem kilometriem.<\/li>\n<\/ol>\n<p>Katram kontam port\u0101l\u0101 https:\/\/en.passengereye.com var b\u016bt viens vai vair\u0101ki p\u0101rdev\u0113ji, kas uz to nos\u016bt\u012bju\u0161i fotoatt\u0113lu p\u0101rskatus. Re\u0123istr\u0113taj\u0101 tiek par\u0101d\u012bti konta foto atskaites, pavad\u012bt\u0101s stundas un visa ce\u013cojuma ce\u013ca garums pa dien\u0101m katram atsevi\u0161\u0137am p\u0101rdev\u0113jam. Port\u0101l\u0101 https:\/\/en.passengereye.com:<\/p>\n<p>- ce\u013cot\u0101jam var sekot kont\u0101 kart\u0113,<br \/>\n- var p\u0101rbaud\u012bt atra\u0161an\u0101s vietu fotoatt\u0113lus<br \/>\n- ce\u013ca garums km un<br \/>\n- katra p\u0101rdev\u0113ja pavad\u012btais laiks attiec\u012bgaj\u0101 dien\u0101.<\/p>\n<p>Katrs p\u0101rdev\u0113js var apstiprin\u0101t l\u012bgumu ar vienu vai vair\u0101kiem klientiem vai uz\u0146\u0113mumiem. Katram kontam vai uz\u0146\u0113mumam var b\u016bt vair\u0101ki p\u0101rdev\u0113ji. T\u0101p\u0113c katrs mobil\u0101s lietojumprogrammas lietot\u0101js var vai nu aug\u0161upiel\u0101d\u0113t fotoatskaites tikai vienam izv\u0113l\u0113tajam kontam, vai ar\u012b vair\u0101kiem kontiem. Atkar\u012bb\u0101 no kontu skaita, ar kuriem vi\u0146am ir l\u012bgums.<\/p>\n<p>P\u0101rdev\u0113js, kuram nav akt\u012bva l\u012bguma, var izmantot testa kontu vai ar\u012b re\u0123istr\u0113t savu uz\u0146\u0113mumu vietn\u0113 https:\/\/PassengerEye.com un savienot lietotni sav\u0101 t\u0101lrun\u012b ar savu kontu, k\u0101 ar\u012b aug\u0161upiel\u0101d\u0113t taj\u0101 foto p\u0101rskatus.<\/p>\n<p>Ja lietot\u0101js nev\u0113las re\u0123istr\u0113t kontu vietn\u0113 https:\/\/en.passengereye.com, vi\u0146\u0161 var nos\u016bt\u012bt savas mobil\u0101s lietojumprogrammas PIN kodu vai API atsl\u0113gu uz e-pastu app@marcelino.si, un vi\u0146\u0161 sa\u0146ems l\u012bgumu ar testa kontu. Testa konts vai testa uz\u0146\u0113mums darbojas bez ierobe\u017eojumiem.<\/p>\n<p>Funkcion\u0113\u0161anai ir nepiecie\u0161ami:<br \/>\n- Internets (pieteik\u0161an\u0101s un izrakst\u012b\u0161an\u0101s)<br \/>\n- iesp\u0113jota atra\u0161an\u0101s vietas noteik\u0161ana mobilaj\u0101 t\u0101lrun\u012b (GPS funkcija).<br \/>\n- savienojumu ar re\u0123istr\u0113tu kontu vai testa kontu PassengerEye.com.<\/p>\n<p>\u0160\u012b lietotne nav paredz\u0113ta tikai uz\u0146\u0113mumiem, to var izmantot ar\u012b priv\u0101tpersonas.<\/p>\n<p>Kas jauns 1.0 versij\u0101<br \/>\n- apraksts resp. koment\u0101ri zem fotoatt\u0113la<br \/>\n- piesl\u0113g\u0161an\u0101s vienam vai vair\u0101kiem uz\u0146\u0113mumiem (t. i., port\u0101l\u0101 re\u0123istr\u0113tiem lietot\u0101jiem).<br \/>\n- vienam uz\u0146\u0113mumam vai re\u0123istr\u0113tam kontam var b\u016bt vair\u0101ki p\u0101rdev\u0113ji.<br \/>\n- darba laika m\u0113r\u012b\u0161ana<br \/>\n- ce\u013ca garuma m\u0113r\u012b\u0161ana<br \/>\n- da\u017e\u0101das atskaites port\u0101l\u0101 (foto atskai\u0161u skaits uz katru p\u0101rdev\u0113ju un dien\u0101 utt.).<br \/>\n- pievienojot atra\u0161an\u0101s vietu sarakstu (import\u0113t, izmantojot port\u0101lu).<br \/>\n- viet\u0146u pievieno\u0161ana vienotam sarakstam mobilaj\u0101 lietotn\u0113 PassengerEye.com.<\/p>","protected":false},"excerpt":{"rendered":"<p>Apraksts \/ Lieto\u0161anas instrukcija PassengerEye ir BEZMAKSAS mobil\u0101 lietojumprogramma, kas \u013cauj lietot\u0101jam zi\u0146ot par atra\u0161an\u0101s vietu. Fotozi\u0146ojumi tiek aug\u0161upiel\u0101d\u0113ti port\u0101l\u0101 https:\/\/en.passengereye.com, kur tos var apskat\u012bt. PassengerEye [...]<\/p>","protected":false},"author":2,"featured_media":0,"parent":0,"menu_order":0,"comment_status":"closed","ping_status":"closed","template":"","meta":[],"_links":{"self":[{"href":"https:\/\/en.passengereye.com\/lv\/wp-json\/wp\/v2\/pages\/3448"}],"collection":[{"href":"https:\/\/en.passengereye.com\/lv\/wp-json\/wp\/v2\/pages"}],"about":[{"href":"https:\/\/en.passengereye.com\/lv\/wp-json\/wp\/v2\/types\/page"}],"author":[{"embeddable":true,"href":"https:\/\/en.passengereye.com\/lv\/wp-json\/wp\/v2\/users\/2"}],"replies":[{"embeddable":true,"href":"https:\/\/en.passengereye.com\/lv\/wp-json\/wp\/v2\/comments?post=3448"}],"version-history":[{"count":9,"href":"https:\/\/en.passengereye.com\/lv\/wp-json\/wp\/v2\/pages\/3448\/revisions"}],"predecessor-version":[{"id":3463,"href":"https:\/\/en.passengereye.com\/lv\/wp-json\/wp\/v2\/pages\/3448\/revisions\/3463"}],"wp:attachment":[{"href":"https:\/\/en.passengereye.com\/lv\/wp-json\/wp\/v2\/media?parent=3448"}],"curies":[{"name":"wp","href":"https:\/\/api.w.org\/{rel}","templated":true}]}}