{"id":146,"date":"2007-09-04T09:52:50","date_gmt":"2007-09-04T16:52:50","guid":{"rendered":"http:\/\/wpthemetestdata.wordpress.com\/lorem-ipsum\/"},"modified":"2018-03-14T13:46:24","modified_gmt":"2018-03-14T13:46:24","slug":"contact","status":"publish","type":"page","link":"https:\/\/en.passengereye.com\/lv\/contact\/","title":{"rendered":"Sazinieties ar"},"content":{"rendered":"<div class=\"ia_row\">\r\n        \t<div class=\"vc_row wpb_row vc_row-fluid\"><div class=\"wpb_column vc_column_container vc_col-sm-6\"><div class=\"vc_column-inner\"><div class=\"wpb_wrapper\">    <div class=\"ia-heading ia-heading-heading_1730 heading-align-left\" data-delay=\"0\">\r\n    \t<h2 >\r\n                \tINFORM\u0100CIJA PAR UZ\u0145\u0112MUMU                <\/h2>\r\n        <div class=\"clearfix\"><\/div>\r\n    <\/div>\r\n        \t    \t<div id=\"ia-icon-box-1\" class=\"media ia-icon-box\" data-delay=\"0\">\r\n            <div class=\"pull-left\">\r\n            \t                <div class=\"ia-icon\">\r\n                \t<i class=\"fa fa-map-marker\"><\/i>\r\n                <\/div>\r\n                            <\/div>\r\n            <div class=\"media-body\">\r\n                <h4 class=\"media-heading\">Adrese<\/h4><p>MARCELINO D.O.O.<br \/>\nKranj\u010deva iela 4; 3000 Celje<br \/>\nSI-Slovenija<\/p>            <\/div>\r\n            <div class=\"clearfix\"><\/div>\r\n        <\/div>\r\n        \t    \t    \t<div id=\"ia-icon-box-2\" class=\"media ia-icon-box\" data-delay=\"0\">\r\n            <div class=\"pull-left\">\r\n            \t                <div class=\"ia-icon\">\r\n                \t<i class=\"fa fa-phone\"><\/i>\r\n                <\/div>\r\n                            <\/div>\r\n            <div class=\"media-body\">\r\n                <h4 class=\"media-heading\">T\u0101lrunis<\/h4><p>T: +386 (0)59182800<br \/>\nG:+386(0)31 324 100<br \/>\nG:+386(0)70 602 000<\/p>            <\/div>\r\n            <div class=\"clearfix\"><\/div>\r\n        <\/div>\r\n        \t    \t    \t<div id=\"ia-icon-box-3\" class=\"media ia-icon-box\" data-delay=\"0\">\r\n            <div class=\"pull-left\">\r\n            \t                <div class=\"ia-icon\">\r\n                \t<i class=\"fa fa-envelope-o\"><\/i>\r\n                <\/div>\r\n                            <\/div>\r\n            <div class=\"media-body\">\r\n                <h4 class=\"media-heading\">E-pasts<\/h4><p>info@passengereye.com<br \/>\ninfo@marcelino.si<\/p>            <\/div>\r\n            <div class=\"clearfix\"><\/div>\r\n        <\/div>\r\n        \t    \t    \t<div id=\"ia-icon-box-4\" class=\"media ia-icon-box\" data-delay=\"0\">\r\n            <div class=\"pull-left\">\r\n            \t                <div class=\"ia-icon\">\r\n                \t<i class=\"fa fa-quote-right\"><\/i>\r\n                <\/div>\r\n                            <\/div>\r\n            <div class=\"media-body\">\r\n                <h4 class=\"media-heading\">Laipni l\u016bdzam<\/h4><p>Za vse nadaljnje inform\u0101cijas nas prosim pokli\u010dite na telefon ali nam posredujte e-pastu.<\/p>            <\/div>\r\n            <div class=\"clearfix\"><\/div>\r\n        <\/div>\r\n        \t<\/div><\/div><\/div><div class=\"wpb_column vc_column_container vc_col-sm-6\"><div class=\"vc_column-inner\"><div class=\"wpb_wrapper\">    <div class=\"ia-heading ia-heading-heading_5271 heading-align-left\" data-delay=\"0\">\r\n    \t<h2 >\r\n                \tSazinieties ar mums                <\/h2>\r\n        <div class=\"clearfix\"><\/div>\r\n    <\/div>\r\n    <div role=\"form\" class=\"wpcf7\" id=\"wpcf7-f7-o1\" lang=\"en-US\" dir=\"ltr\">\n<div class=\"screen-reader-response\"><\/div>\n<form action=\"\/lv\/wp-json\/wp\/v2\/pages\/146#wpcf7-f7-o1\" method=\"post\" class=\"wpcf7-form\" novalidate=\"novalidate\" data-trp-original-action=\"\/lv\/wp-json\/wp\/v2\/pages\/146#wpcf7-f7-o1\">\n<div style=\"display: none;\">\n<input type=\"hidden\" name=\"_wpcf7\" value=\"7\" \/>\n<input type=\"hidden\" name=\"_wpcf7_version\" value=\"4.9.1\" \/>\n<input type=\"hidden\" name=\"_wpcf7_locale\" value=\"en_US\" \/>\n<input type=\"hidden\" name=\"_wpcf7_unit_tag\" value=\"wpcf7-f7-o1\" \/>\n<input type=\"hidden\" name=\"_wpcf7_container_post\" value=\"0\" \/>\n<\/div>\n<p><label> Nosaukums \/ Uz\u0146\u0113mums (obligno)<br \/>\n    <span class=\"wpcf7-form-control-wrap your-name\"><input type=\"text\" name=\"your-name\" value=\"\" size=\"40\" class=\"wpcf7-form-control wpcf7-text wpcf7-validates-as-required\" aria-required=\"true\" aria-invalid=\"false\" \/><\/span> <\/label><\/p>\n<p><label> E-pasts (obligno)<br \/>\n    <span class=\"wpcf7-form-control-wrap your-email\"><input type=\"email\" name=\"your-email\" value=\"\" size=\"40\" class=\"wpcf7-form-control wpcf7-text wpcf7-email wpcf7-validates-as-required wpcf7-validates-as-email\" aria-required=\"true\" aria-invalid=\"false\" \/><\/span> <\/label><\/p>\n<p><label> T\u0101lrunis<br \/>\n    <span class=\"wpcf7-form-control-wrap your-subject\"><input type=\"text\" name=\"your-subject\" value=\"\" size=\"40\" class=\"wpcf7-form-control wpcf7-text\" aria-invalid=\"false\" \/><\/span> <\/label><\/p>\n<p><label> Zi\u0146a<br \/>\n    <span class=\"wpcf7-form-control-wrap your-message\"><textarea name=\"your-message\" cols=\"40\" rows=\"10\" class=\"wpcf7-form-control wpcf7-textarea\" aria-invalid=\"false\"><\/textarea><\/span> <\/label><\/p>\n<div class=\"wpcf7-form-control-wrap\"><div data-sitekey=\"6LfUK6gUAAAAACB9ZzCQPbLRmBp4mqDDnwAiuYfA\" class=\"wpcf7-form-control g-recaptcha wpcf7-recaptcha\"><\/div>\n<noscript>\n\t<div style=\"width: 302px; height: 422px;\">\n\t\t<div style=\"width: 302px; height: 422px; position: relative;\">\n\t\t\t<div style=\"width: 302px; height: 422px; position: absolute;\">\n\t\t\t\t<iframe src=\"https:\/\/www.google.com\/recaptcha\/api\/fallback?k=6LfUK6gUAAAAACB9ZzCQPbLRmBp4mqDDnwAiuYfA\" frameborder=\"0\" scrolling=\"no\" style=\"width: 302px; height:422px; border-style: none;\">\n\t\t\t\t<\/iframe>\n\t\t\t<\/div>\n\t\t\t<div style=\"width: 300px; height: 60px; border-style: none; bottom: 12px; left: 25px; margin: 0px; padding: 0px; right: 25px; background: #f9f9f9; border: 1px solid #c1c1c1; border-radius: 3px;\">\n\t\t\t\t<textarea id=\"g-recaptcha-response\" name=\"g-recaptcha-response\" class=\"g-recaptcha-response\" style=\"width: 250px; height: 40px; border: 1px solid #c1c1c1; margin: 10px 25px; padding: 0px; resize: none;\">\n\t\t\t\t<\/textarea>\n\t\t\t<\/div>\n\t\t<\/div>\n\t<\/div>\n<\/noscript>\n<\/div>\n<p><input type=\"submit\" value=\"S\u016bt\u012bt\" class=\"wpcf7-form-control wpcf7-submit\" \/><\/p>\n<div class=\"wpcf7-response-output wpcf7-display-none\"><\/div><input type=\"hidden\" name=\"trp-form-language\" value=\"lv\"\/><\/form><\/div><\/div><\/div><\/div><\/div>    \t\t\t<\/div><!--\/ia_row-->","protected":false},"excerpt":{"rendered":"INFORM\u0100CIJA Par uz\u0146\u0113mumu AdreseMARCELINO D.O.O. Kranj\u010deva ulica 4; 3000 Celje SI-Slovenija T\u0101lrunisT: +386 (0)59182800 G:+386(0)31 324 100 G:+386(0)70 602 000 Emailinfo@passengereye.com info@marcelino.si Laipni l\u016bdzamZa vse turpm\u0101kas inform\u0101cijas nas prosim pokli\u010dite na telefon ali nam posredujte e-pastu. Sazinieties ar [...]","protected":false},"author":1,"featured_media":0,"parent":0,"menu_order":7,"comment_status":"closed","ping_status":"closed","template":"page-templates\/tpl-demo-menu-style-off-canvas.php","meta":[],"_links":{"self":[{"href":"https:\/\/en.passengereye.com\/lv\/wp-json\/wp\/v2\/pages\/146"}],"collection":[{"href":"https:\/\/en.passengereye.com\/lv\/wp-json\/wp\/v2\/pages"}],"about":[{"href":"https:\/\/en.passengereye.com\/lv\/wp-json\/wp\/v2\/types\/page"}],"author":[{"embeddable":true,"href":"https:\/\/en.passengereye.com\/lv\/wp-json\/wp\/v2\/users\/1"}],"replies":[{"embeddable":true,"href":"https:\/\/en.passengereye.com\/lv\/wp-json\/wp\/v2\/comments?post=146"}],"version-history":[{"count":9,"href":"https:\/\/en.passengereye.com\/lv\/wp-json\/wp\/v2\/pages\/146\/revisions"}],"predecessor-version":[{"id":3473,"href":"https:\/\/en.passengereye.com\/lv\/wp-json\/wp\/v2\/pages\/146\/revisions\/3473"}],"wp:attachment":[{"href":"https:\/\/en.passengereye.com\/lv\/wp-json\/wp\/v2\/media?parent=146"}],"curies":[{"name":"wp","href":"https:\/\/api.w.org\/{rel}","templated":true}]}}