{"id":12,"date":"2010-07-25T19:40:01","date_gmt":"2010-07-26T02:40:01","guid":{"rendered":"http:\/\/wpthemetestdata.wordpress.com\/about\/"},"modified":"2010-07-25T19:40:01","modified_gmt":"2010-07-26T02:40:01","slug":"features","status":"publish","type":"page","link":"https:\/\/en.passengereye.com\/lv\/features\/","title":{"rendered":"Funkcijas"},"content":{"rendered":"<p><img loading=\"lazy\" class=\"aligncenter wp-image-2031 size-full\" src=\"http:\/\/demo.leafcolor.com\/applay\/wp-content\/uploads\/2014\/10\/sc.png\" alt=\"sc\" width=\"900\" height=\"600\" \/><\/p>\n<p>&nbsp;<\/p>\n<div class=\"ia-heading ia-heading-heading_5854 heading-align-left\" data-delay=\"\">\r\n    \t<h2 >\r\n                \tPAR APPLAY                <\/h2>\r\n        <div class=\"clearfix\"><\/div>\r\n    <\/div>\r\n    Applay ir daudzfunkcion\u0101la WordPress t\u0113ma aplik\u0101ciju demonstr\u0113\u0161anai, App Store, App Landing, uz\u0146\u0113m\u0113jdarb\u012bbai un iepirkumiem. Ja jums pat\u012bk \u0161\u012b t\u0113ma, l\u016bdzu, nov\u0113rt\u0113jiet 5 zvaigzn\u012btes vai atst\u0101jiet koment\u0101rus, lai m\u0113s var\u0113tu rad\u012bt lab\u0101kus produktus.<\/p>\n<p>&nbsp;<\/p>\n    <div class=\"ia-heading ia-heading-heading_6717 heading-align-left\" data-delay=\"\">\r\n    \t<h2 >\r\n                \tFunkcijas                <\/h2>\r\n        <div class=\"clearfix\"><\/div>\r\n    <\/div>\r\n    \n<ul>\n<li>\u012apa\u0161i respons\u012bvs dizains<\/li>\n<li>Gatavs re\u017e\u012bmam Retina<\/li>\n<li>4 m\u0101jaslapas vari\u0101cijas un neierobe\u017eotas iesp\u0113jas<\/li>\n<li>3 Appstore vari\u0101cijas un neierobe\u017eotas iesp\u0113jas<\/li>\n<li>3 galvenes stili x 2 galvenes sh\u0113mas (tum\u0161s\/gai\u0161s)<\/li>\n<li>Mobile Showcase Builder spraudnis - izveidojiet mobilo maketu bez Photoshop<\/li>\n<li>P\u0101rdodiet vai reklam\u0113jiet mobil\u0101s lietotnes, izmantojot WooCommerce<\/li>\n<li>WooCommerce integr\u0113ta - P\u0101rdod savu produktu tie\u0161saist\u0113 viegli<\/li>\n<li>Parallax &amp; CSS anim\u0101cijas efekts<\/li>\n<li>*Streppu\u0161u veidot\u0101js - Visual Composer iek\u013cauts (ietaup\u0101t $25)<\/li>\n<li>*Quick Ajax - Modern Ajax Query iek\u013cauts (j\u016bs ietaup\u0101t $17)<br \/>\nElast\u012bgas, jaud\u012bgas un skaistas \u012bs\u0101s kodes<\/li>\n<li>Neierobe\u017eotas kr\u0101sas un izk\u0101rtojums<\/li>\n<li>Vair\u0101ku kolonnu izv\u0113lnes nolai\u017eam\u0101 izv\u0113lne<\/li>\n<li>Ieb\u016bv\u0113tie logr\u012bki un piel\u0101gotie logr\u012bku izk\u0101rtojuma iestat\u012bjumi<\/li>\n<li>Soci\u0101lie konti un kop\u012bgo\u0161ana soci\u0101lajos t\u012bklos<\/li>\n<li>Piln\u012bb\u0101 piel\u0101gojama ar t\u0113mas opcijas<\/li>\n<li>Tika iek\u013cauti \u0161\u0101du datu paraugi<\/li>\n<li>Atbalsts WP Pagenavi, Kontaktformu 7, Flickr Badges Widget...<\/li>\n<li>Atbalsta visus Google fontus<\/li>\n<li>Font Awesome integr\u0113ta<\/li>\n<li>WPML Ready - daudzvalodu t\u012bmek\u013ca vietnei<\/li>\n<li>Autom\u0101tiska atjaunin\u0101\u0161ana - lai t\u0113ma b\u016btu atjaunin\u0101ta l\u012bdz jaun\u0101kajai versijai<\/li>\n<li>Piel\u0101gojams iepriek\u0161\u0113jas iel\u0101des efekts<\/li>\n<\/ul>\n<p>(Atjaunin\u0101\u0161ana)<\/p>","protected":false},"excerpt":{"rendered":"<p>&nbsp; Applay is a multipurpose WordPress theme for App showcase, App Store, App Landing, Business and Shopping. If you like this theme, please rate 5 stars or leave comments so we can make better products. [&hellip;]<\/p>","protected":false},"author":1,"featured_media":0,"parent":0,"menu_order":1,"comment_status":"closed","ping_status":"closed","template":"","meta":[],"_links":{"self":[{"href":"https:\/\/en.passengereye.com\/lv\/wp-json\/wp\/v2\/pages\/12"}],"collection":[{"href":"https:\/\/en.passengereye.com\/lv\/wp-json\/wp\/v2\/pages"}],"about":[{"href":"https:\/\/en.passengereye.com\/lv\/wp-json\/wp\/v2\/types\/page"}],"author":[{"embeddable":true,"href":"https:\/\/en.passengereye.com\/lv\/wp-json\/wp\/v2\/users\/1"}],"replies":[{"embeddable":true,"href":"https:\/\/en.passengereye.com\/lv\/wp-json\/wp\/v2\/comments?post=12"}],"version-history":[{"count":0,"href":"https:\/\/en.passengereye.com\/lv\/wp-json\/wp\/v2\/pages\/12\/revisions"}],"wp:attachment":[{"href":"https:\/\/en.passengereye.com\/lv\/wp-json\/wp\/v2\/media?parent=12"}],"curies":[{"name":"wp","href":"https:\/\/api.w.org\/{rel}","templated":true}]}}