{"id":1133,"date":"2013-03-15T18:19:23","date_gmt":"2013-03-15T23:19:23","guid":{"rendered":"http:\/\/wptest.io\/demo\/?page_id=1080"},"modified":"2013-03-15T18:19:23","modified_gmt":"2013-03-15T23:19:23","slug":"page-image-alignment","status":"publish","type":"page","link":"https:\/\/en.passengereye.com\/lv\/features\/page-image-alignment\/","title":{"rendered":"Lapas att\u0113la izl\u012bdzin\u0101\u0161ana"},"content":{"rendered":"<p>Laipni l\u016bgti att\u0113lu izl\u012bdzin\u0101\u0161an\u0101! Lab\u0101kais veids, k\u0101 demonstr\u0113t da\u017e\u0101du att\u0113lu izvietojuma iesp\u0113ju pl\u016bdumu un pl\u016bdumu, ir ievietot tos gl\u012bti starp v\u0101rdu oke\u0101nu. Pa\u0146emiet airi un s\u0101ksim.<\/p>\n<p>Attiec\u012bb\u0101 uz izl\u012bdzin\u0101\u0161anu j\u0101nor\u0101da, ka lietot\u0101ji var izv\u0113l\u0113ties no \u0161\u0101d\u0101m iesp\u0113j\u0101m.\u00a0<em>Nav<\/em>,\u00a0<em>Kreis\u0101<\/em>,\u00a0<em>Ties\u012bbas, <\/em>un\u00a0<em>Centrs<\/em>. Turkl\u0101t vi\u0146i var izv\u0113l\u0113ties ar\u012b\u00a0<em>Miniat\u016bras<\/em>,\u00a0<em>Vid\u0113ja<\/em>,\u00a0<em>Liels<\/em>\u00a0&amp;\u00a0<em>Pilna izm\u0113ra<\/em>.<\/p>\n<p style=\"text-align:center;\"><img loading=\"lazy\" class=\"size-full wp-image-906 aligncenter\" title=\"Att\u0113lu izl\u012bdzin\u0101\u0161ana 580x300\" alt=\"Image Alignment 580x300\" src=\"http:\/\/demo.leafcolor.com\/applay\/wp-content\/uploads\/2013\/03\/image-alignment-580x300.jpg\" width=\"580\" height=\"300\" \/><\/p>\n<p>Iepriek\u0161 redzamais att\u0113ls ir\u00a0<em><strong>centr\u0113ts<\/strong><\/em>.<\/p>\n<p><strong><img loading=\"lazy\" class=\"size-full wp-image-904 alignleft\" title=\"Att\u0113lu izl\u012bdzin\u0101\u0161ana 150x150\" alt=\"Image Alignment 150x150\" src=\"http:\/\/demo.leafcolor.com\/applay\/wp-content\/uploads\/2013\/03\/image-alignment-150x150.jpg\" width=\"150\" height=\"150\" \/><\/strong>P\u0101r\u0113j\u0101 \u0161\u012b punkta da\u013ca ir pildviela, lai redz\u0113tu, k\u0101 teksts tiek iet\u012bts ap 150\u00d7150 att\u0113lu, kas ir <em><strong>izl\u012bdzin\u0101ts pa kreisi<\/strong><\/em>.\u00a0<strong><\/strong><\/p>\n<p>K\u0101 redzat, att\u0113la aug\u0161pus\u0113, apak\u0161pus\u0113 un pa labi no att\u0113la j\u0101b\u016bt br\u012bvai vietai. Teksts nedr\u012bkst b\u016bt uz att\u0113la. \u0160\u013c\u016bdo\u0161ana nav pareiza. Ar\u012b att\u0113liem ir vajadz\u012bga vieta, kur elpot. \u013baujiet tiem run\u0101t t\u0101pat k\u0101 v\u0101rdiem. \u013baujiet tiem veikt savu darbu bez teksta trauc\u0113jumiem. V\u0113l apm\u0113ram vien\u0101 teikum\u0101 \u0161eit m\u0113s redz\u0113sim, ka teksts no att\u0113la lab\u0101s puses p\u0101riet zem att\u0113la ar vienm\u0113r\u012bgu p\u0101reju. Atkal \u013caujiet tekstam dar\u012bt savu darbu. Misija izpild\u012bta!<\/p>\n<p>Un tagad par <em><strong>masveid\u012bgi liels att\u0113ls<\/strong><\/em>. Taj\u0101 ir ar\u012b <em><strong>nav saska\u0146o\u0161anas<\/strong><\/em>.<\/p>\n<p><img loading=\"lazy\" class=\"alignnone  wp-image-907\" title=\"Att\u0113lu izl\u012bdzin\u0101\u0161ana 1200x400\" alt=\"Image Alignment 1200x400\" src=\"http:\/\/demo.leafcolor.com\/applay\/wp-content\/uploads\/2013\/03\/image-alignment-1200x4002.jpg\" width=\"1200\" height=\"400\" \/><\/p>\n<p>Lai gan att\u0113ls ir 1200px plats, tas nedr\u012bkst p\u0101rpild\u012bt satura apgabalu. Tam j\u0101paliek ietur\u0113tam, neradot redzamus satura pl\u016bsmas trauc\u0113jumus.<\/p>\n<p><img loading=\"lazy\" class=\"size-full wp-image-905 alignright\" title=\"Att\u0113lu izl\u012bdzin\u0101\u0161ana 300x200\" alt=\"Image Alignment 300x200\" src=\"http:\/\/demo.leafcolor.com\/applay\/wp-content\/uploads\/2013\/03\/image-alignment-300x200.jpg\" width=\"300\" height=\"200\" \/><\/p>\n<p>Un tagad m\u0113s p\u0101rcelsimies uz <em><strong>izl\u012bdzin\u0101t pa labi<\/strong><\/em>. Ar\u012b \u0161aj\u0101 gad\u012bjum\u0101 j\u0101b\u016bt pietiekami daudz vietas virs, zem un pa kreisi no att\u0113la. Paskatieties uz vi\u0146u tur... Ei, puisis! Lab\u0101 puse ir lieliska. Man vienalga, ko saka kreisi izl\u012bdzin\u0101tais att\u0113ls, tu izskaties lieliski. Ne\u013caujiet nevienam citam jums teikt cit\u0101di.<\/p>\n<p>P\u0113c br\u012b\u017ea teksts s\u0101ks iet\u012bties zem labaj\u0101 pus\u0113 izl\u012bdzin\u0101t\u0101 att\u0113la un labi nostabiliz\u0113sies. Joproj\u0101m vajadz\u0113tu b\u016bt pietiekami daudz vietas, un visam vajadz\u0113tu b\u016bt labi novietotam. J\u0101... Tie\u0161i t\u0101. V\u0113l nekad nav bijusi tik laba saj\u016bta b\u016bt pareizam.<\/p>\n<p>Un tikai tad, kad j\u016bs dom\u0101j\u0101t, ka m\u0113s jau esam pabeigu\u0161i, m\u0113s tos dar\u012bsim no jauna ar uzrakstiem!<\/p>\n<div id=\"attachment_906\" style=\"width: 590px\" class=\"wp-caption aligncenter\"><img aria-describedby=\"caption-attachment-906\" loading=\"lazy\" class=\"size-full wp-image-906\" title=\"Att\u0113lu izl\u012bdzin\u0101\u0161ana 580x300\" alt=\"Image Alignment 580x300\" src=\"http:\/\/demo.leafcolor.com\/applay\/wp-content\/uploads\/2013\/03\/image-alignment-580x300.jpg\" width=\"580\" height=\"300\" \/><p id=\"caption-attachment-906\" class=\"wp-caption-text\">Skat\u012bt 580\u00d7300 k\u013c\u016bst da\u017ei <a title=\"Att\u0113lu iestat\u012bjumi\" href=\"http:\/\/en.support.wordpress.com\/images\/image-settings\/\">virsraksts<\/a> m\u012blest\u012bba.<\/p><\/div>\n<p>Iepriek\u0161 redzamais att\u0113ls ir\u00a0<em><strong>centr\u0113ts<\/strong><\/em>. Virsrakst\u0101 ir ar\u012b saite, lai redz\u0113tu, vai t\u0101 dara kaut ko funky.<\/p>\n<div id=\"attachment_904\" style=\"width: 160px\" class=\"wp-caption alignleft\"><img aria-describedby=\"caption-attachment-904\" loading=\"lazy\" class=\"size-full wp-image-904\" title=\"Att\u0113lu izl\u012bdzin\u0101\u0161ana 150x150\" alt=\"Image Alignment 150x150\" src=\"http:\/\/demo.leafcolor.com\/applay\/wp-content\/uploads\/2013\/03\/image-alignment-150x150.jpg\" width=\"150\" height=\"150\" \/><p id=\"caption-attachment-904\" class=\"wp-caption-text\">Niec\u012bgs uzraksts.<\/p><\/div>\n<p><strong><\/strong>P\u0101r\u0113j\u0101 \u0161\u012b punkta da\u013ca ir pildviela, lai redz\u0113tu, k\u0101 teksts tiek iet\u012bts ap 150\u00d7150 att\u0113lu, kas ir <em><strong>izl\u012bdzin\u0101ts pa kreisi<\/strong><\/em>.\u00a0<strong><\/strong><\/p>\n<p>K\u0101 redzat, att\u0113la aug\u0161pus\u0113, apak\u0161pus\u0113 un pa labi no att\u0113la j\u0101b\u016bt br\u012bvai vietai. Teksts nedr\u012bkst b\u016bt uz att\u0113la. \u0160\u013c\u016bdo\u0161ana nav pareiza. Ar\u012b att\u0113liem ir vajadz\u012bga vieta, kur elpot. \u013baujiet tiem run\u0101t t\u0101pat k\u0101 v\u0101rdiem. \u013baujiet tiem veikt savu darbu bez teksta trauc\u0113jumiem. V\u0113l apm\u0113ram vien\u0101 teikum\u0101 \u0161eit m\u0113s redz\u0113sim, ka teksts no att\u0113la lab\u0101s puses p\u0101riet zem att\u0113la ar vienm\u0113r\u012bgu p\u0101reju. Atkal \u013caujiet tekstam dar\u012bt savu darbu. Misija izpild\u012bta!<\/p>\n<p>Un tagad par <em><strong>masveid\u012bgi liels att\u0113ls<\/strong><\/em>. Taj\u0101 ir ar\u012b <em><strong>nav saska\u0146o\u0161anas<\/strong><\/em>.<\/p>\n<div id=\"attachment_907\" style=\"width: 1210px\" class=\"wp-caption alignnone\"><img aria-describedby=\"caption-attachment-907\" loading=\"lazy\" class=\"wp-image-907\" title=\"Att\u0113lu izl\u012bdzin\u0101\u0161ana 1200x400\" alt=\"Image Alignment 1200x400\" src=\"http:\/\/demo.leafcolor.com\/applay\/wp-content\/uploads\/2013\/03\/image-alignment-1200x4002.jpg\" width=\"1200\" height=\"400\" \/><p id=\"caption-attachment-907\" class=\"wp-caption-text\">Masveida att\u0113la koment\u0101rs j\u016bsu acu \u0101boliem.<\/p><\/div>\n<p>Lai gan att\u0113ls ir 1200px plats, tas nedr\u012bkst p\u0101rpild\u012bt satura apgabalu. Tam j\u0101paliek ietur\u0113tam, neradot redzamus satura pl\u016bsmas trauc\u0113jumus.<\/p>\n<div id=\"attachment_905\" style=\"width: 310px\" class=\"wp-caption alignright\"><img aria-describedby=\"caption-attachment-905\" loading=\"lazy\" class=\"size-full wp-image-905\" title=\"Att\u0113lu izl\u012bdzin\u0101\u0161ana 300x200\" alt=\"Image Alignment 300x200\" src=\"http:\/\/demo.leafcolor.com\/applay\/wp-content\/uploads\/2013\/03\/image-alignment-300x200.jpg\" width=\"300\" height=\"200\" \/><p id=\"caption-attachment-905\" class=\"wp-caption-text\">Laba saj\u016bta ir b\u016bt visu laiku pareizam.<\/p><\/div>\n<p>Un tagad m\u0113s p\u0101rcelsimies uz <em><strong>izl\u012bdzin\u0101t pa labi<\/strong><\/em>. Ar\u012b \u0161aj\u0101 gad\u012bjum\u0101 j\u0101b\u016bt pietiekami daudz vietas virs, zem un pa kreisi no att\u0113la. Paskatieties uz vi\u0146u tur... Ei, puisis! Lab\u0101 puse ir lieliska. Man vienalga, ko saka kreisi izl\u012bdzin\u0101tais att\u0113ls, tu izskaties lieliski. Ne\u013caujiet nevienam citam jums teikt cit\u0101di.<\/p>\n<p>P\u0113c br\u012b\u017ea teksts s\u0101ks iet\u012bties zem labaj\u0101 pus\u0113 izl\u012bdzin\u0101t\u0101 att\u0113la un labi nostabiliz\u0113sies. Joproj\u0101m vajadz\u0113tu b\u016bt pietiekami daudz vietas, un visam vajadz\u0113tu b\u016bt labi novietotam. J\u0101... Tie\u0161i t\u0101. V\u0113l nekad nav bijusi tik laba saj\u016bta b\u016bt pareizam.<\/p>\n<p>Un tas ir nosl\u0113gums, yo! J\u016bs izdz\u012bvoj\u0101t saska\u0146o\u0161anas v\u0113trainajos \u016bde\u0146os. Att\u0113lu izl\u012bdzin\u0101\u0161anas sasniegums atblo\u0137\u0113ts!<\/p>","protected":false},"excerpt":{"rendered":"<p>Welcome to image alignment! The best way to demonstrate the ebb and flow of the various image positioning options is to nestle them snuggly among an ocean of words. Grab a paddle and let&#8217;s get [&hellip;]<\/p>","protected":false},"author":1,"featured_media":0,"parent":12,"menu_order":0,"comment_status":"open","ping_status":"closed","template":"","meta":[],"_links":{"self":[{"href":"https:\/\/en.passengereye.com\/lv\/wp-json\/wp\/v2\/pages\/1133"}],"collection":[{"href":"https:\/\/en.passengereye.com\/lv\/wp-json\/wp\/v2\/pages"}],"about":[{"href":"https:\/\/en.passengereye.com\/lv\/wp-json\/wp\/v2\/types\/page"}],"author":[{"embeddable":true,"href":"https:\/\/en.passengereye.com\/lv\/wp-json\/wp\/v2\/users\/1"}],"replies":[{"embeddable":true,"href":"https:\/\/en.passengereye.com\/lv\/wp-json\/wp\/v2\/comments?post=1133"}],"version-history":[{"count":0,"href":"https:\/\/en.passengereye.com\/lv\/wp-json\/wp\/v2\/pages\/1133\/revisions"}],"up":[{"embeddable":true,"href":"https:\/\/en.passengereye.com\/lv\/wp-json\/wp\/v2\/pages\/12"}],"wp:attachment":[{"href":"https:\/\/en.passengereye.com\/lv\/wp-json\/wp\/v2\/media?parent=1133"}],"curies":[{"name":"wp","href":"https:\/\/api.w.org\/{rel}","templated":true}]}}