{"id":733,"date":"2011-06-23T18:38:52","date_gmt":"2011-06-24T01:38:52","guid":{"rendered":"http:\/\/wpthemetestdata.wordpress.com\/?page_id=733"},"modified":"2011-06-23T18:38:52","modified_gmt":"2011-06-24T01:38:52","slug":"page-a","status":"publish","type":"page","link":"https:\/\/en.passengereye.com\/lt\/page-a\/","title":{"rendered":"Vienas puslapis"},"content":{"rendered":"<p><span class=\"dropcap\">P<\/span>onteger posuere erat a ante venenatis dapibus posuere velit aliquet. Aenean lacinia bibendum nulla sed consectetur. Etiam porta sem malesuada magna mollis euismod. Fusce dapibus, tellus ac cursus commodo, tortor mauris condimentum nibh, ut fermentum massa justo sit amet risus.<\/p>\n<p>Aenean posuere, tortor sed cursus feugiat, nunc augue blandit nunc, eu sollicitudin urna dolor sagittis lacus. Pellentesque habitant morbi tristique senectus et netus et malesuada fames ac turpis egestas. Vivamus elementum semper nisi. Etiam vitae tortor.<\/p>\n<blockquote><p>Namie adipiscing. Fusce fermentum. Aenean ut eros et nisl sagittis vestibulum. Quisque malesuada placerat nisl.<\/p><\/blockquote>\n<p>Integer posuere erat a ante venenatis dapibus posuere velit aliquet. Aenean lacinia bibendum nulla sed consectetur. Etiam porta sem malesuada magna mollis euismod. Fusce dapibus, tellus ac cursus commodo, tortor mauris condimentum nibh, ut fermentum massa justo sit amet risus.<\/p>\n<p>Aenean posuere, tortor sed cursus feugiat, nunc augue blandit nunc, eu sollicitudin urna dolor sagittis lacus. Pellentesque habitant morbi tristique senectus et netus et malesuada fames ac turpis egestas. Vivamus elementum semper nisi. Etiam vitae tortor.<\/p>\n<p>&nbsp;<\/p>\n    \t<section class=\"ia-post-carousel ia-post-carousel-1524\" data-delay=\"\">\r\n                <div class=\"post-carousel-wrap\">\r\n                    <div class=\"init-carousel carousel-has-control\" data-items=\"3\" data-navigation=\"1\">\r\n                                            <div class=\"post-carousel-item grid-item\">\r\n                        \t<div class=\"grid-item-inner\">\r\n                            \t<div class=\"grid-item-content app-item dark-div\">\r\n                                    <div class=\"app-thumbnail\">\r\n                                        <a href=\"https:\/\/en.passengereye.com\/lt\/scheduled\/\" title=\"Suplanuota\" >\r\n                                                                                        <img src=\"https:\/\/en.passengereye.com\/wp-content\/themes\/applay\/images\/default-photo.png\" width=\"500\" height=\"500\" title=\"Suplanuota\" alt=\"Scheduled\">\r\n                                        <\/a>\r\n                                    <\/div>\r\n                                                                        <div class=\"grid-overlay\">\r\n                                        <a class=\"overlay-top\" href=\"https:\/\/en.passengereye.com\/lt\/scheduled\/\" title=\"Suplanuota\">\r\n                                        \t                                        \t<h4>Suplanuota<\/h4>\r\n                                            <div class=\"clearfix\"><\/div>\r\n                                        <\/a>\r\n                                        <div class=\"overlay-bottom\">\r\n                                        \t                                            \t<div>By admin<\/div>\r\n                                                <div>At 12:00 pm<\/div>\r\n                                                                                    <\/div>\r\n                                    <\/div>\r\n                                <\/div><!--\/app-item-->\r\n                            <\/div>\r\n                        <\/div><!--\/post-carousel-item-->\r\n                                            <div class=\"post-carousel-item grid-item\">\r\n                        \t<div class=\"grid-item-inner\">\r\n                            \t<div class=\"grid-item-content app-item dark-div\">\r\n                                    <div class=\"app-thumbnail\">\r\n                                        <a href=\"https:\/\/en.passengereye.com\/lt\/hello-world\/\" title=\"Sveikas pasauli!\" >\r\n                                                                                        <img src=\"https:\/\/en.passengereye.com\/wp-content\/themes\/applay\/images\/default-photo.png\" width=\"500\" height=\"500\" title=\"Sveikas pasauli!\" alt=\"Hello world!\">\r\n                                        <\/a>\r\n                                    <\/div>\r\n                                                                        <div class=\"grid-overlay\">\r\n                                        <a class=\"overlay-top\" href=\"https:\/\/en.passengereye.com\/lt\/hello-world\/\" title=\"Sveikas pasauli!\">\r\n                                        \t                                        \t<h4>Sveikas pasauli!<\/h4>\r\n                                            <div class=\"clearfix\"><\/div>\r\n                                        <\/a>\r\n                                        <div class=\"overlay-bottom\">\r\n                                        \t                                            \t<div>By admin<\/div>\r\n                                                <div>At 3:48 am<\/div>\r\n                                                                                    <\/div>\r\n                                    <\/div>\r\n                                <\/div><!--\/app-item-->\r\n                            <\/div>\r\n                        <\/div><!--\/post-carousel-item-->\r\n                                            <div class=\"post-carousel-item grid-item\">\r\n                        \t<div class=\"grid-item-inner\">\r\n                            \t<div class=\"grid-item-content app-item dark-div\">\r\n                                    <div class=\"app-thumbnail\">\r\n                                        <a href=\"https:\/\/en.passengereye.com\/lt\/android-apps-on-applay\/\" title=\"&quot;Android&quot; programos &quot;Applay\" >\r\n                                                                                        <img src=\"https:\/\/en.passengereye.com\/wp-includes\/images\/media\/default.png\" width=\"48\" height=\"64\" title=\"&quot;Android&quot; programos &quot;Applay\" alt=\"Android Apps on Applay\">\r\n                                        <\/a>\r\n                                    <\/div>\r\n                                                                        <div class=\"grid-overlay\">\r\n                                        <a class=\"overlay-top\" href=\"https:\/\/en.passengereye.com\/lt\/android-apps-on-applay\/\" title=\"&quot;Android&quot; programos &quot;Applay\">\r\n                                        \t                                        \t<h4>\"Android\" programos \"Applay<\/h4>\r\n                                            <div class=\"clearfix\"><\/div>\r\n                                        <\/a>\r\n                                        <div class=\"overlay-bottom\">\r\n                                        \t                                            \t<div>By admin<\/div>\r\n                                                <div>At 9:48 am<\/div>\r\n                                                                                    <\/div>\r\n                                    <\/div>\r\n                                <\/div><!--\/app-item-->\r\n                            <\/div>\r\n                        <\/div><!--\/post-carousel-item-->\r\n                                            <div class=\"post-carousel-item grid-item\">\r\n                        \t<div class=\"grid-item-inner\">\r\n                            \t<div class=\"grid-item-content app-item dark-div\">\r\n                                    <div class=\"app-thumbnail\">\r\n                                        <a href=\"https:\/\/en.passengereye.com\/lt\/apps-for-work%e2%80%8e\/\" title=\"Program\u0117l\u0117s darbui\" >\r\n                                                                                        <img src=\"https:\/\/en.passengereye.com\/wp-includes\/images\/media\/default.png\" width=\"48\" height=\"64\" title=\"Program\u0117l\u0117s darbui\" alt=\"Apps For Work\u200e\">\r\n                                        <\/a>\r\n                                    <\/div>\r\n                                                                        <div class=\"grid-overlay\">\r\n                                        <a class=\"overlay-top\" href=\"https:\/\/en.passengereye.com\/lt\/apps-for-work%e2%80%8e\/\" title=\"Program\u0117l\u0117s darbui\">\r\n                                        \t                                        \t<h4>Program\u0117l\u0117s darbui<\/h4>\r\n                                            <div class=\"clearfix\"><\/div>\r\n                                        <\/a>\r\n                                        <div class=\"overlay-bottom\">\r\n                                        \t                                            \t<div>By admin<\/div>\r\n                                                <div>At 9:47 am<\/div>\r\n                                                                                    <\/div>\r\n                                    <\/div>\r\n                                <\/div><!--\/app-item-->\r\n                            <\/div>\r\n                        <\/div><!--\/post-carousel-item-->\r\n                                            <div class=\"post-carousel-item grid-item\">\r\n                        \t<div class=\"grid-item-inner\">\r\n                            \t<div class=\"grid-item-content app-item dark-div\">\r\n                                    <div class=\"app-thumbnail\">\r\n                                        <a href=\"https:\/\/en.passengereye.com\/lt\/discover-great-apps\/\" title=\"Atraskite puiki\u0173 program\u0117li\u0173\" >\r\n                                                                                        <img src=\"https:\/\/en.passengereye.com\/wp-includes\/images\/media\/default.png\" width=\"48\" height=\"64\" title=\"Atraskite puiki\u0173 program\u0117li\u0173\" alt=\"Discover great apps\">\r\n                                        <\/a>\r\n                                    <\/div>\r\n                                                                        <div class=\"grid-overlay\">\r\n                                        <a class=\"overlay-top\" href=\"https:\/\/en.passengereye.com\/lt\/discover-great-apps\/\" title=\"Atraskite puiki\u0173 program\u0117li\u0173\">\r\n                                        \t                                        \t<h4>Atraskite puiki\u0173 program\u0117li\u0173<\/h4>\r\n                                            <div class=\"clearfix\"><\/div>\r\n                                        <\/a>\r\n                                        <div class=\"overlay-bottom\">\r\n                                        \t                                            \t<div>By admin<\/div>\r\n                                                <div>At 9:45 am<\/div>\r\n                                                                                    <\/div>\r\n                                    <\/div>\r\n                                <\/div><!--\/app-item-->\r\n                            <\/div>\r\n                        <\/div><!--\/post-carousel-item-->\r\n                                            <div class=\"post-carousel-item grid-item\">\r\n                        \t<div class=\"grid-item-inner\">\r\n                            \t<div class=\"grid-item-content app-item dark-div\">\r\n                                    <div class=\"app-thumbnail\">\r\n                                        <a href=\"https:\/\/en.passengereye.com\/lt\/the-best-app-for-android\/\" title=\"Geriausia &quot;Android&quot; programa\" >\r\n                                                                                        <img src=\"https:\/\/en.passengereye.com\/wp-includes\/images\/media\/default.png\" width=\"48\" height=\"64\" title=\"Geriausia &quot;Android&quot; programa\" alt=\"The best app for android\">\r\n                                        <\/a>\r\n                                    <\/div>\r\n                                                                        <div class=\"grid-overlay\">\r\n                                        <a class=\"overlay-top\" href=\"https:\/\/en.passengereye.com\/lt\/the-best-app-for-android\/\" title=\"Geriausia &quot;Android&quot; programa\">\r\n                                        \t                                        \t<h4>Geriausia \"Android\" programa<\/h4>\r\n                                            <div class=\"clearfix\"><\/div>\r\n                                        <\/a>\r\n                                        <div class=\"overlay-bottom\">\r\n                                        \t                                            \t<div>By admin<\/div>\r\n                                                <div>At 4:55 pm<\/div>\r\n                                                                                    <\/div>\r\n                                    <\/div>\r\n                                <\/div><!--\/app-item-->\r\n                            <\/div>\r\n                        <\/div><!--\/post-carousel-item-->\r\n                                        <\/div>\r\n                <\/div>\r\n        <\/section><!--\/ia-post-carousel-->\r\n\t\n<p>&nbsp;<\/p>\n<p>Namie adipiscing. Fusce fermentum. Aenean ut eros et nisl sagittis vestibulum. Quisque malesuada placerat nisl.<\/p>\n<p>Nullam quis ante. Suspendisse pulvinar, augue ac venenatis condimentum, sem libero volutpat nibh, nec pellentesque velit pede quis nunc. Fusce pharetra convallis urna. Proin sapien ipsum, porta a, auctor quis, euismod ut, mi. Fusce a quam.<\/p>","protected":false},"excerpt":{"rendered":"<p>onteger posuere erat a ante venenatis dapibus posuere velit aliquet. Aenean lacinia bibendum nulla sed consectetur. Etiam porta sem malesuada magna mollis euismod. Fusce dapibus, tellus ac cursus commodo, tortor mauris condimentum nibh, ut fermentum [&hellip;]<\/p>","protected":false},"author":1,"featured_media":0,"parent":0,"menu_order":10,"comment_status":"open","ping_status":"closed","template":"","meta":[],"_links":{"self":[{"href":"https:\/\/en.passengereye.com\/lt\/wp-json\/wp\/v2\/pages\/733"}],"collection":[{"href":"https:\/\/en.passengereye.com\/lt\/wp-json\/wp\/v2\/pages"}],"about":[{"href":"https:\/\/en.passengereye.com\/lt\/wp-json\/wp\/v2\/types\/page"}],"author":[{"embeddable":true,"href":"https:\/\/en.passengereye.com\/lt\/wp-json\/wp\/v2\/users\/1"}],"replies":[{"embeddable":true,"href":"https:\/\/en.passengereye.com\/lt\/wp-json\/wp\/v2\/comments?post=733"}],"version-history":[{"count":0,"href":"https:\/\/en.passengereye.com\/lt\/wp-json\/wp\/v2\/pages\/733\/revisions"}],"wp:attachment":[{"href":"https:\/\/en.passengereye.com\/lt\/wp-json\/wp\/v2\/media?parent=733"}],"curies":[{"name":"wp","href":"https:\/\/api.w.org\/{rel}","templated":true}]}}