{"id":3448,"date":"2018-02-11T14:44:41","date_gmt":"2018-02-11T14:44:41","guid":{"rendered":"https:\/\/en.passengereye.com\/?page_id=3448"},"modified":"2018-02-11T16:05:35","modified_gmt":"2018-02-11T16:05:35","slug":"howtouse","status":"publish","type":"page","link":"https:\/\/en.passengereye.com\/lt\/howtouse\/","title":{"rendered":"Kaip naudoti"},"content":{"rendered":"<h2><strong>Apra\u0161ymas \/ naudojimo instrukcija<\/strong><\/h2>\n<p>\"PassengerEye\" - tai NEMOKAMA mobilioji programa, kuria naudodamasis naudotojas gali teikti nuotrauk\u0173 prane\u0161imus apie buvimo vietas. Nuotrauk\u0173 ataskaitos \u012fkeliamos \u012f portal\u0105 https:\/\/en.passengereye.com, kuriame galima per\u017ei\u016br\u0117ti nuotrauk\u0173 ataskaitas.<\/p>\n<p>\"PassengerEye\" mobilioji program\u0117l\u0117 skirta keliaujantiems pardav\u0117jams, lauko pardav\u0117jams, pardav\u0117jams, \u012fvairi\u0173 rengini\u0173 organizatoriams ar kitiems pana\u0161iems asmenims. Mobili\u0105ja \"PassengerEye\" program\u0117le galima naudotis ir priva\u010diai.<\/p>\n<p>Mobiliosios program\u0117l\u0117s PassengerEye naudotojas (toliau - pardav\u0117jas) gali \u012fkelti nuotrauk\u0173 ataskaitas \u012f vien\u0105 ar daugiau registruot\u0173 paskyr\u0173 (toliau - paskyra).<\/p>\n<p>Pardav\u0117jai \/ darbuotojai \/ vadybininkai \/ pri\u017ei\u016br\u0117tojai gali naudotis mobili\u0105ja program\u0117le \"PassengerEye\":<br \/>\n- \u012fra\u0161yti nuotrauk\u0173 ataskait\u0173 teikimo prad\u017ei\u0105 ir pabaig\u0105 (naudojamas laikas ir kelio ilgis).<br \/>\n- pasirinkti viet\u0105, parduotuv\u0119, pastat\u0105 ir pan. i\u0161 vietovi\u0173 s\u0105ra\u0161o.<br \/>\n- \u012f s\u0105ra\u0161\u0105 \u012ftraukti savo viet\u0105,<br \/>\n- nufotografuoti arba sukurti vietov\u0117s nuotrauk\u0173 galerij\u0105.<br \/>\n- prid\u0117ti nuotrauk\u0173 ataskaitos apra\u0161ym\u0105,<br \/>\n- \u012fkelti nuotrauk\u0173 ataskait\u0105 \u012f portal\u0105 PassengerEye.com \u012f paskyr\u0105.<\/p>\n<p>Juridinis arba fizinis asmuo gali atsidaryti registruot\u0105 paskyr\u0105 portale https:\/\/en.passengereye.com. Kiekvienas pardav\u0117jas gali tur\u0117ti daugiau registruot\u0173 paskyr\u0173 arba, naudodamasis mobili\u0105ja program\u0117le \"PassengerEye\", gali rengti nuotrauk\u0173 ataskaitas tik kitoms registruotoms paskyroms. Norint naudotis mobili\u0105ja program\u0117le, registruota naudotojo paskyra portale neb\u016btina, svarbu tik tai, kad pardav\u0117jas sudaryt\u0173 sutart\u012f su viena i\u0161 pasirinkt\u0173 paskyr\u0173 (tai gali b\u016bti ir bandomoji paskyra).<\/p>\n<p>Nuotrauk\u0173 ataskaita (vienas ar daugiau pasirinktos vietos vaizd\u0173 su apra\u0161ymu) saugoma portale https:\/\/en.passengereye.com pagal GPS buvimo viet\u0105 su \u012fra\u0161ytu laiku ir nubr\u0117\u017etu keliu tarp nuotrauk\u0173 ataskait\u0173.<\/p>\n<h2><strong>Programos naudojimas<\/strong><\/h2>\n<ol>\n<li>Kai pardav\u0117jas prisijungia prie mobiliosios program\u0117l\u0117s \"PassengerEye\", jis pirmiausia pasirenka paskyr\u0105, su kuria yra sudar\u0119s sutart\u012f; tam reikalingas interneto ry\u0161ys.<\/li>\n<li>Prisijungus mobilioji programa \"PassengerEye\" prisijungia prie portalo https:\/\/en.passengereye.com sutartin\u0117s paskyros ir prane\u0161a apie laik\u0105 bei buvimo viet\u0105.<\/li>\n<li>Pardav\u0117jas rengia ir \u012fkelia nuotrauk\u0173 ataskaitas naudodamasis mobili\u0105ja program\u0117le \"PassengerEye\".<\/li>\n<li>Pasibaigus fotoreporta\u017eams ir kelion\u0117ms, pardav\u0117jas i\u0161eina i\u0161 mobiliosios program\u0117l\u0117s ir taip informuoja sutarties s\u0105skait\u0105 apie i\u0161leist\u0105 laik\u0105 ir kilometra\u017e\u0105.<\/li>\n<\/ol>\n<p>Kiekviena paskyra portale https:\/\/en.passengereye.com gali tur\u0117ti vien\u0105 ar daugiau pardav\u0117j\u0173, kurie \u012f j\u0105 siunt\u0117 nuotrauk\u0173 ataskaitas. Registruotoje rodomos paskyros fotoreporta\u017eai, kiekvieno atskiro pardav\u0117jo praleistos valandos ir viso kelion\u0117s kelio ilgis pagal dienas. Portale https:\/\/en.passengereye.com:<\/p>\n<p>- keliaujant\u012f asmen\u012f galima sekti paskyroje \u017eem\u0117lapyje,<br \/>\n- galima patikrinti viet\u0173 nuotraukas<br \/>\n- kelio ilgis km ir<br \/>\n- kiekvieno pardav\u0117jo sugai\u0161t\u0105 laik\u0105 tam tikr\u0105 dien\u0105.<\/p>\n<p>Kiekvienas pardav\u0117jas gali patvirtinti sutart\u012f su vienu ar keliais klientais arba \u012fmon\u0117mis. Kiekviena s\u0105skaita arba \u012fmon\u0117 gali tur\u0117ti daugiau pardav\u0117j\u0173. Tod\u0117l kiekvienas mobiliosios programos naudotojas gali \u012fkelti nuotrauk\u0173 ataskaitas tik \u012f vien\u0105 pasirinkt\u0105 paskyr\u0105 arba \u012f kelias paskyras. Priklausomai nuo s\u0105skait\u0173, su kuriomis jis yra sudar\u0119s sutart\u012f, skai\u010diaus.<\/p>\n<p>Pardav\u0117jas, neturintis galiojan\u010dios sutarties, gali naudoti bandom\u0105j\u0105 paskyr\u0105 arba taip pat gali u\u017eregistruoti savo versl\u0105 svetain\u0117je https:\/\/PassengerEye.com, prijungti savo telefone esan\u010di\u0105 program\u0117l\u0119 prie savo paskyros ir \u012f j\u0105 \u012fkelti nuotrauk\u0173 ataskaitas.<\/p>\n<p>Jei naudotojas nenori registruoti paskyros svetain\u0117je https:\/\/en.passengereye.com, jis gali atsi\u0173sti savo mobili\u0173j\u0173 program\u0173 PIN kod\u0105 arba API KEY el. pa\u0161tu app@marcelino.si ir gaus sutart\u012f su bandom\u0105ja paskyra. Bandomoji paskyra arba bandomoji \u012fmon\u0117 veikia be apribojim\u0173.<\/p>\n<p>Kad veikt\u0173, reikia:<br \/>\n- Internetas (prisijungimui ir atsijungimui)<br \/>\n- \u012fjungta vieta mobiliajame telefone (GPS funkcija).<br \/>\n- ry\u0161ys su registruota arba bandom\u0105ja PassengerEye.com paskyra.<\/p>\n<p>Program\u0117l\u0117 skirta ne tik \u012fmon\u0117ms, ja gali naudotis ir privat\u016bs asmenys.<\/p>\n<p>Kas naujo 1.0 versijoje<br \/>\n- apra\u0161ymas arba komentarai po nuotrauka<br \/>\n- prisijungimas prie vienos ar daugiau \u012fmoni\u0173 (t. y. prie portale registruot\u0173 naudotoj\u0173).<br \/>\n- viena \u012fmon\u0117 arba registruota paskyra gali tur\u0117ti kelis pardav\u0117jus.<br \/>\n- darbo laiko matavimas<br \/>\n- kelio ilgio matavimas<br \/>\n- \u012fvairias portalo ataskaitas (nuotrauk\u0173 ataskait\u0173 skai\u010dius vienam pardav\u0117jui per dien\u0105 ir t. t.).<br \/>\n- prid\u0117ti vietovi\u0173 s\u0105ra\u0161\u0105 (importas per portal\u0105).<br \/>\n- svetaini\u0173 \u012ftraukimas \u012f vienod\u0105 s\u0105ra\u0161\u0105 mobiliojoje program\u0117l\u0117je PassengerEye.com.<\/p>","protected":false},"excerpt":{"rendered":"<p>Apra\u0161ymas \/ Naudojimo instrukcija PassengerEye yra NEMOKAMA mobilioji program\u0117l\u0117, kuria naudodamasis naudotojas gali fotografuoti vietas. Nuotrauk\u0173 ataskaitos \u012fkeliamos \u012f portal\u0105 https:\/\/en.passengereye.com, kuriame galima per\u017ei\u016br\u0117ti nuotrauk\u0173 ataskaitas. PassengerEye [...]<\/p>","protected":false},"author":2,"featured_media":0,"parent":0,"menu_order":0,"comment_status":"closed","ping_status":"closed","template":"","meta":[],"_links":{"self":[{"href":"https:\/\/en.passengereye.com\/lt\/wp-json\/wp\/v2\/pages\/3448"}],"collection":[{"href":"https:\/\/en.passengereye.com\/lt\/wp-json\/wp\/v2\/pages"}],"about":[{"href":"https:\/\/en.passengereye.com\/lt\/wp-json\/wp\/v2\/types\/page"}],"author":[{"embeddable":true,"href":"https:\/\/en.passengereye.com\/lt\/wp-json\/wp\/v2\/users\/2"}],"replies":[{"embeddable":true,"href":"https:\/\/en.passengereye.com\/lt\/wp-json\/wp\/v2\/comments?post=3448"}],"version-history":[{"count":9,"href":"https:\/\/en.passengereye.com\/lt\/wp-json\/wp\/v2\/pages\/3448\/revisions"}],"predecessor-version":[{"id":3463,"href":"https:\/\/en.passengereye.com\/lt\/wp-json\/wp\/v2\/pages\/3448\/revisions\/3463"}],"wp:attachment":[{"href":"https:\/\/en.passengereye.com\/lt\/wp-json\/wp\/v2\/media?parent=3448"}],"curies":[{"name":"wp","href":"https:\/\/api.w.org\/{rel}","templated":true}]}}