{"id":2469,"date":"2014-10-10T22:02:00","date_gmt":"2014-10-10T15:02:00","guid":{"rendered":"http:\/\/demo.leafcolor.com\/applay\/?page_id=2469"},"modified":"2014-10-10T22:02:00","modified_gmt":"2014-10-10T15:02:00","slug":"post-slider","status":"publish","type":"page","link":"https:\/\/en.passengereye.com\/lt\/post-slider\/","title":{"rendered":"Post Slider trumpasis kodas"},"content":{"rendered":"<div class=\"ia_row\">\r\n        \t<div class=\"vc_row wpb_row vc_row-fluid\"><div class=\"wpb_column vc_column_container vc_col-sm-12\"><div class=\"vc_column-inner\"><div class=\"wpb_wrapper\">                <style scoped=\"scoped\">\r\n\t\t.ia-post-slider-1079 .slider-item-content{\r\n\t\t\tmax-height:500px;\r\n\t\t}\r\n\t\t<\/style>\r\n            \t<section class=\"ia-post-slider ia-post-slider-1079\" data-delay=\"0\">\r\n            <div class=\"post-slider-wrap\">\r\n                <div class=\"init-carousel post-slider-carousel carousel-has-control single-carousel\" data-items=\"\" data-navigation=\"1\" data-autoplay=\"3000\">\r\n                                    <div class=\"post-slider-item\">\r\n                        <div class=\"slider-item-content\">\r\n                            <div class=\"slider-thumbnail\">\r\n                                <a href=\"https:\/\/en.passengereye.com\/lt\/scheduled\/\" title=\"Suplanuota\" >\r\n                                                                        <img src=\"https:\/\/en.passengereye.com\/wp-content\/themes\/applay\/images\/default-photo.png\" width=\"500\" height=\"500\" title=\"Suplanuota\" alt=\"Scheduled\">\r\n                                <\/a>\r\n                            <\/div><!--slider-thumbnail-->\r\n                                                        <div class=\"post-slider-overlay\">\r\n                                <a class=\"post-slider-nav post-slider-prev\" href=\"#\"><i class=\"fa fa-angle-left\"><\/i><\/a>\r\n                                <a class=\"post-slider-nav post-slider-next\" href=\"#\"><i class=\"fa fa-angle-right\"><\/i><\/a>\r\n                                <a class=\"post-slider-overlay-link\" href=\"https:\/\/en.passengereye.com\/lt\/scheduled\/\" title=\"Suplanuota\">\r\n                                                                        <h4 class=\"post-slider-title\">Suplanuota<\/h4>\r\n                                                                            <div  class=\"small\">12:00 val.<\/div>\r\n                                                                        <div class=\"clearfix\"><\/div>\r\n                                <\/a>\r\n                            <\/div>\r\n                        <\/div><!--\/app-item-->\r\n                    <\/div><!--\/post-carousel-item-->\r\n                                    <div class=\"post-slider-item\">\r\n                        <div class=\"slider-item-content\">\r\n                            <div class=\"slider-thumbnail\">\r\n                                <a href=\"https:\/\/en.passengereye.com\/lt\/hello-world\/\" title=\"Sveikas pasauli!\" >\r\n                                                                        <img src=\"https:\/\/en.passengereye.com\/wp-content\/themes\/applay\/images\/default-photo.png\" width=\"500\" height=\"500\" title=\"Sveikas pasauli!\" alt=\"Hello world!\">\r\n                                <\/a>\r\n                            <\/div><!--slider-thumbnail-->\r\n                                                        <div class=\"post-slider-overlay\">\r\n                                <a class=\"post-slider-nav post-slider-prev\" href=\"#\"><i class=\"fa fa-angle-left\"><\/i><\/a>\r\n                                <a class=\"post-slider-nav post-slider-next\" href=\"#\"><i class=\"fa fa-angle-right\"><\/i><\/a>\r\n                                <a class=\"post-slider-overlay-link\" href=\"https:\/\/en.passengereye.com\/lt\/hello-world\/\" title=\"Sveikas pasauli!\">\r\n                                                                        <h4 class=\"post-slider-title\">Sveikas pasauli!<\/h4>\r\n                                                                            <div  class=\"small\">3:48 val.<\/div>\r\n                                                                        <div class=\"clearfix\"><\/div>\r\n                                <\/a>\r\n                            <\/div>\r\n                        <\/div><!--\/app-item-->\r\n                    <\/div><!--\/post-carousel-item-->\r\n                                    <div class=\"post-slider-item\">\r\n                        <div class=\"slider-item-content\">\r\n                            <div class=\"slider-thumbnail\">\r\n                                <a href=\"https:\/\/en.passengereye.com\/lt\/android-apps-on-applay\/\" title=\"&quot;Android&quot; programos &quot;Applay\" >\r\n                                                                        <img src=\"https:\/\/en.passengereye.com\/wp-includes\/images\/media\/default.png\" width=\"48\" height=\"64\" title=\"&quot;Android&quot; programos &quot;Applay\" alt=\"Android Apps on Applay\">\r\n                                <\/a>\r\n                            <\/div><!--slider-thumbnail-->\r\n                                                        <div class=\"post-slider-overlay\">\r\n                                <a class=\"post-slider-nav post-slider-prev\" href=\"#\"><i class=\"fa fa-angle-left\"><\/i><\/a>\r\n                                <a class=\"post-slider-nav post-slider-next\" href=\"#\"><i class=\"fa fa-angle-right\"><\/i><\/a>\r\n                                <a class=\"post-slider-overlay-link\" href=\"https:\/\/en.passengereye.com\/lt\/android-apps-on-applay\/\" title=\"&quot;Android&quot; programos &quot;Applay\">\r\n                                                                        <h4 class=\"post-slider-title\">\"Android\" programos \"Applay<\/h4>\r\n                                                                            <div  class=\"small\">9:48 val.<\/div>\r\n                                                                        <div class=\"clearfix\"><\/div>\r\n                                <\/a>\r\n                            <\/div>\r\n                        <\/div><!--\/app-item-->\r\n                    <\/div><!--\/post-carousel-item-->\r\n                                    <div class=\"post-slider-item\">\r\n                        <div class=\"slider-item-content\">\r\n                            <div class=\"slider-thumbnail\">\r\n                                <a href=\"https:\/\/en.passengereye.com\/lt\/apps-for-work%e2%80%8e\/\" title=\"Program\u0117l\u0117s darbui\" >\r\n                                                                        <img src=\"https:\/\/en.passengereye.com\/wp-includes\/images\/media\/default.png\" width=\"48\" height=\"64\" title=\"Program\u0117l\u0117s darbui\" alt=\"Apps For Work\u200e\">\r\n                                <\/a>\r\n                            <\/div><!--slider-thumbnail-->\r\n                                                        <div class=\"post-slider-overlay\">\r\n                                <a class=\"post-slider-nav post-slider-prev\" href=\"#\"><i class=\"fa fa-angle-left\"><\/i><\/a>\r\n                                <a class=\"post-slider-nav post-slider-next\" href=\"#\"><i class=\"fa fa-angle-right\"><\/i><\/a>\r\n                                <a class=\"post-slider-overlay-link\" href=\"https:\/\/en.passengereye.com\/lt\/apps-for-work%e2%80%8e\/\" title=\"Program\u0117l\u0117s darbui\">\r\n                                                                        <h4 class=\"post-slider-title\">Program\u0117l\u0117s darbui<\/h4>\r\n                                                                            <div  class=\"small\">9:47 val.<\/div>\r\n                                                                        <div class=\"clearfix\"><\/div>\r\n                                <\/a>\r\n                            <\/div>\r\n                        <\/div><!--\/app-item-->\r\n                    <\/div><!--\/post-carousel-item-->\r\n                                    <div class=\"post-slider-item\">\r\n                        <div class=\"slider-item-content\">\r\n                            <div class=\"slider-thumbnail\">\r\n                                <a href=\"https:\/\/en.passengereye.com\/lt\/discover-great-apps\/\" title=\"Atraskite puiki\u0173 program\u0117li\u0173\" >\r\n                                                                        <img src=\"https:\/\/en.passengereye.com\/wp-includes\/images\/media\/default.png\" width=\"48\" height=\"64\" title=\"Atraskite puiki\u0173 program\u0117li\u0173\" alt=\"Discover great apps\">\r\n                                <\/a>\r\n                            <\/div><!--slider-thumbnail-->\r\n                                                        <div class=\"post-slider-overlay\">\r\n                                <a class=\"post-slider-nav post-slider-prev\" href=\"#\"><i class=\"fa fa-angle-left\"><\/i><\/a>\r\n                                <a class=\"post-slider-nav post-slider-next\" href=\"#\"><i class=\"fa fa-angle-right\"><\/i><\/a>\r\n                                <a class=\"post-slider-overlay-link\" href=\"https:\/\/en.passengereye.com\/lt\/discover-great-apps\/\" title=\"Atraskite puiki\u0173 program\u0117li\u0173\">\r\n                                                                        <h4 class=\"post-slider-title\">Atraskite puiki\u0173 program\u0117li\u0173<\/h4>\r\n                                                                            <div  class=\"small\">9:45 val.<\/div>\r\n                                                                        <div class=\"clearfix\"><\/div>\r\n                                <\/a>\r\n                            <\/div>\r\n                        <\/div><!--\/app-item-->\r\n                    <\/div><!--\/post-carousel-item-->\r\n                                <\/div>\r\n            <\/div>\r\n        <\/section><!--\/ia-post-slider-->\r\n\t<\/div><\/div><\/div><\/div>    \t\t\t<\/div><!--\/ia_row-->\r\n\t\t\t<div class=\"ia_row\">\r\n        \t<div class=\"vc_row wpb_row vc_row-fluid\"><div class=\"wpb_column vc_column_container vc_col-sm-12\"><div class=\"vc_column-inner\"><div class=\"wpb_wrapper\">                <style scoped=\"scoped\">\r\n\t\t.ia-post-slider-5182 .slider-item-content{\r\n\t\t\tmax-height:700px;\r\n\t\t}\r\n\t\t<\/style>\r\n            \t<section class=\"ia-post-slider ia-post-slider-5182\" data-delay=\"0\">\r\n            <div class=\"post-slider-wrap\">\r\n                <div class=\"init-carousel post-slider-carousel carousel-has-control single-carousel\" data-items=\"\" data-navigation=\"1\" data-autoplay=\"false\">\r\n                                    <div class=\"post-slider-item\">\r\n                        <div class=\"slider-item-content\">\r\n                            <div class=\"slider-thumbnail\">\r\n                                <a href=\"https:\/\/en.passengereye.com\/lt\/produktas\/photo-mixer\/\" title=\"Nuotrauk\u0173 mai\u0161ytuvas\" >\r\n                                                                        <img src=\"https:\/\/en.passengereye.com\/wp-includes\/images\/media\/default.png\" width=\"48\" height=\"64\" title=\"Nuotrauk\u0173 mai\u0161ytuvas\" alt=\"Photo Mixer\">\r\n                                <\/a>\r\n                            <\/div><!--slider-thumbnail-->\r\n                                                        <div class=\"post-slider-overlay\">\r\n                                <a class=\"post-slider-nav post-slider-prev\" href=\"#\"><i class=\"fa fa-angle-left\"><\/i><\/a>\r\n                                <a class=\"post-slider-nav post-slider-next\" href=\"#\"><i class=\"fa fa-angle-right\"><\/i><\/a>\r\n                                <a class=\"post-slider-overlay-link\" href=\"https:\/\/en.passengereye.com\/lt\/produktas\/photo-mixer\/\" title=\"Nuotrauk\u0173 mai\u0161ytuvas\">\r\n                                    <img src=\"http:\/\/demo.leafcolor.com\/applay\/wp-content\/uploads\/2014\/10\/creative-idea-icon.png\" width=\"100\" height=\"100\" class=\"app-icon\" alt=\"Photo Mixer\"\/>                                    <h4 class=\"post-slider-title\">Nuotrauk\u0173 mai\u0161ytuvas<\/h4>\r\n                                                                            <div class=\"small\">\r\n                                                                                        <span class=\"price\"><span class=\"woocommerce-Price-amount amount\"><span class=\"woocommerce-Price-currencySymbol\">\u20ac<\/span>10.00<\/span><\/span>\r\n                                                                                    <\/div>\r\n                                                                        <div class=\"clearfix\"><\/div>\r\n                                <\/a>\r\n                            <\/div>\r\n                        <\/div><!--\/app-item-->\r\n                    <\/div><!--\/post-carousel-item-->\r\n                                    <div class=\"post-slider-item\">\r\n                        <div class=\"slider-item-content\">\r\n                            <div class=\"slider-thumbnail\">\r\n                                <a href=\"https:\/\/en.passengereye.com\/lt\/produktas\/mini-calendar\/\" title=\"Mini kalendorius\" >\r\n                                                                        <img src=\"https:\/\/en.passengereye.com\/wp-includes\/images\/media\/default.png\" width=\"48\" height=\"64\" title=\"Mini kalendorius\" alt=\"Mini Calendar\">\r\n                                <\/a>\r\n                            <\/div><!--slider-thumbnail-->\r\n                                                        <div class=\"post-slider-overlay\">\r\n                                <a class=\"post-slider-nav post-slider-prev\" href=\"#\"><i class=\"fa fa-angle-left\"><\/i><\/a>\r\n                                <a class=\"post-slider-nav post-slider-next\" href=\"#\"><i class=\"fa fa-angle-right\"><\/i><\/a>\r\n                                <a class=\"post-slider-overlay-link\" href=\"https:\/\/en.passengereye.com\/lt\/produktas\/mini-calendar\/\" title=\"Mini kalendorius\">\r\n                                    <img src=\"http:\/\/demo.leafcolor.com\/applay\/wp-content\/uploads\/2014\/10\/office-calendar-icon.png\" width=\"100\" height=\"100\" class=\"app-icon\" alt=\"Mini Calendar\"\/>                                    <h4 class=\"post-slider-title\">Mini kalendorius<\/h4>\r\n                                                                            <div class=\"small\">\r\n                                                                                        <span class=\"price\"><del><span class=\"woocommerce-Price-amount amount\"><span class=\"woocommerce-Price-currencySymbol\">\u20ac<\/span>2.00<\/span><\/del> <ins><span class=\"woocommerce-Price-amount amount\"><span class=\"woocommerce-Price-currencySymbol\">\u20ac<\/span>0.00<\/span><\/ins><\/span>\r\n                                                                                    <\/div>\r\n                                                                        <div class=\"clearfix\"><\/div>\r\n                                <\/a>\r\n                            <\/div>\r\n                        <\/div><!--\/app-item-->\r\n                    <\/div><!--\/post-carousel-item-->\r\n                                    <div class=\"post-slider-item\">\r\n                        <div class=\"slider-item-content\">\r\n                            <div class=\"slider-thumbnail\">\r\n                                <a href=\"https:\/\/en.passengereye.com\/lt\/produktas\/ceo-calculator\/\" title=\"Generalinio direktoriaus skai\u010diuokl\u0117\" >\r\n                                                                        <img src=\"https:\/\/en.passengereye.com\/wp-includes\/images\/media\/default.png\" width=\"48\" height=\"64\" title=\"Generalinio direktoriaus skai\u010diuokl\u0117\" alt=\"CEO Calculator\">\r\n                                <\/a>\r\n                            <\/div><!--slider-thumbnail-->\r\n                                                        <div class=\"post-slider-overlay\">\r\n                                <a class=\"post-slider-nav post-slider-prev\" href=\"#\"><i class=\"fa fa-angle-left\"><\/i><\/a>\r\n                                <a class=\"post-slider-nav post-slider-next\" href=\"#\"><i class=\"fa fa-angle-right\"><\/i><\/a>\r\n                                <a class=\"post-slider-overlay-link\" href=\"https:\/\/en.passengereye.com\/lt\/produktas\/ceo-calculator\/\" title=\"Generalinio direktoriaus skai\u010diuokl\u0117\">\r\n                                    <img src=\"http:\/\/demo.leafcolor.com\/applay\/wp-content\/uploads\/2014\/10\/accessories-calculator-icon.png\" width=\"100\" height=\"100\" class=\"app-icon\" alt=\"CEO Calculator\"\/>                                    <h4 class=\"post-slider-title\">Generalinio direktoriaus skai\u010diuokl\u0117<\/h4>\r\n                                                                            <div class=\"small\">\r\n                                                                                        <span class=\"price\"><span class=\"woocommerce-Price-amount amount\"><span class=\"woocommerce-Price-currencySymbol\">\u20ac<\/span>0.00<\/span><\/span>\r\n                                                                                    <\/div>\r\n                                                                        <div class=\"clearfix\"><\/div>\r\n                                <\/a>\r\n                            <\/div>\r\n                        <\/div><!--\/app-item-->\r\n                    <\/div><!--\/post-carousel-item-->\r\n                                    <div class=\"post-slider-item\">\r\n                        <div class=\"slider-item-content\">\r\n                            <div class=\"slider-thumbnail\">\r\n                                <a href=\"https:\/\/en.passengereye.com\/lt\/produktas\/nice-clock\/\" title=\"Gra\u017eus laikrodis\" >\r\n                                                                        <img src=\"https:\/\/en.passengereye.com\/wp-includes\/images\/media\/default.png\" width=\"48\" height=\"64\" title=\"Gra\u017eus laikrodis\" alt=\"Nice Clock\">\r\n                                <\/a>\r\n                            <\/div><!--slider-thumbnail-->\r\n                                                        <div class=\"post-slider-overlay\">\r\n                                <a class=\"post-slider-nav post-slider-prev\" href=\"#\"><i class=\"fa fa-angle-left\"><\/i><\/a>\r\n                                <a class=\"post-slider-nav post-slider-next\" href=\"#\"><i class=\"fa fa-angle-right\"><\/i><\/a>\r\n                                <a class=\"post-slider-overlay-link\" href=\"https:\/\/en.passengereye.com\/lt\/produktas\/nice-clock\/\" title=\"Gra\u017eus laikrodis\">\r\n                                    <img src=\"http:\/\/demo.leafcolor.com\/applay\/wp-content\/uploads\/2014\/10\/performance-icon.png\" width=\"100\" height=\"100\" class=\"app-icon\" alt=\"Nice Clock\"\/>                                    <h4 class=\"post-slider-title\">Gra\u017eus laikrodis<\/h4>\r\n                                                                            <div class=\"small\">\r\n                                                                                        <span class=\"price\"><span class=\"woocommerce-Price-amount amount\"><span class=\"woocommerce-Price-currencySymbol\">\u20ac<\/span>0.00<\/span><\/span>\r\n                                                                                    <\/div>\r\n                                                                        <div class=\"clearfix\"><\/div>\r\n                                <\/a>\r\n                            <\/div>\r\n                        <\/div><!--\/app-item-->\r\n                    <\/div><!--\/post-carousel-item-->\r\n                                    <div class=\"post-slider-item\">\r\n                        <div class=\"slider-item-content\">\r\n                            <div class=\"slider-thumbnail\">\r\n                                <a href=\"https:\/\/en.passengereye.com\/lt\/produktas\/xstreme-player-2\/\" title=\"&quot;Xstreme Player 2\" >\r\n                                                                        <img src=\"https:\/\/en.passengereye.com\/wp-includes\/images\/media\/default.png\" width=\"48\" height=\"64\" title=\"&quot;Xstreme Player 2\" alt=\"Xstreme Player 2\">\r\n                                <\/a>\r\n                            <\/div><!--slider-thumbnail-->\r\n                                                        <div class=\"post-slider-overlay\">\r\n                                <a class=\"post-slider-nav post-slider-prev\" href=\"#\"><i class=\"fa fa-angle-left\"><\/i><\/a>\r\n                                <a class=\"post-slider-nav post-slider-next\" href=\"#\"><i class=\"fa fa-angle-right\"><\/i><\/a>\r\n                                <a class=\"post-slider-overlay-link\" href=\"https:\/\/en.passengereye.com\/lt\/produktas\/xstreme-player-2\/\" title=\"&quot;Xstreme Player 2\">\r\n                                    <img src=\"http:\/\/demo.leafcolor.com\/applay\/wp-content\/uploads\/2014\/09\/music-orange-icon.png\" width=\"100\" height=\"100\" class=\"app-icon\" alt=\"Xstreme Player 2\"\/>                                    <h4 class=\"post-slider-title\">\"Xstreme Player 2<\/h4>\r\n                                                                            <div class=\"small\">\r\n                                                                                        <span class=\"price\"><span class=\"woocommerce-Price-amount amount\"><span class=\"woocommerce-Price-currencySymbol\">\u20ac<\/span>0.00<\/span><\/span>\r\n                                                                                    <\/div>\r\n                                                                        <div class=\"clearfix\"><\/div>\r\n                                <\/a>\r\n                            <\/div>\r\n                        <\/div><!--\/app-item-->\r\n                    <\/div><!--\/post-carousel-item-->\r\n                                <\/div>\r\n            <\/div>\r\n        <\/section><!--\/ia-post-slider-->\r\n\t<\/div><\/div><\/div><\/div>    \t\t\t<\/div><!--\/ia_row-->\r\n\t <\/p>","protected":false},"excerpt":{"rendered":"In ut quam vitae odio lacinia tincidunt. Curabitur nisi. Nam pretium turpis et arcu. Fusce commodo aliquam arcu. In consectetuer turpis ut velit. Phasellus magna. Praesent adipiscing. Vestibulum ante ipsum primis in faucibus orci luctus [...]","protected":false},"author":1,"featured_media":0,"parent":0,"menu_order":0,"comment_status":"open","ping_status":"closed","template":"","meta":[],"_links":{"self":[{"href":"https:\/\/en.passengereye.com\/lt\/wp-json\/wp\/v2\/pages\/2469"}],"collection":[{"href":"https:\/\/en.passengereye.com\/lt\/wp-json\/wp\/v2\/pages"}],"about":[{"href":"https:\/\/en.passengereye.com\/lt\/wp-json\/wp\/v2\/types\/page"}],"author":[{"embeddable":true,"href":"https:\/\/en.passengereye.com\/lt\/wp-json\/wp\/v2\/users\/1"}],"replies":[{"embeddable":true,"href":"https:\/\/en.passengereye.com\/lt\/wp-json\/wp\/v2\/comments?post=2469"}],"version-history":[{"count":0,"href":"https:\/\/en.passengereye.com\/lt\/wp-json\/wp\/v2\/pages\/2469\/revisions"}],"wp:attachment":[{"href":"https:\/\/en.passengereye.com\/lt\/wp-json\/wp\/v2\/media?parent=2469"}],"curies":[{"name":"wp","href":"https:\/\/api.w.org\/{rel}","templated":true}]}}