{"id":12,"date":"2010-07-25T19:40:01","date_gmt":"2010-07-26T02:40:01","guid":{"rendered":"http:\/\/wpthemetestdata.wordpress.com\/about\/"},"modified":"2010-07-25T19:40:01","modified_gmt":"2010-07-26T02:40:01","slug":"features","status":"publish","type":"page","link":"https:\/\/en.passengereye.com\/lt\/features\/","title":{"rendered":"Funkcijos"},"content":{"rendered":"<p><img loading=\"lazy\" class=\"aligncenter wp-image-2031 size-full\" src=\"http:\/\/demo.leafcolor.com\/applay\/wp-content\/uploads\/2014\/10\/sc.png\" alt=\"sc\" width=\"900\" height=\"600\" \/><\/p>\n<p>&nbsp;<\/p>\n<div class=\"ia-heading ia-heading-heading_341 heading-align-left\" data-delay=\"\">\r\n    \t<h2 >\r\n                \tAPIE APPLAY                <\/h2>\r\n        <div class=\"clearfix\"><\/div>\r\n    <\/div>\r\n    \"Applay\" yra daugiafunkcin\u0117 \"WordPress\" tema, skirta program\u0117li\u0173 vitrinai, program\u0117li\u0173 parduotuvei, \"App Landing\", verslui ir apsipirkimui. Jei jums patinka \u0161i tema, pra\u0161ome \u012fvertinti 5 \u017evaig\u017edutes arba palikti komentarus, kad gal\u0117tume kurti geresnius produktus.<\/p>\n<p>&nbsp;<\/p>\n    <div class=\"ia-heading ia-heading-heading_3302 heading-align-left\" data-delay=\"\">\r\n    \t<h2 >\r\n                \tFunkcijos                <\/h2>\r\n        <div class=\"clearfix\"><\/div>\r\n    <\/div>\r\n    \n<ul>\n<li>Itin jautrus dizainas<\/li>\n<li>\"Retina Ready<\/li>\n<li>4 svetain\u0117s variantai ir neribotos galimyb\u0117s<\/li>\n<li>3 \"Appstore\" variantai ir neribotos galimyb\u0117s<\/li>\n<li>3 antra\u0161t\u0117s stilius x 2 antra\u0161t\u0117s schema (tamsi \/ \u0161viesi)<\/li>\n<li>Mobiliosios vitrinos k\u016brimo \u012fskiepis - kurkite mobil\u0173j\u012f maket\u0105 be \"Photoshop<\/li>\n<li>Parduokite arba reklamuokite mobili\u0105sias program\u0117les naudodami \"WooCommerce<\/li>\n<li>Integruota \"WooCommerce\" - lengvai parduokite savo produkt\u0105 internete<\/li>\n<li>Paralakso ir CSS animacijos efektas<\/li>\n<li>*Straipsni\u0173 k\u016br\u0117jas - Visual Composer \u012ftrauktas (sutaupysite $25)<\/li>\n<li>*Quick Ajax - \u012etraukta moderni Ajax u\u017eklausa (sutaupysite $17)<br \/>\nLankst\u016bs, galingi ir gra\u017e\u016bs trumpieji kodai<\/li>\n<li>Neribotos spalvos ir i\u0161d\u0117stymas<\/li>\n<li>Keli\u0173 stulpeli\u0173 meniu i\u0161skleidimas<\/li>\n<li>Integruoti valdikliai ir pasirinktiniai valdikli\u0173 i\u0161d\u0117stymo nustatymai<\/li>\n<li>Socialin\u0117s paskyros ir bendrinimas socialiniuose tinkluose<\/li>\n<li>Visi\u0161kai pritaikomas su temos parinktimis<\/li>\n<li>\u012etraukti pavyzdiniai duomenys<\/li>\n<li>Parama WP Pagenavi, Contact Form 7, Flickr Badges Widget...<\/li>\n<li>Parama visiems \"Google\" \u0161riftams<\/li>\n<li>Integruotas \"Font Awesome<\/li>\n<li>WPML Ready - Daugiakalbei svetainei<\/li>\n<li>Automatinis atnaujinimas - kad tema b\u016bt\u0173 atnaujinta iki naujausios versijos<\/li>\n<li>Pritaikomas i\u0161ankstin\u0117s \u012fkrovos efektas<\/li>\n<\/ul>\n<p>(Atnaujinimas)<\/p>","protected":false},"excerpt":{"rendered":"<p>&nbsp; Applay is a multipurpose WordPress theme for App showcase, App Store, App Landing, Business and Shopping. If you like this theme, please rate 5 stars or leave comments so we can make better products. [&hellip;]<\/p>","protected":false},"author":1,"featured_media":0,"parent":0,"menu_order":1,"comment_status":"closed","ping_status":"closed","template":"","meta":[],"_links":{"self":[{"href":"https:\/\/en.passengereye.com\/lt\/wp-json\/wp\/v2\/pages\/12"}],"collection":[{"href":"https:\/\/en.passengereye.com\/lt\/wp-json\/wp\/v2\/pages"}],"about":[{"href":"https:\/\/en.passengereye.com\/lt\/wp-json\/wp\/v2\/types\/page"}],"author":[{"embeddable":true,"href":"https:\/\/en.passengereye.com\/lt\/wp-json\/wp\/v2\/users\/1"}],"replies":[{"embeddable":true,"href":"https:\/\/en.passengereye.com\/lt\/wp-json\/wp\/v2\/comments?post=12"}],"version-history":[{"count":0,"href":"https:\/\/en.passengereye.com\/lt\/wp-json\/wp\/v2\/pages\/12\/revisions"}],"wp:attachment":[{"href":"https:\/\/en.passengereye.com\/lt\/wp-json\/wp\/v2\/media?parent=12"}],"curies":[{"name":"wp","href":"https:\/\/api.w.org\/{rel}","templated":true}]}}