{"id":1133,"date":"2013-03-15T18:19:23","date_gmt":"2013-03-15T23:19:23","guid":{"rendered":"http:\/\/wptest.io\/demo\/?page_id=1080"},"modified":"2013-03-15T18:19:23","modified_gmt":"2013-03-15T23:19:23","slug":"page-image-alignment","status":"publish","type":"page","link":"https:\/\/en.passengereye.com\/lt\/features\/page-image-alignment\/","title":{"rendered":"Puslapio paveiksl\u0117lio i\u0161lyginimas"},"content":{"rendered":"<p>Sveiki atvyk\u0119 \u012f vaizd\u0173 derinim\u0105! Geriausias b\u016bdas parodyti \u012fvairi\u0173 paveiksl\u0117li\u0173 pad\u0117ties nustatymo parink\u010di\u0173 atosl\u016bgius ir atosl\u016bgius - juos jaukiai \u012fsitaisyti tarp \u017eod\u017ei\u0173 vandenyno. Griebkite irkl\u0105 ir prad\u0117kime.<\/p>\n<p>Kalbant apie derinim\u0105, reik\u0117t\u0173 pa\u017eym\u0117ti, kad naudotojai gali rinktis i\u0161 \u0161i\u0173 parink\u010di\u0173\u00a0<em>N\u0117ra<\/em>,\u00a0<em>Kair\u0117je pus\u0117je<\/em>,\u00a0<em>Teis\u0117, <\/em>ir\u00a0<em>Centras<\/em>. Be to, jie taip pat gali rinktis\u00a0<em>Miniati\u016bros<\/em>,\u00a0<em>Vidutinis<\/em>,\u00a0<em>Didelis<\/em>\u00a0&amp;\u00a0<em>Viso dyd\u017eio<\/em>.<\/p>\n<p style=\"text-align:center;\"><img loading=\"lazy\" class=\"size-full wp-image-906 aligncenter\" title=\"Vaizd\u0173 derinimas 580x300\" alt=\"Image Alignment 580x300\" src=\"http:\/\/demo.leafcolor.com\/applay\/wp-content\/uploads\/2013\/03\/image-alignment-580x300.jpg\" width=\"580\" height=\"300\" \/><\/p>\n<p>Vir\u0161uje esantis paveiksl\u0117lis yra\u00a0<em><strong>centre<\/strong><\/em>.<\/p>\n<p><strong><img loading=\"lazy\" class=\"size-full wp-image-904 alignleft\" title=\"Vaizd\u0173 derinimas 150x150\" alt=\"Image Alignment 150x150\" src=\"http:\/\/demo.leafcolor.com\/applay\/wp-content\/uploads\/2013\/03\/image-alignment-150x150.jpg\" width=\"150\" height=\"150\" \/><\/strong>Likusi \u0161ios pastraipos dalis yra u\u017epildas, kad matytum\u0117te, kaip tekstas apgaubia 150\u00d7150 paveiksl\u0117l\u012f, kuris yra <em><strong>i\u0161lygintas \u012f kair\u0119<\/strong><\/em>.\u00a0<strong><\/strong><\/p>\n<p>Kaip matote, vir\u0161, po ir de\u0161in\u0117je paveiksl\u0117lio pus\u0117je turi b\u016bti \u0161iek tiek vietos. Tekstas netur\u0117t\u0173 b\u016bti u\u017elip\u0119s ant paveiksl\u0117lio. \u0160liau\u017eiantis tekstas yra netinkamas. Vaizdams taip pat reikia erdv\u0117s. Leiskite jiems kalb\u0117ti kaip ir \u017eod\u017eiams. Leiskite jiems atlikti savo darb\u0105 be jokio teksto trukdymo. Ma\u017edaug dar vienu sakiniu \u010dia pamatysime, kad tekstas skland\u017eiai pereina i\u0161 vaizdo de\u0161in\u0117s pus\u0117s \u017eemyn po vaizdu. V\u0117lgi leiskite tekstui atlikti savo darb\u0105. Misija \u012fvykdyta!<\/p>\n<p>O dabar <em><strong>masi\u0161kai didelis vaizdas<\/strong><\/em>. Jame taip pat yra <em><strong>n\u0117ra derinimo<\/strong><\/em>.<\/p>\n<p><img loading=\"lazy\" class=\"alignnone  wp-image-907\" title=\"Vaizd\u0173 derinimas 1200x400\" alt=\"Image Alignment 1200x400\" src=\"http:\/\/demo.leafcolor.com\/applay\/wp-content\/uploads\/2013\/03\/image-alignment-1200x4002.jpg\" width=\"1200\" height=\"400\" \/><\/p>\n<p>Pirmiau pateiktas 1200 px plo\u010dio paveiksl\u0117lis netur\u0117t\u0173 perpildyti turinio srities. Jis tur\u0117t\u0173 b\u016bti nedidelis ir netrukdyti turinio srautui.<\/p>\n<p><img loading=\"lazy\" class=\"size-full wp-image-905 alignright\" title=\"Vaizd\u0173 derinimas 300x200\" alt=\"Image Alignment 300x200\" src=\"http:\/\/demo.leafcolor.com\/applay\/wp-content\/uploads\/2013\/03\/image-alignment-300x200.jpg\" width=\"300\" height=\"200\" \/><\/p>\n<p>O dabar persikelsime \u012f <em><strong>sulygiuoti \u012f de\u0161in\u0119<\/strong><\/em>. V\u0117lgi, vir\u0161, po ir kair\u0117je paveiksl\u0117lio pus\u0117je turi b\u016bti daug vietos. Tik pa\u017evelkite \u012f j\u012f ten... Ei, vaikinas! Taip \u0161\u016bktel\u0117jo \u012f de\u0161in\u0119 pus\u0119. Man nesvarbu, k\u0105 sako kair\u0117je sulygiuotas vaizdas, atrodai puikiai. Neleiskite, kad kas nors kitas jums sakyt\u0173 kitaip.<\/p>\n<p>Po truput\u012f matysite, kad tekstas prad\u0117s vyniotis po de\u0161in\u0117je sulygiuotu paveiksl\u0117liu ir gra\u017eiai \u012fsitvirtins. Tur\u0117t\u0173 likti daug vietos ir viskas tur\u0117t\u0173 b\u016bti gra\u017eiai i\u0161d\u0117styta. Taip... Kaip tik taip. Dar niekada nebuvo taip gera b\u016bti teisingai.<\/p>\n<p>Ir kai jau man\u0117te, kad baig\u0117me, mes dar kart\u0105 juos visus pakartosime su para\u0161ais!<\/p>\n<div id=\"attachment_906\" style=\"width: 590px\" class=\"wp-caption aligncenter\"><img aria-describedby=\"caption-attachment-906\" loading=\"lazy\" class=\"size-full wp-image-906\" title=\"Vaizd\u0173 derinimas 580x300\" alt=\"Image Alignment 580x300\" src=\"http:\/\/demo.leafcolor.com\/applay\/wp-content\/uploads\/2013\/03\/image-alignment-580x300.jpg\" width=\"580\" height=\"300\" \/><p id=\"caption-attachment-906\" class=\"wp-caption-text\">Pa\u017evelkite \u012f 580\u00d7300 gauti kelet\u0105 <a title=\"Vaizdo nustatymai\" href=\"http:\/\/en.support.wordpress.com\/images\/image-settings\/\">antra\u0161t\u0117<\/a> meil\u0117.<\/p><\/div>\n<p>Vir\u0161uje esantis paveiksl\u0117lis yra\u00a0<em><strong>centre<\/strong><\/em>. Antra\u0161t\u0117je taip pat yra nuoroda, tiesiog nor\u0117damas patikrinti, ar ji daro k\u0105 nors keisto.<\/p>\n<div id=\"attachment_904\" style=\"width: 160px\" class=\"wp-caption alignleft\"><img aria-describedby=\"caption-attachment-904\" loading=\"lazy\" class=\"size-full wp-image-904\" title=\"Vaizd\u0173 derinimas 150x150\" alt=\"Image Alignment 150x150\" src=\"http:\/\/demo.leafcolor.com\/applay\/wp-content\/uploads\/2013\/03\/image-alignment-150x150.jpg\" width=\"150\" height=\"150\" \/><p id=\"caption-attachment-904\" class=\"wp-caption-text\">Ma\u017eyt\u0117 antra\u0161t\u0117.<\/p><\/div>\n<p><strong><\/strong>Likusi \u0161ios pastraipos dalis yra u\u017epildas, kad matytum\u0117te, kaip tekstas apgaubia 150\u00d7150 paveiksl\u0117l\u012f, kuris yra <em><strong>i\u0161lygintas \u012f kair\u0119<\/strong><\/em>.\u00a0<strong><\/strong><\/p>\n<p>Kaip matote, vir\u0161, po ir de\u0161in\u0117je paveiksl\u0117lio pus\u0117je turi b\u016bti \u0161iek tiek vietos. Tekstas netur\u0117t\u0173 b\u016bti u\u017elip\u0119s ant paveiksl\u0117lio. \u0160liau\u017eiantis tekstas yra netinkamas. Vaizdams taip pat reikia erdv\u0117s. Leiskite jiems kalb\u0117ti kaip ir \u017eod\u017eiams. Leiskite jiems atlikti savo darb\u0105 be jokio teksto trukdymo. Ma\u017edaug dar vienu sakiniu \u010dia pamatysime, kad tekstas skland\u017eiai pereina i\u0161 vaizdo de\u0161in\u0117s pus\u0117s \u017eemyn po vaizdu. V\u0117lgi leiskite tekstui atlikti savo darb\u0105. Misija \u012fvykdyta!<\/p>\n<p>O dabar <em><strong>masi\u0161kai didelis vaizdas<\/strong><\/em>. Jame taip pat yra <em><strong>n\u0117ra derinimo<\/strong><\/em>.<\/p>\n<div id=\"attachment_907\" style=\"width: 1210px\" class=\"wp-caption alignnone\"><img aria-describedby=\"caption-attachment-907\" loading=\"lazy\" class=\"wp-image-907\" title=\"Vaizd\u0173 derinimas 1200x400\" alt=\"Image Alignment 1200x400\" src=\"http:\/\/demo.leafcolor.com\/applay\/wp-content\/uploads\/2013\/03\/image-alignment-1200x4002.jpg\" width=\"1200\" height=\"400\" \/><p id=\"caption-attachment-907\" class=\"wp-caption-text\">Masyvus vaizdo komentaras j\u016bs\u0173 akims.<\/p><\/div>\n<p>Pirmiau pateiktas 1200 px plo\u010dio paveiksl\u0117lis netur\u0117t\u0173 perpildyti turinio srities. Jis tur\u0117t\u0173 b\u016bti nedidelis ir netrukdyti turinio srautui.<\/p>\n<div id=\"attachment_905\" style=\"width: 310px\" class=\"wp-caption alignright\"><img aria-describedby=\"caption-attachment-905\" loading=\"lazy\" class=\"size-full wp-image-905\" title=\"Vaizd\u0173 derinimas 300x200\" alt=\"Image Alignment 300x200\" src=\"http:\/\/demo.leafcolor.com\/applay\/wp-content\/uploads\/2013\/03\/image-alignment-300x200.jpg\" width=\"300\" height=\"200\" \/><p id=\"caption-attachment-905\" class=\"wp-caption-text\">Geras jausmas vis\u0105 laik\u0105 b\u016bti teisiam.<\/p><\/div>\n<p>O dabar persikelsime \u012f <em><strong>sulygiuoti \u012f de\u0161in\u0119<\/strong><\/em>. V\u0117lgi, vir\u0161, po ir kair\u0117je paveiksl\u0117lio pus\u0117je turi b\u016bti daug vietos. Tik pa\u017evelkite \u012f j\u012f ten... Ei, vaikinas! Taip \u0161\u016bktel\u0117jo \u012f de\u0161in\u0119 pus\u0119. Man nesvarbu, k\u0105 sako kair\u0117je sulygiuotas vaizdas, atrodai puikiai. Neleiskite, kad kas nors kitas jums sakyt\u0173 kitaip.<\/p>\n<p>Po kurio laiko tekstas tur\u0117t\u0173 prad\u0117ti vyniotis po de\u0161in\u0117je sulygiuotu paveiksl\u0117liu ir gra\u017eiai \u012fsitvirtinti. Tur\u0117t\u0173 likti daug vietos ir viskas tur\u0117t\u0173 b\u016bti gra\u017eiai i\u0161d\u0117styta. Taip... Kaip tik taip. Dar niekada nebuvo taip gera b\u016bti teisingai.<\/p>\n<p>Ir tai jau pabaiga, yo! I\u0161gyvenote audringus derinimo vandenis. Paveiksl\u0117li\u0173 derinimo pasiekimas atrakintas!<\/p>","protected":false},"excerpt":{"rendered":"<p>Welcome to image alignment! The best way to demonstrate the ebb and flow of the various image positioning options is to nestle them snuggly among an ocean of words. Grab a paddle and let&#8217;s get [&hellip;]<\/p>","protected":false},"author":1,"featured_media":0,"parent":12,"menu_order":0,"comment_status":"open","ping_status":"closed","template":"","meta":[],"_links":{"self":[{"href":"https:\/\/en.passengereye.com\/lt\/wp-json\/wp\/v2\/pages\/1133"}],"collection":[{"href":"https:\/\/en.passengereye.com\/lt\/wp-json\/wp\/v2\/pages"}],"about":[{"href":"https:\/\/en.passengereye.com\/lt\/wp-json\/wp\/v2\/types\/page"}],"author":[{"embeddable":true,"href":"https:\/\/en.passengereye.com\/lt\/wp-json\/wp\/v2\/users\/1"}],"replies":[{"embeddable":true,"href":"https:\/\/en.passengereye.com\/lt\/wp-json\/wp\/v2\/comments?post=1133"}],"version-history":[{"count":0,"href":"https:\/\/en.passengereye.com\/lt\/wp-json\/wp\/v2\/pages\/1133\/revisions"}],"up":[{"embeddable":true,"href":"https:\/\/en.passengereye.com\/lt\/wp-json\/wp\/v2\/pages\/12"}],"wp:attachment":[{"href":"https:\/\/en.passengereye.com\/lt\/wp-json\/wp\/v2\/media?parent=1133"}],"curies":[{"name":"wp","href":"https:\/\/api.w.org\/{rel}","templated":true}]}}