{"id":3448,"date":"2018-02-11T14:44:41","date_gmt":"2018-02-11T14:44:41","guid":{"rendered":"https:\/\/en.passengereye.com\/?page_id=3448"},"modified":"2018-02-11T16:05:35","modified_gmt":"2018-02-11T16:05:35","slug":"howtouse","status":"publish","type":"page","link":"https:\/\/en.passengereye.com\/it\/howtouse\/","title":{"rendered":"Come si usa"},"content":{"rendered":"<h2><strong>Descrizione \/ Istruzioni per l'uso<\/strong><\/h2>\n<p>PassengerEye \u00e8 un'applicazione mobile GRATUITA che consente all'utente di segnalare le localit\u00e0 con foto. I rapporti fotografici vengono caricati sul portale https:\/\/en.passengereye.com, dove \u00e8 possibile visualizzare i rapporti fotografici.<\/p>\n<p>L'applicazione mobile PassengerEye \u00e8 progettata per venditori itineranti, venditori sul campo, personale di vendita, promotori di vari eventi o altre persone simili. L'applicazione mobile PassengerEye pu\u00f2 essere utilizzata anche privatamente.<\/p>\n<p>L'utente dell'applicazione mobile PassengerEye (di seguito venditore) pu\u00f2 caricare i report fotografici su uno o pi\u00f9 account registrati (di seguito account).<\/p>\n<p>Venditori \/ Impiegati \/ Manager \/ Supervisori possono utilizzare l'applicazione mobile PassengerEye:<br \/>\n- per registrare l'inizio e la fine del reportage fotografico (tempo e lunghezza del percorso utilizzati)<br \/>\n- scegliere la posizione, il negozio, l'edificio e simili da un elenco di localit\u00e0<br \/>\n- per aggiungere la propria posizione all'elenco,<br \/>\n- fotografare o creare una galleria fotografica della location<br \/>\n- per aggiungere una descrizione del servizio fotografico,<br \/>\n- per effettuare il caricamento di un report fotografico sul portale PassengerEye.com all'account.<\/p>\n<p>Una persona fisica o giuridica pu\u00f2 aprire un account registrato sul portale https:\/\/en.passengereye.com. Ogni venditore pu\u00f2 avere pi\u00f9 account registrati o pu\u00f2 produrre report fotografici solo per altri account registrati con l'aiuto dell'applicazione mobile PassengerEye. Per l'utilizzo dell'applicazione mobile non \u00e8 necessario un account utente registrato sul portale, ma \u00e8 importante solo che il venditore stipuli un contratto con uno degli account selezionati (che pu\u00f2 anche essere un account di prova).<\/p>\n<p>Un report fotografico (una o pi\u00f9 immagini con descrizione della localit\u00e0 selezionata) viene memorizzato sul portale https:\/\/en.passengereye.com, in base alla posizione GPS con l'ora scritta e un percorso mappato tra i report fotografici.<\/p>\n<h2><strong>Utilizzo dell'applicazione<\/strong><\/h2>\n<ol>\n<li>Quando il venditore accede all'applicazione mobile PassengerEye, sceglie innanzitutto un account, con il quale ha stipulato un contratto, che richiede una connessione a Internet.<\/li>\n<li>Quando si accede, l'applicazione mobile PassengerEye si connette all'account del contratto al portale https:\/\/en.passengereye.com e gli comunica l'ora e la posizione.<\/li>\n<li>Il venditore crea e carica i report fotografici con l'aiuto dell'applicazione mobile PassengerEye.<\/li>\n<li>Al termine del servizio fotografico e del viaggio, l'addetto alle vendite si disconnette dall'applicazione mobile, informando cos\u00ec il conto del contratto sul tempo trascorso e sull'indennit\u00e0 chilometrica.<\/li>\n<\/ol>\n<p>Ogni account sul portale https:\/\/en.passengereye.com pu\u00f2 avere uno o pi\u00f9 venditori, che hanno inviato ad esso dei report fotografici. Nella sezione registrata vengono visualizzati i report fotografici dell'account, le ore trascorse e la lunghezza dell'intero percorso di viaggio in base ai giorni per ogni singolo venditore. Sul portale https:\/\/en.passengereye.com:<\/p>\n<p>- una persona in viaggio pu\u00f2 essere seguita sul conto su una mappa,<br \/>\n- \u00e8 possibile controllare le foto dei luoghi<br \/>\n- lunghezza del percorso in km e<br \/>\n- tempo impiegato da ciascun venditore in un determinato giorno.<\/p>\n<p>Ogni venditore pu\u00f2 confermare un contratto con uno o pi\u00f9 clienti o aziende. Ogni account o azienda pu\u00f2 avere pi\u00f9 venditori. Pertanto, ogni utente dell'applicazione mobile pu\u00f2 caricare i report fotografici su un solo account selezionato oppure su pi\u00f9 account. A seconda del numero di account con cui ha un contratto.<\/p>\n<p>Un venditore che non ha un contratto attivo pu\u00f2 utilizzare un account di prova oppure pu\u00f2 registrare la sua attivit\u00e0 su https:\/\/PassengerEye.com e collegare l'app sul suo telefono al proprio account, caricandovi i report fotografici.<\/p>\n<p>Se un utente non desidera registrare un account su https:\/\/en.passengereye.com, pu\u00f2 inviare il PIN o la CHIAVE API delle sue applicazioni mobili all'e-mail app@marcelino.si e ricever\u00e0 un contratto con un account di prova. L'account di prova o la societ\u00e0 di prova funzionano senza restrizioni.<\/p>\n<p>Per il funzionamento sono necessari:<br \/>\n- Internet (per il login e il logout)<br \/>\n- posizione abilitata sul telefono cellulare (funzione GPS)<br \/>\n- una connessione con un account registrato o un account di prova su PassengerEye.com.<\/p>\n<p>L'applicazione non \u00e8 solo per le aziende, ma pu\u00f2 essere utilizzata anche dai privati.<\/p>\n<p>Novit\u00e0 della versione 1.0<br \/>\n- descrizione e commenti sotto la foto<br \/>\n- accesso a una o pi\u00f9 aziende (cio\u00e8 agli utenti registrati sul portale)<br \/>\n- un'azienda o un account registrato pu\u00f2 avere pi\u00f9 venditori<br \/>\n- misurazione del tempo di lavoro<br \/>\n- misurare la lunghezza del percorso<br \/>\n- vari rapporti sul portale (numero di rapporti fotografici per venditore e per giorno, ecc.)<br \/>\n- aggiunta di un elenco di sedi (importazione tramite portale)<br \/>\n- aggiungere siti a un elenco uniforme all'interno dell'applicazione mobile PassengerEye.com<\/p>","protected":false},"excerpt":{"rendered":"<p>Descrizione \/ Istruzioni per l'uso PassengerEye \u00e8 un'applicazione mobile GRATUITA che consente all'utente di segnalare le localit\u00e0 con foto. I rapporti fotografici vengono caricati sul portale https:\/\/en.passengereye.com, dove \u00e8 possibile visualizzare i rapporti fotografici. PassengerEye [...]<\/p>","protected":false},"author":2,"featured_media":0,"parent":0,"menu_order":0,"comment_status":"closed","ping_status":"closed","template":"","meta":[],"_links":{"self":[{"href":"https:\/\/en.passengereye.com\/it\/wp-json\/wp\/v2\/pages\/3448"}],"collection":[{"href":"https:\/\/en.passengereye.com\/it\/wp-json\/wp\/v2\/pages"}],"about":[{"href":"https:\/\/en.passengereye.com\/it\/wp-json\/wp\/v2\/types\/page"}],"author":[{"embeddable":true,"href":"https:\/\/en.passengereye.com\/it\/wp-json\/wp\/v2\/users\/2"}],"replies":[{"embeddable":true,"href":"https:\/\/en.passengereye.com\/it\/wp-json\/wp\/v2\/comments?post=3448"}],"version-history":[{"count":9,"href":"https:\/\/en.passengereye.com\/it\/wp-json\/wp\/v2\/pages\/3448\/revisions"}],"predecessor-version":[{"id":3463,"href":"https:\/\/en.passengereye.com\/it\/wp-json\/wp\/v2\/pages\/3448\/revisions\/3463"}],"wp:attachment":[{"href":"https:\/\/en.passengereye.com\/it\/wp-json\/wp\/v2\/media?parent=3448"}],"curies":[{"name":"wp","href":"https:\/\/api.w.org\/{rel}","templated":true}]}}