{"id":501,"date":"2010-08-01T09:42:26","date_gmt":"2010-08-01T16:42:26","guid":{"rendered":"http:\/\/wpthemetestdata.wordpress.com\/"},"modified":"2010-08-01T09:42:26","modified_gmt":"2010-08-01T16:42:26","slug":"clearing-floats","status":"publish","type":"page","link":"https:\/\/en.passengereye.com\/hu\/features\/clearing-floats\/","title":{"rendered":"\u00dasz\u00f3k tiszt\u00edt\u00e1sa"},"content":{"rendered":"<p>Az oldal tartalm\u00e1nak utols\u00f3 eleme egy lebeg\u0151 k\u00e9p. Gy\u0151z\u0151dj\u00f6n meg r\u00f3la, hogy az ut\u00e1na l\u00e9v\u0151 elemek megfelel\u0151en t\u00f6rl\u0151dnek.<\/p>\n<p><img loading=\"lazy\" class=\"alignleft size-thumbnail wp-image-827\" title=\"Kamera\" src=\"http:\/\/demo.leafcolor.com\/applay\/wp-content\/uploads\/2012\/07\/manhattansummer.jpg?w=150\" alt=\"\" width=\"150\" height=\"112\" \/><\/p>","protected":false},"excerpt":{"rendered":"<p>Az oldal tartalm\u00e1nak utols\u00f3 eleme egy lebeg\u0151 k\u00e9p. Gy\u0151z\u0151dj\u00f6n meg r\u00f3la, hogy az ut\u00e1na l\u00e9v\u0151 elemek megfelel\u0151en t\u00f6rl\u0151dnek.<\/p>","protected":false},"author":1,"featured_media":0,"parent":12,"menu_order":2,"comment_status":"closed","ping_status":"closed","template":"","meta":[],"_links":{"self":[{"href":"https:\/\/en.passengereye.com\/hu\/wp-json\/wp\/v2\/pages\/501"}],"collection":[{"href":"https:\/\/en.passengereye.com\/hu\/wp-json\/wp\/v2\/pages"}],"about":[{"href":"https:\/\/en.passengereye.com\/hu\/wp-json\/wp\/v2\/types\/page"}],"author":[{"embeddable":true,"href":"https:\/\/en.passengereye.com\/hu\/wp-json\/wp\/v2\/users\/1"}],"replies":[{"embeddable":true,"href":"https:\/\/en.passengereye.com\/hu\/wp-json\/wp\/v2\/comments?post=501"}],"version-history":[{"count":0,"href":"https:\/\/en.passengereye.com\/hu\/wp-json\/wp\/v2\/pages\/501\/revisions"}],"up":[{"embeddable":true,"href":"https:\/\/en.passengereye.com\/hu\/wp-json\/wp\/v2\/pages\/12"}],"wp:attachment":[{"href":"https:\/\/en.passengereye.com\/hu\/wp-json\/wp\/v2\/media?parent=501"}],"curies":[{"name":"wp","href":"https:\/\/api.w.org\/{rel}","templated":true}]}}