{"id":3450,"date":"2018-02-11T14:46:27","date_gmt":"2018-02-11T14:46:27","guid":{"rendered":"https:\/\/en.passengereye.com\/?page_id=3450"},"modified":"2018-02-11T14:46:27","modified_gmt":"2018-02-11T14:46:27","slug":"list","status":"publish","type":"page","link":"https:\/\/en.passengereye.com\/hu\/list\/","title":{"rendered":"Lista"},"content":{"rendered":"<p>Ha t\u00e1j\u00e9koztat\u00e1st szeretne kapni az \u00d6n szem\u00e9lyes adatair\u00f3l, azok c\u00e9lj\u00e1r\u00f3l \u00e9s az adatok megoszt\u00e1s\u00e1r\u00f3l, forduljon a Tulajdonoshoz.<\/p>\n<h3><strong>Adatkezel\u0151 \u00e9s tulajdonos<\/strong><\/h3>\n<p>MARCELINO d.o.o. Kranj\u010deva ulica 4; 3000 Celje; EU-Slovenija<\/p>\n<p>WEB:\u00a0<a href=\"http:\/\/marcelino.si\/\">http:\/\/marcelino.si<\/a>\u00a0\u00e9s\u00a0<a href=\"http:\/\/passengereye.com\/\">http:\/\/passengereye.com<\/a><\/p>\n<p>Tel:+386 (0) 59 182 800, +386 (0) 59 251 431<\/p>\n<p>GSM:+386 (0) 31 324 100; +386 (0) 70 602 000<\/p>\n<p>E-mail:info@marcelino.si<\/p>\n<p>VAT Nr: SI76044157<\/p>\n<p>Nyilv\u00e1ntart\u00e1si sz\u00e1m: 2276038000<\/p>\n<p>A t\u00e1rsas\u00e1got a Celjei Ker\u00fcleti B\u00edr\u00f3s\u00e1g c\u00e9gjegyz\u00e9k\u00e9be jegyezt\u00e9k be.<\/p>\n<h4><strong>Az \u00f6sszegy\u0171jt\u00f6tt adatok t\u00edpusai<\/strong><\/h4>\n<p>A tulajdonos nem ad list\u00e1t a gy\u0171jt\u00f6tt szem\u00e9lyes adatok t\u00edpusair\u00f3l.<\/p>\n<p>Az egy\u00e9b gy\u0171jt\u00f6tt Szem\u00e9lyes adatok a jelen adatv\u00e9delmi szab\u00e1lyzat m\u00e1s szakaszaiban vagy az adatgy\u0171jt\u00e9ssel \u00f6sszef\u00fcgg\u00e9sben k\u00fcl\u00f6n magyar\u00e1z\u00f3 sz\u00f6vegben ker\u00fclhetnek ismertet\u00e9sre.<br \/>\nA szem\u00e9lyes adatokat a Felhaszn\u00e1l\u00f3 szabadon megadhatja, vagy automatikusan gy\u0171jtheti az Alkalmaz\u00e1s haszn\u00e1lata sor\u00e1n.<br \/>\nA Cookie-k - vagy m\u00e1s nyomk\u00f6vet\u0151 eszk\u00f6z\u00f6k - haszn\u00e1lata az Alkalmaz\u00e1s vagy az Alkalmaz\u00e1s \u00e1ltal haszn\u00e1lt harmadik f\u00e9l szolg\u00e1ltat\u00e1sok tulajdonosai \u00e1ltal, hacsak m\u00e1sk\u00e9nt nem jelezz\u00fck, a Felhaszn\u00e1l\u00f3k azonos\u00edt\u00e1s\u00e1ra \u00e9s preferenci\u00e1ik megjegyz\u00e9s\u00e9re szolg\u00e1l, kiz\u00e1r\u00f3lag a Felhaszn\u00e1l\u00f3 \u00e1ltal ig\u00e9nyelt szolg\u00e1ltat\u00e1s ny\u00fajt\u00e1sa c\u00e9lj\u00e1b\u00f3l.<br \/>\nBizonyos szem\u00e9lyes adatok megad\u00e1s\u00e1nak elmulaszt\u00e1sa lehetetlenn\u00e9 teheti az Alkalmaz\u00e1s sz\u00e1m\u00e1ra a szolg\u00e1ltat\u00e1sok ny\u00fajt\u00e1s\u00e1t.<\/p>\n<p>A Felhaszn\u00e1l\u00f3k felel\u0151sek a harmadik felek \u00e1ltal az Alkalmaz\u00e1son kereszt\u00fcl megszerzett, k\u00f6zz\u00e9tett vagy megosztott szem\u00e9lyes adatok\u00e9rt, \u00e9s meger\u0151s\u00edtik, hogy rendelkeznek a harmadik f\u00e9l hozz\u00e1j\u00e1rul\u00e1s\u00e1val az adatoknak a Tulajdonos r\u00e9sz\u00e9re t\u00f6rt\u00e9n\u0151 \u00e1tad\u00e1s\u00e1hoz.<\/p>\n<h3><strong>Az adatkezel\u00e9s m\u00f3dja \u00e9s helye<\/strong><\/h3>\n<h4><strong>A feldolgoz\u00e1s m\u00f3dszerei<\/strong><\/h4>\n<p>Az Adatkezel\u0151 a Felhaszn\u00e1l\u00f3k adatait megfelel\u0151 m\u00f3don kezeli, \u00e9s megfelel\u0151 biztons\u00e1gi int\u00e9zked\u00e9seket tesz az adatokhoz val\u00f3 jogosulatlan hozz\u00e1f\u00e9r\u00e9s, nyilv\u00e1noss\u00e1gra hozatal, m\u00f3dos\u00edt\u00e1s vagy jogosulatlan megsemmis\u00edt\u00e9s megakad\u00e1lyoz\u00e1sa \u00e9rdek\u00e9ben.<br \/>\nAz adatfeldolgoz\u00e1s sz\u00e1m\u00edt\u00f3g\u00e9pek \u00e9s\/vagy informatikai eszk\u00f6z\u00f6k haszn\u00e1lat\u00e1val t\u00f6rt\u00e9nik, szigor\u00faan a megadott c\u00e9lokhoz kapcsol\u00f3d\u00f3 szervez\u00e9si elj\u00e1r\u00e1sok \u00e9s m\u00f3dok szerint. Az Adatkezel\u0151n k\u00edv\u00fcl bizonyos esetekben az adatokhoz hozz\u00e1f\u00e9rhetnek bizonyos t\u00edpus\u00fa felel\u0151s szem\u00e9lyek, akik r\u00e9szt vesznek az oldal m\u0171k\u00f6dtet\u00e9s\u00e9ben (adminisztr\u00e1ci\u00f3, \u00e9rt\u00e9kes\u00edt\u00e9s, marketing, jogi, rendszeradminisztr\u00e1ci\u00f3), vagy k\u00fcls\u0151 felek (p\u00e9ld\u00e1ul harmadik f\u00e9l technikai szolg\u00e1ltat\u00f3k, postai szolg\u00e1ltat\u00f3k, t\u00e1rhelyszolg\u00e1ltat\u00f3k, informatikai c\u00e9gek, kommunik\u00e1ci\u00f3s \u00fcgyn\u00f6ks\u00e9gek), akiket a Tulajdonos sz\u00fcks\u00e9g eset\u00e9n adatfeldolgoz\u00f3k\u00e9nt jel\u00f6l ki. E felek naprak\u00e9sz list\u00e1ja b\u00e1rmikor k\u00e9rhet\u0151 az Adatkezel\u0151t\u0151l.<\/p>\n<h4><strong>Helysz\u00edn<\/strong><\/h4>\n<p>Az adatok kezel\u00e9se az Adatkezel\u0151 m\u0171k\u00f6d\u00e9si irod\u00e1iban \u00e9s b\u00e1rmely m\u00e1s olyan helyen t\u00f6rt\u00e9nik, ahol az adatkezel\u00e9sben \u00e9rintett felek tart\u00f3zkodnak. Tov\u00e1bbi inform\u00e1ci\u00f3\u00e9rt k\u00e9rj\u00fck, forduljon az Adatkezel\u0151h\u00f6z.<\/p>\n<h4><strong>Tart\u00f3zkod\u00e1si id\u0151<\/strong><\/h4>\n<p>Az adatokat a Felhaszn\u00e1l\u00f3 \u00e1ltal k\u00e9rt szolg\u00e1ltat\u00e1s ny\u00fajt\u00e1s\u00e1hoz sz\u00fcks\u00e9ges ideig, illetve a jelen dokumentumban meghat\u00e1rozott c\u00e9lokra t\u00e1roljuk, \u00e9s a Felhaszn\u00e1l\u00f3 b\u00e1rmikor k\u00e9rheti, hogy az Adatkezel\u0151 f\u00fcggessze fel vagy t\u00f6r\u00f6lje az adatokat.<\/p>\n<h3><strong>Tov\u00e1bbi inform\u00e1ci\u00f3k az adatgy\u0171jt\u00e9sr\u0151l \u00e9s -feldolgoz\u00e1sr\u00f3l<\/strong><\/h3>\n<h4><strong>Jogi l\u00e9p\u00e9sek<\/strong><\/h4>\n<p>A Felhaszn\u00e1l\u00f3 szem\u00e9lyes adatait az Adatkezel\u0151 jogi c\u00e9lokra haszn\u00e1lhatja fel, a b\u00edr\u00f3s\u00e1gon vagy a jelen Alkalmaz\u00e1s vagy a kapcsol\u00f3d\u00f3 szolg\u00e1ltat\u00e1sok nem megfelel\u0151 haszn\u00e1lat\u00e1b\u00f3l ered\u0151 esetleges jogi l\u00e9p\u00e9sek sor\u00e1n.<br \/>\nA Felhaszn\u00e1l\u00f3 kijelenti, hogy tudat\u00e1ban van annak, hogy az Adatkezel\u0151nek hat\u00f3s\u00e1gi megkeres\u00e9sre szem\u00e9lyes adatokat kell felfednie.<\/p>\n<h4><strong>Tov\u00e1bbi inform\u00e1ci\u00f3k a felhaszn\u00e1l\u00f3 szem\u00e9lyes adatair\u00f3l<\/strong><\/h4>\n<p>A jelen adatv\u00e9delmi szab\u00e1lyzatban foglalt inform\u00e1ci\u00f3kon t\u00falmen\u0151en az Alkalmaz\u00e1s k\u00e9r\u00e9sre tov\u00e1bbi \u00e9s \u00f6sszef\u00fcgg\u0151 inform\u00e1ci\u00f3kat ny\u00fajthat a Felhaszn\u00e1l\u00f3nak az egyes szolg\u00e1ltat\u00e1sokkal vagy a szem\u00e9lyes adatok gy\u0171jt\u00e9s\u00e9vel \u00e9s feldolgoz\u00e1s\u00e1val kapcsolatban.<\/p>\n<h4><strong>Rendszernapl\u00f3k \u00e9s karbantart\u00e1s<\/strong><\/h4>\n<p>M\u0171k\u00f6d\u00e9si \u00e9s karbantart\u00e1si c\u00e9lokb\u00f3l ez az Alkalmaz\u00e1s \u00e9s b\u00e1rmely harmadik f\u00e9l szolg\u00e1ltat\u00e1sa olyan f\u00e1jlokat gy\u0171jthet, amelyek r\u00f6gz\u00edtik az Alkalmaz\u00e1ssal val\u00f3 interakci\u00f3kat (rendszernapl\u00f3k), vagy erre a c\u00e9lra m\u00e1s szem\u00e9lyes adatokat (p\u00e9ld\u00e1ul IP-c\u00edmet) haszn\u00e1lhatnak.<\/p>\n<h4><strong>A jelen szab\u00e1lyzatban nem szerepl\u0151 inform\u00e1ci\u00f3k<\/strong><\/h4>\n<p>A szem\u00e9lyes adatok gy\u0171jt\u00e9s\u00e9vel vagy feldolgoz\u00e1s\u00e1val kapcsolatos tov\u00e1bbi r\u00e9szletek b\u00e1rmikor k\u00e9rhet\u0151k az Adatkezel\u0151t\u0151l. K\u00e9rj\u00fck, tekintse meg a jelen dokumentum elej\u00e9n tal\u00e1lhat\u00f3 el\u00e9rhet\u0151s\u00e9geket.<\/p>\n<h4><strong>A felhaszn\u00e1l\u00f3k jogai<\/strong><\/h4>\n<p>A felhaszn\u00e1l\u00f3knak b\u00e1rmikor joguk van tudni, hogy szem\u00e9lyes adataik t\u00e1rol\u00e1sra ker\u00fcltek-e, \u00e9s az Adatkezel\u0151vel konzult\u00e1lhatnak azok tartalm\u00e1r\u00f3l \u00e9s eredet\u00e9r\u0151l, ellen\u0151rizhetik pontoss\u00e1gukat, k\u00e9rhetik azok kieg\u00e9sz\u00edt\u00e9s\u00e9t, t\u00f6rl\u00e9s\u00e9t, friss\u00edt\u00e9s\u00e9t vagy helyesb\u00edt\u00e9s\u00e9t, illetve anonim form\u00e1tumba t\u00f6rt\u00e9n\u0151 \u00e1talak\u00edt\u00e1s\u00e1t, vagy a t\u00f6rv\u00e9nys\u00e9rt\u0151 m\u00f3don t\u00e1rolt adatok z\u00e1rol\u00e1s\u00e1t, valamint b\u00e1rmely jogos okb\u00f3l ellenezhetik azok kezel\u00e9s\u00e9t. A k\u00e9relmeket az adatkezel\u0151nek kell elk\u00fcldeni a fent megadott el\u00e9rhet\u0151s\u00e9geken.<\/p>\n<p>Ez az Alkalmaz\u00e1s nem t\u00e1mogatja a \"Ne k\u00f6vessenek nyomon\" k\u00e9r\u00e9seket.<br \/>\nAnnak meg\u00e1llap\u00edt\u00e1s\u00e1hoz, hogy az \u00e1ltala haszn\u00e1lt harmadik f\u00e9lt\u0151l sz\u00e1rmaz\u00f3 szolg\u00e1ltat\u00e1sok tiszteletben tartj\u00e1k-e a \"Do Not Track\" k\u00e9r\u00e9seket, k\u00e9rj\u00fck, olvassa el azok adatv\u00e9delmi ir\u00e1nyelveit.<\/p>\n<h4><strong>Az adatv\u00e9delmi szab\u00e1lyzat m\u00f3dos\u00edt\u00e1sai<\/strong><\/h4>\n<p>Az Adatkezel\u0151 fenntartja mag\u00e1nak a jogot, hogy az adatv\u00e9delmi szab\u00e1lyzatot b\u00e1rmikor megv\u00e1ltoztassa, \u00e9s err\u0151l a Felhaszn\u00e1l\u00f3kat ezen az oldalon \u00e9rtes\u00edtse. Er\u0151sen aj\u00e1nlott gyakran ellen\u0151rizni ezt az oldalt, hivatkozva az utols\u00f3 m\u00f3dos\u00edt\u00e1s alj\u00e1n felt\u00fcntetett d\u00e1tumra. Ha a Felhaszn\u00e1l\u00f3 kifog\u00e1solja a Szab\u00e1lyzat b\u00e1rmelyik m\u00f3dos\u00edt\u00e1s\u00e1t, a Felhaszn\u00e1l\u00f3nak fel kell hagynia az Alkalmaz\u00e1s haszn\u00e1lat\u00e1val, \u00e9s k\u00e9rheti, hogy az Adatkezel\u0151 t\u00e1vol\u00edtsa el a szem\u00e9lyes adatokat. Elt\u00e9r\u0151 rendelkez\u00e9s hi\u00e1ny\u00e1ban a mindenkor hat\u00e1lyos adatv\u00e9delmi szab\u00e1lyzat vonatkozik az Adatkezel\u0151 \u00e1ltal a Felhaszn\u00e1l\u00f3kr\u00f3l t\u00e1rolt valamennyi Szem\u00e9lyes adatra.<\/p>\n<h4><strong>Inform\u00e1ci\u00f3k az adatv\u00e9delmi politik\u00e1r\u00f3l<\/strong><\/h4>\n<p>Az Adatkezel\u0151 felel a jelen adatv\u00e9delmi szab\u00e1lyzat\u00e9rt, amelyet a Marcelino d.o.o. \u00e1ltal biztos\u00edtott \u00e9s a Marcelino d.o.o. szerverein t\u00e1rolt modulokb\u00f3l kiindulva k\u00e9sz\u00edtett el.<\/p>\n<h4><strong>Fogalommeghat\u00e1roz\u00e1sok \u00e9s jogi hivatkoz\u00e1sok<\/strong><\/h4>\n<p><strong>Szem\u00e9lyes adatok (vagy adatok)<\/strong><\/p>\n<p>B\u00e1rmely term\u00e9szetes szem\u00e9lyre, jogi szem\u00e9lyre, int\u00e9zm\u00e9nyre vagy egyes\u00fcletre vonatkoz\u00f3 olyan inform\u00e1ci\u00f3, amely b\u00e1rmely m\u00e1s inform\u00e1ci\u00f3ra - bele\u00e9rtve a szem\u00e9lyi azonos\u00edt\u00f3 sz\u00e1mot is - val\u00f3 hivatkoz\u00e1ssal, ak\u00e1r k\u00f6zvetve is azonos\u00edthat\u00f3 vagy azonos\u00edthat\u00f3.<\/p>\n<p><strong>Felhaszn\u00e1l\u00e1si adatok<\/strong><\/p>\n<p>Az alkalmaz\u00e1sb\u00f3l (vagy az alkalmaz\u00e1sban haszn\u00e1lt harmadik f\u00e9lt\u0151l sz\u00e1rmaz\u00f3 szolg\u00e1ltat\u00e1sokb\u00f3l) automatikusan gy\u0171jt\u00f6tt inform\u00e1ci\u00f3k, amelyek magukban foglalhatj\u00e1k a k\u00f6vetkez\u0151ket: az alkalmaz\u00e1st haszn\u00e1l\u00f3 felhaszn\u00e1l\u00f3k \u00e1ltal haszn\u00e1lt sz\u00e1m\u00edt\u00f3g\u00e9pek IP-c\u00edmei vagy domainnevei, az URI-c\u00edmek (Uniform Resource Identifier), a k\u00e9r\u00e9s id\u0151pontja, a k\u00e9r\u00e9s szerverhez t\u00f6rt\u00e9n\u0151 tov\u00e1bb\u00edt\u00e1s\u00e1nak m\u00f3dja, a v\u00e1laszk\u00e9nt kapott f\u00e1jl m\u00e9rete, a szerver v\u00e1lasz\u00e1nak \u00e1llapot\u00e1t jelz\u0151 sz\u00e1mk\u00f3d (sikeres eredm\u00e9ny, hiba stb.).), a sz\u00e1rmaz\u00e1si orsz\u00e1g, a b\u00f6ng\u00e9sz\u0151 \u00e9s a felhaszn\u00e1l\u00f3 \u00e1ltal haszn\u00e1lt oper\u00e1ci\u00f3s rendszer jellemz\u0151i, a l\u00e1togat\u00e1sonk\u00e9nti k\u00fcl\u00f6nb\u00f6z\u0151 id\u0151adatok (pl, az alkalmaz\u00e1son bel\u00fcl az egyes oldalakon elt\u00f6lt\u00f6tt id\u0151) \u00e9s az alkalmaz\u00e1son bel\u00fcl k\u00f6vetett \u00fatvonal r\u00e9szletei, k\u00fcl\u00f6n\u00f6s tekintettel a megl\u00e1togatott oldalak sorrendj\u00e9re, valamint az eszk\u00f6z oper\u00e1ci\u00f3s rendszer\u00e9re \u00e9s\/vagy a felhaszn\u00e1l\u00f3 informatikai k\u00f6rnyezet\u00e9re vonatkoz\u00f3 egy\u00e9b param\u00e9terek.<\/p>\n<p><strong>Felhaszn\u00e1l\u00f3<\/strong><\/p>\n<p>Az Alkalmaz\u00e1st haszn\u00e1l\u00f3 szem\u00e9ly, akinek meg kell egyeznie azzal az \u00c9rintettel, akire a szem\u00e9lyes adatok vonatkoznak, vagy akinek felhatalmaz\u00e1ssal kell rendelkeznie.<\/p>\n<p><strong>\u00c9rintett<\/strong><\/p>\n<p>Az a jogi vagy term\u00e9szetes szem\u00e9ly, akire a szem\u00e9lyes adatok vonatkoznak.<\/p>\n<p><strong>Adatfeldolgoz\u00f3 (vagy adatfel\u00fcgyel\u0151)<\/strong><\/p>\n<p>Az a term\u00e9szetes szem\u00e9ly, jogi szem\u00e9ly, k\u00f6zigazgat\u00e1si szerv vagy b\u00e1rmely m\u00e1s szerv, egyes\u00fclet vagy szervezet, amelyet az Adatkezel\u0151 felhatalmazott arra, hogy a szem\u00e9lyes adatokat a jelen adatv\u00e9delmi szab\u00e1lyzatnak megfelel\u0151en kezelje.<\/p>\n<p><strong>Adatkezel\u0151 (vagy tulajdonos)<\/strong><\/p>\n<p>A term\u00e9szetes szem\u00e9ly, jogi szem\u00e9ly, k\u00f6zigazgat\u00e1si szerv vagy b\u00e1rmely m\u00e1s szerv, egyes\u00fclet vagy szervezet, amely jogosult arra, hogy - egy m\u00e1sik Adatkezel\u0151vel k\u00f6z\u00f6sen is - d\u00f6nt\u00e9seket hozzon a Szem\u00e9lyes adatok kezel\u00e9s\u00e9nek c\u00e9ljair\u00f3l \u00e9s m\u00f3dszereir\u0151l, valamint az alkalmazott eszk\u00f6z\u00f6kr\u0151l, bele\u00e9rtve az Alkalmaz\u00e1s m\u0171k\u00f6d\u00e9s\u00e9re \u00e9s haszn\u00e1lat\u00e1ra vonatkoz\u00f3 biztons\u00e1gi int\u00e9zked\u00e9seket is. Az Adatkezel\u0151 - elt\u00e9r\u0151 rendelkez\u00e9s hi\u00e1ny\u00e1ban - az Alkalmaz\u00e1s Tulajdonosa.<\/p>\n<p><strong>Ez az alkalmaz\u00e1s<\/strong><\/p>\n<p>Az a hardver- vagy szoftvereszk\u00f6z, amellyel a Felhaszn\u00e1l\u00f3 szem\u00e9lyes adatait gy\u0171jtik.<\/p>\n<hr \/>\n<p><strong>Jogi inform\u00e1ci\u00f3k<\/strong><\/p>\n<p>\u00c9rtes\u00edt\u00e9s az eur\u00f3pai felhaszn\u00e1l\u00f3knak: ez az adatv\u00e9delmi nyilatkozat az Art. 10. cikke, valamint a 2009\/136\/EK ir\u00e1nyelvvel fel\u00fclvizsg\u00e1lt 2002\/58\/EK ir\u00e1nyelvnek a s\u00fctikr\u0151l sz\u00f3l\u00f3 rendelkez\u00e9sei alapj\u00e1n.<\/p>\n<p>Ez az adatv\u00e9delmi szab\u00e1lyzat kiz\u00e1r\u00f3lag erre az Alkalmaz\u00e1sra vonatkozik.<\/p>\n<p>Legut\u00f3bbi friss\u00edt\u00e9s: m\u00e1jus 04, 2017<\/p>","protected":false},"excerpt":{"rendered":"<p>Ha t\u00e1j\u00e9koztat\u00e1st szeretne kapni az \u00d6n szem\u00e9lyes adatair\u00f3l, azok c\u00e9lj\u00e1r\u00f3l \u00e9s az adatok megoszt\u00e1s\u00e1r\u00f3l, forduljon a Tulajdonoshoz. Adatkezel\u0151 \u00e9s tulajdonos MARCELINO d.o.o. Kranj\u010deva ulica 4; 3000 Celje; EU-Slovenija WEB: http:\/\/marcelino.si \u00e9s http:\/\/passengereye.com [...]<\/p>","protected":false},"author":2,"featured_media":0,"parent":0,"menu_order":0,"comment_status":"closed","ping_status":"closed","template":"","meta":[],"_links":{"self":[{"href":"https:\/\/en.passengereye.com\/hu\/wp-json\/wp\/v2\/pages\/3450"}],"collection":[{"href":"https:\/\/en.passengereye.com\/hu\/wp-json\/wp\/v2\/pages"}],"about":[{"href":"https:\/\/en.passengereye.com\/hu\/wp-json\/wp\/v2\/types\/page"}],"author":[{"embeddable":true,"href":"https:\/\/en.passengereye.com\/hu\/wp-json\/wp\/v2\/users\/2"}],"replies":[{"embeddable":true,"href":"https:\/\/en.passengereye.com\/hu\/wp-json\/wp\/v2\/comments?post=3450"}],"version-history":[{"count":1,"href":"https:\/\/en.passengereye.com\/hu\/wp-json\/wp\/v2\/pages\/3450\/revisions"}],"predecessor-version":[{"id":3451,"href":"https:\/\/en.passengereye.com\/hu\/wp-json\/wp\/v2\/pages\/3450\/revisions\/3451"}],"wp:attachment":[{"href":"https:\/\/en.passengereye.com\/hu\/wp-json\/wp\/v2\/media?parent=3450"}],"curies":[{"name":"wp","href":"https:\/\/api.w.org\/{rel}","templated":true}]}}