{"id":3448,"date":"2018-02-11T14:44:41","date_gmt":"2018-02-11T14:44:41","guid":{"rendered":"https:\/\/en.passengereye.com\/?page_id=3448"},"modified":"2018-02-11T16:05:35","modified_gmt":"2018-02-11T16:05:35","slug":"howtouse","status":"publish","type":"page","link":"https:\/\/en.passengereye.com\/hu\/howtouse\/","title":{"rendered":"Hogyan kell haszn\u00e1lni"},"content":{"rendered":"<h2><strong>Le\u00edr\u00e1s \/ haszn\u00e1lati utas\u00edt\u00e1s<\/strong><\/h2>\n<p>A PassengerEye egy INGYENES mobilalkalmaz\u00e1s, amely lehet\u0151v\u00e9 teszi a felhaszn\u00e1l\u00f3 sz\u00e1m\u00e1ra a helysz\u00ednek f\u00e9nyk\u00e9pes bejelent\u00e9s\u00e9t. A fot\u00f3riportok felt\u00f6lt\u0151dnek a https:\/\/en.passengereye.com port\u00e1lra, ahol megtekintheti a fot\u00f3riportokat.<\/p>\n<p>A PassengerEye mobilalkalmaz\u00e1st utaz\u00f3 \u00e9rt\u00e9kes\u00edt\u0151k, helysz\u00edni \u00e9rt\u00e9kes\u00edt\u0151k, \u00e9rt\u00e9kes\u00edt\u00e9si szem\u00e9lyzet, k\u00fcl\u00f6nb\u00f6z\u0151 rendezv\u00e9nyek szervez\u0151i vagy m\u00e1s hasonl\u00f3 szem\u00e9lyek sz\u00e1m\u00e1ra tervezt\u00e9k. A PassengerEye mobilalkalmaz\u00e1s mag\u00e1nhaszn\u00e1latra is haszn\u00e1lhat\u00f3.<\/p>\n<p>A PassengerEye mobilalkalmaz\u00e1s felhaszn\u00e1l\u00f3ja (a tov\u00e1bbiakban: \u00e9rt\u00e9kes\u00edt\u0151) egy vagy t\u00f6bb regisztr\u00e1lt fi\u00f3kba (a tov\u00e1bbiakban: fi\u00f3k) t\u00f6lthet fel fot\u00f3riportokat.<\/p>\n<p>Az \u00e9rt\u00e9kes\u00edt\u0151k \/ alkalmazottak \/ menedzserek \/ fel\u00fcgyel\u0151k haszn\u00e1lhatj\u00e1k a PassengerEye mobilalkalmaz\u00e1st:<br \/>\n- a fot\u00f3riport\u00e1l\u00e1s kezdet\u00e9nek \u00e9s v\u00e9g\u00e9nek r\u00f6gz\u00edt\u00e9se (haszn\u00e1lt id\u0151 \u00e9s \u00fatvonal hossza)<br \/>\n- helysz\u00edn, \u00fczlet, \u00e9p\u00fclet \u00e9s hasonl\u00f3k kiv\u00e1laszt\u00e1sa a helysz\u00ednek list\u00e1j\u00e1b\u00f3l<br \/>\n- hogy a saj\u00e1t hely\u00fcket hozz\u00e1adj\u00e1k a list\u00e1hoz,<br \/>\n- f\u00e9nyk\u00e9pezni vagy fot\u00f3gal\u00e9ri\u00e1t k\u00e9sz\u00edteni a helysz\u00ednr\u0151l<br \/>\n- a fot\u00f3riport le\u00edr\u00e1s\u00e1nak hozz\u00e1ad\u00e1s\u00e1hoz,<br \/>\n- a PassengerEye.com port\u00e1lra t\u00f6rt\u00e9n\u0151 f\u00e9nyk\u00e9pes jelent\u00e9s felt\u00f6lt\u00e9se a fi\u00f3kba.<\/p>\n<p>Jogi vagy term\u00e9szetes szem\u00e9ly regisztr\u00e1lt sz\u00e1ml\u00e1t nyithat a https:\/\/en.passengereye.com port\u00e1lon. Minden \u00e9rt\u00e9kes\u00edt\u0151nek t\u00f6bb regisztr\u00e1lt fi\u00f3kja is lehet, vagy csak a PassengerEye mobilalkalmaz\u00e1s seg\u00edts\u00e9g\u00e9vel k\u00e9sz\u00edthet fot\u00f3riportokat m\u00e1s regisztr\u00e1lt fi\u00f3kok sz\u00e1m\u00e1ra. A mobilalkalmaz\u00e1s haszn\u00e1lat\u00e1hoz nem sz\u00fcks\u00e9ges regisztr\u00e1lt felhaszn\u00e1l\u00f3i fi\u00f3k a port\u00e1lon, csak az a fontos, hogy az \u00e9rt\u00e9kes\u00edt\u0151 szerz\u0151d\u00e9st k\u00f6ss\u00f6n a kiv\u00e1lasztott fi\u00f3kok egyik\u00e9vel (ez lehet tesztfi\u00f3k is).<\/p>\n<p>A fot\u00f3riport (egy vagy t\u00f6bb k\u00e9p a kiv\u00e1lasztott helysz\u00edn le\u00edr\u00e1s\u00e1val) a https:\/\/en.passengereye.com port\u00e1lon t\u00e1rol\u00f3dik, a GPS-helyzetnek megfelel\u0151en, a be\u00edrt id\u0151vel \u00e9s a fot\u00f3riportok k\u00f6z\u00f6tti felt\u00e9rk\u00e9pezett \u00fatvonallal.<\/p>\n<h2><strong>Az alkalmaz\u00e1s haszn\u00e1lata<\/strong><\/h2>\n<ol>\n<li>Amikor az \u00e9rt\u00e9kes\u00edt\u0151 bejelentkezik a PassengerEye mobilalkalmaz\u00e1sba, el\u0151sz\u00f6r kiv\u00e1laszt egy fi\u00f3kot, amellyel szerz\u0151d\u00e9se van, ehhez internetkapcsolat sz\u00fcks\u00e9ges.<\/li>\n<li>Bejelentkez\u00e9skor a PassengerEye mobilalkalmaz\u00e1s csatlakozik a szerz\u0151d\u00e9ses fi\u00f3khoz a https:\/\/en.passengereye.com port\u00e1lhoz, \u00e9s jelenti az id\u0151t \u00e9s a tart\u00f3zkod\u00e1si helyet.<\/li>\n<li>Az elad\u00f3 a PassengerEye mobilalkalmaz\u00e1s seg\u00edts\u00e9g\u00e9vel k\u00e9sz\u00edt \u00e9s t\u00f6lt fel f\u00e9nyk\u00e9pes jelent\u00e9seket.<\/li>\n<li>A fot\u00f3riport\u00e1l\u00e1s \u00e9s az utaz\u00e1s befejez\u00e9se ut\u00e1n az \u00e9rt\u00e9kes\u00edt\u0151 kijelentkezik a mobilalkalmaz\u00e1sb\u00f3l, \u00e9s ez\u00e1ltal t\u00e1j\u00e9koztatja a szerz\u0151d\u00e9ses sz\u00e1ml\u00e1t az elt\u00f6lt\u00f6tt id\u0151r\u0151l \u00e9s a kilom\u00e9terp\u00e9nzr\u0151l.<\/li>\n<\/ol>\n<p>A https:\/\/en.passengereye.com port\u00e1lon minden egyes fi\u00f3knak lehet egy vagy t\u00f6bb \u00e9rt\u00e9kes\u00edt\u0151je, akik fot\u00f3riportokat k\u00fcldtek neki. A regisztr\u00e1lt fi\u00f3kban megjelennek a f\u00e9nyk\u00e9pes jelent\u00e9sek, az elt\u00f6lt\u00f6tt \u00f3r\u00e1k \u00e9s a teljes utaz\u00e1si \u00fatvonal hossza napok szerint minden egyes \u00e9rt\u00e9kes\u00edt\u0151 sz\u00e1m\u00e1ra. A https:\/\/en.passengereye.com port\u00e1lon:<\/p>\n<p>- egy utaz\u00f3 szem\u00e9lyt a fi\u00f3kban egy t\u00e9rk\u00e9pen lehet k\u00f6vetni,<br \/>\n- a helysz\u00ednek fot\u00f3i ellen\u0151rizhet\u0151k<br \/>\n- az \u00fatvonal hossza km-ben \u00e9s<br \/>\n- az egyes \u00e9rt\u00e9kes\u00edt\u0151k \u00e1ltal egy adott napon elt\u00f6lt\u00f6tt id\u0151.<\/p>\n<p>Minden \u00e9rt\u00e9kes\u00edt\u0151 egy vagy t\u00f6bb \u00fcgyf\u00e9llel, illetve v\u00e1llalattal k\u00f6thet szerz\u0151d\u00e9st. Minden \u00fcgyf\u00e9lnek vagy v\u00e1llalatnak t\u00f6bb \u00e9rt\u00e9kes\u00edt\u0151je is lehet. Ez\u00e9rt a mobilalkalmaz\u00e1s minden felhaszn\u00e1l\u00f3ja vagy csak egy kiv\u00e1lasztott fi\u00f3kba t\u00f6lthet fel fot\u00f3riportokat, vagy t\u00f6bb fi\u00f3kba is. Att\u00f3l f\u00fcgg\u0151en, hogy h\u00e1ny sz\u00e1ml\u00e1val van szerz\u0151d\u00e9se.<\/p>\n<p>Az az \u00e9rt\u00e9kes\u00edt\u0151, akinek nincs akt\u00edv szerz\u0151d\u00e9se, haszn\u00e1lhat egy tesztfi\u00f3kot, vagy regisztr\u00e1lhatja v\u00e1llalkoz\u00e1s\u00e1t a https:\/\/PassengerEye.com oldalon, \u00e9s a telefonj\u00e1n l\u00e9v\u0151 alkalmaz\u00e1st \u00f6sszekapcsolhatja a saj\u00e1t fi\u00f3kj\u00e1val, \u00e9s felt\u00f6ltheti r\u00e1 a f\u00e9nyk\u00e9pes jelent\u00e9seket.<\/p>\n<p>Ha a felhaszn\u00e1l\u00f3 nem k\u00edv\u00e1n fi\u00f3kot regisztr\u00e1lni a https:\/\/en.passengereye.com oldalon, akkor elk\u00fcldheti mobilalkalmaz\u00e1sainak PIN-k\u00f3dj\u00e1t vagy API-\u00c1llatk\u00f3dj\u00e1t a app@marcelino.si e-mail c\u00edmre, \u00e9s kap egy tesztfi\u00f3kkal ell\u00e1tott szerz\u0151d\u00e9st. A tesztfi\u00f3k vagy a tesztc\u00e9g korl\u00e1toz\u00e1sok n\u00e9lk\u00fcl m\u0171k\u00f6dik.<\/p>\n<p>A m\u0171k\u00f6d\u00e9shez sz\u00fcks\u00e9ges:<br \/>\n- Internet (bejelentkez\u00e9shez \u00e9s kijelentkez\u00e9shez)<br \/>\n- a mobiltelefonon enged\u00e9lyezett helymeghat\u00e1roz\u00e1s (GPS funkci\u00f3)<br \/>\n- a PassengerEye.com-on regisztr\u00e1lt fi\u00f3kkal vagy tesztfi\u00f3kkal val\u00f3 kapcsolat.<\/p>\n<p>Az alkalmaz\u00e1s nem csak v\u00e1llalatok sz\u00e1m\u00e1ra k\u00e9sz\u00fclt, mag\u00e1nszem\u00e9lyek is haszn\u00e1lhatj\u00e1k.<\/p>\n<p>\u00dajdons\u00e1gok az 1.0 verzi\u00f3ban<br \/>\n- a f\u00e9nyk\u00e9p alatti le\u00edr\u00e1s, illetve megjegyz\u00e9sek<br \/>\n- bejelentkez\u00e9s egy vagy t\u00f6bb v\u00e1llalathoz (azaz a port\u00e1lon regisztr\u00e1lt felhaszn\u00e1l\u00f3khoz)<br \/>\n- egy v\u00e1llalatnak vagy regisztr\u00e1lt sz\u00e1ml\u00e1nak t\u00f6bb \u00e9rt\u00e9kes\u00edt\u0151je is lehet.<br \/>\n- a munkaid\u0151 m\u00e9r\u00e9se<br \/>\n- az \u00fatvonal hossz\u00e1nak m\u00e9r\u00e9se<br \/>\n- k\u00fcl\u00f6nb\u00f6z\u0151 jelent\u00e9sek a port\u00e1lon (a fot\u00f3jelent\u00e9sek sz\u00e1ma \u00e9rt\u00e9kes\u00edt\u0151k\u00f6nk\u00e9nt \u00e9s naponta stb.).<br \/>\n- helysz\u00ednek list\u00e1j\u00e1nak hozz\u00e1ad\u00e1sa (port\u00e1lon kereszt\u00fcl t\u00f6rt\u00e9n\u0151 import\u00e1l\u00e1s)<br \/>\n- a PassengerEye.com mobilalkalmaz\u00e1son bel\u00fcli egys\u00e9ges list\u00e1ra helyeket adhat hozz\u00e1.<\/p>","protected":false},"excerpt":{"rendered":"<p>Le\u00edr\u00e1s \/ Haszn\u00e1lati utas\u00edt\u00e1s A PassengerEye egy INGYENES mobilalkalmaz\u00e1s, amely lehet\u0151v\u00e9 teszi a felhaszn\u00e1l\u00f3 sz\u00e1m\u00e1ra, hogy fot\u00f3jelent\u00e9st k\u00e9sz\u00edtsen a helysz\u00ednekr\u0151l. A fot\u00f3riportok felt\u00f6lt\u0151dnek a https:\/\/en.passengereye.com port\u00e1lra, ahol megtekintheti a fot\u00f3riportokat. A PassengerEye [...]<\/p>","protected":false},"author":2,"featured_media":0,"parent":0,"menu_order":0,"comment_status":"closed","ping_status":"closed","template":"","meta":[],"_links":{"self":[{"href":"https:\/\/en.passengereye.com\/hu\/wp-json\/wp\/v2\/pages\/3448"}],"collection":[{"href":"https:\/\/en.passengereye.com\/hu\/wp-json\/wp\/v2\/pages"}],"about":[{"href":"https:\/\/en.passengereye.com\/hu\/wp-json\/wp\/v2\/types\/page"}],"author":[{"embeddable":true,"href":"https:\/\/en.passengereye.com\/hu\/wp-json\/wp\/v2\/users\/2"}],"replies":[{"embeddable":true,"href":"https:\/\/en.passengereye.com\/hu\/wp-json\/wp\/v2\/comments?post=3448"}],"version-history":[{"count":9,"href":"https:\/\/en.passengereye.com\/hu\/wp-json\/wp\/v2\/pages\/3448\/revisions"}],"predecessor-version":[{"id":3463,"href":"https:\/\/en.passengereye.com\/hu\/wp-json\/wp\/v2\/pages\/3448\/revisions\/3463"}],"wp:attachment":[{"href":"https:\/\/en.passengereye.com\/hu\/wp-json\/wp\/v2\/media?parent=3448"}],"curies":[{"name":"wp","href":"https:\/\/api.w.org\/{rel}","templated":true}]}}