{"id":3115,"date":"2014-12-30T10:01:56","date_gmt":"2014-12-30T03:01:56","guid":{"rendered":"http:\/\/demo.leafcolor.com\/applay\/?page_id=3115"},"modified":"2014-12-30T10:01:56","modified_gmt":"2014-12-30T03:01:56","slug":"home-mobile-game","status":"publish","type":"page","link":"https:\/\/en.passengereye.com\/hu\/home-mobile-game\/","title":{"rendered":"Home Mobile Game"},"content":{"rendered":"<div class=\"ia_row dark-div  ia_paralax\">\r\n        \t<div class=\"vc_row wpb_row vc_row-fluid vc_custom_1420257554602 vc_row-has-fill\"><div class=\"wpb_column vc_column_container vc_col-sm-12\"><div class=\"vc_column-inner\"><div class=\"wpb_wrapper\"><\/div><\/div><\/div><\/div>    \t\t\t<\/div><!--\/ia_row-->\r\n\t\t\t<div class=\"ia_row\">\r\n        \t<div class=\"vc_row wpb_row vc_row-fluid vc_custom_1420257680042 vc_row-has-fill\"><div class=\"wpb_column vc_column_container vc_col-sm-6\"><div class=\"vc_column-inner vc_custom_1420257696659\"><div class=\"wpb_wrapper\">    <div class=\"ia-heading ia-heading-heading_858 heading-align-center\" data-delay=\"0\">\r\n    \t<h2 class=\"h1\">\r\n                \tBEST <span class=\"main-color-1\">STRAT\u00c9GIAJ\u00c1T\u00c9K<\/span>                <\/h2>\r\n        <div class=\"clearfix\"><\/div>\r\n    <\/div>\r\n    \n\t<div class=\"wpb_text_column wpb_content_element\" >\n\t\t<div class=\"wpb_wrapper\">\n\t\t\t<p style=\"text-align: center;\">Suspendisse non nisl sit amet velit hendrerit rutrum. Sed augue ipsum, egestas nec, vestibulum et, malesuada adipiscing, dui. Morbi nec metus. Nullam dictum felis eu pede mollis pretium. Sed cursus turpis vitae tortor.<\/p>\n\n\t\t<\/div>\n\t<\/div>\n\n\t<div class=\"wpb_text_column wpb_content_element\" >\n\t\t<div class=\"wpb_wrapper\">\n\t\t\t<p style=\"text-align: center;\">    \t<a class=\"btn button-button_40 btn-default btn-lg\" href=\"#\"   >\r\n        <i class=\"fa fa-apple\"><\/i>&nbsp;&nbsp;App Store        <\/a>\r\n         \u00a0    \t<a class=\"btn button-button_92 btn-primary btn-lg\" href=\"#\"   >\r\n        <i class=\"fa fa-google\"><\/i>&nbsp;&nbsp;Google Play        <\/a>\r\n        <br class=\"nc\" \/><br class=\"nc\" \/><\/p>\n\n\t\t<\/div>\n\t<\/div>\n<\/div><\/div><\/div><div class=\"wpb_column vc_column_container vc_col-sm-6\"><div class=\"vc_column-inner\"><div class=\"wpb_wrapper\"><\/div><\/div><\/div><\/div>    \t\t\t<\/div><!--\/ia_row-->\r\n\t\t\t<div class=\"ia_row\">\r\n        \t<div class=\"vc_row wpb_row vc_row-fluid vc_custom_1414920754627\"><div class=\"wpb_column vc_column_container vc_col-sm-6\"><div class=\"vc_column-inner\"><div class=\"wpb_wrapper\"><\/div><\/div><\/div><div class=\"wpb_column vc_column_container vc_col-sm-6\"><div class=\"vc_column-inner vc_custom_1412697251983\"><div class=\"wpb_wrapper\">    <div class=\"ia-heading ia-heading-heading_8068 heading-align-left\" data-delay=\"0\">\r\n    \t<h2 class=\"h1\">\r\n                \tJ\u00e1t\u00e9k <span class=\"main-color-1\">Jellemz\u0151k<\/span>                <\/h2>\r\n        <div class=\"clearfix\"><\/div>\r\n    <\/div>\r\n    <div class=\"vc_empty_space\"   style=\"height: 9px\" ><span class=\"vc_empty_space_inner\"><\/span><\/div>\n\n\t<div class=\"wpb_accordion wpb_content_element  not-column-inherit\" data-collapsible=\"\" data-vc-disable-keydown=\"false\" data-active-tab=\"1\">\n\t\t<div class=\"wpb_wrapper wpb_accordion_wrapper ui-accordion\">\n\n\n\t<div class=\"wpb_accordion_section group\">\n\t\t<h3 class=\"wpb_accordion_header ui-accordion-header\"><a href=\"#build-your-app-landing-page-in-seconds\">\u00c9p\u00edtse fel App Landing oldal\u00e1t m\u00e1sodpercek alatt<\/a><\/h3>\n\t\t<div class=\"wpb_accordion_content ui-accordion-content vc_clearfix\">\n\t\t\t\n\t<div class=\"wpb_text_column wpb_content_element\" >\n\t\t<div class=\"wpb_wrapper\">\n\t\t\t<p>Sed ut perspiciatis unde omnis iste natus error sit voluptatem accusantium doloremque laudantium, totam rem aperiam, eaque ipsa quae ab illo inventore veritatis et quasi architecto beatae vitae dicta sunt explicabo. Nemo enim ipsam voluptatem quia voluptas sit aspernatur aut odit aut fugit.<\/p>\n    \t<a class=\"btn button-button_57 btn-primary\" href=\"#\"   >\r\n        <i class=\"fa fa-rocket\"><\/i>&nbsp;&nbsp;Szerezd meg most&nbsp;&nbsp;<i class=\"fa fa-angle-right\"><\/i>        <\/a>\r\n        \n\n\t\t<\/div>\n\t<\/div>\n\n\t\t<\/div>\n\t<\/div>\n\n\t<div class=\"wpb_accordion_section group\">\n\t\t<h3 class=\"wpb_accordion_header ui-accordion-header\"><a href=\"#trending-flat-and-responsive-design\">Trend a lapos \u00e9s reszponz\u00edv tervez\u00e9shez<\/a><\/h3>\n\t\t<div class=\"wpb_accordion_content ui-accordion-content vc_clearfix\">\n\t\t\t\n\t<div class=\"wpb_text_column wpb_content_element\" >\n\t\t<div class=\"wpb_wrapper\">\n\t\t\t<p>Sed ut perspiciatis unde omnis iste natus error sit voluptatem accusantium doloremque laudantium, totam rem aperiam, eaque ipsa quae ab illo inventore veritatis et quasi architecto beatae vitae dicta sunt explicabo. Nemo enim ipsam voluptatem quia voluptas sit aspernatur aut odit aut fugit, sed quia consequuntur magni dolores eos qui ratione voluptatem sequi nesciunt.<\/p>\n\n\t\t<\/div>\n\t<\/div>\n\n\t\t<\/div>\n\t<\/div>\n\n\t<div class=\"wpb_accordion_section group\">\n\t\t<h3 class=\"wpb_accordion_header ui-accordion-header\"><a href=\"#make-your-app-mockup-with-showcase-plugin\">K\u00e9sz\u00edtse el App Mockupj\u00e1t a Showcase Pluginnal<\/a><\/h3>\n\t\t<div class=\"wpb_accordion_content ui-accordion-content vc_clearfix\">\n\t\t\t\n\t<div class=\"wpb_text_column wpb_content_element\" >\n\t\t<div class=\"wpb_wrapper\">\n\t\t\t<p>Sed ut perspiciatis unde omnis iste natus error sit voluptatem accusantium doloremque laudantium, totam rem aperiam, eaque ipsa quae ab illo inventore veritatis et quasi architecto beatae vitae dicta sunt explicabo. Nemo enim ipsam voluptatem quia voluptas sit aspernatur aut odit aut fugit, sed quia consequuntur magni dolores eos qui ratione voluptatem sequi nesciunt.<\/p>\n\n\t\t<\/div>\n\t<\/div>\n\n\t\t<\/div>\n\t<\/div>\n\n\t<div class=\"wpb_accordion_section group\">\n\t\t<h3 class=\"wpb_accordion_header ui-accordion-header\"><a href=\"#start-your-own-app-store-with-one-click\">Ind\u00edtsa el saj\u00e1t App Store-j\u00e1t egyetlen kattint\u00e1ssal<\/a><\/h3>\n\t\t<div class=\"wpb_accordion_content ui-accordion-content vc_clearfix\">\n\t\t\t\n\t<div class=\"wpb_text_column wpb_content_element\" >\n\t\t<div class=\"wpb_wrapper\">\n\t\t\t<p>Sed ut perspiciatis unde omnis iste natus error sit voluptatem accusantium doloremque laudantium, totam rem aperiam, eaque ipsa quae ab illo inventore veritatis et quasi architecto beatae vitae dicta sunt explicabo. Nemo enim ipsam voluptatem quia voluptas sit aspernatur aut odit aut fugit, sed quia consequuntur magni dolores eos qui ratione voluptatem sequi nesciunt.<\/p>\n\n\t\t<\/div>\n\t<\/div>\n\n\t\t<\/div>\n\t<\/div>\n\n\t\t<\/div>\n\t<\/div>\n<\/div><\/div><\/div><\/div>    \t\t\t<\/div><!--\/ia_row-->\r\n\t\t\t<div class=\"ia_row\">\r\n        \t<div class=\"vc_row wpb_row vc_row-fluid vc_custom_1420254393878 vc_row-has-fill\"><div class=\"wpb_column vc_column_container vc_col-sm-2\"><div class=\"vc_column-inner\"><div class=\"wpb_wrapper\"><\/div><\/div><\/div><div class=\"wpb_column vc_column_container vc_col-sm-8\"><div class=\"vc_column-inner\"><div class=\"wpb_wrapper\">    <div class=\"ia-heading ia-heading-heading_7879 heading-align-center\" data-delay=\"0\">\r\n    \t<h2 class=\"h1\">\r\n                \tJ\u00e1t\u00e9k <span class=\"main-color-1\">Trailer<\/span>                <\/h2>\r\n        <div class=\"clearfix\"><\/div>\r\n    <\/div>\r\n    \n\t<div class=\"wpb_video_widget wpb_content_element vc_clearfix   vc_video-aspect-ratio-169 vc_video-el-width-100 vc_video-align-left\" >\n\t\t<div class=\"wpb_wrapper\">\n\t\t\t\n\t\t\t<div class=\"wpb_video_wrapper\"><a href=\"https:\/\/www.youtube.com\/watch?v=GXQExw1zSPA\">https:\/\/www.youtube.com\/watch?v=GXQExw1zSPA<\/a><\/div>\n\t\t<\/div>\n\t<\/div>\n<\/div><\/div><\/div><div class=\"wpb_column vc_column_container vc_col-sm-2\"><div class=\"vc_column-inner\"><div class=\"wpb_wrapper\"><\/div><\/div><\/div><\/div>    \t\t\t<\/div><!--\/ia_row-->\r\n\t\t\t<div class=\"ia_row\">\r\n        \t<div class=\"vc_row wpb_row vc_row-fluid vc_custom_1420257740549 vc_row-has-fill\"><div class=\"wpb_column vc_column_container vc_col-sm-4\"><div class=\"vc_column-inner\"><div class=\"wpb_wrapper\">\n\t<div class=\"wpb_text_column wpb_content_element\" >\n\t\t<div class=\"wpb_wrapper\">\n\t\t\t<p><a href=\"http:\/\/demo.leafcolor.com\/applay\/wp-content\/uploads\/2014\/12\/bg_clashofclans_character.png\"><img loading=\"lazy\" class=\"alignnone size-full wp-image-3146\" src=\"http:\/\/demo.leafcolor.com\/applay\/wp-content\/uploads\/2014\/12\/bg_clashofclans_character.png\" alt=\"bg_clashofclans_character\" width=\"488\" height=\"636\" \/><\/a><\/p>\n\n\t\t<\/div>\n\t<\/div>\n<\/div><\/div><\/div><div class=\"wpb_column vc_column_container vc_col-sm-8\"><div class=\"vc_column-inner vc_custom_1420255327732\"><div class=\"wpb_wrapper\">    <div class=\"ia-heading ia-heading-heading_4628 heading-align-center\" data-delay=\"0\">\r\n    \t<h2 >\r\n                \tA <span class=\"main-color-1\">J\u00e1t\u00e9kosok<\/span>                <\/h2>\r\n        <div class=\"clearfix\"><\/div>\r\n    <\/div>\r\n    \t\t<section class=\"testimonials testimonials-5720\" data-delay=\"0\">\r\n        \t<div class=\"section-inner\">\r\n                <div class=\"testimonial-carousel owl-carousel init-carousel single-carousel\" data-autoplay=\"5000\" >\r\n                    \t\t<div class=\"carousel-item testimonial-item-2164\">\r\n            <div class=\"testimonial-item text-center\">\r\n            \t<i class=\"fa fa-quote-right main-color-1\"><\/i>\r\n                <p class=\"font-2\">Ez a legjobb App store t\u00e9ma. Praesent ac massa at ligula laoreet iaculis. F\u00e9lelmetes t\u00e1mogat\u00e1s 24\/7<\/p>\r\n                <div class=\"media testi_user\">\r\n                \t                    <div class=\"pull-left\">\r\n                    \t                        <img src=\"https:\/\/en.passengereye.com\/wp-includes\/images\/media\/default.png\" width=\"50\" height=\"50\" alt=\"John Doe\">\r\n                    <\/div>\r\n                                        <div class=\"media-body\">\r\n                        <h6 class=\"h5 media-heading main-color-1\">John Doe<\/h6>\r\n                        <span>Tervez\u0151<\/span>\r\n                    <\/div>\r\n                <\/div>\r\n            <\/div>\r\n        <\/div><!--\/carousel-item-->\r\n\t\t\t<div class=\"carousel-item testimonial-item-9467\">\r\n            <div class=\"testimonial-item text-center\">\r\n            \t<i class=\"fa fa-quote-right main-color-1\"><\/i>\r\n                <p class=\"font-2\">Ez a legjobb App Landing t\u00e9ma. Nullam nulla eros, ultricies sit amet, nonummy id. T\u00f6k\u00e9letes t\u00e1mogat\u00e1s \u00e9s szolg\u00e1ltat\u00e1s<\/p>\r\n                <div class=\"media testi_user\">\r\n                \t                    <div class=\"pull-left\">\r\n                    \t                        <img src=\"https:\/\/en.passengereye.com\/wp-includes\/images\/media\/default.png\" width=\"50\" height=\"50\" alt=\"Mc Jame\">\r\n                    <\/div>\r\n                                        <div class=\"media-body\">\r\n                        <h6 class=\"h5 media-heading main-color-1\">Mc Jame<\/h6>\r\n                        <span>Webfejleszt\u0151<\/span>\r\n                    <\/div>\r\n                <\/div>\r\n            <\/div>\r\n        <\/div><!--\/carousel-item-->\r\n\t\t\t<div class=\"carousel-item testimonial-item-3298\">\r\n            <div class=\"testimonial-item text-center\">\r\n            \t<i class=\"fa fa-quote-right main-color-1\"><\/i>\r\n                <p class=\"font-2\">Az Applay a legjobb App bemutat\u00f3 t\u00e9ma. Praesent ac massa at ligula laoreet iaculis. Nincs \u00f6sszehasonl\u00edthat\u00f3<\/p>\r\n                <div class=\"media testi_user\">\r\n                \t                    <div class=\"pull-left\">\r\n                    \t                        <img src=\"https:\/\/en.passengereye.com\/wp-includes\/images\/media\/default.png\" width=\"50\" height=\"50\" alt=\"Jane Doe\">\r\n                    <\/div>\r\n                                        <div class=\"media-body\">\r\n                        <h6 class=\"h5 media-heading main-color-1\">Jane Doe<\/h6>\r\n                        <span>Igazgat\u00f3<\/span>\r\n                    <\/div>\r\n                <\/div>\r\n            <\/div>\r\n        <\/div><!--\/carousel-item-->\r\n\t                <\/div>\r\n            <\/div>\r\n        <\/section><!--\/testimonial-->\r\n\t<\/div><\/div><\/div><\/div>    \t\t\t<\/div><!--\/ia_row-->\r\n\t\t\t<div class=\"ia_row\">\r\n        \t<div class=\"vc_row wpb_row vc_row-fluid vc_custom_1416743071214\"><div class=\"wpb_column vc_column_container vc_col-sm-8\"><div class=\"vc_column-inner\"><div class=\"wpb_wrapper\">    <div class=\"ia-heading ia-heading-heading_6011 heading-align-left\" data-delay=\"0\">\r\n    \t<h2 >\r\n                \tLeg\u00fajabb <span class=\"main-color-1\">H\u00edrek<\/span>                <\/h2>\r\n        <div class=\"clearfix\"><\/div>\r\n    <\/div>\r\n        \t<section class=\"app-b-post-listing shortcode-blog-5864\" data-delay=\"0\">\r\n                <div class=\"section-body\">\r\n                \t<div class=\"row\">\r\n                \t\t\t\t\t\t\t\t<div class=\"col-md-12 shortcode-blog-item\">\r\n                                <div class=\"content-pad\">\r\n                                    <div class=\"post-item row\">\r\n                                        <div class=\"col-md-5 col-sm-6\">\r\n                                            <div class=\"content-pad\">\r\n                                                <div class=\"item-thumbnail\">\r\n                                                    <a href=\"https:\/\/en.passengereye.com\/hu\/scheduled\/\" title=\"Tervezett\">\r\n\t\t\t\t\t\t\t\t\t\t\t\t\t\t                                                        <img src=\"https:\/\/en.passengereye.com\/wp-content\/themes\/applay\/images\/default-photo.png\" width=\"500\" height=\"500\" title=\"Tervezett\" alt=\"Scheduled\">\r\n                                                        <div class='thumbnail-hoverlay main-color-1-bg'><\/div>\r\n                                                        <div class='thumbnail-hoverlay-icon'><i class=\"fa fa-search\"><\/i><\/div>\r\n                                                    <\/a>\r\n                                                <\/div>\r\n                                            <\/div>\r\n                                        <\/div>\r\n                                        <div class=\"col-md-7 col-sm-6\">\r\n                                            <div class=\"content-pad\">\r\n                                                <div class=\"item-content\">\r\n                                                                                                <div class=\"meta\">\r\n                                                     <span class=\"date\"><i class=\"fa fa-calendar\"><\/i> janu\u00e1r 1, 2020<\/span> \r\n                                                                                                     <\/div>\r\n                                                                                                    <h3 class=\"item-title\"><a href=\"https:\/\/en.passengereye.com\/hu\/scheduled\/\" title=\"Tervezett\" class=\"main-color-1-hover\">Tervezett<\/a><\/h3>\r\n                                                    <div class=\"shortcode-blog-excerpt\"><p>Ez a bejegyz\u00e9s a tervek szerint a j\u00f6v\u0151ben fog megjelenni. A t\u00e9ma nem jelen\u00edtheti meg.<\/p>\n<\/div>\r\n                                                    <div class=\"item-meta\">\r\n                                                        <a class=\"btn btn-default btn-lighter\" href=\"https:\/\/en.passengereye.com\/hu\/scheduled\/\" title=\"Tervezett\">Read more <i class=\"fa fa-angle-right\"><\/i><\/a>\r\n\t\t\t\t\t\t\t\t\t\t\t\t\t\t\r\n                                                    <\/div>\r\n                                                <\/div>\r\n                                            <\/div>\r\n                                        <\/div>\r\n                                    <\/div><!--\/post-item-->\r\n                                <\/div>\r\n                            <\/div><!--\/shortcode-blog-item-->\r\n\t\t\t\t\t\t\t\t\t\t\t\t\t\t<div class=\"col-md-12 shortcode-blog-item\">\r\n                                <div class=\"content-pad\">\r\n                                    <div class=\"post-item row\">\r\n                                        <div class=\"col-md-5 col-sm-6\">\r\n                                            <div class=\"content-pad\">\r\n                                                <div class=\"item-thumbnail\">\r\n                                                    <a href=\"https:\/\/en.passengereye.com\/hu\/hello-world\/\" title=\"Hell\u00f3 vil\u00e1g!\">\r\n\t\t\t\t\t\t\t\t\t\t\t\t\t\t                                                        <img src=\"https:\/\/en.passengereye.com\/wp-content\/themes\/applay\/images\/default-photo.png\" width=\"500\" height=\"500\" title=\"Hell\u00f3 vil\u00e1g!\" alt=\"Hello world!\">\r\n                                                        <div class='thumbnail-hoverlay main-color-1-bg'><\/div>\r\n                                                        <div class='thumbnail-hoverlay-icon'><i class=\"fa fa-search\"><\/i><\/div>\r\n                                                    <\/a>\r\n                                                <\/div>\r\n                                            <\/div>\r\n                                        <\/div>\r\n                                        <div class=\"col-md-7 col-sm-6\">\r\n                                            <div class=\"content-pad\">\r\n                                                <div class=\"item-content\">\r\n                                                                                                <div class=\"meta\">\r\n                                                     <span class=\"date\"><i class=\"fa fa-calendar\"><\/i> m\u00e1jus 10, 2016<\/span> \r\n                                                                                                          <i class=\"fa fa-comments\"><\/i> <a href=\"https:\/\/en.passengereye.com\/hu\/hello-world\/#comment\" class=\"main-color-1-hover\" title=\"View comments\">0 COMMENTS<\/a> \r\n                                                                                                     <\/div>\r\n                                                                                                    <h3 class=\"item-title\"><a href=\"https:\/\/en.passengereye.com\/hu\/hello-world\/\" title=\"Hell\u00f3 vil\u00e1g!\" class=\"main-color-1-hover\">Hell\u00f3 vil\u00e1g!<\/a><\/h3>\r\n                                                    <div class=\"shortcode-blog-excerpt\"><p>\u00dcdv\u00f6z\u00f6lj\u00fck a WordPressn\u00e9l. Ez az els\u0151 hozz\u00e1sz\u00f3l\u00e1sod. Szerkeszd vagy t\u00f6r\u00f6ld, majd kezdj el \u00edrni!<\/p>\n<\/div>\r\n                                                    <div class=\"item-meta\">\r\n                                                        <a class=\"btn btn-default btn-lighter\" href=\"https:\/\/en.passengereye.com\/hu\/hello-world\/\" title=\"Hell\u00f3 vil\u00e1g!\">Read more <i class=\"fa fa-angle-right\"><\/i><\/a>\r\n\t\t\t\t\t\t\t\t\t\t\t\t\t\t\r\n                                                    <\/div>\r\n                                                <\/div>\r\n                                            <\/div>\r\n                                        <\/div>\r\n                                    <\/div><!--\/post-item-->\r\n                                <\/div>\r\n                            <\/div><!--\/shortcode-blog-item-->\r\n\t\t\t\t\t\t\t                    <\/div><!--\/row-->\r\n                <\/div><!--\/section-body-->\r\n        <\/section><!--\/blog-listing-->\r\n\t<\/div><\/div><\/div><div class=\"wpb_column vc_column_container vc_col-sm-4\"><div class=\"vc_column-inner vc_custom_1420254874325\"><div class=\"wpb_wrapper\">\n\t<div class=\"wpb_text_column wpb_content_element\" >\n\t\t<div class=\"wpb_wrapper\">\n\t\t\t<p><a href=\"http:\/\/demo.leafcolor.com\/applay\/wp-content\/uploads\/2014\/12\/archer.png\"><img loading=\"lazy\" class=\"alignnone size-full wp-image-3148\" src=\"http:\/\/demo.leafcolor.com\/applay\/wp-content\/uploads\/2014\/12\/archer.png\" alt=\"archer\" width=\"331\" height=\"489\" \/><\/a><\/p>\n\n\t\t<\/div>\n\t<\/div>\n<\/div><\/div><\/div><\/div>    \t\t\t<\/div><!--\/ia_row-->\r\n\t\t\t<div class=\"ia_row dark-div\">\r\n        \t<div class=\"vc_row wpb_row vc_row-fluid vc_custom_1420255217024 vc_row-has-fill\"><div class=\"wpb_column vc_column_container vc_col-sm-12\"><div class=\"vc_column-inner\"><div class=\"wpb_wrapper\">    <div class=\"ia-heading ia-heading-heading_8790 heading-align-left\" data-delay=\"0\">\r\n    \t<h2 >\r\n                \tFeliratkoz\u00e1s <span class=\"main-color-1\">H\u00edrlev\u00e9l<\/span>                <\/h2>\r\n        <div class=\"clearfix\"><\/div>\r\n    <\/div>\r\n    <\/div><\/div><\/div><div class=\"wpb_column vc_column_container vc_col-sm-7\"><div class=\"vc_column-inner\"><div class=\"wpb_wrapper\">\n\t<div class=\"wpb_text_column wpb_content_element\" >\n\t\t<div class=\"wpb_wrapper\">\n\t\t\t<p>Lorem ipsum dolor sit amet, consectetur adipiscing elit. Ut elit tellus, luctus nec ullamcorper mattis, pulvinar dapibus leo. Nunc nec neque. Quisque libero metus, condimentum nec<\/p>\n\n\t\t<\/div>\n\t<\/div>\n<\/div><\/div><\/div><div class=\"wpb_column vc_column_container vc_col-sm-5\"><div class=\"vc_column-inner\"><div class=\"wpb_wrapper\">\n\t<div class=\"wpb_text_column wpb_content_element\" >\n\t\t<div class=\"wpb_wrapper\">\n\t\t\t<p style=\"text-align: right;\"><input style=\"height: 43px; width: 220px;\" type=\"email\" placeholder=\"Az \u00d6n e-mail c\u00edme\" \/> <a class=\"btn btn-primary\" style=\"margin-top: 0px;\">Feliratkoz\u00e1s<\/a><\/p>\n\n\t\t<\/div>\n\t<\/div>\n<\/div><\/div><\/div><\/div>    \t\t\t<\/div><!--\/ia_row-->\r\n\t\t\t<div class=\"ia_row\">\r\n        \t<div class=\"vc_row wpb_row vc_row-fluid vc_custom_1420259474174\"><div class=\"wpb_column vc_column_container vc_col-sm-12\"><div class=\"vc_column-inner\"><div class=\"wpb_wrapper\"><div class=\"vc_message_box vc_message_box-3d vc_message_box-rounded vc_color-alert-info\" >\n\t<div class=\"vc_message_box-icon\"><i class=\"vc_pixel_icon vc_pixel_icon-info\"><\/i>\n\t<\/div><p>Minden j\u00e1t\u00e9k k\u00e9p, karakterek tartoznak <a href=\"http:\/\/clashofclans.com\/\" target=\"_blank\">Szupercella<\/a>\u00a0\u00e9s nem lesz benne a csomagban<\/p>\n<\/div>\n<\/div><\/div><\/div><\/div>    \t\t\t<\/div><!--\/ia_row-->\r\n\t <\/p>","protected":false},"excerpt":{"rendered":"\u00dcdv\u00f6z\u00f6lj\u00fck a WordPressn\u00e9l. Ez az els\u0151 hozz\u00e1sz\u00f3l\u00e1sod. Szerkeszd vagy t\u00f6r\u00f6ld, majd kezdj el \u00edrni!","protected":false},"author":1,"featured_media":0,"parent":0,"menu_order":0,"comment_status":"open","ping_status":"closed","template":"page-templates\/tpl-demo-menu-style-off-canvas.php","meta":[],"_links":{"self":[{"href":"https:\/\/en.passengereye.com\/hu\/wp-json\/wp\/v2\/pages\/3115"}],"collection":[{"href":"https:\/\/en.passengereye.com\/hu\/wp-json\/wp\/v2\/pages"}],"about":[{"href":"https:\/\/en.passengereye.com\/hu\/wp-json\/wp\/v2\/types\/page"}],"author":[{"embeddable":true,"href":"https:\/\/en.passengereye.com\/hu\/wp-json\/wp\/v2\/users\/1"}],"replies":[{"embeddable":true,"href":"https:\/\/en.passengereye.com\/hu\/wp-json\/wp\/v2\/comments?post=3115"}],"version-history":[{"count":0,"href":"https:\/\/en.passengereye.com\/hu\/wp-json\/wp\/v2\/pages\/3115\/revisions"}],"wp:attachment":[{"href":"https:\/\/en.passengereye.com\/hu\/wp-json\/wp\/v2\/media?parent=3115"}],"curies":[{"name":"wp","href":"https:\/\/api.w.org\/{rel}","templated":true}]}}