{"id":12,"date":"2010-07-25T19:40:01","date_gmt":"2010-07-26T02:40:01","guid":{"rendered":"http:\/\/wpthemetestdata.wordpress.com\/about\/"},"modified":"2010-07-25T19:40:01","modified_gmt":"2010-07-26T02:40:01","slug":"features","status":"publish","type":"page","link":"https:\/\/en.passengereye.com\/hu\/features\/","title":{"rendered":"Jellemz\u0151k"},"content":{"rendered":"<p><img loading=\"lazy\" class=\"aligncenter wp-image-2031 size-full\" src=\"http:\/\/demo.leafcolor.com\/applay\/wp-content\/uploads\/2014\/10\/sc.png\" alt=\"sc\" width=\"900\" height=\"600\" \/><\/p>\n<p>&nbsp;<\/p>\n<div class=\"ia-heading ia-heading-heading_6546 heading-align-left\" data-delay=\"\">\r\n    \t<h2 >\r\n                \tAZ APPLAY-R\u0150L                <\/h2>\r\n        <div class=\"clearfix\"><\/div>\r\n    <\/div>\r\n    Az Applay egy t\u00f6bbc\u00e9l\u00fa WordPress t\u00e9ma App showcase, App Store, App Landing, Business \u00e9s Shopping sz\u00e1m\u00e1ra. Ha tetszik ez a t\u00e9ma, k\u00e9rj\u00fck, \u00e9rt\u00e9kelje 5 csillaggal vagy hagyjon megjegyz\u00e9seket, hogy jobb term\u00e9keket k\u00e9sz\u00edthess\u00fcnk.<\/p>\n<p>&nbsp;<\/p>\n    <div class=\"ia-heading ia-heading-heading_3774 heading-align-left\" data-delay=\"\">\r\n    \t<h2 >\r\n                \tJellemz\u0151k                <\/h2>\r\n        <div class=\"clearfix\"><\/div>\r\n    <\/div>\r\n    \n<ul>\n<li>Ultra Responsive Design<\/li>\n<li>Retina Ready<\/li>\n<li>4 honlapv\u00e1ltozat \u00e9s korl\u00e1tlan lehet\u0151s\u00e9gek<\/li>\n<li>3 Appstore vari\u00e1ci\u00f3 \u00e9s korl\u00e1tlan lehet\u0151s\u00e9gek<\/li>\n<li>3 fejl\u00e9c st\u00edlus x 2 fejl\u00e9c s\u00e9ma (s\u00f6t\u00e9t\/vil\u00e1gos)<\/li>\n<li>Mobile Showcase Builder Plugin - mobil mockup k\u00e9sz\u00edt\u00e9se Photoshop n\u00e9lk\u00fcl<\/li>\n<li>Eladni vagy promo Mobile Apps seg\u00edts\u00e9g\u00e9vel WooCommerce<\/li>\n<li>WooCommerce Integr\u00e1lt - Adja el term\u00e9k\u00e9t online k\u00f6nnyen<\/li>\n<li>Parallax &amp; CSS anim\u00e1ci\u00f3s hat\u00e1s<\/li>\n<li>* Oldal\u00e9p\u00edt\u0151 - Visual Composer benne van ($25-et takar\u00edt meg)<\/li>\n<li>*Gyors Ajax - Modern Ajax lek\u00e9rdez\u00e9s ($17 megtakar\u00edt\u00e1s)<br \/>\nRugalmas, er\u0151teljes \u00e9s gy\u00f6ny\u00f6r\u0171 Shortcodes<\/li>\n<li>Korl\u00e1tlan sz\u00ednek \u00e9s elrendez\u00e9s<\/li>\n<li>T\u00f6bb oszlopos men\u00fc leg\u00f6rd\u00fcl\u0151 men\u00fc<\/li>\n<li>Be\u00e9p\u00edtett widgetek \u00e9s egy\u00e9ni widget elrendez\u00e9si be\u00e1ll\u00edt\u00e1sok<\/li>\n<li>K\u00f6z\u00f6ss\u00e9gi fi\u00f3kok \u00e9s k\u00f6z\u00f6ss\u00e9gi megoszt\u00e1s<\/li>\n<li>Teljesen testreszabhat\u00f3 a t\u00e9ma be\u00e1ll\u00edt\u00e1saival<\/li>\n<li>A mint\u00e1ban szerepl\u0151 adatok<\/li>\n<li>T\u00e1mogat\u00e1s WP Pagenavi, Contact Form 7, Flickr Badges Widget...<\/li>\n<li>T\u00e1mogatja az \u00f6sszes Google bet\u0171t\u00edpust<\/li>\n<li>Font Awesome Integr\u00e1lt<\/li>\n<li>WPML Ready - T\u00f6bbnyelv\u0171 weboldalhoz<\/li>\n<li>Automatikus friss\u00edt\u00e9s - hogy a t\u00e9ma mindig a legfrissebb verzi\u00f3ra friss\u00fclj\u00f6n<\/li>\n<li>Testreszabhat\u00f3 el\u0151ret\u00f6lt\u00e9si effektus<\/li>\n<\/ul>\n<p>(Friss\u00edt\u00e9s)<\/p>","protected":false},"excerpt":{"rendered":"<p>&nbsp; Applay is a multipurpose WordPress theme for App showcase, App Store, App Landing, Business and Shopping. If you like this theme, please rate 5 stars or leave comments so we can make better products. [&hellip;]<\/p>","protected":false},"author":1,"featured_media":0,"parent":0,"menu_order":1,"comment_status":"closed","ping_status":"closed","template":"","meta":[],"_links":{"self":[{"href":"https:\/\/en.passengereye.com\/hu\/wp-json\/wp\/v2\/pages\/12"}],"collection":[{"href":"https:\/\/en.passengereye.com\/hu\/wp-json\/wp\/v2\/pages"}],"about":[{"href":"https:\/\/en.passengereye.com\/hu\/wp-json\/wp\/v2\/types\/page"}],"author":[{"embeddable":true,"href":"https:\/\/en.passengereye.com\/hu\/wp-json\/wp\/v2\/users\/1"}],"replies":[{"embeddable":true,"href":"https:\/\/en.passengereye.com\/hu\/wp-json\/wp\/v2\/comments?post=12"}],"version-history":[{"count":0,"href":"https:\/\/en.passengereye.com\/hu\/wp-json\/wp\/v2\/pages\/12\/revisions"}],"wp:attachment":[{"href":"https:\/\/en.passengereye.com\/hu\/wp-json\/wp\/v2\/media?parent=12"}],"curies":[{"name":"wp","href":"https:\/\/api.w.org\/{rel}","templated":true}]}}