{"id":1133,"date":"2013-03-15T18:19:23","date_gmt":"2013-03-15T23:19:23","guid":{"rendered":"http:\/\/wptest.io\/demo\/?page_id=1080"},"modified":"2013-03-15T18:19:23","modified_gmt":"2013-03-15T23:19:23","slug":"page-image-alignment","status":"publish","type":"page","link":"https:\/\/en.passengereye.com\/hu\/features\/page-image-alignment\/","title":{"rendered":"Oldal k\u00e9p igaz\u00edt\u00e1sa"},"content":{"rendered":"<p>\u00dcdv\u00f6z\u00f6lj\u00fck a k\u00e9pigaz\u00edt\u00e1sban! A legjobb m\u00f3dja a k\u00fcl\u00f6nb\u00f6z\u0151 k\u00e9pelhelyez\u00e9si lehet\u0151s\u00e9gek bemutat\u00e1s\u00e1nak az, ha a k\u00e9peket egy szavakb\u00f3l \u00e1ll\u00f3 \u00f3ce\u00e1n k\u00f6z\u00e9 f\u00e9szkelj\u00fck be. Fogjon egy evez\u0151t, \u00e9s kezdj\u00fck el.<\/p>\n<p>Az igaz\u00edt\u00e1ssal kapcsolatban meg kell jegyezni, hogy a felhaszn\u00e1l\u00f3k v\u00e1laszthatnak a k\u00f6vetkez\u0151 lehet\u0151s\u00e9gek k\u00f6z\u00fcl\u00a0<em>Nincs<\/em>,\u00a0<em>Balra<\/em>,\u00a0<em>Rendben, <\/em>\u00e9s\u00a0<em>K\u00f6zpont<\/em>. Ezen t\u00falmen\u0151en, \u0151k is kapnak a lehet\u0151s\u00e9gek\u00a0<em>Thumbnail<\/em>,\u00a0<em>K\u00f6zepes<\/em>,\u00a0<em>Nagy<\/em>\u00a0&amp;\u00a0<em>Teljes m\u00e9ret\u0171<\/em>.<\/p>\n<p style=\"text-align:center;\"><img loading=\"lazy\" class=\"size-full wp-image-906 aligncenter\" title=\"K\u00e9pigaz\u00edt\u00e1s 580x300\" alt=\"Image Alignment 580x300\" src=\"http:\/\/demo.leafcolor.com\/applay\/wp-content\/uploads\/2013\/03\/image-alignment-580x300.jpg\" width=\"580\" height=\"300\" \/><\/p>\n<p>A fenti k\u00e9p t\u00f6rt\u00e9netesen\u00a0<em><strong>k\u00f6zpontos\u00edtott<\/strong><\/em>.<\/p>\n<p><strong><img loading=\"lazy\" class=\"size-full wp-image-904 alignleft\" title=\"K\u00e9pigaz\u00edt\u00e1s 150x150\" alt=\"Image Alignment 150x150\" src=\"http:\/\/demo.leafcolor.com\/applay\/wp-content\/uploads\/2013\/03\/image-alignment-150x150.jpg\" width=\"150\" height=\"150\" \/><\/strong>A bekezd\u00e9s t\u00f6bbi r\u00e9sze csak t\u00f6ltel\u00e9k, hogy a sz\u00f6veg a 150\u00d7150-es k\u00e9p k\u00f6r\u00fcl legyen l\u00e1that\u00f3, amely <em><strong>balra igaz\u00edtva<\/strong><\/em>.\u00a0<strong><\/strong><\/p>\n<p>Amint l\u00e1thatja, a k\u00e9p felett, alatt \u00e9s jobbra is kell lennie n\u00e9mi helynek. A sz\u00f6vegnek nem szabad a k\u00e9pre k\u00fasznia. A k\u00fasz\u00e1s egyszer\u0171en nem helyes. A k\u00e9peknek is sz\u00fcks\u00e9g\u00fck van l\u00e9legzetv\u00e9telnyi t\u00e9rre. Hagyja \u0151ket besz\u00e9lni, mint a szavakat. Hagyd, hogy a sz\u00f6veg zavar\u00e1sa n\u00e9lk\u00fcl v\u00e9gezz\u00e9k a munk\u00e1jukat. Itt m\u00e9g k\u00f6r\u00fclbel\u00fcl egy mondat, \u00e9s l\u00e1tni fogjuk, hogy a sz\u00f6veg a k\u00e9p jobb oldal\u00e1r\u00f3l z\u00f6kken\u0151mentes \u00e1tmenetben mozog lefel\u00e9 a k\u00e9p al\u00e1. Ism\u00e9t hagyjuk, hogy tegye a dolg\u00e1t. K\u00fcldet\u00e9s teljes\u00edtve!<\/p>\n<p>\u00c9s most egy <em><strong>hatalmas m\u00e9ret\u0171 k\u00e9p<\/strong><\/em>. Ez is van <em><strong>nincs igaz\u00edt\u00e1s<\/strong><\/em>.<\/p>\n<p><img loading=\"lazy\" class=\"alignnone  wp-image-907\" title=\"K\u00e9pigaz\u00edt\u00e1s 1200x400\" alt=\"Image Alignment 1200x400\" src=\"http:\/\/demo.leafcolor.com\/applay\/wp-content\/uploads\/2013\/03\/image-alignment-1200x4002.jpg\" width=\"1200\" height=\"400\" \/><\/p>\n<p>A fenti k\u00e9p, b\u00e1r 1200px sz\u00e9les, nem szabad, hogy t\u00falcsorduljon a tartalmi ter\u00fcleten. A tartalom \u00e1raml\u00e1s\u00e1t l\u00e1that\u00f3an nem zavarja.<\/p>\n<p><img loading=\"lazy\" class=\"size-full wp-image-905 alignright\" title=\"K\u00e9pigaz\u00edt\u00e1s 300x200\" alt=\"Image Alignment 300x200\" src=\"http:\/\/demo.leafcolor.com\/applay\/wp-content\/uploads\/2013\/03\/image-alignment-300x200.jpg\" width=\"300\" height=\"200\" \/><\/p>\n<p>\u00c9s most \u00e1tt\u00e9r\u00fcnk a dolgok a <em><strong>jobbra igaz\u00edt\u00e1s<\/strong><\/em>. A k\u00e9p felett, alatt \u00e9s balra is b\u0151ven legyen hely. N\u00e9zz\u00e9tek csak meg ott... H\u00e9, sr\u00e1cok! \u00cdgy kell ezt a jobb oldalt felr\u00e1zni. Nem \u00e9rdekel, mit mond a balra igaz\u00edtott k\u00e9p, remek\u00fcl n\u00e9zel ki. Ne hagyd, hogy b\u00e1rki m\u00e1st\u00f3l m\u00e1st hallj.<\/p>\n<p>Egy kis id\u0151 m\u00falva l\u00e1tni fogod, hogy a sz\u00f6veg elkezd a jobbra igaz\u00edtott k\u00e9p al\u00e1 ker\u00fclni, \u00e9s sz\u00e9pen elhelyezkedik. M\u00e9g mindig rengeteg helynek kell lennie, \u00e9s mindennek sz\u00e9pen kell \u00fclnie. Igen... Pontosan \u00edgy. Soha nem volt m\u00e9g ilyen j\u00f3 \u00e9rz\u00e9s, hogy igazad van.<\/p>\n<p>\u00c9s amikor m\u00e1r azt hitted, hogy v\u00e9gezt\u00fcnk, akkor most \u00fajra megcsin\u00e1ljuk \u0151ket, feliratokkal!<\/p>\n<div id=\"attachment_906\" style=\"width: 590px\" class=\"wp-caption aligncenter\"><img aria-describedby=\"caption-attachment-906\" loading=\"lazy\" class=\"size-full wp-image-906\" title=\"K\u00e9pigaz\u00edt\u00e1s 580x300\" alt=\"Image Alignment 580x300\" src=\"http:\/\/demo.leafcolor.com\/applay\/wp-content\/uploads\/2013\/03\/image-alignment-580x300.jpg\" width=\"580\" height=\"300\" \/><p id=\"caption-attachment-906\" class=\"wp-caption-text\">N\u00e9zd meg az 580\u00d7300-at, hogy n\u00e9h\u00e1ny <a title=\"K\u00e9pbe\u00e1ll\u00edt\u00e1sok\" href=\"http:\/\/en.support.wordpress.com\/images\/image-settings\/\">felirat<\/a> szerelem.<\/p><\/div>\n<p>A fenti k\u00e9p t\u00f6rt\u00e9netesen\u00a0<em><strong>k\u00f6zpontos\u00edtott<\/strong><\/em>. A feliratban is van egy link, csak hogy l\u00e1ssam, nem csin\u00e1l-e valami furcs\u00e1t.<\/p>\n<div id=\"attachment_904\" style=\"width: 160px\" class=\"wp-caption alignleft\"><img aria-describedby=\"caption-attachment-904\" loading=\"lazy\" class=\"size-full wp-image-904\" title=\"K\u00e9pigaz\u00edt\u00e1s 150x150\" alt=\"Image Alignment 150x150\" src=\"http:\/\/demo.leafcolor.com\/applay\/wp-content\/uploads\/2013\/03\/image-alignment-150x150.jpg\" width=\"150\" height=\"150\" \/><p id=\"caption-attachment-904\" class=\"wp-caption-text\">Apr\u00f3cska felirat.<\/p><\/div>\n<p><strong><\/strong>A bekezd\u00e9s t\u00f6bbi r\u00e9sze csak t\u00f6ltel\u00e9k, hogy a sz\u00f6veg a 150\u00d7150-es k\u00e9p k\u00f6r\u00fcl legyen l\u00e1that\u00f3, amely <em><strong>balra igaz\u00edtva<\/strong><\/em>.\u00a0<strong><\/strong><\/p>\n<p>Amint l\u00e1thatja, a k\u00e9p felett, alatt \u00e9s jobbra is kell lennie n\u00e9mi helynek. A sz\u00f6vegnek nem szabad a k\u00e9pre k\u00fasznia. A k\u00fasz\u00e1s egyszer\u0171en nem helyes. A k\u00e9peknek is sz\u00fcks\u00e9g\u00fck van l\u00e9legzetv\u00e9telnyi t\u00e9rre. Hagyja \u0151ket besz\u00e9lni, mint a szavakat. Hagyd, hogy a sz\u00f6veg zavar\u00e1sa n\u00e9lk\u00fcl v\u00e9gezz\u00e9k a munk\u00e1jukat. Itt m\u00e9g k\u00f6r\u00fclbel\u00fcl egy mondat, \u00e9s l\u00e1tni fogjuk, hogy a sz\u00f6veg a k\u00e9p jobb oldal\u00e1r\u00f3l z\u00f6kken\u0151mentes \u00e1tmenetben mozog lefel\u00e9 a k\u00e9p al\u00e1. Ism\u00e9t hagyjuk, hogy tegye a dolg\u00e1t. K\u00fcldet\u00e9s teljes\u00edtve!<\/p>\n<p>\u00c9s most egy <em><strong>hatalmas m\u00e9ret\u0171 k\u00e9p<\/strong><\/em>. Ez is van <em><strong>nincs igaz\u00edt\u00e1s<\/strong><\/em>.<\/p>\n<div id=\"attachment_907\" style=\"width: 1210px\" class=\"wp-caption alignnone\"><img aria-describedby=\"caption-attachment-907\" loading=\"lazy\" class=\"wp-image-907\" title=\"K\u00e9pigaz\u00edt\u00e1s 1200x400\" alt=\"Image Alignment 1200x400\" src=\"http:\/\/demo.leafcolor.com\/applay\/wp-content\/uploads\/2013\/03\/image-alignment-1200x4002.jpg\" width=\"1200\" height=\"400\" \/><p id=\"caption-attachment-907\" class=\"wp-caption-text\">Hatalmas k\u00e9p komment a szemgoly\u00f3idnak.<\/p><\/div>\n<p>A fenti k\u00e9p, b\u00e1r 1200px sz\u00e9les, nem szabad, hogy t\u00falcsorduljon a tartalmi ter\u00fcleten. A tartalom \u00e1raml\u00e1s\u00e1t l\u00e1that\u00f3an nem zavarja.<\/p>\n<div id=\"attachment_905\" style=\"width: 310px\" class=\"wp-caption alignright\"><img aria-describedby=\"caption-attachment-905\" loading=\"lazy\" class=\"size-full wp-image-905\" title=\"K\u00e9pigaz\u00edt\u00e1s 300x200\" alt=\"Image Alignment 300x200\" src=\"http:\/\/demo.leafcolor.com\/applay\/wp-content\/uploads\/2013\/03\/image-alignment-300x200.jpg\" width=\"300\" height=\"200\" \/><p id=\"caption-attachment-905\" class=\"wp-caption-text\">J\u00f3 \u00e9rz\u00e9s mindig igazad van.<\/p><\/div>\n<p>\u00c9s most \u00e1tt\u00e9r\u00fcnk a dolgok a <em><strong>jobbra igaz\u00edt\u00e1s<\/strong><\/em>. A k\u00e9p felett, alatt \u00e9s balra is b\u0151ven legyen hely. N\u00e9zz\u00e9tek csak meg ott... H\u00e9, sr\u00e1cok! \u00cdgy kell ezt a jobb oldalt felr\u00e1zni. Nem \u00e9rdekel, mit mond a balra igaz\u00edtott k\u00e9p, remek\u00fcl n\u00e9zel ki. Ne hagyd, hogy b\u00e1rki m\u00e1st\u00f3l m\u00e1st hallj.<\/p>\n<p>Egy kis id\u0151 m\u00falva l\u00e1tni fogod, hogy a sz\u00f6veg elkezd a jobbra igaz\u00edtott k\u00e9p al\u00e1 ker\u00fclni, \u00e9s sz\u00e9pen elhelyezkedik. M\u00e9g mindig rengeteg helynek kell lennie, \u00e9s mindennek sz\u00e9pen kell \u00fclnie. Igen... Pontosan \u00edgy. Soha nem volt m\u00e9g ilyen j\u00f3 \u00e9rz\u00e9s, hogy igazad van.<\/p>\n<p>\u00c9s ezzel v\u00e9gezt\u00fcnk is, yo! T\u00fal\u00e9lted az \u00f6sszehangol\u00e1s viharos vizeit. A k\u00e9pi \u00f6sszehangol\u00e1s el\u00e9r\u00e9se feloldva!<\/p>","protected":false},"excerpt":{"rendered":"<p>Welcome to image alignment! The best way to demonstrate the ebb and flow of the various image positioning options is to nestle them snuggly among an ocean of words. Grab a paddle and let&#8217;s get [&hellip;]<\/p>","protected":false},"author":1,"featured_media":0,"parent":12,"menu_order":0,"comment_status":"open","ping_status":"closed","template":"","meta":[],"_links":{"self":[{"href":"https:\/\/en.passengereye.com\/hu\/wp-json\/wp\/v2\/pages\/1133"}],"collection":[{"href":"https:\/\/en.passengereye.com\/hu\/wp-json\/wp\/v2\/pages"}],"about":[{"href":"https:\/\/en.passengereye.com\/hu\/wp-json\/wp\/v2\/types\/page"}],"author":[{"embeddable":true,"href":"https:\/\/en.passengereye.com\/hu\/wp-json\/wp\/v2\/users\/1"}],"replies":[{"embeddable":true,"href":"https:\/\/en.passengereye.com\/hu\/wp-json\/wp\/v2\/comments?post=1133"}],"version-history":[{"count":0,"href":"https:\/\/en.passengereye.com\/hu\/wp-json\/wp\/v2\/pages\/1133\/revisions"}],"up":[{"embeddable":true,"href":"https:\/\/en.passengereye.com\/hu\/wp-json\/wp\/v2\/pages\/12"}],"wp:attachment":[{"href":"https:\/\/en.passengereye.com\/hu\/wp-json\/wp\/v2\/media?parent=1133"}],"curies":[{"name":"wp","href":"https:\/\/api.w.org\/{rel}","templated":true}]}}