{"id":2356,"date":"2014-10-09T23:32:48","date_gmt":"2014-10-09T16:32:48","guid":{"rendered":"http:\/\/demo.leafcolor.com\/applay\/?post_type=product&amp;p=2356"},"modified":"2014-10-09T23:32:48","modified_gmt":"2014-10-09T16:32:48","slug":"photo-mixer","status":"publish","type":"product","link":"https:\/\/en.passengereye.com\/fr\/produit\/photo-mixer\/","title":{"rendered":"M\u00e9langeur de photos"},"content":{"rendered":"<p>Class aptent taciti sociosqu ad litora torquent per conubia nostra, per inceptos hymenaeos. Sed cursus turpis vitae tortor. Donec venenatis vulputate lorem. Vivamus euismod mauris. Les mots ne sont pas des mots, mais des mots qui ne sont pas des mots.<\/p>\n<p>Fusce commodo aliquam arcu. Fusce risus nisl, viverra et, tempor et, pretium in, sapien. Cras sagittis. Ut non enim eleifend felis pretium feugiat. Praesent nonummy mi in odio.<\/p>","protected":false},"excerpt":{"rendered":"<p>Class aptent taciti sociosqu ad litora torquent per conubia nostra, per inceptos hymenaeos. Sed cursus turpis vitae tortor. Donec venenatis vulputate lorem. Vivamus euismod mauris. Le corps de l'homme a \u00e9t\u00e9 mis \u00e0 nu, mais le corps de l'homme n'a pas \u00e9t\u00e9 mis \u00e0 nu. Fusce commodo aliquam [...]<\/p>","protected":false},"featured_media":2215,"comment_status":"open","ping_status":"closed","template":"","meta":[],"_links":{"self":[{"href":"https:\/\/en.passengereye.com\/fr\/wp-json\/wp\/v2\/product\/2356"}],"collection":[{"href":"https:\/\/en.passengereye.com\/fr\/wp-json\/wp\/v2\/product"}],"about":[{"href":"https:\/\/en.passengereye.com\/fr\/wp-json\/wp\/v2\/types\/product"}],"replies":[{"embeddable":true,"href":"https:\/\/en.passengereye.com\/fr\/wp-json\/wp\/v2\/comments?post=2356"}],"wp:featuredmedia":[{"embeddable":true,"href":"https:\/\/en.passengereye.com\/fr\/wp-json\/wp\/v2\/media\/2215"}],"wp:attachment":[{"href":"https:\/\/en.passengereye.com\/fr\/wp-json\/wp\/v2\/media?parent=2356"}],"curies":[{"name":"wp","href":"https:\/\/api.w.org\/{rel}","templated":true}]}}