{"id":2353,"date":"2014-10-09T23:18:47","date_gmt":"2014-10-09T16:18:47","guid":{"rendered":"http:\/\/demo.leafcolor.com\/applay\/?post_type=product&amp;p=2353"},"modified":"2014-10-09T23:18:47","modified_gmt":"2014-10-09T16:18:47","slug":"mini-calendar","status":"publish","type":"product","link":"https:\/\/en.passengereye.com\/fr\/produit\/mini-calendar\/","title":{"rendered":"Mini calendrier"},"content":{"rendered":"<p>Nunc interdum lacus sit amet orci. Nunc sed turpis. Morbi mollis tellus ac sapien. Morbi vestibulum volutpat enim. Phasellus volutpat, metus eget egestas mollis, lacus lacus blandit dui, id egestas quam mauris ut lacus.<\/p>\n<p>Aenean ut eros et nisl sagittis vestibulum. Nunc nonummy metus. Suspendisse enim turpis, dictum sed, iaculis a, condimentum nec, nisi. Etiam iaculis nunc ac metus. Praesent turpis.<\/p>\n<p>Praesent vestibulum dapibus nibh. Duis vel nibh at velit scelerisque suscipit. Le corps de l'enfant est enlev\u00e9, le corps de l'enfant est enlev\u00e9, le corps de l'enfant est enlev\u00e9. Le corps de l'enfant est plus petit que le corps de l'adulte, mais le corps de l'enfant est plus petit que le corps de l'adulte. Curabitur vestibulum aliquam leo.<\/p>","protected":false},"excerpt":{"rendered":"<p>Nunc interdum lacus sit amet orci. Nunc sed turpis. Morbi mollis tellus ac sapien. Morbi vestibulum volutpat enim. Phasellus volutpat, metus eget egestas mollis, lacus lacus blandit dui, id egestas quam mauris ut lacus. Aenean [...]<\/p>","protected":false},"featured_media":2355,"comment_status":"open","ping_status":"closed","template":"","meta":[],"_links":{"self":[{"href":"https:\/\/en.passengereye.com\/fr\/wp-json\/wp\/v2\/product\/2353"}],"collection":[{"href":"https:\/\/en.passengereye.com\/fr\/wp-json\/wp\/v2\/product"}],"about":[{"href":"https:\/\/en.passengereye.com\/fr\/wp-json\/wp\/v2\/types\/product"}],"replies":[{"embeddable":true,"href":"https:\/\/en.passengereye.com\/fr\/wp-json\/wp\/v2\/comments?post=2353"}],"wp:featuredmedia":[{"embeddable":true,"href":"https:\/\/en.passengereye.com\/fr\/wp-json\/wp\/v2\/media\/2355"}],"wp:attachment":[{"href":"https:\/\/en.passengereye.com\/fr\/wp-json\/wp\/v2\/media?parent=2353"}],"curies":[{"name":"wp","href":"https:\/\/api.w.org\/{rel}","templated":true}]}}