{"id":1845,"date":"2014-09-29T23:00:34","date_gmt":"2014-09-29T16:00:34","guid":{"rendered":"http:\/\/demo.leafcolor.com\/applay\/?post_type=product&amp;p=1845"},"modified":"2014-09-29T23:00:34","modified_gmt":"2014-09-29T16:00:34","slug":"data-saver","status":"publish","type":"product","link":"https:\/\/en.passengereye.com\/fr\/produit\/data-saver\/","title":{"rendered":"\u00c9conomiseur de donn\u00e9es"},"content":{"rendered":"<p>Maecenas tempus, tellus eget condimentum rhoncus, sem quam semper libero, sit amet adipiscing sem neque sed ipsum. Nullam dictum felis eu pede mollis pretium. Curabitur blandit mollis lacus. Fusce vel dui. Quisque libero metus, condimentum nec, tempor a, commodo mollis, magna.<\/p>\n<p>Les enfants ont \u00e9t\u00e9 invit\u00e9s \u00e0 se rendre \u00e0 l'\u00e9cole et \u00e0 se rendre \u00e0 l'\u00e9cole pour y suivre des cours. Fusce ac felis sit amet ligula pharetra condimentum. Aenean imperdiet. Curabitur nisi. Donec mi odio, faucibus at, scelerisque quis, convallis in, nisi.<\/p>\n<p>Sed fringilla mauris sit amet nibh. Nullam cursus lacinia erat. Fusce pharetra convallis urna. Pellentesque libero tortor, tincidunt et, tincidunt eget, semper nec, quam. Cras risus ipsum, faucibus ut, ullamcorper id, varius ac, leo.<\/p>","protected":false},"excerpt":{"rendered":"<p>Maecenas tempus, tellus eget condimentum rhoncus, sem quam semper libero, sit amet adipiscing sem neque sed ipsum. Nullam dictum felis eu pede mollis pretium. Curabitur blandit mollis lacus. Fusce vel dui. Quisque libero metus, condimentum [...]<\/p>","protected":false},"featured_media":1848,"comment_status":"open","ping_status":"closed","template":"","meta":[],"_links":{"self":[{"href":"https:\/\/en.passengereye.com\/fr\/wp-json\/wp\/v2\/product\/1845"}],"collection":[{"href":"https:\/\/en.passengereye.com\/fr\/wp-json\/wp\/v2\/product"}],"about":[{"href":"https:\/\/en.passengereye.com\/fr\/wp-json\/wp\/v2\/types\/product"}],"replies":[{"embeddable":true,"href":"https:\/\/en.passengereye.com\/fr\/wp-json\/wp\/v2\/comments?post=1845"}],"wp:featuredmedia":[{"embeddable":true,"href":"https:\/\/en.passengereye.com\/fr\/wp-json\/wp\/v2\/media\/1848"}],"wp:attachment":[{"href":"https:\/\/en.passengereye.com\/fr\/wp-json\/wp\/v2\/media?parent=1845"}],"curies":[{"name":"wp","href":"https:\/\/api.w.org\/{rel}","templated":true}]}}