{"id":3448,"date":"2018-02-11T14:44:41","date_gmt":"2018-02-11T14:44:41","guid":{"rendered":"https:\/\/en.passengereye.com\/?page_id=3448"},"modified":"2018-02-11T16:05:35","modified_gmt":"2018-02-11T16:05:35","slug":"howtouse","status":"publish","type":"page","link":"https:\/\/en.passengereye.com\/fr\/howtouse\/","title":{"rendered":"Comment l'utiliser"},"content":{"rendered":"<h2><strong>Description \/ Mode d'emploi<\/strong><\/h2>\n<p>PassengerEye est une application mobile GRATUITE qui permet \u00e0 l'utilisateur de faire des rapports photographiques sur des lieux. Les rapports photographiques sont t\u00e9l\u00e9charg\u00e9s sur le portail https:\/\/en.passengereye.com, o\u00f9 vous pouvez les consulter.<\/p>\n<p>L'application mobile PassengerEye est destin\u00e9e aux vendeurs itin\u00e9rants, aux vendeurs sur le terrain, au personnel de vente, aux promoteurs d'\u00e9v\u00e9nements divers ou \u00e0 d'autres personnes similaires. L'application mobile PassengerEye peut \u00e9galement \u00eatre utilis\u00e9e \u00e0 titre priv\u00e9.<\/p>\n<p>L'utilisateur de l'application mobile PassengerEye (ci-apr\u00e8s d\u00e9nomm\u00e9 \"vendeur\") peut t\u00e9l\u00e9charger des rapports photographiques vers un ou plusieurs comptes enregistr\u00e9s (ci-apr\u00e8s d\u00e9nomm\u00e9s \"compte\").<\/p>\n<p>Les vendeurs \/ employ\u00e9s \/ managers \/ superviseurs peuvent utiliser l'application mobile PassengerEye :<br \/>\n- pour enregistrer le d\u00e9but et la fin du reportage photo (temps utilis\u00e9 et longueur du trajet)<br \/>\n- choisir l'emplacement, le magasin, le b\u00e2timent, etc. dans une liste d'emplacements<br \/>\n- pour ajouter leur propre lieu \u00e0 la liste,<br \/>\n- photographier ou cr\u00e9er une galerie de photos du lieu<br \/>\n- pour ajouter une description du reportage photo,<br \/>\n- pour t\u00e9l\u00e9charger un reportage photo sur le portail PassengerEye.com vers le compte.<\/p>\n<p>Une personne morale ou physique peut ouvrir un compte enregistr\u00e9 sur le portail https:\/\/en.passengereye.com. Chaque vendeur peut avoir plusieurs comptes enregistr\u00e9s ou peut seulement produire des rapports photographiques pour d'autres comptes enregistr\u00e9s \u00e0 l'aide de l'application mobile PassengerEye. Pour l'utilisation de l'application mobile, il n'est pas n\u00e9cessaire d'avoir un compte d'utilisateur enregistr\u00e9 sur le portail, il suffit que le vendeur passe un contrat avec l'un des comptes s\u00e9lectionn\u00e9s (il peut \u00e9galement s'agir d'un compte d'essai).<\/p>\n<p>Un reportage photo (une ou plusieurs images avec une description de l'endroit s\u00e9lectionn\u00e9) est stock\u00e9 sur le portail https:\/\/en.passengereye.com, en fonction de la position GPS avec l'heure \u00e9crite et un chemin cartographi\u00e9 entre les reportages photo.<\/p>\n<h2><strong>Utilisation de l'application<\/strong><\/h2>\n<ol>\n<li>Lorsque le vendeur se connecte \u00e0 l'application mobile PassengerEye, il choisit d'abord un compte avec lequel il a conclu un contrat, ce qui n\u00e9cessite une connexion internet.<\/li>\n<li>Lors de la connexion, l'application mobile PassengerEye se connecte au compte contractuel du portail https:\/\/en.passengereye.com et lui communique l'heure et la position.<\/li>\n<li>Le vendeur r\u00e9alise et t\u00e9l\u00e9charge des rapports photographiques \u00e0 l'aide de l'application mobile PassengerEye.<\/li>\n<li>\u00c0 la fin du reportage photo et du voyage, le vendeur se d\u00e9connecte de l'application mobile et informe ainsi le compte contractuel du temps pass\u00e9 et de l'indemnit\u00e9 kilom\u00e9trique.<\/li>\n<\/ol>\n<p>Chaque compte sur le portail https:\/\/en.passengereye.com peut avoir un ou plusieurs vendeurs qui lui ont envoy\u00e9 des rapports photographiques. Dans le registre sont affich\u00e9s les rapports photographiques des comptes, les heures pass\u00e9es et la longueur de l'ensemble du trajet en fonction des jours pour chaque vendeur. Sur le portail https:\/\/en.passengereye.com :<\/p>\n<p>- une personne en d\u00e9placement peut \u00eatre suivie dans le compte sur une carte,<br \/>\n- les photos des lieux peuvent \u00eatre v\u00e9rifi\u00e9es<br \/>\n- longueur du trajet en km et<br \/>\n- le temps pass\u00e9 par chaque vendeur au cours d'une journ\u00e9e donn\u00e9e.<\/p>\n<p>Chaque vendeur peut confirmer un contrat avec un ou plusieurs comptes ou entreprises. Chaque compte ou entreprise peut avoir plusieurs vendeurs. Par cons\u00e9quent, chaque utilisateur de l'application mobile peut t\u00e9l\u00e9charger des rapports photographiques vers un seul compte s\u00e9lectionn\u00e9 ou vers plusieurs comptes. Cela d\u00e9pend du nombre de comptes avec lesquels il a un contrat.<\/p>\n<p>Un vendeur qui n'a pas de contrat actif peut utiliser un compte test ou enregistrer son entreprise sur https:\/\/PassengerEye.com et connecter l'application sur son t\u00e9l\u00e9phone \u00e0 son propre compte, et y t\u00e9l\u00e9charger des rapports photographiques.<\/p>\n<p>Si un utilisateur ne souhaite pas ouvrir un compte sur https:\/\/en.passengereye.com, il peut envoyer le code PIN ou la cl\u00e9 API de ses applications mobiles \u00e0 l'adresse \u00e9lectronique app@marcelino.si et il recevra un contrat avec un compte de test. Le compte test ou l'entreprise test fonctionne sans restrictions.<\/p>\n<p>Pour fonctionner, ils sont n\u00e9cessaires :<br \/>\n- Internet (pour la connexion et la d\u00e9connexion)<br \/>\n- localisation activ\u00e9e sur le t\u00e9l\u00e9phone portable (fonction GPS)<br \/>\n- une connexion avec un compte enregistr\u00e9 ou un compte test sur PassengerEye.com.<\/p>\n<p>L'application n'est pas r\u00e9serv\u00e9e aux entreprises, elle peut \u00e9galement \u00eatre utilis\u00e9e par les particuliers.<\/p>\n<p>Nouveaut\u00e9s de la version 1.0<br \/>\n- description resp. commentaires sous la photo r\u00e9alis\u00e9e<br \/>\n- connexion \u00e0 une ou plusieurs entreprises (c'est-\u00e0-dire \u00e0 des utilisateurs enregistr\u00e9s sur le portail)<br \/>\n- une entreprise ou un compte enregistr\u00e9 peut avoir plusieurs vendeurs<br \/>\n- mesure du temps de travail<br \/>\n- la mesure de la longueur du trajet<br \/>\n- divers rapports sur le portail (nombre de reportages photos par vendeur et par jour, etc.)<br \/>\n- ajout d'une liste de lieux (importation via le portail)<br \/>\n- ajouter des sites \u00e0 une liste uniforme dans l'application mobile PassengerEye.com<\/p>","protected":false},"excerpt":{"rendered":"<p>Description \/ Mode d'emploi PassengerEye est une application mobile GRATUITE qui permet \u00e0 l'utilisateur de faire des rapports photographiques sur des lieux. Les rapports photographiques sont t\u00e9l\u00e9charg\u00e9s sur le portail https:\/\/en.passengereye.com, o\u00f9 vous pouvez les consulter. L'application PassengerEye [...]<\/p>","protected":false},"author":2,"featured_media":0,"parent":0,"menu_order":0,"comment_status":"closed","ping_status":"closed","template":"","meta":[],"_links":{"self":[{"href":"https:\/\/en.passengereye.com\/fr\/wp-json\/wp\/v2\/pages\/3448"}],"collection":[{"href":"https:\/\/en.passengereye.com\/fr\/wp-json\/wp\/v2\/pages"}],"about":[{"href":"https:\/\/en.passengereye.com\/fr\/wp-json\/wp\/v2\/types\/page"}],"author":[{"embeddable":true,"href":"https:\/\/en.passengereye.com\/fr\/wp-json\/wp\/v2\/users\/2"}],"replies":[{"embeddable":true,"href":"https:\/\/en.passengereye.com\/fr\/wp-json\/wp\/v2\/comments?post=3448"}],"version-history":[{"count":9,"href":"https:\/\/en.passengereye.com\/fr\/wp-json\/wp\/v2\/pages\/3448\/revisions"}],"predecessor-version":[{"id":3463,"href":"https:\/\/en.passengereye.com\/fr\/wp-json\/wp\/v2\/pages\/3448\/revisions\/3463"}],"wp:attachment":[{"href":"https:\/\/en.passengereye.com\/fr\/wp-json\/wp\/v2\/media?parent=3448"}],"curies":[{"name":"wp","href":"https:\/\/api.w.org\/{rel}","templated":true}]}}