{"id":2362,"date":"2014-10-10T17:04:12","date_gmt":"2014-10-10T10:04:12","guid":{"rendered":"http:\/\/demo.leafcolor.com\/applay\/?page_id=2362"},"modified":"2014-10-10T17:04:12","modified_gmt":"2014-10-10T10:04:12","slug":"tabs-tour","status":"publish","type":"page","link":"https:\/\/en.passengereye.com\/fr\/tabs-tour\/","title":{"rendered":"Tabs + Tour"},"content":{"rendered":"<div class=\"ia_row\">\r\n        \t<div class=\"vc_row wpb_row vc_row-fluid\"><div class=\"wpb_column vc_column_container vc_col-sm-12\"><div class=\"vc_column-inner\"><div class=\"wpb_wrapper\">    <div class=\"ia-heading ia-heading-heading_7017 heading-align-left\" data-delay=\"0\">\r\n    \t<h2 >\r\n                \tOnglets                <\/h2>\r\n        <div class=\"clearfix\"><\/div>\r\n    <\/div>\r\n    \n\t<div class=\"wpb_tabs wpb_content_element\" data-interval=\"0\">\n\t\t<div class=\"wpb_wrapper wpb_tour_tabs_wrapper ui-tabs vc_clearfix\">\n\t\t\t<ul class=\"wpb_tabs_nav ui-tabs-nav vc_clearfix\"><li><a href=\"#tab-1412936359-1-54\">Lorem ipsum dolor sit <\/a><\/li><li><a href=\"#tab-1412936413864-2-8\">Nam sed justo vel lectus<\/a><\/li><li><a href=\"#tab-1412936359-2-53\">Sapien vestibulum nibh<\/a><\/li><\/ul>\n\t<div id=\"tab-1412936359-1-54\" class=\"wpb_tab ui-tabs-panel wpb_ui-tabs-hide vc_clearfix\">\n\t\t\n\t<div class=\"wpb_text_column wpb_content_element\" >\n\t\t<div class=\"wpb_wrapper\">\n\t\t\t<p>Cras fringilla, metus vel interdum accumsan, ura turpis molestie lorem, nec ultrices arcu nunc eget metus. Vivamus ut nulla ut neque auctor sollicitudin ut nec leo<\/p>\n\n\t\t<\/div>\n\t<\/div>\n\n\t<\/div>\n\n\t<div id=\"tab-1412936413864-2-8\" class=\"wpb_tab ui-tabs-panel wpb_ui-tabs-hide vc_clearfix\">\n\t\t\n\t<div class=\"wpb_text_column wpb_content_element\" >\n\t\t<div class=\"wpb_wrapper\">\n\t\t\t<p>Cras fringilla, metus vel interdum accumsan, ura turpis molestie lorem, nec ultrices arcu nunc eget metus. Vivamus ut nulla ut neque auctor sollicitudin ut nec leo<\/p>\n\n\t\t<\/div>\n\t<\/div>\n\n\t<\/div>\n\n\t<div id=\"tab-1412936359-2-53\" class=\"wpb_tab ui-tabs-panel wpb_ui-tabs-hide vc_clearfix\">\n\t\t\n\t<div class=\"wpb_text_column wpb_content_element\" >\n\t\t<div class=\"wpb_wrapper\">\n\t\t\t<p>Aliquam egestas lectus et velit pretium viverra. Les deux parties se sont mises d'accord sur le fait qu'il n'y avait pas d'obstacle \u00e0 l'acc\u00e8s \u00e0 l'eau, et que les deux parties n'\u00e9taient pas d'accord. Etiam in scelerisque augue.<\/p>\n\n\t\t<\/div>\n\t<\/div>\n\n\t<\/div>\n\n\t\t<\/div>\n\t<\/div>\n<\/div><\/div><\/div><\/div>    \t\t\t<\/div><!--\/ia_row-->\r\n\t\t\t<div class=\"ia_row\">\r\n        \t<div class=\"vc_row wpb_row vc_row-fluid\"><div class=\"wpb_column vc_column_container vc_col-sm-12\"><div class=\"vc_column-inner\"><div class=\"wpb_wrapper\">    <div class=\"ia-heading ia-heading-heading_9404 heading-align-left\" data-delay=\"0\">\r\n    \t<h2 >\r\n                \tTour                <\/h2>\r\n        <div class=\"clearfix\"><\/div>\r\n    <\/div>\r\n    \n\t<div class=\"wpb_tour wpb_content_element\" data-interval=\"0\">\n\t\t<div class=\"wpb_wrapper wpb_tour_tabs_wrapper ui-tabs vc_clearfix\">\n\t\t\t<ul class=\"wpb_tabs_nav ui-tabs-nav vc_clearfix\"><li><a href=\"#tab-1412936302-1-86\">Aliquam egestas<\/a><\/li><li><a href=\"#tab-1412936302-2-0\">Fusce vel est vel risus<\/a><\/li><li><a href=\"#tab-1412936529920-2-10\"> Orci nisl tristique nunc<\/a><\/li><\/ul>\n\t<div id=\"tab-1412936302-1-86\" class=\"wpb_tab ui-tabs-panel wpb_ui-tabs-hide vc_clearfix\">\n\t\t\n\t<div class=\"wpb_text_column wpb_content_element\" >\n\t\t<div class=\"wpb_wrapper\">\n\t\t\t<p>Pellentesque ultrices, nunc at ultricies blandit, magna mauris luctus dui, in mollis ante tortor et nisi. Les mots de la bouche sont des mots de la bouche, et les mots de la bouche sont des mots de la bouche, et les mots de la bouche sont des mots de la bouche. Les r\u00e9sultats de l'enqu\u00eate ont \u00e9t\u00e9 publi\u00e9s dans la presse et dans les journaux, et les r\u00e9sultats de l'enqu\u00eate ont \u00e9t\u00e9 publi\u00e9s dans les journaux. Les r\u00e9sultats de l'enqu\u00eate ont \u00e9t\u00e9 publi\u00e9s dans le journal de l'Observatoire de l'environnement et du d\u00e9veloppement durable (OEDD) de la Commission europ\u00e9enne. Les jeunes filles sont plus nombreuses que les jeunes hommes \u00e0 avoir \u00e9t\u00e9 tu\u00e9es par la police.<\/p>\n\n\t\t<\/div>\n\t<\/div>\n\n\t<\/div>\n\n\t<div id=\"tab-1412936302-2-0\" class=\"wpb_tab ui-tabs-panel wpb_ui-tabs-hide vc_clearfix\">\n\t\t\n\t<div class=\"wpb_text_column wpb_content_element\" >\n\t\t<div class=\"wpb_wrapper\">\n\t\t\t<p>Donec tincidunt iaculis orci, dapibus tincidunt dolor gravida eu. Nunc libero massa, vestibulum non luctus consequat, ultricies at quam. Maecenas posuere sagittis egestas. Pellentesque ultrices, nunc at ultricies blandit, magna mauris luctus dui, in mollis ante tortor et nisi. Le corps de l'animal est en pleine forme, le corps de l'homme est en pleine forme. Pellentesque ultrices<\/p>\n\n\t\t<\/div>\n\t<\/div>\n\n\t<\/div>\n\n\t<div id=\"tab-1412936529920-2-10\" class=\"wpb_tab ui-tabs-panel wpb_ui-tabs-hide vc_clearfix\">\n\t\t\n\t<div class=\"wpb_text_column wpb_content_element\" >\n\t\t<div class=\"wpb_wrapper\">\n\t\t\t<p>Donec tincidunt iaculis orci, dapibus tincidunt dolor gravida eu. Nunc libero massa, vestibulum non luctus consequat, ultricies at quam. Maecenas posuere sagittis egestas. hasellus blandit felis vel sem blandit maximus. Pellentesque ultrices, nunc at ultricies blandit, magna mauris luctus dui, in mollis ante tortor et nisi. Les r\u00e9sultats de l'enqu\u00eate ont \u00e9t\u00e9 publi\u00e9s dans le journal de l'Observatoire de l'environnement et du d\u00e9veloppement durable (OEDD) de la Commission europ\u00e9enne. Les jeunes filles sont plus nombreuses que les jeunes hommes \u00e0 avoir \u00e9t\u00e9 tu\u00e9es par la police.<\/p>\n\n\t\t<\/div>\n\t<\/div>\n\n\t<\/div>\n<div class=\"wpb_tour_next_prev_nav vc_clearfix\"> <span class=\"wpb_prev_slide\"><a href=\"#prev\" title=\"Onglet pr\u00e9c\u00e9dent \">Onglet pr\u00e9c\u00e9dent <\/a><\/span> <span class=\"wpb_next_slide\"><a href=\"#next\" title=\"Onglet suivant\">Onglet suivant<\/a><\/span><\/div>\n\t\t<\/div>\n\t<\/div>\n<\/div><\/div><\/div><\/div>    \t\t\t<\/div><!--\/ia_row-->\r\n\t <\/p>","protected":false},"excerpt":{"rendered":"Tabs Lorem ipsum dolor sit Nam sed justo vel lectusSapien vestibulum nibh Cras fringilla, metus vel interdum accumsan, urna turpis molestie lorem, nec ultrices arcu nunc eget metus. Vivamus ut nulla ut neque auctor sollicitudin [...]","protected":false},"author":1,"featured_media":0,"parent":0,"menu_order":0,"comment_status":"open","ping_status":"closed","template":"","meta":[],"_links":{"self":[{"href":"https:\/\/en.passengereye.com\/fr\/wp-json\/wp\/v2\/pages\/2362"}],"collection":[{"href":"https:\/\/en.passengereye.com\/fr\/wp-json\/wp\/v2\/pages"}],"about":[{"href":"https:\/\/en.passengereye.com\/fr\/wp-json\/wp\/v2\/types\/page"}],"author":[{"embeddable":true,"href":"https:\/\/en.passengereye.com\/fr\/wp-json\/wp\/v2\/users\/1"}],"replies":[{"embeddable":true,"href":"https:\/\/en.passengereye.com\/fr\/wp-json\/wp\/v2\/comments?post=2362"}],"version-history":[{"count":0,"href":"https:\/\/en.passengereye.com\/fr\/wp-json\/wp\/v2\/pages\/2362\/revisions"}],"wp:attachment":[{"href":"https:\/\/en.passengereye.com\/fr\/wp-json\/wp\/v2\/media?parent=2362"}],"curies":[{"name":"wp","href":"https:\/\/api.w.org\/{rel}","templated":true}]}}