{"id":174,"date":"2007-12-11T16:25:40","date_gmt":"2007-12-11T23:25:40","guid":{"rendered":"http:\/\/wpthemetestdata.wordpress.com\/level-1\/"},"modified":"2007-12-11T16:25:40","modified_gmt":"2007-12-11T23:25:40","slug":"level-1","status":"publish","type":"page","link":"https:\/\/en.passengereye.com\/fr\/level-1\/","title":{"rendered":"Niveau 1"},"content":{"rendered":"<p>Niveau 1 du test de hi\u00e9rarchie invers\u00e9e.  Il s'agit de s'assurer que l'importateur attribue correctement les parents et les enfants, m\u00eame si les enfants viennent en premier dans le fichier d'exportation.<\/p>","protected":false},"excerpt":{"rendered":"<p>Level 1 of the reverse hierarchy test. This is to make sure the importer correctly assigns parents and children even when the children come first in the export file.<\/p>","protected":false},"author":1,"featured_media":0,"parent":0,"menu_order":5,"comment_status":"closed","ping_status":"closed","template":"","meta":[],"_links":{"self":[{"href":"https:\/\/en.passengereye.com\/fr\/wp-json\/wp\/v2\/pages\/174"}],"collection":[{"href":"https:\/\/en.passengereye.com\/fr\/wp-json\/wp\/v2\/pages"}],"about":[{"href":"https:\/\/en.passengereye.com\/fr\/wp-json\/wp\/v2\/types\/page"}],"author":[{"embeddable":true,"href":"https:\/\/en.passengereye.com\/fr\/wp-json\/wp\/v2\/users\/1"}],"replies":[{"embeddable":true,"href":"https:\/\/en.passengereye.com\/fr\/wp-json\/wp\/v2\/comments?post=174"}],"version-history":[{"count":0,"href":"https:\/\/en.passengereye.com\/fr\/wp-json\/wp\/v2\/pages\/174\/revisions"}],"wp:attachment":[{"href":"https:\/\/en.passengereye.com\/fr\/wp-json\/wp\/v2\/media?parent=174"}],"curies":[{"name":"wp","href":"https:\/\/api.w.org\/{rel}","templated":true}]}}