{"id":12,"date":"2010-07-25T19:40:01","date_gmt":"2010-07-26T02:40:01","guid":{"rendered":"http:\/\/wpthemetestdata.wordpress.com\/about\/"},"modified":"2010-07-25T19:40:01","modified_gmt":"2010-07-26T02:40:01","slug":"features","status":"publish","type":"page","link":"https:\/\/en.passengereye.com\/fr\/features\/","title":{"rendered":"Caract\u00e9ristiques"},"content":{"rendered":"<p><img loading=\"lazy\" class=\"aligncenter wp-image-2031 size-full\" src=\"http:\/\/demo.leafcolor.com\/applay\/wp-content\/uploads\/2014\/10\/sc.png\" alt=\"sc\" width=\"900\" height=\"600\" \/><\/p>\n<p>&nbsp;<\/p>\n<div class=\"ia-heading ia-heading-heading_229 heading-align-left\" data-delay=\"\">\r\n    \t<h2 >\r\n                \tA PROPOS D'APPLAY                <\/h2>\r\n        <div class=\"clearfix\"><\/div>\r\n    <\/div>\r\n    Applay est un th\u00e8me WordPress polyvalent pour la pr\u00e9sentation d'applications, App Store, App Landing, Business et Shopping. Si vous aimez ce th\u00e8me, veuillez noter 5 \u00e9toiles ou laisser des commentaires afin que nous puissions am\u00e9liorer nos produits.<\/p>\n<p>&nbsp;<\/p>\n    <div class=\"ia-heading ia-heading-heading_8825 heading-align-left\" data-delay=\"\">\r\n    \t<h2 >\r\n                \tCaract\u00e9ristiques                <\/h2>\r\n        <div class=\"clearfix\"><\/div>\r\n    <\/div>\r\n    \n<ul>\n<li>Conception ultra-r\u00e9active<\/li>\n<li>Pr\u00eat pour Retina<\/li>\n<li>4 variantes de pages d'accueil et des possibilit\u00e9s illimit\u00e9es<\/li>\n<li>3 variantes de l'Appstore et des possibilit\u00e9s illimit\u00e9es<\/li>\n<li>3 Style d'en-t\u00eate x 2 Sch\u00e9ma d'en-t\u00eate (fonc\u00e9\/clair)<\/li>\n<li>Mobile Showcase Builder Plugin - cr\u00e9er des maquettes de mobiles sans Photoshop<\/li>\n<li>Vendre ou promouvoir des applications mobiles avec WooCommerce<\/li>\n<li>WooCommerce int\u00e9gr\u00e9 - Vendez vos produits en ligne facilement<\/li>\n<li>Effet de parallaxe et d'animation CSS<\/li>\n<li>*Constructeur de pages - Visual Composer inclus (vous \u00e9conomisez $25)<\/li>\n<li>*Quick Ajax - Modern Ajax Query inclus (vous \u00e9conomisez $17)<br \/>\nShortcodes flexibles, puissants et esth\u00e9tiques<\/li>\n<li>Couleurs et mise en page illimit\u00e9es<\/li>\n<li>Menu multi-colonnes Dropdown<\/li>\n<li>Widgets int\u00e9gr\u00e9s et param\u00e8tres de mise en page des widgets personnalis\u00e9s<\/li>\n<li>Comptes sociaux et partage social<\/li>\n<li>Enti\u00e8rement personnalisable avec les options du th\u00e8me<\/li>\n<li>Exemples de donn\u00e9es<\/li>\n<li>Supporte WP Pagenavi, Contact Form 7, Flickr Badges Widget...<\/li>\n<li>Prise en charge de toutes les polices Google<\/li>\n<li>Font Awesome int\u00e9gr\u00e9<\/li>\n<li>WPML Ready - Pour les sites web multilingues<\/li>\n<li>Auto Update - Pour maintenir votre th\u00e8me \u00e0 jour avec la derni\u00e8re version.<\/li>\n<li>Effet de pr\u00e9chargement personnalisable<\/li>\n<\/ul>\n<p>(Mise \u00e0 jour)<\/p>","protected":false},"excerpt":{"rendered":"<p>&nbsp; Applay is a multipurpose WordPress theme for App showcase, App Store, App Landing, Business and Shopping. If you like this theme, please rate 5 stars or leave comments so we can make better products. [&hellip;]<\/p>","protected":false},"author":1,"featured_media":0,"parent":0,"menu_order":1,"comment_status":"closed","ping_status":"closed","template":"","meta":[],"_links":{"self":[{"href":"https:\/\/en.passengereye.com\/fr\/wp-json\/wp\/v2\/pages\/12"}],"collection":[{"href":"https:\/\/en.passengereye.com\/fr\/wp-json\/wp\/v2\/pages"}],"about":[{"href":"https:\/\/en.passengereye.com\/fr\/wp-json\/wp\/v2\/types\/page"}],"author":[{"embeddable":true,"href":"https:\/\/en.passengereye.com\/fr\/wp-json\/wp\/v2\/users\/1"}],"replies":[{"embeddable":true,"href":"https:\/\/en.passengereye.com\/fr\/wp-json\/wp\/v2\/comments?post=12"}],"version-history":[{"count":0,"href":"https:\/\/en.passengereye.com\/fr\/wp-json\/wp\/v2\/pages\/12\/revisions"}],"wp:attachment":[{"href":"https:\/\/en.passengereye.com\/fr\/wp-json\/wp\/v2\/media?parent=12"}],"curies":[{"name":"wp","href":"https:\/\/api.w.org\/{rel}","templated":true}]}}