{"id":3450,"date":"2018-02-11T14:46:27","date_gmt":"2018-02-11T14:46:27","guid":{"rendered":"https:\/\/en.passengereye.com\/?page_id=3450"},"modified":"2018-02-11T14:46:27","modified_gmt":"2018-02-11T14:46:27","slug":"list","status":"publish","type":"page","link":"https:\/\/en.passengereye.com\/fi\/list\/","title":{"rendered":"Luettelo"},"content":{"rendered":"<p>Jos haluat saada tietoa henkil\u00f6tiedoistasi, niiden k\u00e4ytt\u00f6tarkoituksista ja osapuolista, joille tietoja jaetaan, ota yhteytt\u00e4 omistajaan.<\/p>\n<h3><strong>Rekisterinpit\u00e4j\u00e4 ja omistaja<\/strong><\/h3>\n<p>MARCELINO d.o.o. Kranj\u010deva ulica 4; 3000 Celje; EU-Slovenija<\/p>\n<p>WEB:\u00a0<a href=\"http:\/\/marcelino.si\/\">http:\/\/marcelino.si<\/a>\u00a0ja\u00a0<a href=\"http:\/\/passengereye.com\/\">http:\/\/passengereye.com<\/a><\/p>\n<p>Puh:+386 (0) 59 182 800, +386 (0) 59 251 431.<\/p>\n<p>GSM:+386 (0) 31 324 100; +386 (0) 70 602 000.<\/p>\n<p>E-mail:info@marcelino.si<\/p>\n<p>ALV-numero: SI76044157<\/p>\n<p>Rekisterinumero: 2276038000<\/p>\n<p>Yritys on rekister\u00f6ity Celjen k\u00e4r\u00e4j\u00e4oikeuden kaupparekisteriin.<\/p>\n<h4><strong>Ker\u00e4ttyjen tietojen tyypit<\/strong><\/h4>\n<p>Omistaja ei anna luetteloa ker\u00e4tyist\u00e4 henkil\u00f6tietotyypeist\u00e4.<\/p>\n<p>Muut ker\u00e4tyt henkil\u00f6tiedot voidaan kuvata t\u00e4m\u00e4n tietosuojak\u00e4yt\u00e4nn\u00f6n muissa osissa tai erillisell\u00e4 selitystekstill\u00e4, joka liittyy tietojen ker\u00e4\u00e4miseen.<br \/>\nK\u00e4ytt\u00e4j\u00e4 voi antaa henkil\u00f6tiedot vapaaehtoisesti tai ne voidaan ker\u00e4t\u00e4 automaattisesti sovellusta k\u00e4ytett\u00e4ess\u00e4.<br \/>\nEv\u00e4steiden - tai muiden seurantaty\u00f6kalujen - k\u00e4ytt\u00f6 t\u00e4ss\u00e4 sovelluksessa tai t\u00e4m\u00e4n sovelluksen k\u00e4ytt\u00e4mien kolmannen osapuolen palveluiden omistajien toimesta, ellei toisin mainita, palvelee k\u00e4ytt\u00e4jien tunnistamista ja heid\u00e4n mieltymystens\u00e4 muistamista yksinomaan k\u00e4ytt\u00e4j\u00e4n tarvitseman palvelun tarjoamista varten.<br \/>\nTiettyjen henkil\u00f6tietojen antamatta j\u00e4tt\u00e4minen voi tehd\u00e4 t\u00e4m\u00e4n sovelluksen palvelujen tarjoamisen mahdottomaksi.<\/p>\n<p>K\u00e4ytt\u00e4j\u00e4t ovat vastuussa kaikista kolmansien osapuolten henkil\u00f6tiedoista, jotka he ovat saaneet, julkaisseet tai jakaneet t\u00e4m\u00e4n Sovelluksen kautta, ja vahvistavat, ett\u00e4 heill\u00e4 on kolmannen osapuolen suostumus tietojen toimittamiseen Omistajalle.<\/p>\n<h3><strong>Tietojen k\u00e4sittelytapa ja -paikka<\/strong><\/h3>\n<h4><strong>Jalostusmenetelm\u00e4t<\/strong><\/h4>\n<p>Rekisterinpit\u00e4j\u00e4 k\u00e4sittelee k\u00e4ytt\u00e4jien tietoja asianmukaisesti ja toteuttaa asianmukaiset turvatoimet est\u00e4\u00e4kseen tietojen luvattoman k\u00e4yt\u00f6n, paljastamisen, muuttamisen tai luvattoman tuhoamisen.<br \/>\nTietojen k\u00e4sittely tapahtuu tietokoneiden ja\/tai tietotekniikkav\u00e4lineiden avulla noudattaen organisaatiomenettelyj\u00e4 ja -tapoja, jotka liittyv\u00e4t tiukasti ilmoitettuihin tarkoituksiin. Rekisterinpit\u00e4j\u00e4n lis\u00e4ksi tiedot voivat joissakin tapauksissa olla saatavilla tietyntyyppisille vastuuhenkil\u00f6ille, jotka osallistuvat sivuston toimintaan (hallinto, myynti, markkinointi, lakiasiat, j\u00e4rjestelm\u00e4hallinto) tai ulkopuolisille osapuolille (kuten kolmannen osapuolen tekniset palveluntarjoajat, postinkuljettajat, is\u00e4nn\u00f6intipalvelujen tarjoajat, tietotekniikkayritykset, viestint\u00e4toimistot), jotka omistaja on tarvittaessa nimitt\u00e4nyt tietojen k\u00e4sittelij\u00f6iksi. N\u00e4iden osapuolten ajantasaista luetteloa voi pyyt\u00e4\u00e4 rekisterinpit\u00e4j\u00e4lt\u00e4 milloin tahansa.<\/p>\n<h4><strong>Paikka<\/strong><\/h4>\n<p>Tietoja k\u00e4sitell\u00e4\u00e4n rekisterinpit\u00e4j\u00e4n toimipaikoissa ja muissa paikoissa, joissa k\u00e4sittelyyn osallistuvat osapuolet sijaitsevat. Lis\u00e4tietoja saa rekisterinpit\u00e4j\u00e4lt\u00e4.<\/p>\n<h4><strong>S\u00e4ilytysaika<\/strong><\/h4>\n<p>Tietoja s\u00e4ilytet\u00e4\u00e4n niin kauan kuin on tarpeen k\u00e4ytt\u00e4j\u00e4n pyyt\u00e4m\u00e4n palvelun tarjoamiseksi tai t\u00e4ss\u00e4 asiakirjassa esitettyjen tarkoitusten mukaisesti, ja k\u00e4ytt\u00e4j\u00e4 voi aina pyyt\u00e4\u00e4 rekisterinpit\u00e4j\u00e4\u00e4 keskeytt\u00e4m\u00e4\u00e4n tietojen k\u00e4sittelyn tai poistamaan ne.<\/p>\n<h3><strong>Lis\u00e4tietoja tietojen ker\u00e4\u00e4misest\u00e4 ja k\u00e4sittelyst\u00e4<\/strong><\/h3>\n<h4><strong>Oikeudelliset toimet<\/strong><\/h4>\n<p>Rekisterinpit\u00e4j\u00e4 voi k\u00e4ytt\u00e4\u00e4 K\u00e4ytt\u00e4j\u00e4n henkil\u00f6tietoja oikeudellisiin tarkoituksiin, tuomioistuimessa tai vaiheissa, jotka johtavat mahdollisiin oikeudellisiin toimiin, jotka johtuvat t\u00e4m\u00e4n Sovelluksen tai siihen liittyvien palvelujen ep\u00e4asianmukaisesta k\u00e4yt\u00f6st\u00e4.<br \/>\nK\u00e4ytt\u00e4j\u00e4 ilmoittaa olevansa tietoinen siit\u00e4, ett\u00e4 rekisterinpit\u00e4j\u00e4\u00e4 voidaan vaatia paljastamaan henkil\u00f6tietoja viranomaisten pyynn\u00f6st\u00e4.<\/p>\n<h4><strong>Lis\u00e4tietoja k\u00e4ytt\u00e4j\u00e4n henkil\u00f6tiedoista<\/strong><\/h4>\n<p>T\u00e4m\u00e4n tietosuojak\u00e4yt\u00e4nn\u00f6n sis\u00e4lt\u00e4mien tietojen lis\u00e4ksi t\u00e4m\u00e4 sovellus voi pyynn\u00f6st\u00e4 antaa k\u00e4ytt\u00e4j\u00e4lle lis\u00e4- ja asiayhteystietoja tietyist\u00e4 palveluista tai henkil\u00f6tietojen ker\u00e4\u00e4misest\u00e4 ja k\u00e4sittelyst\u00e4.<\/p>\n<h4><strong>J\u00e4rjestelm\u00e4lokit ja yll\u00e4pito<\/strong><\/h4>\n<p>Toiminta- ja yll\u00e4pitotarkoituksiin t\u00e4m\u00e4 sovellus ja kolmannen osapuolen palvelut voivat ker\u00e4t\u00e4 tiedostoja, jotka tallentavat vuorovaikutuksen t\u00e4m\u00e4n sovelluksen kanssa (j\u00e4rjestelm\u00e4lokit), tai k\u00e4ytt\u00e4\u00e4 t\u00e4h\u00e4n tarkoitukseen muita henkil\u00f6tietoja (kuten IP-osoite).<\/p>\n<h4><strong>Tiedot, jotka eiv\u00e4t sis\u00e4lly t\u00e4h\u00e4n politiikkaan<\/strong><\/h4>\n<p>Lis\u00e4tietoja henkil\u00f6tietojen ker\u00e4\u00e4misest\u00e4 tai k\u00e4sittelyst\u00e4 voi milloin tahansa pyyt\u00e4\u00e4 rekisterinpit\u00e4j\u00e4lt\u00e4. Katso yhteystiedot t\u00e4m\u00e4n asiakirjan alussa.<\/p>\n<h4><strong>K\u00e4ytt\u00e4jien oikeudet<\/strong><\/h4>\n<p>K\u00e4ytt\u00e4jill\u00e4 on oikeus milloin tahansa saada tiet\u00e4\u00e4, onko heid\u00e4n henkil\u00f6tietojaan tallennettu, ja he voivat k\u00e4\u00e4nty\u00e4 rekisterinpit\u00e4j\u00e4n puoleen saadakseen tietoa niiden sis\u00e4ll\u00f6st\u00e4 ja alkuper\u00e4st\u00e4, tarkistaakseen niiden paikkansapit\u00e4vyyden tai pyyt\u00e4ess\u00e4\u00e4n niiden t\u00e4ydent\u00e4mist\u00e4, peruuttamista, p\u00e4ivitt\u00e4mist\u00e4 tai oikaisemista tai niiden muuttamista anonyymiin muotoon tai est\u00e4\u00e4kseen lain vastaisesti s\u00e4ilytetyt tiedot sek\u00e4 vastustaakseen niiden k\u00e4sittely\u00e4 mist\u00e4 tahansa oikeutetusta syyst\u00e4. Pyynn\u00f6t on l\u00e4hetett\u00e4v\u00e4 rekisterinpit\u00e4j\u00e4lle edell\u00e4 mainittuihin yhteystietoihin.<\/p>\n<p>T\u00e4m\u00e4 sovellus ei tue \"Do Not Track\" -pyynt\u00f6j\u00e4.<br \/>\nJos haluat selvitt\u00e4\u00e4, kunnioittavatko sen k\u00e4ytt\u00e4m\u00e4t kolmannen osapuolen palvelut \"Do Not Track\" -pyynt\u00f6j\u00e4, lue niiden tietosuojak\u00e4yt\u00e4nn\u00f6t.<\/p>\n<h4><strong>Muutokset t\u00e4h\u00e4n tietosuojak\u00e4yt\u00e4nt\u00f6\u00f6n<\/strong><\/h4>\n<p>Rekisterinpit\u00e4j\u00e4 pid\u00e4tt\u00e4\u00e4 oikeuden tehd\u00e4 muutoksia t\u00e4h\u00e4n tietosuojak\u00e4yt\u00e4nt\u00f6\u00f6n milloin tahansa ilmoittamalla siit\u00e4 k\u00e4ytt\u00e4jilleen t\u00e4ll\u00e4 sivulla. On eritt\u00e4in suositeltavaa tarkistaa t\u00e4m\u00e4 sivu usein ja viitata sivun alareunassa olevaan viimeisimm\u00e4n muutoksen p\u00e4iv\u00e4m\u00e4\u00e4r\u00e4\u00e4n. Jos K\u00e4ytt\u00e4j\u00e4 vastustaa mit\u00e4 tahansa k\u00e4yt\u00e4nt\u00f6ihin tehtyj\u00e4 muutoksia, K\u00e4ytt\u00e4j\u00e4n on lopetettava t\u00e4m\u00e4n Sovelluksen k\u00e4ytt\u00f6 ja h\u00e4n voi pyyt\u00e4\u00e4 Rekisterinpit\u00e4j\u00e4\u00e4 poistamaan henkil\u00f6tiedot. Ellei toisin mainita, kulloinkin voimassa olevaa tietosuojak\u00e4yt\u00e4nt\u00f6\u00e4 sovelletaan kaikkiin henkil\u00f6tietoihin, joita rekisterinpit\u00e4j\u00e4ll\u00e4 on K\u00e4ytt\u00e4jist\u00e4.<\/p>\n<h4><strong>Tietoja t\u00e4st\u00e4 tietosuojak\u00e4yt\u00e4nn\u00f6st\u00e4<\/strong><\/h4>\n<p>Rekisterinpit\u00e4j\u00e4 on vastuussa t\u00e4st\u00e4 tietosuojak\u00e4yt\u00e4nn\u00f6st\u00e4, joka on laadittu Marcelino d.o.o.:n toimittamien ja Marcelino d.o.o.:n palvelimilla sijaitsevien moduulien pohjalta.<\/p>\n<h4><strong>M\u00e4\u00e4ritelm\u00e4t ja oikeudelliset viittaukset<\/strong><\/h4>\n<p><strong>Henkil\u00f6tiedot (tai tiedot)<\/strong><\/p>\n<p>Kaikki luonnollista henkil\u00f6\u00e4, oikeushenkil\u00f6\u00e4, laitosta tai yhdistyst\u00e4 koskevat tiedot, jotka on tunnistettu tai jotka voidaan tunnistaa, my\u00f6s v\u00e4lillisesti, viittaamalla mihin tahansa muuhun tietoon, mukaan lukien henkil\u00f6tunnus.<\/p>\n<p><strong>K\u00e4ytt\u00f6tiedot<\/strong><\/p>\n<p>T\u00e4st\u00e4 sovelluksesta (tai t\u00e4ss\u00e4 sovelluksessa k\u00e4ytetyist\u00e4 kolmannen osapuolen palveluista) automaattisesti ker\u00e4tyt tiedot, joihin voi sis\u00e4lty\u00e4: sovellusta k\u00e4ytt\u00e4vien k\u00e4ytt\u00e4jien k\u00e4ytt\u00e4mien tietokoneiden IP-osoitteet tai verkkotunnukset, URI-osoitteet (Uniform Resource Identifier), pyynn\u00f6n ajankohta, palvelimelle l\u00e4hetetyn pyynn\u00f6n l\u00e4hetysmenetelm\u00e4, vastauksena saadun tiedoston koko, palvelimen vastauksen tilaa osoittava numerokoodi (onnistunut tulos, virhe jne.).), alkuper\u00e4maa, k\u00e4ytt\u00e4j\u00e4n k\u00e4ytt\u00e4m\u00e4n selaimen ja k\u00e4ytt\u00f6j\u00e4rjestelm\u00e4n ominaisuudet, eri aikatiedot vierailua kohden (esim, kulunut aika kullakin sivulla sovelluksen sis\u00e4ll\u00e4) ja yksityiskohtaiset tiedot sovelluksen sis\u00e4ll\u00e4 kulkeneesta polusta, erityisesti vierailtujen sivujen j\u00e4rjestyksest\u00e4, sek\u00e4 muut laitteen k\u00e4ytt\u00f6j\u00e4rjestelm\u00e4\u00e4 ja\/tai k\u00e4ytt\u00e4j\u00e4n tietoteknist\u00e4 ymp\u00e4rist\u00f6\u00e4 koskevat parametrit.<\/p>\n<p><strong>K\u00e4ytt\u00e4j\u00e4<\/strong><\/p>\n<p>Sovellusta k\u00e4ytt\u00e4v\u00e4 henkil\u00f6, jonka on oltava sama tai jonka on oltava sen rekister\u00f6idyn valtuuttama, jota henkil\u00f6tiedot koskevat.<\/p>\n<p><strong>Rekister\u00f6ity<\/strong><\/p>\n<p>Oikeushenkil\u00f6 tai luonnollinen henkil\u00f6, jota henkil\u00f6tiedot koskevat.<\/p>\n<p><strong>Tietojen k\u00e4sittelij\u00e4 (tai rekisterinpit\u00e4j\u00e4)<\/strong><\/p>\n<p>Luonnollinen henkil\u00f6, oikeushenkil\u00f6, julkishallinto tai muu elin, yhdistys tai organisaatio, jonka rekisterinpit\u00e4j\u00e4 on valtuuttanut k\u00e4sittelem\u00e4\u00e4n henkil\u00f6tietoja t\u00e4m\u00e4n tietosuojak\u00e4yt\u00e4nn\u00f6n mukaisesti.<\/p>\n<p><strong>Rekisterinpit\u00e4j\u00e4 (tai omistaja)<\/strong><\/p>\n<p>Luonnollisella henkil\u00f6ll\u00e4, oikeushenkil\u00f6ll\u00e4, julkishallinnolla tai muulla elimell\u00e4, yhdistyksell\u00e4 tai organisaatiolla on oikeus, my\u00f6s yhdess\u00e4 toisen rekisterinpit\u00e4j\u00e4n kanssa, tehd\u00e4 p\u00e4\u00e4t\u00f6ksi\u00e4 henkil\u00f6tietojen k\u00e4sittelyn tarkoituksista ja menetelmist\u00e4 sek\u00e4 k\u00e4ytetyist\u00e4 keinoista, mukaan lukien t\u00e4m\u00e4n sovelluksen toimintaan ja k\u00e4ytt\u00f6\u00f6n liittyv\u00e4t turvatoimet. Rekisterinpit\u00e4j\u00e4 on t\u00e4m\u00e4n sovelluksen omistaja, ellei toisin mainita.<\/p>\n<p><strong>T\u00e4m\u00e4 hakemus<\/strong><\/p>\n<p>Laitteisto tai ohjelmistoty\u00f6kalu, jolla k\u00e4ytt\u00e4j\u00e4n henkil\u00f6tiedot ker\u00e4t\u00e4\u00e4n.<\/p>\n<hr \/>\n<p><strong>Oikeudelliset tiedot<\/strong><\/p>\n<p>Ilmoitus eurooppalaisille k\u00e4ytt\u00e4jille: T\u00e4m\u00e4 tietosuojaseloste on laadittu t\u00e4ytt\u00e4m\u00e4\u00e4n tietosuojas\u00e4\u00e4nn\u00f6sten art. EY-direktiivin n:o 95\/46\/EY 10 artiklan ja ev\u00e4steit\u00e4 koskevan direktiivin 2002\/58\/EY, sellaisena kuin se on tarkistettuna direktiivill\u00e4 2009\/136\/EY, s\u00e4\u00e4nn\u00f6sten mukaisesti.<\/p>\n<p>T\u00e4m\u00e4 tietosuojak\u00e4yt\u00e4nt\u00f6 koskee ainoastaan t\u00e4t\u00e4 Sovellusta.<\/p>\n<p>Viimeisin p\u00e4ivitys: toukokuu 04, 2017<\/p>","protected":false},"excerpt":{"rendered":"<p>Jos haluat saada tietoa henkil\u00f6tiedoistasi, niiden k\u00e4ytt\u00f6tarkoituksista ja osapuolista, joille tietoja jaetaan, ota yhteytt\u00e4 omistajaan. Rekisterinpit\u00e4j\u00e4 ja omistaja MARCELINO d.o.o. Kranj\u010deva ulica 4; 3000 Celje; EU-Slovenija WEB: http:\/\/marcelino.si ja http:\/\/passengereye.com [...]<\/p>","protected":false},"author":2,"featured_media":0,"parent":0,"menu_order":0,"comment_status":"closed","ping_status":"closed","template":"","meta":[],"_links":{"self":[{"href":"https:\/\/en.passengereye.com\/fi\/wp-json\/wp\/v2\/pages\/3450"}],"collection":[{"href":"https:\/\/en.passengereye.com\/fi\/wp-json\/wp\/v2\/pages"}],"about":[{"href":"https:\/\/en.passengereye.com\/fi\/wp-json\/wp\/v2\/types\/page"}],"author":[{"embeddable":true,"href":"https:\/\/en.passengereye.com\/fi\/wp-json\/wp\/v2\/users\/2"}],"replies":[{"embeddable":true,"href":"https:\/\/en.passengereye.com\/fi\/wp-json\/wp\/v2\/comments?post=3450"}],"version-history":[{"count":1,"href":"https:\/\/en.passengereye.com\/fi\/wp-json\/wp\/v2\/pages\/3450\/revisions"}],"predecessor-version":[{"id":3451,"href":"https:\/\/en.passengereye.com\/fi\/wp-json\/wp\/v2\/pages\/3450\/revisions\/3451"}],"wp:attachment":[{"href":"https:\/\/en.passengereye.com\/fi\/wp-json\/wp\/v2\/media?parent=3450"}],"curies":[{"name":"wp","href":"https:\/\/api.w.org\/{rel}","templated":true}]}}