{"id":3448,"date":"2018-02-11T14:44:41","date_gmt":"2018-02-11T14:44:41","guid":{"rendered":"https:\/\/en.passengereye.com\/?page_id=3448"},"modified":"2018-02-11T16:05:35","modified_gmt":"2018-02-11T16:05:35","slug":"howtouse","status":"publish","type":"page","link":"https:\/\/en.passengereye.com\/fi\/howtouse\/","title":{"rendered":"Kuinka k\u00e4ytt\u00e4\u00e4"},"content":{"rendered":"<h2><strong>Kuvaus \/ k\u00e4ytt\u00f6ohjeet<\/strong><\/h2>\n<p>PassengerEye on ILMAINEN mobiilisovellus, jonka avulla k\u00e4ytt\u00e4j\u00e4 voi raportoida valokuvilla sijainteja. Valokuvaraportit ladataan portaaliin https:\/\/en.passengereye.com, jossa voit tarkastella valokuvaraportteja.<\/p>\n<p>PassengerEye-mobiilisovellus on suunniteltu matkamyyjille, kentt\u00e4myyjille, myyntihenkil\u00f6st\u00f6lle, erilaisten tapahtumien j\u00e4rjest\u00e4jille tai muille vastaaville henkil\u00f6ille. PassengerEye-mobiilisovellusta voi k\u00e4ytt\u00e4\u00e4 my\u00f6s yksityisesti.<\/p>\n<p>PassengerEye-mobiilisovelluksen k\u00e4ytt\u00e4j\u00e4 (j\u00e4ljemp\u00e4n\u00e4 \"myyj\u00e4\") voi ladata valokuvaraportteja yhdelle tai useammalle rekister\u00f6idylle tilille (j\u00e4ljemp\u00e4n\u00e4 \"tili\").<\/p>\n<p>Myyj\u00e4t \/ ty\u00f6ntekij\u00e4 \/ johtaja \/ esimies voivat k\u00e4ytt\u00e4\u00e4 mobiilisovellusta PassengerEye:<br \/>\n- tallentaa valokuvien raportoinnin alun ja lopun (k\u00e4ytetty aika ja polun pituus).<br \/>\n- valita sijainti, myym\u00e4l\u00e4, rakennus ja vastaavat paikat luettelosta.<br \/>\n- lis\u00e4t\u00e4 oman sijaintinsa luetteloon,<br \/>\n- valokuvata tai luoda valokuvagalleria paikasta.<br \/>\n- lis\u00e4t\u00e4 kuvausselosteen kuvauksen,<br \/>\n- ladata tilille kuvaraportin PassengerEye.com-portaaliin.<\/p>\n<p>Oikeushenkil\u00f6 tai luonnollinen henkil\u00f6 voi avata rekister\u00f6idyn tilin portaalissa https:\/\/en.passengereye.com. Kullakin myyj\u00e4ll\u00e4 voi olla useampia rekister\u00f6ityj\u00e4 tilej\u00e4 tai h\u00e4n voi vain tuottaa valokuvausraportteja muille rekister\u00f6idyille tileille PassengerEye-mobiilisovelluksen avulla. Mobiilisovelluksen k\u00e4ytt\u00e4minen ei edellyt\u00e4 rekister\u00f6ity\u00e4 k\u00e4ytt\u00e4j\u00e4tili\u00e4 portaalissa, t\u00e4rke\u00e4\u00e4 on vain, ett\u00e4 myyj\u00e4 tekee sopimuksen yhden valitun tilin kanssa (t\u00e4m\u00e4 voi olla my\u00f6s testitili).<\/p>\n<p>Valokuvaraportti (yksi tai useampi kuva ja kuvaus valitusta sijainnista) tallennetaan portaaliin https:\/\/en.passengereye.com GPS-sijainnin mukaan, johon on merkitty aika ja valokuvaraporttien v\u00e4linen kartoitettu reitti.<\/p>\n<h2><strong>Sovelluksen k\u00e4ytt\u00f6<\/strong><\/h2>\n<ol>\n<li>Kun myyj\u00e4 kirjautuu PassengerEye-mobiilisovellukseen, h\u00e4n valitsee ensin tilin, jonka kanssa h\u00e4nell\u00e4 on sopimus, mik\u00e4 edellytt\u00e4\u00e4 internet-yhteytt\u00e4.<\/li>\n<li>Kun kirjaudutaan sis\u00e4\u00e4n, PassengerEye-mobiilisovellus muodostaa yhteyden sopimustiliin portaaliin https:\/\/en.passengereye.com ja ilmoittaa sille ajan ja sijainnin.<\/li>\n<li>Myyj\u00e4 tekee ja lataa valokuvaraportteja PassengerEye-mobiilisovelluksen avulla.<\/li>\n<li>Kuva- ja matkaraportoinnin p\u00e4\u00e4tytty\u00e4 myyj\u00e4 kirjautuu ulos mobiilisovelluksesta ja ilmoittaa n\u00e4in sopimustilille k\u00e4ytetyn ajan ja kilometrikorvaukset.<\/li>\n<\/ol>\n<p>Kullakin https:\/\/en.passengereye.com -portaalin tilill\u00e4 voi olla yksi tai useampi myyj\u00e4, joka on l\u00e4hett\u00e4nyt sille valokuvaraportteja. Rekister\u00f6ityneess\u00e4 n\u00e4kyv\u00e4t tilikohtaiset kuvaraportit, k\u00e4ytetyt tunnit ja koko matkareitin pituus p\u00e4ivien mukaan kunkin yksitt\u00e4isen myyj\u00e4n osalta. Portaalissa https:\/\/en.passengereye.com:<\/p>\n<p>- matkustavaa henkil\u00f6\u00e4 voi seurata tilill\u00e4 kartalla,<br \/>\n- paikkojen valokuvat voidaan tarkistaa<br \/>\n- reitin pituus kilometrein\u00e4 ja<br \/>\n- kunkin myyj\u00e4n k\u00e4ytt\u00e4m\u00e4 aika tiettyn\u00e4 p\u00e4iv\u00e4n\u00e4.<\/p>\n<p>Kukin myyj\u00e4 voi vahvistaa sopimuksen yhden tai useamman asiakkaan tai yrityksen kanssa. Kullakin tilill\u00e4 tai yrityksell\u00e4 voi olla useita myyji\u00e4. N\u00e4in ollen jokainen mobiilisovelluksen k\u00e4ytt\u00e4j\u00e4 voi joko ladata valokuvaraportteja vain yhdelle valitulle tilille tai useammalle tilille. Riippuen siit\u00e4, kuinka monen tilin kanssa h\u00e4nell\u00e4 on sopimus.<\/p>\n<p>Myyj\u00e4, jolla ei ole aktiivista sopimusta, voi k\u00e4ytt\u00e4\u00e4 testitili\u00e4 tai rekister\u00f6id\u00e4 yrityksens\u00e4 osoitteessa https:\/\/PassengerEye.com ja liitt\u00e4\u00e4 puhelimessaan olevan sovelluksen omaan tiliins\u00e4 ja ladata siihen valokuvaraportteja.<\/p>\n<p>Jos k\u00e4ytt\u00e4j\u00e4 ei halua rekister\u00f6id\u00e4 tili\u00e4 osoitteessa https:\/\/en.passengereye.com, h\u00e4n voi l\u00e4hett\u00e4\u00e4 mobiilisovellustensa PIN-koodin tai API-avaimen osoitteeseen app@marcelino.si, jolloin h\u00e4n saa testitilin sis\u00e4lt\u00e4v\u00e4n sopimuksen. Testitili tai testiyritys toimii ilman rajoituksia.<\/p>\n<p>Toimintaan tarvitaan:<br \/>\n- Internet (kirjautumista ja uloskirjautumista varten)<br \/>\n- matkapuhelimen sijainti (GPS-toiminto).<br \/>\n- yhteys rekister\u00f6ityyn tiliin tai testitiliin PassengerEye.com-sivustolla.<\/p>\n<p>Sovellus ei ole tarkoitettu vain yrityksille, vaan sit\u00e4 voivat k\u00e4ytt\u00e4\u00e4 my\u00f6s yksityishenkil\u00f6t.<\/p>\n<p>Mit\u00e4 uutta versiossa 1.0 on<br \/>\n- kuvaus tai kommentit valokuvan alapuolella<br \/>\n- kirjautuminen yhteen tai useampaan yritykseen (eli portaaliin rekister\u00f6ityneille k\u00e4ytt\u00e4jille).<br \/>\n- yhdell\u00e4 yrityksell\u00e4 tai rekister\u00f6idyll\u00e4 tilill\u00e4 voi olla useita myyji\u00e4.<br \/>\n- ty\u00f6ajan mittaaminen<br \/>\n- reitin pituuden mittaaminen<br \/>\n- erilaisia raportteja portaalissa (valokuvaraporttien m\u00e4\u00e4r\u00e4 myyj\u00e4\u00e4 ja p\u00e4iv\u00e4\u00e4 kohden jne.).<br \/>\n- paikkaluettelon lis\u00e4\u00e4minen (tuonti portaalin kautta)<br \/>\n- sivustojen lis\u00e4\u00e4minen yhten\u00e4iseen luetteloon mobiilisovelluksen PassengerEye.com sis\u00e4ll\u00e4.<\/p>","protected":false},"excerpt":{"rendered":"<p>Kuvaus \/ K\u00e4ytt\u00f6ohje PassengerEye on ILMAINEN mobiilisovellus, jonka avulla k\u00e4ytt\u00e4j\u00e4 voi raportoida valokuvalla sijainteja. Valokuvaraportit ladataan portaaliin https:\/\/en.passengereye.com, jossa voit tarkastella valokuvaraportteja. PassengerEye [...]<\/p>","protected":false},"author":2,"featured_media":0,"parent":0,"menu_order":0,"comment_status":"closed","ping_status":"closed","template":"","meta":[],"_links":{"self":[{"href":"https:\/\/en.passengereye.com\/fi\/wp-json\/wp\/v2\/pages\/3448"}],"collection":[{"href":"https:\/\/en.passengereye.com\/fi\/wp-json\/wp\/v2\/pages"}],"about":[{"href":"https:\/\/en.passengereye.com\/fi\/wp-json\/wp\/v2\/types\/page"}],"author":[{"embeddable":true,"href":"https:\/\/en.passengereye.com\/fi\/wp-json\/wp\/v2\/users\/2"}],"replies":[{"embeddable":true,"href":"https:\/\/en.passengereye.com\/fi\/wp-json\/wp\/v2\/comments?post=3448"}],"version-history":[{"count":9,"href":"https:\/\/en.passengereye.com\/fi\/wp-json\/wp\/v2\/pages\/3448\/revisions"}],"predecessor-version":[{"id":3463,"href":"https:\/\/en.passengereye.com\/fi\/wp-json\/wp\/v2\/pages\/3448\/revisions\/3463"}],"wp:attachment":[{"href":"https:\/\/en.passengereye.com\/fi\/wp-json\/wp\/v2\/media?parent=3448"}],"curies":[{"name":"wp","href":"https:\/\/api.w.org\/{rel}","templated":true}]}}