{"id":2812,"date":"2014-11-17T09:20:37","date_gmt":"2014-11-17T02:20:37","guid":{"rendered":"http:\/\/demo.leafcolor.com\/applay\/?page_id=2812"},"modified":"2014-11-17T09:20:37","modified_gmt":"2014-11-17T02:20:37","slug":"showcase-content","status":"publish","type":"page","link":"https:\/\/en.passengereye.com\/fi\/showcase-content\/","title":{"rendered":"Showcase-sis\u00e4lt\u00f6"},"content":{"rendered":"<div class=\"ia_row\">\r\n        \t<div class=\"vc_row wpb_row vc_row-fluid\"><div class=\"wpb_column vc_column_container vc_col-sm-12\"><div class=\"vc_column-inner\"><div class=\"wpb_wrapper\">    <div class=\"ia-heading ia-heading-heading_3891 heading-align-center\" data-delay=\"0\">\r\n    \t<h2 class=\"h1\">\r\n                \tMukautettu sis\u00e4lt\u00f6                <\/h2>\r\n        <div class=\"clearfix\"><\/div>\r\n    <\/div>\r\n    \n\t<div class=\"wpb_text_column wpb_content_element\" >\n\t\t<div class=\"wpb_wrapper\">\n\t\t\t<p>On olemassa <strong>4<\/strong> mukautetut sis\u00e4lt\u00f6tyylit, joita voit k\u00e4ytt\u00e4\u00e4<\/p>\n<ul>\n<li>Yksitt\u00e4inen kuva<\/li>\n<li>Kuvien karuselli<\/li>\n<li>Iframe<\/li>\n<li>Teksti<\/li>\n<\/ul>\n\n\t\t<\/div>\n\t<\/div>\n<\/div><\/div><\/div><\/div>    \t\t\t<\/div><!--\/ia_row-->\r\n\t\t\t<div class=\"ia_row\">\r\n        \t<div class=\"vc_row wpb_row vc_row-fluid\"><div class=\"wpb_column vc_column_container vc_col-sm-12\"><div class=\"vc_column-inner\"><div class=\"wpb_wrapper\">            <div class=\"iapp-showcase-shortcode iapp-showcase-shortcode-1573\">\r\n\t\t\t\t<section class=\"iapp-showcase iapp-showcase-1 showcase-style-hero\">\r\n<h2 class=\"hidden hide\">sankari 1<\/h2>\r\n<div class=\"row\"><div class=\"col-xs-4 hero-col\">        \t<div class=\"ias-devide-wrap ias-devide-1\">\r\n        \t\t<div class=\"ia-iphone5c ias-devide green\">\r\n    <div class=\"device\">\r\n        <div class=\"inner\"><\/div>\r\n        <div class=\"camera\"><\/div>\r\n        <div class=\"sleep\"><\/div>\r\n        <div class=\"sensor\"><\/div>\r\n        <div class=\"volume\"><\/div>\r\n        <div class=\"speaker\"><\/div>\r\n        <div class=\"screen\">\r\n        \t<div class=\"ias-devide-content ias-devide-content-carousel\">\r\n    <div class=\"is-ias-carousel single-carousel\" data-autoplay=\"7000\" data-autoheight=\"false\" >\r\n    <div class=\"is-ias-carousel-item color-item-21772\"><a href=\"#\" class=\"colorbox-grid\" data-rel=\"post-gallery-2\" data-content=\".color-item-21772\">                <img src=\"https:\/\/en.passengereye.com\/wp-includes\/images\/media\/default.png\" width=\"48\" height=\"64\" alt=\"hero 1\">\r\n    \t<\/a>        \t<div class=\"hidden\">\r\n                <div class=\"popup-data dark-div\">\r\n                    <img src=\"https:\/\/en.passengereye.com\/wp-includes\/images\/media\/default.png\" width=\"48\" height=\"64\" title=\"sankari 1\" alt=\"hero 1\">\r\n                    <div class=\"popup-data-content\">\r\n                    \t                        <h5><a href=\"\" title=\"sankari 1\"><\/a><\/h5>\r\n                                            <\/div>\r\n                <\/div>\r\n            <\/div><!--\/hidden-->\r\n\t<\/div><div class=\"is-ias-carousel-item color-item-21773\"><a href=\"#\" class=\"colorbox-grid\" data-rel=\"post-gallery-2\" data-content=\".color-item-21773\">                <img src=\"https:\/\/en.passengereye.com\/wp-includes\/images\/media\/default.png\" width=\"48\" height=\"64\" alt=\"hero 1\">\r\n    \t<\/a>        \t<div class=\"hidden\">\r\n                <div class=\"popup-data dark-div\">\r\n                    <img src=\"https:\/\/en.passengereye.com\/wp-includes\/images\/media\/default.png\" width=\"48\" height=\"64\" title=\"sankari 1\" alt=\"hero 1\">\r\n                    <div class=\"popup-data-content\">\r\n                    \t                        <h5><a href=\"\" title=\"sankari 1\"><\/a><\/h5>\r\n                                            <\/div>\r\n                <\/div>\r\n            <\/div><!--\/hidden-->\r\n\t<\/div>    <\/div>\r\n<\/div>        <\/div>\r\n        <div class=\"home\"><\/div>\r\n    <\/div>\r\n<\/div>            <\/div>\r\n\t\t<\/div><div class=\"col-xs-4 hero-col\">        \t<div class=\"ias-devide-wrap ias-devide-3\">\r\n        \t\t<div class=\"ia-iphone5s ias-devide silver\">\r\n    <div class=\"device\">\r\n        <div class=\"inner\"><\/div>\r\n        <div class=\"sleep\"><\/div>\r\n        <div class=\"volume\"><\/div>\r\n        <div class=\"camera\"><\/div>\r\n        <div class=\"top-bar\"><\/div>\r\n        <div class=\"sensor\"><\/div>\r\n        <div class=\"speaker\"><\/div>\r\n        <div class=\"screen\">\r\n        \t<div class=\"ias-devide-content ias-devide-content-carousel\">\r\n    <div class=\"is-ias-carousel single-carousel\" data-autoplay=\"5000\" data-autoheight=\"false\" >\r\n    <div class=\"is-ias-carousel-item color-item-41773\"><a href=\"#\" class=\"colorbox-grid\" data-rel=\"post-gallery-4\" data-content=\".color-item-41773\">                <img src=\"https:\/\/en.passengereye.com\/wp-includes\/images\/media\/default.png\" width=\"48\" height=\"64\" alt=\"hero 1\">\r\n    \t<\/a>        \t<div class=\"hidden\">\r\n                <div class=\"popup-data dark-div\">\r\n                    <img src=\"https:\/\/en.passengereye.com\/wp-includes\/images\/media\/default.png\" width=\"48\" height=\"64\" title=\"sankari 1\" alt=\"hero 1\">\r\n                    <div class=\"popup-data-content\">\r\n                    \t                        <h5><a href=\"\" title=\"sankari 1\"><\/a><\/h5>\r\n                                            <\/div>\r\n                <\/div>\r\n            <\/div><!--\/hidden-->\r\n\t<\/div><div class=\"is-ias-carousel-item color-item-41772\"><a href=\"#\" class=\"colorbox-grid\" data-rel=\"post-gallery-4\" data-content=\".color-item-41772\">                <img src=\"https:\/\/en.passengereye.com\/wp-includes\/images\/media\/default.png\" width=\"48\" height=\"64\" alt=\"hero 1\">\r\n    \t<\/a>        \t<div class=\"hidden\">\r\n                <div class=\"popup-data dark-div\">\r\n                    <img src=\"https:\/\/en.passengereye.com\/wp-includes\/images\/media\/default.png\" width=\"48\" height=\"64\" title=\"sankari 1\" alt=\"hero 1\">\r\n                    <div class=\"popup-data-content\">\r\n                    \t                        <h5><a href=\"\" title=\"sankari 1\"><\/a><\/h5>\r\n                                            <\/div>\r\n                <\/div>\r\n            <\/div><!--\/hidden-->\r\n\t<\/div><div class=\"is-ias-carousel-item color-item-41771\"><a href=\"#\" class=\"colorbox-grid\" data-rel=\"post-gallery-4\" data-content=\".color-item-41771\">                <img src=\"https:\/\/en.passengereye.com\/wp-includes\/images\/media\/default.png\" width=\"48\" height=\"64\" alt=\"hero 1\">\r\n    \t<\/a>        \t<div class=\"hidden\">\r\n                <div class=\"popup-data dark-div\">\r\n                    <img src=\"https:\/\/en.passengereye.com\/wp-includes\/images\/media\/default.png\" width=\"48\" height=\"64\" title=\"sankari 1\" alt=\"hero 1\">\r\n                    <div class=\"popup-data-content\">\r\n                    \t                        <h5><a href=\"\" title=\"sankari 1\"><\/a><\/h5>\r\n                                            <\/div>\r\n                <\/div>\r\n            <\/div><!--\/hidden-->\r\n\t<\/div>    <\/div>\r\n<\/div>        <\/div>\r\n        <div class=\"bottom-bar\"><\/div>\r\n        <div class=\"home\"><\/div>\r\n    <\/div>\r\n<\/div>            <\/div>\r\n\t\t<\/div><div class=\"col-xs-4 hero-col\">        \t<div class=\"ias-devide-wrap ias-devide-5\">\r\n        \t\t<div class=\"ia-htc-one ias-devide\">\r\n    <div class=\"device\">\r\n        <div class=\"camera\"><\/div>\r\n        <div class=\"sensor\"><\/div>\r\n        <div class=\"speaker\"><\/div>\r\n        <div class=\"inner\"><\/div>\r\n        <div class=\"screen\">\r\n        \t<div class=\"ias-devide-content ias-devide-content-image\">\r\n\t\t<img src=\"http:\/\/demo.leafcolor.com\/applay\/wp-content\/uploads\/2014\/10\/mobile-screen-4.jpg\" alt=\"one\" \/>\r\n    <\/div>        <\/div>\r\n    <\/div>\r\n<\/div>            <\/div>\r\n\t\t<\/div><\/div><\/section>            <\/div><!--\/iapp-showcase-shortcode-->\r\n            <\/div><\/div><\/div><\/div>    \t\t\t<\/div><!--\/ia_row-->\r\n\t <\/p>","protected":false},"excerpt":{"rendered":"","protected":false},"author":1,"featured_media":0,"parent":0,"menu_order":0,"comment_status":"open","ping_status":"closed","template":"","meta":[],"_links":{"self":[{"href":"https:\/\/en.passengereye.com\/fi\/wp-json\/wp\/v2\/pages\/2812"}],"collection":[{"href":"https:\/\/en.passengereye.com\/fi\/wp-json\/wp\/v2\/pages"}],"about":[{"href":"https:\/\/en.passengereye.com\/fi\/wp-json\/wp\/v2\/types\/page"}],"author":[{"embeddable":true,"href":"https:\/\/en.passengereye.com\/fi\/wp-json\/wp\/v2\/users\/1"}],"replies":[{"embeddable":true,"href":"https:\/\/en.passengereye.com\/fi\/wp-json\/wp\/v2\/comments?post=2812"}],"version-history":[{"count":0,"href":"https:\/\/en.passengereye.com\/fi\/wp-json\/wp\/v2\/pages\/2812\/revisions"}],"wp:attachment":[{"href":"https:\/\/en.passengereye.com\/fi\/wp-json\/wp\/v2\/media?parent=2812"}],"curies":[{"name":"wp","href":"https:\/\/api.w.org\/{rel}","templated":true}]}}