{"id":12,"date":"2010-07-25T19:40:01","date_gmt":"2010-07-26T02:40:01","guid":{"rendered":"http:\/\/wpthemetestdata.wordpress.com\/about\/"},"modified":"2010-07-25T19:40:01","modified_gmt":"2010-07-26T02:40:01","slug":"features","status":"publish","type":"page","link":"https:\/\/en.passengereye.com\/fi\/features\/","title":{"rendered":"Ominaisuudet"},"content":{"rendered":"<p><img loading=\"lazy\" class=\"aligncenter wp-image-2031 size-full\" src=\"http:\/\/demo.leafcolor.com\/applay\/wp-content\/uploads\/2014\/10\/sc.png\" alt=\"sc\" width=\"900\" height=\"600\" \/><\/p>\n<p>&nbsp;<\/p>\n<div class=\"ia-heading ia-heading-heading_986 heading-align-left\" data-delay=\"\">\r\n    \t<h2 >\r\n                \tAPPLAY:ST\u00c4                <\/h2>\r\n        <div class=\"clearfix\"><\/div>\r\n    <\/div>\r\n    Applay on monik\u00e4ytt\u00f6inen WordPress-teema App showcase, App Store, App Landing, Business ja Shopping. Jos pid\u00e4t t\u00e4st\u00e4 teemasta, arvioi 5 t\u00e4hte\u00e4 tai j\u00e4t\u00e4 kommentteja, jotta voimme tehd\u00e4 parempia tuotteita.<\/p>\n<p>&nbsp;<\/p>\n    <div class=\"ia-heading ia-heading-heading_5119 heading-align-left\" data-delay=\"\">\r\n    \t<h2 >\r\n                \tOminaisuudet                <\/h2>\r\n        <div class=\"clearfix\"><\/div>\r\n    <\/div>\r\n    \n<ul>\n<li>Eritt\u00e4in responsiivinen suunnittelu<\/li>\n<li>Retina-valmis<\/li>\n<li>4 kotisivuvariaatiota ja rajattomat mahdollisuudet<\/li>\n<li>3 Appstore-muunnelmaa ja rajattomat mahdollisuudet<\/li>\n<li>3 Otsikkotyyli x 2 Otsikkoskeema (tumma\/vaalea)<\/li>\n<li>Mobile Showcase Builder Plugin - luo mobiili mockup ilman Photoshopia<\/li>\n<li>Myy tai promo Mobile Apps k\u00e4ytt\u00e4en WooCommerce<\/li>\n<li>WooCommerce Integrated - Myy tuotteesi verkossa helposti<\/li>\n<li>Parallax &amp; CSS-animaatioefekti<\/li>\n<li>*Sivunrakentaja - Visual Composer mukana (s\u00e4\u00e4st\u00e4t $25)<\/li>\n<li>*Quick Ajax - Modern Ajax Query sis\u00e4ltyy (s\u00e4\u00e4st\u00e4t $17).<br \/>\nJoustavat, tehokkaat ja kauniit lyhytkoodit<\/li>\n<li>Rajoittamattomat v\u00e4rit ja ulkoasu<\/li>\n<li>Monisarakkeinen pudotusvalikko<\/li>\n<li>Sis\u00e4\u00e4nrakennetut widgetit ja mukautetut widgetin asetteluasetukset<\/li>\n<li>Sosiaaliset tilit ja sosiaalinen jakaminen<\/li>\n<li>T\u00e4ysin muokattavissa teeman asetuksilla<\/li>\n<li>N\u00e4ytetiedot sis\u00e4lt\u00e4v\u00e4t<\/li>\n<li>Tuki WP Pagenavi, Contact Form 7, Flickr Badges Widget...<\/li>\n<li>Tukee kaikkia Google-fontteja<\/li>\n<li>Font Awesome Integroitu<\/li>\n<li>WPML Ready - Monikieliselle verkkosivustolle<\/li>\n<li>Automaattinen p\u00e4ivitys - pit\u00e4\u00e4 teemasi p\u00e4ivitettyn\u00e4 uusimpaan versioon.<\/li>\n<li>Mukautettava esilataustehoste<\/li>\n<\/ul>\n<p>(P\u00e4ivitys)<\/p>","protected":false},"excerpt":{"rendered":"<p>&nbsp; Applay is a multipurpose WordPress theme for App showcase, App Store, App Landing, Business and Shopping. If you like this theme, please rate 5 stars or leave comments so we can make better products. [&hellip;]<\/p>","protected":false},"author":1,"featured_media":0,"parent":0,"menu_order":1,"comment_status":"closed","ping_status":"closed","template":"","meta":[],"_links":{"self":[{"href":"https:\/\/en.passengereye.com\/fi\/wp-json\/wp\/v2\/pages\/12"}],"collection":[{"href":"https:\/\/en.passengereye.com\/fi\/wp-json\/wp\/v2\/pages"}],"about":[{"href":"https:\/\/en.passengereye.com\/fi\/wp-json\/wp\/v2\/types\/page"}],"author":[{"embeddable":true,"href":"https:\/\/en.passengereye.com\/fi\/wp-json\/wp\/v2\/users\/1"}],"replies":[{"embeddable":true,"href":"https:\/\/en.passengereye.com\/fi\/wp-json\/wp\/v2\/comments?post=12"}],"version-history":[{"count":0,"href":"https:\/\/en.passengereye.com\/fi\/wp-json\/wp\/v2\/pages\/12\/revisions"}],"wp:attachment":[{"href":"https:\/\/en.passengereye.com\/fi\/wp-json\/wp\/v2\/media?parent=12"}],"curies":[{"name":"wp","href":"https:\/\/api.w.org\/{rel}","templated":true}]}}